{"id":11005,"date":"2025-04-16T08:44:14","date_gmt":"2025-04-16T06:44:14","guid":{"rendered":"https:\/\/vitaminbutiken.com\/?post_type=product&#038;p=11005"},"modified":"2026-04-10T07:25:14","modified_gmt":"2026-04-10T05:25:14","slug":"astaxanthin","status":"publish","type":"product","link":"https:\/\/vitaminbutiken.com\/en\/produkt\/astaxanthin\/","title":{"rendered":"Astaxanthin 4 mg"},"content":{"rendered":"<p class=\"\" data-start=\"77\" data-end=\"142\"><strong data-start=\"77\" data-end=\"142\">Astaxanthin \u2013 Kraftfull antioxidant f\u00f6r cellskydd och hudh\u00e4lsa<\/strong><\/p>\n<p class=\"\" data-start=\"144\" data-end=\"435\">Astaxantin \u00e4r ett naturligt karotenoid som utvinns fr\u00e5n mikroalgen <em data-start=\"211\" data-end=\"236\">Haematococcus pluvialis<\/em>, en av de rikaste k\u00e4llorna till astaxantin i naturen. Det \u00e4r k\u00e4nt som en av de mest potenta antioxidanterna som finns, med f\u00f6rm\u00e5gan att skydda kroppens celler mot oxidativ stress och fria radikaler.<\/p>\n<p class=\"\" data-start=\"437\" data-end=\"779\">Antioxidanter som astaxantin spelar en viktig roll f\u00f6r att st\u00f6dja kroppens naturliga f\u00f6rsvar mot yttre p\u00e5frestningar, inklusive UV-str\u00e5lning och milj\u00f6f\u00f6roreningar. Flera studier har visat att astaxantin kan bidra till hudens elasticitet, fuktbalans och motst\u00e5ndskraft mot solskador, vilket g\u00f6r det popul\u00e4rt \u00e4ven som hudv\u00e5rdstillskott inifr\u00e5n.<\/p>\n<p class=\"\" data-start=\"781\" data-end=\"1004\">F\u00f6rutom hudh\u00e4lsa har astaxantin \u00e4ven kopplats till st\u00f6d f\u00f6r \u00f6gonens h\u00e4lsa, immunf\u00f6rsvaret samt muskel\u00e5terh\u00e4mtning och uth\u00e5llighet \u2013 vilket g\u00f6r det till ett m\u00e5ngsidigt tillskott f\u00f6r b\u00e5de aktiva och stillasittande livsstilar.<\/p>\n<p class=\"\" data-start=\"1006\" data-end=\"1254\"><strong>\u2022 En av naturens mest kraftfulla antioxidanter<\/strong><br data-start=\"1054\" data-end=\"1057\" \/><strong>\u2022 Bidrar till att skydda cellerna mot oxidativ stress<\/strong><br data-start=\"1110\" data-end=\"1113\" \/><strong>\u2022 St\u00f6djer hudens och \u00f6gonens h\u00e4lsa<\/strong><br data-start=\"1147\" data-end=\"1150\" \/><strong>\u2022 Fr\u00e5n naturlig mikroalg (<em data-start=\"1176\" data-end=\"1201\">Haematococcus pluvialis<\/em>)<\/strong><br data-start=\"1202\" data-end=\"1205\" \/><strong>\u2022 Passar \u00e4ven f\u00f6r aktiva personer och idrottare<\/strong><\/p>\n<p><strong>Dosering:<\/strong> 1 kapsel 2 g\u00e5nger per dag.<\/p>\n<table style=\"height: 80px;\" border=\"1\" width=\"621\" cellspacing=\"0\" cellpadding=\"0\">\n<tbody>\n<tr>\n<td valign=\"top\" width=\"30%\"><strong>2 kapslar inneh\u00e5ller<\/strong><\/td>\n<td valign=\"top\" width=\"20%\"><strong> M\u00e4ngd<\/strong><\/td>\n<td valign=\"top\" width=\"30%\"><strong>%DRI*<\/strong><\/td>\n<\/tr>\n<tr>\n<td valign=\"top\" width=\"30%\">Astaxanthin<\/td>\n<td valign=\"top\" width=\"20%\">8 mg<\/td>\n<td valign=\"top\" width=\"20%\">**<\/td>\n<\/tr>\n<tr>\n<td valign=\"top\" width=\"30%\">Vitamin E<\/td>\n<td valign=\"top\" width=\"20%\">3,6 mg<\/td>\n<td valign=\"top\" width=\"20%\">30 %<\/td>\n<\/tr>\n<tr>\n<td valign=\"top\" width=\"30%\">Cikoriarotextrakt<\/td>\n<td valign=\"top\" width=\"20%\">374 mg<\/td>\n<td valign=\"top\" width=\"20%\">**<\/td>\n<\/tr>\n<\/tbody>\n<\/table>\n<p><strong><em>*DRI \u00e4r dagligt referensintag. **DRI ej fastst\u00e4llt.<br \/>\n<\/em><\/strong><\/p>\n<p><strong>Ingredienser:<\/strong> Cikoriarotextrakt med 90 % inulin, astaxanthinpulver (Haematococuspluvialis), kapsel (hydroxipropylmetylcellulosa), vitamin E.<\/p>\n<p>Daglig rekommenderad dos b\u00f6r ej \u00f6verskridas.<br \/>\nKosttillskott ers\u00e4tter inte en varierad kost.<br \/>\nProdukten f\u00f6rvaras o\u00e5tkomligt f\u00f6r sm\u00e5 barn.<\/p>\n","protected":false},"excerpt":{"rendered":"<p>Varje kapsel ger 4 mg Astaxanthin med 1,8 mg vitamin E.<\/p>\n<p><strong>60 Kapslar<\/strong><\/p>\n","protected":false},"featured_media":500103358,"comment_status":"closed","ping_status":"closed","template":"","meta":{"_kad_blocks_custom_css":"","_kad_blocks_head_custom_js":"","_kad_blocks_body_custom_js":"","_kad_blocks_footer_custom_js":"","_kadence_starter_templates_imported_post":false,"_kad_post_transparent":"default","_kad_post_title":"","_kad_post_layout":"default","_kad_post_sidebar_id":"","_kad_post_content_style":"default","_kad_post_vertical_padding":"default","_kad_post_feature":"","_kad_post_feature_position":"","_kad_post_header":false,"_kad_post_footer":false,"_kad_post_classname":""},"product_brand":[],"product_cat":[1307,1393],"product_tag":[2733,1415,2490,1548,2147,1468,1028,2730,2732,1957,2731,1883,1911,193],"class_list":{"0":"post-11005","1":"product","2":"type-product","3":"status-publish","4":"has-post-thumbnail","6":"product_cat-synergos","7":"product_cat-ovriga-kosttillskott","8":"product_tag-30-kapslar","9":"product_tag-anti-aging","10":"product_tag-astaxanthin","11":"product_tag-cellskydd","12":"product_tag-fysisk-prestation","13":"product_tag-hudhalsa","14":"product_tag-immunforsvar","15":"product_tag-kraftfull-antioxidant","16":"product_tag-mikroalg-haematococcus-pluvialis","17":"product_tag-muskelaterhamtning","18":"product_tag-naturligt-karotenoid","19":"product_tag-naturligt-kosttillskott","20":"product_tag-ogonhalsa","21":"product_tag-oxidativ-stress","23":"first","24":"instock","25":"taxable","26":"shipping-taxable","27":"purchasable","28":"product-type-simple","29":"entry","30":"content-bg","31":"loop-entry"},"taxonomy_info":{"product_cat":[{"value":1307,"label":"Synergos"},{"value":1393,"label":"\u00d6vriga kosttillskott"}],"product_tag":[{"value":2733,"label":"30 kapslar"},{"value":1415,"label":"Anti-aging"},{"value":2490,"label":"Astaxanthin"},{"value":1548,"label":"Cellskydd"},{"value":2147,"label":"fysisk prestation"},{"value":1468,"label":"Hudh\u00e4lsa"},{"value":1028,"label":"immunf\u00f6rsvar"},{"value":2730,"label":"kraftfull antioxidant"},{"value":2732,"label":"mikroalg Haematococcus pluvialis"},{"value":1957,"label":"muskel\u00e5terh\u00e4mtning"},{"value":2731,"label":"naturligt karotenoid"},{"value":1883,"label":"Naturligt kosttillskott"},{"value":1911,"label":"\u00f6gonh\u00e4lsa"},{"value":193,"label":"oxidativ stress"}]},"featured_image_src_large":["https:\/\/vitaminbutiken.com\/wp-content\/uploads\/2025\/04\/Astaxanthin-410-Photoroom-e1768480471554-677x700.png",677,700,true],"author_info":[],"comment_info":0,"_links":{"self":[{"href":"https:\/\/vitaminbutiken.com\/en\/wp-json\/wp\/v2\/product\/11005","targetHints":{"allow":["GET"]}}],"collection":[{"href":"https:\/\/vitaminbutiken.com\/en\/wp-json\/wp\/v2\/product"}],"about":[{"href":"https:\/\/vitaminbutiken.com\/en\/wp-json\/wp\/v2\/types\/product"}],"replies":[{"embeddable":true,"href":"https:\/\/vitaminbutiken.com\/en\/wp-json\/wp\/v2\/comments?post=11005"}],"wp:featuredmedia":[{"embeddable":true,"href":"https:\/\/vitaminbutiken.com\/en\/wp-json\/wp\/v2\/media\/500103358"}],"wp:attachment":[{"href":"https:\/\/vitaminbutiken.com\/en\/wp-json\/wp\/v2\/media?parent=11005"}],"wp:term":[{"taxonomy":"product_brand","embeddable":true,"href":"https:\/\/vitaminbutiken.com\/en\/wp-json\/wp\/v2\/product_brand?post=11005"},{"taxonomy":"product_cat","embeddable":true,"href":"https:\/\/vitaminbutiken.com\/en\/wp-json\/wp\/v2\/product_cat?post=11005"},{"taxonomy":"product_tag","embeddable":true,"href":"https:\/\/vitaminbutiken.com\/en\/wp-json\/wp\/v2\/product_tag?post=11005"}],"curies":[{"name":"wp","href":"https:\/\/api.w.org\/{rel}","templated":true}]}}