{"id":11000,"date":"2025-04-16T08:40:25","date_gmt":"2025-04-16T06:40:25","guid":{"rendered":"https:\/\/vitaminbutiken.com\/?post_type=product&#038;p=11000"},"modified":"2026-04-08T15:10:53","modified_gmt":"2026-04-08T13:10:53","slug":"ashwagandha-plus","status":"publish","type":"product","link":"https:\/\/vitaminbutiken.com\/en\/produkt\/ashwagandha-plus\/","title":{"rendered":"Ashwaganda Plus &#8211; Sensoril\u00ae"},"content":{"rendered":"<p class=\"\" data-start=\"93\" data-end=\"154\"><strong data-start=\"93\" data-end=\"154\">Ashwagandha Plus \u2013 Naturligt st\u00f6d vid stress och tr\u00f6tthet<\/strong><\/p>\n<p class=\"\" data-start=\"156\" data-end=\"398\">Ashwagandha Plus \u00e4r ett h\u00f6gkvalitativt kosttillskott som kombinerar ett standardiserat extrakt av ashwagandha (Withania somnifera) med viktiga n\u00e4rings\u00e4mnen som bidrar till nervsystemets normala funktion och kroppens motst\u00e5ndskraft mot stress.<br \/>\nAshwagandha, \u00e4ven k\u00e4nd som indisk ginseng, \u00e4r en adaptogen \u00f6rt som traditionellt anv\u00e4nts f\u00f6r att st\u00f6dja kroppens f\u00f6rm\u00e5ga att hantera fysisk och psykisk stress. Adaptogener verkar balanserande i kroppen och kan bidra till \u00f6kad energi, mental klarhet och b\u00e4ttre \u00e5terh\u00e4mtning.<\/p>\n<p class=\"\" data-start=\"699\" data-end=\"941\">Ashwagandha Plus inneh\u00e5ller ett koncentrerat extrakt av h\u00f6g kvalitet, standardiserat till withanolidglykosider \u2013 de aktiva \u00e4mnen som ger \u00f6rten dess effekt. Produkten \u00e4r dessutom berikad med pantotensyra och niacin, som tillsammans bidrar till:<\/p>\n<ul>\n<li data-start=\"945\" data-end=\"977\">Nervsystemets normala funktion<\/li>\n<li data-start=\"945\" data-end=\"977\">Minskad tr\u00f6tthet och utmattning<\/li>\n<li data-start=\"945\" data-end=\"977\">Normal kognitiv funktion och mental prestation<\/li>\n<li data-start=\"945\" data-end=\"977\">Skydd av cellerna mot oxidativ stress<\/li>\n<li data-start=\"945\" data-end=\"977\">Normal hormonell aktivitet och immunsystemets funktion<\/li>\n<\/ul>\n<p><strong>Dosering<\/strong>: 1-4 kapslar per dag. Ej under graviditet.<\/p>\n<table style=\"height: 80px;\" border=\"1\" width=\"621\" cellspacing=\"0\" cellpadding=\"0\">\n<tbody>\n<tr>\n<td valign=\"top\" width=\"30%\"><strong>1 kapsel inneh\u00e5ller<\/strong><\/td>\n<td valign=\"top\" width=\"20%\"><strong> M\u00e4ngd<\/strong><\/td>\n<td valign=\"top\" width=\"30%\"><strong>%DRI*<\/strong><\/td>\n<\/tr>\n<tr>\n<td valign=\"top\" width=\"30%\">Ashwagandha Sensoril\u00ae, som ger withanolidglykosider 25 mg och withaferin A 1,25 mg<\/td>\n<td valign=\"top\" width=\"20%\">250 mg<\/td>\n<td valign=\"top\" width=\"20%\">**<\/td>\n<\/tr>\n<tr>\n<td valign=\"top\" width=\"30%\">Vitamin B5<\/td>\n<td valign=\"top\" width=\"20%\">20 mg<\/td>\n<td valign=\"top\" width=\"30%\">333 %<\/td>\n<\/tr>\n<tr>\n<td valign=\"top\" width=\"30%\">Vitamin B3<\/td>\n<td valign=\"top\" width=\"20%\">15 mg<\/td>\n<td valign=\"top\" width=\"20%\">93 %<\/td>\n<\/tr>\n<\/tbody>\n<\/table>\n<p><strong><em>*DRI \u00e4r dagligt referensintag. **DRI ej fastst\u00e4llt.\u00a0<\/em><\/strong><\/p>\n<p><strong>Ingredienser:<\/strong>Standardiserad Ashwagandhaextrakt (Sensoril\u00ae &#8211; Withania somnifera; rot och blad, 10 % withanolider, 0,5 % withaferin A), fyllnadsmedel (mikrokristallin cellulosa), vitamin B5 (D-kalciumpantotenat), vitamin B3 (niacinamid), sm\u00f6rjmedel (magnesiumsalter av fettsyror), gelatinkapsel (<strong>n\u00f6t<\/strong>).<\/p>\n<p>Rekommenderad daglig dos b\u00f6r ej \u00f6verskridas.<br \/>\nKosttillskott ers\u00e4tter inte en varierad kost.<br \/>\nProdukten f\u00f6rvaras o\u00e5tkomligt f\u00f6r sm\u00e5 barn.<br \/>\nRekommenderas inte till gravida och ammande.<\/p>\n","protected":false},"excerpt":{"rendered":"<p>\u2022 H\u00f6gkvalitativt ashwagandhaextrakt (standardiserat till withanolider)<br data-start=\"1407\" data-end=\"1410\" \/>\u2022 Med pantotensyra och niacin<br data-start=\"1450\" data-end=\"1453\" \/>\u2022 St\u00f6djer stresshantering, mental klarhet och energi<br data-start=\"1563\" data-end=\"1566\" \/>\u2022 Tillverkad enligt h\u00f6ga kvalitetsstandarder<\/p>\n<p><strong>90 kapslar<\/strong><\/p>\n","protected":false},"featured_media":500103742,"comment_status":"closed","ping_status":"closed","template":"","meta":{"_kad_blocks_custom_css":"","_kad_blocks_head_custom_js":"","_kad_blocks_body_custom_js":"","_kad_blocks_footer_custom_js":"","_kadence_starter_templates_imported_post":false,"_kad_post_transparent":"default","_kad_post_title":"","_kad_post_layout":"default","_kad_post_sidebar_id":"","_kad_post_content_style":"default","_kad_post_vertical_padding":"default","_kad_post_feature":"","_kad_post_feature_position":"","_kad_post_header":false,"_kad_post_footer":false,"_kad_post_classname":""},"product_brand":[],"product_cat":[1307,149,146,278],"product_tag":[2729,157,1170,2725,1811,2726,2461,2727,287,2624,1883,1652,1542,1846,1208,2728,343],"class_list":{"0":"post-11000","1":"product","2":"type-product","3":"status-publish","4":"has-post-thumbnail","6":"product_cat-synergos","7":"product_cat-orter","8":"product_cat-stressad-och-trott","9":"product_cat-traning","10":"product_tag-60-kapslar","11":"product_tag-adaptogen","12":"product_tag-ashwagandha","13":"product_tag-ashwagandha-plus","14":"product_tag-ayurvedisk-ort","15":"product_tag-energi-och-fokus","16":"product_tag-hormonell-balans","17":"product_tag-koncentrerat-ashwagandhaextrakt","18":"product_tag-magnesium","19":"product_tag-mental-balans","20":"product_tag-naturligt-kosttillskott","21":"product_tag-nervsystemets-funktion","22":"product_tag-stresshantering","23":"product_tag-trotthet-och-utmattning","24":"product_tag-vitamin-b6","25":"product_tag-withanolider","26":"product_tag-zink","28":"first","29":"instock","30":"taxable","31":"shipping-taxable","32":"purchasable","33":"product-type-simple","34":"entry","35":"content-bg","36":"loop-entry"},"taxonomy_info":{"product_cat":[{"value":1307,"label":"Synergos"},{"value":149,"label":"\u00d6rter"},{"value":146,"label":"Stressad &amp; Tr\u00f6tt"},{"value":278,"label":"Tr\u00e4ning"}],"product_tag":[{"value":2729,"label":"60 kapslar"},{"value":157,"label":"adaptogen"},{"value":1170,"label":"Ashwagandha"},{"value":2725,"label":"Ashwagandha Plus"},{"value":1811,"label":"Ayurvedisk \u00f6rt"},{"value":2726,"label":"energi och fokus"},{"value":2461,"label":"Hormonell balans"},{"value":2727,"label":"koncentrerat ashwagandhaextrakt"},{"value":287,"label":"magnesium"},{"value":2624,"label":"mental balans"},{"value":1883,"label":"Naturligt kosttillskott"},{"value":1652,"label":"nervsystemets funktion"},{"value":1542,"label":"Stresshantering"},{"value":1846,"label":"Tr\u00f6tthet och utmattning"},{"value":1208,"label":"vitamin B6"},{"value":2728,"label":"withanolider"},{"value":343,"label":"Zink"}]},"featured_image_src_large":["https:\/\/vitaminbutiken.com\/wp-content\/uploads\/2025\/04\/475-Ashwagandha-Plus-Photoroom-e1771311981328-690x700.png",690,700,true],"author_info":[],"comment_info":0,"_links":{"self":[{"href":"https:\/\/vitaminbutiken.com\/en\/wp-json\/wp\/v2\/product\/11000","targetHints":{"allow":["GET"]}}],"collection":[{"href":"https:\/\/vitaminbutiken.com\/en\/wp-json\/wp\/v2\/product"}],"about":[{"href":"https:\/\/vitaminbutiken.com\/en\/wp-json\/wp\/v2\/types\/product"}],"replies":[{"embeddable":true,"href":"https:\/\/vitaminbutiken.com\/en\/wp-json\/wp\/v2\/comments?post=11000"}],"wp:featuredmedia":[{"embeddable":true,"href":"https:\/\/vitaminbutiken.com\/en\/wp-json\/wp\/v2\/media\/500103742"}],"wp:attachment":[{"href":"https:\/\/vitaminbutiken.com\/en\/wp-json\/wp\/v2\/media?parent=11000"}],"wp:term":[{"taxonomy":"product_brand","embeddable":true,"href":"https:\/\/vitaminbutiken.com\/en\/wp-json\/wp\/v2\/product_brand?post=11000"},{"taxonomy":"product_cat","embeddable":true,"href":"https:\/\/vitaminbutiken.com\/en\/wp-json\/wp\/v2\/product_cat?post=11000"},{"taxonomy":"product_tag","embeddable":true,"href":"https:\/\/vitaminbutiken.com\/en\/wp-json\/wp\/v2\/product_tag?post=11000"}],"curies":[{"name":"wp","href":"https:\/\/api.w.org\/{rel}","templated":true}]}}