{"id":10995,"date":"2025-04-16T08:36:40","date_gmt":"2025-04-16T06:36:40","guid":{"rendered":"https:\/\/vitaminbutiken.com\/?post_type=product&#038;p=10995"},"modified":"2026-03-31T08:32:10","modified_gmt":"2026-03-31T06:32:10","slug":"daosin","status":"publish","type":"product","link":"https:\/\/vitaminbutiken.com\/en\/produkt\/daosin\/","title":{"rendered":"Daosin"},"content":{"rendered":"<p class=\"\" data-start=\"34\" data-end=\"89\"><strong data-start=\"34\" data-end=\"89\">Daosin \u2013 naturligt st\u00f6d f\u00f6r nedbrytning av histamin<\/strong><\/p>\n<p class=\"\" data-start=\"91\" data-end=\"439\">Daosin \u00e4r ett unikt kosttillskott som \u00e4r utformat f\u00f6r att st\u00f6dja kroppens egen f\u00f6rm\u00e5ga att bryta ner histamin. Det inneh\u00e5ller naturligt enzymet diaminoxidas (DAO), som \u00e4r kroppens viktigaste enzym f\u00f6r nedbrytning av histamin. DAO:s huvudsakliga uppgift \u00e4r att bryta ner histamin fr\u00e5n maten i mag-tarmkanalen innan det hinner tas upp i blodomloppet.<\/p>\n<p class=\"\" data-start=\"441\" data-end=\"708\">Daosin passar s\u00e4rskilt f\u00f6r personer som \u00e4r k\u00e4nsliga f\u00f6r histamin eller misst\u00e4nker att de lider av s\u00e5 kallad histaminintolerans. D\u00e5 har kroppen sv\u00e5righeter att tillr\u00e4ckligt effektivt bryta ner histamin fr\u00e5n kosten, vilket kan ge upphov till en rad olika symtom, s\u00e5som:<\/p>\n<ul>\n<li data-start=\"441\" data-end=\"708\">Huvudv\u00e4rk eller migr\u00e4n<\/li>\n<li data-start=\"441\" data-end=\"708\">Magbesv\u00e4r (uppbl\u00e5sthet, diarr\u00e9, sm\u00e4rta)<\/li>\n<li data-start=\"441\" data-end=\"708\">Utslag, kl\u00e5da eller rodnad<\/li>\n<li data-start=\"441\" data-end=\"708\">N\u00e4st\u00e4ppa eller rinnsnuva<\/li>\n<li data-start=\"441\" data-end=\"708\">Hj\u00e4rtklappning eller yrsel<\/li>\n<\/ul>\n<p class=\"\" data-start=\"871\" data-end=\"993\">Daosin hj\u00e4lper till att f\u00f6rebygga dessa symtom genom att bryta ner histamin fr\u00e5n maten redan innan det tas upp av kroppen.<\/p>\n<p><strong data-start=\"29\" data-end=\"42\">Dosering:<\/strong> 1 tablett med vatten 15 minuter f\u00f6re m\u00e5ltid. Den h\u00f6gsta rekommenderade dagliga dosen \u00e4r 3 tabletter mellan m\u00e5ltiderna.<\/p>\n<table style=\"height: 80px;\" border=\"1\" width=\"621\" cellspacing=\"0\" cellpadding=\"0\">\n<tbody>\n<tr>\n<td valign=\"top\" width=\"30%\"><strong>1 tablett inneh\u00e5ller\u00a0<\/strong><\/td>\n<td valign=\"top\" width=\"20%\"><strong> M\u00e4ngd\u00a0<\/strong><\/td>\n<td valign=\"top\" width=\"30%\"><b>%DRI*<\/b><\/td>\n<\/tr>\n<tr>\n<td valign=\"top\" width=\"30%\">\n<p class=\"\" data-start=\"0\" data-end=\"46\"><strong data-start=\"13\" data-end=\"46\">Proteinextrakt fr\u00e5n grisnjure<\/strong><\/p>\n<p class=\"\" data-start=\"0\" data-end=\"46\">Varav: diaminoxidas<\/p>\n<\/td>\n<td valign=\"top\" width=\"20%\">4,2 mg<\/p>\n<p>0,3 mg<\/td>\n<td valign=\"top\" width=\"20%\">**<\/td>\n<\/tr>\n<\/tbody>\n<\/table>\n<p><strong><em>*DRI (dagligt referensintag) ej fastst\u00e4llt.\u00a0<\/em><\/strong><\/p>\n<p class=\"\" data-start=\"55\" data-end=\"522\"><strong data-start=\"55\" data-end=\"72\">Ingredienser:<\/strong> Fyllnadsmedel (mikrokristallin cellulosa), maltodextrin, surhetsreglerande medel (natriumfosfat), glansmedel (schellack), emulgeringsmedel (tv\u00e4rbunden natriumkarboximetylcellulosa), proteinextrakt fr\u00e5n grisnjure, klumpf\u00f6rebyggande medel (kiseldioxid, magnesiumsalter av fettsyror, talk), glansmedel (hydroxipropylmetylcellulosa), surhetsreglerande medel (kalciumkarbonat), fullt hydrerat vegetabiliskt fett (kokos), stabiliseringsmedel (polydextros)<\/p>\n<p class=\"\" data-start=\"524\" data-end=\"769\"><strong data-start=\"524\" data-end=\"532\">OBS!<\/strong> Alkohol och vissa l\u00e4kemedel kan avsev\u00e4rt h\u00e4mma aktiviteten hos DAO-enzymet.<br data-start=\"608\" data-end=\"611\" \/>\u00d6verskrid inte den h\u00f6gsta rekommenderade dagliga dosen.<br data-start=\"666\" data-end=\"669\" \/>Kosttillskott ers\u00e4tter inte en m\u00e5ngsidig och balanserad kost.<br data-start=\"730\" data-end=\"733\" \/>F\u00f6rvaras utom r\u00e4ckh\u00e5ll f\u00f6r sm\u00e5 barn.<\/p>\n","protected":false},"excerpt":{"rendered":"<p>Daosin \u00e4r ett kosttillskott som inneh\u00e5ller det naturliga enzymet diaminoxidas (DAO). Detta enzym hj\u00e4lper till att bryta ner histamin fr\u00e5n maten i mag-tarmkanalen innan det tas upp i blodomloppet. Daosin kan lindra symtom relaterade till histamink\u00e4nslighet, s\u00e5som huvudv\u00e4rk, magbesv\u00e4r och hudreaktioner.<\/p>\n<p><strong>90 tabletter\u00a0<\/strong><\/p>\n","protected":false},"featured_media":10996,"comment_status":"closed","ping_status":"closed","template":"","meta":{"_kad_blocks_custom_css":"","_kad_blocks_head_custom_js":"","_kad_blocks_body_custom_js":"","_kad_blocks_footer_custom_js":"","_kadence_starter_templates_imported_post":false,"_kad_post_transparent":"default","_kad_post_title":"","_kad_post_layout":"default","_kad_post_sidebar_id":"","_kad_post_content_style":"default","_kad_post_vertical_padding":"default","_kad_post_feature":"","_kad_post_feature_position":"","_kad_post_header":false,"_kad_post_footer":false,"_kad_post_classname":""},"product_brand":[],"product_cat":[431,176,2819,1393],"product_tag":[2719,2716,2708,2709,2712,2614,2710,2711,2718,2715,2714,2713,2717,2699,2385],"class_list":{"0":"post-10995","1":"product","2":"type-product","3":"status-publish","4":"has-post-thumbnail","6":"product_cat-mage-tarm","7":"product_cat-immunforsvar","8":"product_cat-matsmaltningsenzymer","9":"product_cat-ovriga-kosttillskott","10":"product_tag-90-tabletter","11":"product_tag-allergiliknande-symtom","12":"product_tag-dao-enzym","13":"product_tag-diaminoxidas","14":"product_tag-histamin-i-maten","15":"product_tag-histaminintolerans","16":"product_tag-histaminkanslighet","17":"product_tag-kosttillskott-mot-histamin","18":"product_tag-lamberts-daosin","19":"product_tag-lindring-av-hudreaktioner","20":"product_tag-lindring-av-huvudvark","21":"product_tag-lindring-av-magbesvar","22":"product_tag-naturligt-antihistamin","23":"product_tag-naturligt-enzym","24":"product_tag-stod-for-matsmaltning","26":"first","27":"instock","28":"taxable","29":"shipping-taxable","30":"purchasable","31":"product-type-simple","32":"entry","33":"content-bg","34":"loop-entry"},"taxonomy_info":{"product_cat":[{"value":431,"label":"Mage &amp; Tarm"},{"value":176,"label":"Immunf\u00f6rsvar"},{"value":2819,"label":"Matsm\u00e4ltningsenzymer"},{"value":1393,"label":"\u00d6vriga kosttillskott"}],"product_tag":[{"value":2719,"label":"90 tabletter"},{"value":2716,"label":"allergiliknande symtom"},{"value":2708,"label":"DAO-enzym"},{"value":2709,"label":"diaminoxidas"},{"value":2712,"label":"histamin i maten"},{"value":2614,"label":"histaminintolerans"},{"value":2710,"label":"histamink\u00e4nslighet"},{"value":2711,"label":"kosttillskott mot histamin"},{"value":2718,"label":"Lamberts Daosin"},{"value":2715,"label":"lindring av hudreaktioner"},{"value":2714,"label":"lindring av huvudv\u00e4rk"},{"value":2713,"label":"lindring av magbesv\u00e4r"},{"value":2717,"label":"naturligt antihistamin"},{"value":2699,"label":"naturligt enzym"},{"value":2385,"label":"St\u00f6d f\u00f6r matsm\u00e4ltning"}]},"featured_image_src_large":["https:\/\/vitaminbutiken.com\/wp-content\/uploads\/2025\/04\/Daosin-800x700.jpg",800,700,true],"author_info":[],"comment_info":0,"_links":{"self":[{"href":"https:\/\/vitaminbutiken.com\/en\/wp-json\/wp\/v2\/product\/10995","targetHints":{"allow":["GET"]}}],"collection":[{"href":"https:\/\/vitaminbutiken.com\/en\/wp-json\/wp\/v2\/product"}],"about":[{"href":"https:\/\/vitaminbutiken.com\/en\/wp-json\/wp\/v2\/types\/product"}],"replies":[{"embeddable":true,"href":"https:\/\/vitaminbutiken.com\/en\/wp-json\/wp\/v2\/comments?post=10995"}],"wp:featuredmedia":[{"embeddable":true,"href":"https:\/\/vitaminbutiken.com\/en\/wp-json\/wp\/v2\/media\/10996"}],"wp:attachment":[{"href":"https:\/\/vitaminbutiken.com\/en\/wp-json\/wp\/v2\/media?parent=10995"}],"wp:term":[{"taxonomy":"product_brand","embeddable":true,"href":"https:\/\/vitaminbutiken.com\/en\/wp-json\/wp\/v2\/product_brand?post=10995"},{"taxonomy":"product_cat","embeddable":true,"href":"https:\/\/vitaminbutiken.com\/en\/wp-json\/wp\/v2\/product_cat?post=10995"},{"taxonomy":"product_tag","embeddable":true,"href":"https:\/\/vitaminbutiken.com\/en\/wp-json\/wp\/v2\/product_tag?post=10995"}],"curies":[{"name":"wp","href":"https:\/\/api.w.org\/{rel}","templated":true}]}}