{"id":10990,"date":"2025-04-16T08:33:38","date_gmt":"2025-04-16T06:33:38","guid":{"rendered":"https:\/\/vitaminbutiken.com\/?post_type=product&#038;p=10990"},"modified":"2026-03-30T14:16:53","modified_gmt":"2026-03-30T12:16:53","slug":"camu-camu","status":"publish","type":"product","link":"https:\/\/vitaminbutiken.com\/en\/produkt\/camu-camu\/","title":{"rendered":"Camu Camu, Naturligt C-vitamin"},"content":{"rendered":"<p class=\"\" data-start=\"126\" data-end=\"437\"><strong data-start=\"126\" data-end=\"175\">Camu Camu \u2013 Naturligt C-vitamin fr\u00e5n Amazonas<\/strong><br data-start=\"175\" data-end=\"178\" \/>Camu Camu \u00e4r en liten frukt fr\u00e5n Amazonas regnskog och \u00e4r k\u00e4nd f\u00f6r sitt exceptionellt h\u00f6ga inneh\u00e5ll av naturligt C-vitamin. Denna kraftfulla superfrukt har l\u00e4nge anv\u00e4nts traditionellt av lokalbefolkningen f\u00f6r att st\u00f6dja immunf\u00f6rsvaret och fr\u00e4mja allm\u00e4n h\u00e4lsa.<\/p>\n<p class=\"\" data-start=\"439\" data-end=\"725\">C-vitamin \u00e4r en viktig antioxidant som bidrar till immunf\u00f6rsvarets normala funktion, hj\u00e4lper till att minska tr\u00f6tthet och utmattning, samt skyddar cellerna mot oxidativ stress. Dessutom st\u00f6djer C-vitamin normal kollagenbildning, vilket \u00e4r viktigt f\u00f6r hud, brosk, benstomme och blodk\u00e4rl.<\/p>\n<p><strong>Dosering<\/strong>: 2 Kapslar 2 g\u00e5nger per dag.<\/p>\n<table style=\"height: 80px;\" border=\"1\" width=\"621\" cellspacing=\"0\" cellpadding=\"0\">\n<tbody>\n<tr>\n<td valign=\"top\" width=\"30%\"><strong>4 kapslar inneh\u00e5ller<\/strong><\/td>\n<td valign=\"top\" width=\"20%\"><strong> M\u00e4ngd<\/strong><\/td>\n<td valign=\"top\" width=\"30%\"><strong>%DRI*<\/strong><\/td>\n<\/tr>\n<tr>\n<td valign=\"top\" width=\"30%\">Camu Camu extrakt<\/td>\n<td valign=\"top\" width=\"20%\">2 000 mg<\/td>\n<td valign=\"top\" width=\"20%\">**<\/td>\n<\/tr>\n<tr>\n<td valign=\"top\" width=\"30%\">Varav: Vitamin C<\/td>\n<td valign=\"top\" width=\"20%\">1 000 mg<\/td>\n<td valign=\"top\" width=\"20%\">1 250 %<\/td>\n<\/tr>\n<\/tbody>\n<\/table>\n<p><strong><em>*DRI \u00e4r dagligt referensintag. **DRI ej fastst\u00e4llt.\u00a0<\/em><\/strong><\/p>\n<p><strong>Ingredienser<\/strong>: Camu Camu extrakt, kapsel (hydroksipropylmetylcellulosa).<\/p>\n<p>Rekommenderad daglig dos b\u00f6r ej \u00f6verskridas.<br \/>\nKosttillskott ers\u00e4tter inte en varierad kost.<br \/>\nProdukten f\u00f6rvaras o\u00e5tkomligt f\u00f6r sm\u00e5 barn.<\/p>\n","protected":false},"excerpt":{"rendered":"<p class=\"\" data-start=\"727\" data-end=\"1016\">Camu camu \u00e4r ett kosttillskott som ger 100 % naturligt Vitamin C. Varje kapsel ger 250 mg vitamin C.<\/p>\n<p class=\"\" data-start=\"727\" data-end=\"1016\">Kapslarna \u00e4r l\u00e4tta att sv\u00e4lja och passar b\u00e5de vid dagligt behov och under perioder d\u00e5 immunf\u00f6rsvaret beh\u00f6ver extra st\u00f6d.<\/p>\n<p class=\"\" data-start=\"1018\" data-end=\"1218\">\u2022 H\u00f6g halt av naturligt C-vitamin<br data-start=\"1053\" data-end=\"1056\" \/>\u2022 St\u00f6djer immunsystemet och minskar tr\u00f6tthet<br data-start=\"1100\" data-end=\"1103\" \/>\u2022 Skyddar cellerna mot oxidativ stress<\/p>\n<p data-start=\"1018\" data-end=\"1218\"><strong>120 kapslar<\/strong><\/p>\n","protected":false},"featured_media":500103793,"comment_status":"closed","ping_status":"closed","template":"","meta":{"_kad_blocks_custom_css":"","_kad_blocks_head_custom_js":"","_kad_blocks_body_custom_js":"","_kad_blocks_footer_custom_js":"","_kadence_starter_templates_imported_post":false,"_kad_post_transparent":"default","_kad_post_title":"","_kad_post_layout":"default","_kad_post_sidebar_id":"","_kad_post_content_style":"default","_kad_post_vertical_padding":"default","_kad_post_feature":"","_kad_post_feature_position":"","_kad_post_header":false,"_kad_post_footer":false,"_kad_post_classname":""},"product_brand":[],"product_cat":[1307,508,176,149],"product_tag":[2724,205,542,1468,1028,1815,2547,2723,2720,1883,2364,2722,1846,2721],"class_list":{"0":"post-10990","1":"product","2":"type-product","3":"status-publish","4":"has-post-thumbnail","6":"product_cat-synergos","7":"product_cat-c-vitamin","8":"product_cat-immunforsvar","9":"product_cat-orter","10":"product_tag-120-kapslar","11":"product_tag-antioxidant","12":"product_tag-camu-camu","13":"product_tag-hudhalsa","14":"product_tag-immunforsvar","15":"product_tag-immunstod","16":"product_tag-kollagenbildning","17":"product_tag-lamberts-camu-camu","18":"product_tag-naturligt-c-vitamin","19":"product_tag-naturligt-kosttillskott","20":"product_tag-skydd-mot-oxidativ-stress","21":"product_tag-superfrukt-fran-amazonas","22":"product_tag-trotthet-och-utmattning","23":"product_tag-vitamin-c-fran-frukt","25":"first","26":"instock","27":"taxable","28":"shipping-taxable","29":"purchasable","30":"product-type-simple","31":"entry","32":"content-bg","33":"loop-entry"},"taxonomy_info":{"product_cat":[{"value":1307,"label":"Synergos"},{"value":508,"label":"C-vitamin"},{"value":176,"label":"Immunf\u00f6rsvar"},{"value":149,"label":"\u00d6rter"}],"product_tag":[{"value":2724,"label":"120 kapslar"},{"value":205,"label":"antioxidant"},{"value":542,"label":"Camu Camu"},{"value":1468,"label":"Hudh\u00e4lsa"},{"value":1028,"label":"immunf\u00f6rsvar"},{"value":1815,"label":"Immunst\u00f6d"},{"value":2547,"label":"Kollagenbildning"},{"value":2723,"label":"Lamberts Camu Camu"},{"value":2720,"label":"naturligt C-vitamin"},{"value":1883,"label":"Naturligt kosttillskott"},{"value":2364,"label":"Skydd mot oxidativ stress"},{"value":2722,"label":"superfrukt fr\u00e5n Amazonas"},{"value":1846,"label":"Tr\u00f6tthet och utmattning"},{"value":2721,"label":"vitamin C fr\u00e5n frukt"}]},"featured_image_src_large":["https:\/\/vitaminbutiken.com\/wp-content\/uploads\/2025\/04\/431-Camu-Camu-Photoroom-e1771327237819-723x700.png",723,700,true],"author_info":[],"comment_info":0,"_links":{"self":[{"href":"https:\/\/vitaminbutiken.com\/en\/wp-json\/wp\/v2\/product\/10990","targetHints":{"allow":["GET"]}}],"collection":[{"href":"https:\/\/vitaminbutiken.com\/en\/wp-json\/wp\/v2\/product"}],"about":[{"href":"https:\/\/vitaminbutiken.com\/en\/wp-json\/wp\/v2\/types\/product"}],"replies":[{"embeddable":true,"href":"https:\/\/vitaminbutiken.com\/en\/wp-json\/wp\/v2\/comments?post=10990"}],"wp:featuredmedia":[{"embeddable":true,"href":"https:\/\/vitaminbutiken.com\/en\/wp-json\/wp\/v2\/media\/500103793"}],"wp:attachment":[{"href":"https:\/\/vitaminbutiken.com\/en\/wp-json\/wp\/v2\/media?parent=10990"}],"wp:term":[{"taxonomy":"product_brand","embeddable":true,"href":"https:\/\/vitaminbutiken.com\/en\/wp-json\/wp\/v2\/product_brand?post=10990"},{"taxonomy":"product_cat","embeddable":true,"href":"https:\/\/vitaminbutiken.com\/en\/wp-json\/wp\/v2\/product_cat?post=10990"},{"taxonomy":"product_tag","embeddable":true,"href":"https:\/\/vitaminbutiken.com\/en\/wp-json\/wp\/v2\/product_tag?post=10990"}],"curies":[{"name":"wp","href":"https:\/\/api.w.org\/{rel}","templated":true}]}}