{"id":10952,"date":"2025-04-14T08:27:32","date_gmt":"2025-04-14T06:27:32","guid":{"rendered":"https:\/\/vitaminbutiken.com\/?post_type=product&#038;p=10952"},"modified":"2026-03-31T13:54:25","modified_gmt":"2026-03-31T11:54:25","slug":"plant-sterols-800-mg","status":"publish","type":"product","link":"https:\/\/vitaminbutiken.com\/en\/produkt\/plant-sterols-800-mg\/","title":{"rendered":"Plant Sterols 800 mg"},"content":{"rendered":"<p>Plant Sterols 800 mg<\/p>\n<h3 class=\"\" data-start=\"121\" data-end=\"186\"><strong data-start=\"125\" data-end=\"186\">Lamberts\u00ae V\u00e4xtsteroler \u2013 800 mg rena steroler per tablett<\/strong><\/h3>\n<p class=\"\" data-start=\"188\" data-end=\"315\"><strong data-start=\"188\" data-end=\"229\">Naturligt st\u00f6d f\u00f6r kolesterolbalansen<\/strong><br data-start=\"229\" data-end=\"232\" \/>En tablett om dagen kan bidra till att bibeh\u00e5lla normala kolesterolniv\u00e5er i blodet.<\/p>\n<h4 class=\"\" data-start=\"317\" data-end=\"342\"><strong data-start=\"322\" data-end=\"342\">Produktf\u00f6rdelar:<\/strong><\/h4>\n<p class=\"\" data-start=\"345\" data-end=\"401\">Inneh\u00e5ller <strong data-start=\"359\" data-end=\"387\">800 mg rena v\u00e4xtsteroler<\/strong> per tablett<br \/>\nUpp till <strong data-start=\"416\" data-end=\"442\">80\u202f% beta-sitosteroler<br \/>\n<\/strong>V\u00e4xtsteroler har en struktur som liknar kolesterol och <strong data-start=\"630\" data-end=\"663\">blockerar delvis \u00e5terupptaget<\/strong> i tarmen<br \/>\nEffekt \u00e4ven vid kolesterolsn\u00e5l kost<br \/>\nBra alternativ f\u00f6r dig som inte f\u00e5r i dig tillr\u00e4ckligt via kosten eller inte anv\u00e4nder berikade livsmedel (t.ex. margarin)<\/p>\n<h4 class=\"\" data-start=\"846\" data-end=\"864\"><strong data-start=\"851\" data-end=\"864\">Bakgrund:<\/strong><\/h4>\n<p class=\"\" data-start=\"865\" data-end=\"1105\">V\u00e4xtsteroler finns naturligt i vegetabiliska oljor och spannm\u00e5l, men f\u00f6rekommer i l\u00e5g m\u00e4ngd i dagens kost. Att uppn\u00e5 ett optimalt dagligt intag via livsmedel kan d\u00e4rf\u00f6r vara sv\u00e5rt \u2013 h\u00e4r erbjuder Lamberts ett enkelt alternativ i tablettform.<\/p>\n<h4 class=\"\" data-start=\"1107\" data-end=\"1125\"><strong data-start=\"1112\" data-end=\"1125\">Dosering: <\/strong>1 tablett dagligen i samband med m\u00e5ltid<\/h4>\n<p><strong>1 tablett inneh\u00e5ller<\/strong>:<br \/>\n<strong>V\u00e4xtsteroler<\/strong> (ger upp till 80 % beta-sitosteroler) *<strong>800 mg<\/strong><br \/>\n*<em>DRI (dagligt referensintag) ej fastst\u00e4lld.<\/p>\n<p><\/em><\/p>\n<p><strong>Ingredienser:<\/strong> V\u00e4xtsteroler, kalciumkarbonat, cellulosa, klumpf\u00f6rebyggande medel (kiseldioxid, magnesiumsalter av fettsyror), tv\u00e4rbundet cellulosagummi, tablettskal (hydroxypropylmetylcellulosa, glycerin).<\/p>\n<p>&nbsp;<\/p>\n<p><em>\u00a0<\/em><\/p>\n<p>Rekommenderad dos b\u00f6r ej \u00f6verskridas.<br \/>\nKosttillskott ers\u00e4tter inte en varierad kost.<br \/>\nProdukten f\u00f6rvaras o\u00e5tkomligt f\u00f6r sm\u00e5 barn.<br \/>\nRekommenderas inte till gravida och ammande.<\/p>\n","protected":false},"excerpt":{"rendered":"<p class=\"\" data-start=\"81\" data-end=\"166\"><strong data-start=\"81\" data-end=\"166\">Tillverkad i Storbritannien, naturligt utvunnen \u2013 upp till 80\u202f% beta-sitosteroler<\/strong><\/p>\n<p class=\"\" data-start=\"168\" data-end=\"273\">Denna tablett inneh\u00e5ller hela <strong data-start=\"198\" data-end=\"226\">800 mg rena v\u00e4xtsteroler<\/strong>, varav upp till <strong data-start=\"243\" data-end=\"272\">80\u202f% \u00e4r beta-sitosteroler<\/strong>.<\/p>\n<p class=\"\" data-start=\"275\" data-end=\"582\">V\u00e4xtsteroler \u00e4r v\u00e4lk\u00e4nda f\u00f6r sin positiva effekt p\u00e5 <strong data-start=\"327\" data-end=\"349\">kolesterolbalansen<\/strong> i kroppen.<br data-start=\"360\" data-end=\"363\" \/>Strukturen hos v\u00e4xtsteroler liknar kolesterol, och studier har visat att de kan bidra till h\u00e4lsan genom att <strong data-start=\"471\" data-end=\"522\">delvis blockera upptaget av kolesterol i tarmen<\/strong> \u2013 vilket hj\u00e4lper till att h\u00e5lla kolesterolv\u00e4rdena i schack.<\/p>\n<p class=\"\" data-start=\"584\" data-end=\"616\"><strong data-start=\"584\" data-end=\"616\">Dosering: 1 tablett dagligen<\/strong><\/p>\n","protected":false},"featured_media":10953,"comment_status":"closed","ping_status":"closed","template":"","meta":{"_kad_blocks_custom_css":"","_kad_blocks_head_custom_js":"","_kad_blocks_body_custom_js":"","_kad_blocks_footer_custom_js":"","_kadence_starter_templates_imported_post":false,"_kad_post_transparent":"default","_kad_post_title":"","_kad_post_layout":"default","_kad_post_sidebar_id":"","_kad_post_content_style":"default","_kad_post_vertical_padding":"default","_kad_post_feature":"","_kad_post_feature_position":"","_kad_post_header":false,"_kad_post_footer":false,"_kad_post_classname":""},"product_brand":[],"product_cat":[1234,149,1393],"product_tag":[2741,1630,1648,2019,2735,2740,2737,2736,2734,2739,2738,2315],"class_list":{"0":"post-10952","1":"product","2":"type-product","3":"status-publish","4":"has-post-thumbnail","6":"product_cat-lamberts","7":"product_cat-orter","8":"product_cat-ovriga-kosttillskott","9":"product_tag-60-tabletter","10":"product_tag-hjart-karlhalsa","11":"product_tag-hjarthalsa","12":"product_tag-kolesterolbalans","13":"product_tag-kolesterolsankning","14":"product_tag-lamberts-plant-sterols","15":"product_tag-ldl-kolesterol","16":"product_tag-naturligt-kolesterolstod","17":"product_tag-plant-sterols","18":"product_tag-steroler-fran-vaxter","19":"product_tag-vaxtbaserat-kosttillskott","20":"product_tag-vaxtsteroler","22":"first","23":"instock","24":"taxable","25":"shipping-taxable","26":"purchasable","27":"product-type-simple","28":"entry","29":"content-bg","30":"loop-entry"},"taxonomy_info":{"product_cat":[{"value":1234,"label":"Lamberts"},{"value":149,"label":"\u00d6rter"},{"value":1393,"label":"\u00d6vriga kosttillskott"}],"product_tag":[{"value":2741,"label":"60 tabletter"},{"value":1630,"label":"Hj\u00e4rt-k\u00e4rlh\u00e4lsa"},{"value":1648,"label":"hj\u00e4rth\u00e4lsa"},{"value":2019,"label":"kolesterolbalans"},{"value":2735,"label":"kolesterols\u00e4nkning"},{"value":2740,"label":"Lamberts Plant Sterols"},{"value":2737,"label":"LDL-kolesterol"},{"value":2736,"label":"naturligt kolesterolst\u00f6d"},{"value":2734,"label":"Plant Sterols"},{"value":2739,"label":"steroler fr\u00e5n v\u00e4xter"},{"value":2738,"label":"v\u00e4xtbaserat kosttillskott"},{"value":2315,"label":"V\u00e4xtsteroler"}]},"featured_image_src_large":["https:\/\/vitaminbutiken.com\/wp-content\/uploads\/2025\/04\/8583-60-Plantsterols-1000x700.jpg",1000,700,true],"author_info":[],"comment_info":0,"_links":{"self":[{"href":"https:\/\/vitaminbutiken.com\/en\/wp-json\/wp\/v2\/product\/10952","targetHints":{"allow":["GET"]}}],"collection":[{"href":"https:\/\/vitaminbutiken.com\/en\/wp-json\/wp\/v2\/product"}],"about":[{"href":"https:\/\/vitaminbutiken.com\/en\/wp-json\/wp\/v2\/types\/product"}],"replies":[{"embeddable":true,"href":"https:\/\/vitaminbutiken.com\/en\/wp-json\/wp\/v2\/comments?post=10952"}],"wp:featuredmedia":[{"embeddable":true,"href":"https:\/\/vitaminbutiken.com\/en\/wp-json\/wp\/v2\/media\/10953"}],"wp:attachment":[{"href":"https:\/\/vitaminbutiken.com\/en\/wp-json\/wp\/v2\/media?parent=10952"}],"wp:term":[{"taxonomy":"product_brand","embeddable":true,"href":"https:\/\/vitaminbutiken.com\/en\/wp-json\/wp\/v2\/product_brand?post=10952"},{"taxonomy":"product_cat","embeddable":true,"href":"https:\/\/vitaminbutiken.com\/en\/wp-json\/wp\/v2\/product_cat?post=10952"},{"taxonomy":"product_tag","embeddable":true,"href":"https:\/\/vitaminbutiken.com\/en\/wp-json\/wp\/v2\/product_tag?post=10952"}],"curies":[{"name":"wp","href":"https:\/\/api.w.org\/{rel}","templated":true}]}}