{"id":10744,"date":"2025-03-28T10:22:19","date_gmt":"2025-03-28T09:22:19","guid":{"rendered":"https:\/\/vitaminbutiken.multi.fi\/?post_type=product&#038;p=10744"},"modified":"2026-03-31T12:30:05","modified_gmt":"2026-03-31T10:30:05","slug":"multivitamin-for-dogs-hundar","status":"publish","type":"product","link":"https:\/\/vitaminbutiken.com\/en\/produkt\/multivitamin-for-dogs-hundar\/","title":{"rendered":"Multi Vitamin and Mineral Formula for Dogs &#8211; Lamberts"},"content":{"rendered":"<h3 data-start=\"42\" data-end=\"299\"><strong>Multi Vitamin and Mineral Formula for Dogs &#8211; <a href=\"https:\/\/vitaminbutiken.com\/shop\/?filter_product_cat=1234\">Lamberts<\/a><\/strong><\/h3>\n<p class=\"\" data-start=\"42\" data-end=\"299\">Bearbetning och lagring av foder kan f\u00f6rst\u00f6ra mycket av det goda som finns i de flesta hundfoder. D\u00e4rf\u00f6r ger fodret visserligen din hund de kalorier den beh\u00f6ver f\u00f6r energi, men det \u00e4r sv\u00e5rt att s\u00e4kerst\u00e4lla att den f\u00e5r i sig alla n\u00f6dv\u00e4ndiga n\u00e4rings\u00e4mnen.<\/p>\n<p class=\"\" data-start=\"301\" data-end=\"688\">Ny hos Lamberts\u00ae \u00e4r v\u00e5r unika multivitamin f\u00f6r hundar, framtagen av experter f\u00f6r att s\u00e4kerst\u00e4lla att din hund f\u00e5r alla viktiga mikron\u00e4rings\u00e4mnen som beh\u00f6vs f\u00f6r optimal h\u00e4lsa. Den inneh\u00e5ller ett brett spektrum av vitaminer och mineraler, inklusive de antioxidativa vitaminerna A, C och E, samt sp\u00e5r\u00e4mnen som zink och selen \u2013 i halter som f\u00e5 andra fodertillskott f\u00f6r djur kan m\u00e4ta sig med.<\/p>\n<p class=\"\" data-start=\"690\" data-end=\"1028\">Av de hundar vi testade den p\u00e5 \u00e5t 7 av 10 tabletten utan problem, och de \u00f6vriga tog den g\u00e4rna tillsammans med mat. Varje tablett har smak av n\u00f6tk\u00f6tt och \u00e4r f\u00f6rsedd med en brytsk\u00e5ra f\u00f6r att underl\u00e4tta dosering. Om du \u00e4r os\u00e4ker p\u00e5 om din hund kommer att ta tabletterna, \u00e4r du v\u00e4lkommen att mejla oss s\u00e5 skickar vi g\u00e4rna n\u00e5gra provtabletter.<\/p>\n<p data-start=\"409\" data-end=\"719\"><strong>Dosering<\/strong>:<br \/>\nValp (6-12 m\u00e5n.) \u00bd tablett.<br \/>\nLiten hund (0-10 kg) 1 tablett.<br \/>\nMedelstor\/Stor hund (10 kg+) 2 tabletter.<br \/>\nF\u00f6r b\u00e4sta resultat b\u00f6r tabletterna tills\u00e4ttas hela eller blandas i fuktig mat och sedan blandas v\u00e4l.<\/p>\n<table style=\"height: 80px;\" border=\"1\" width=\"621\" cellspacing=\"0\" cellpadding=\"0\">\n<tbody>\n<tr>\n<td valign=\"top\" width=\"30%\"><strong>1 tablett inneh\u00e5ller<\/strong><\/td>\n<td valign=\"top\" width=\"20%\"><strong> M\u00e4ngd<\/strong><\/td>\n<\/tr>\n<tr>\n<td valign=\"top\" width=\"30%\">\u00a0Vitamin A (Acetat)<\/td>\n<td valign=\"top\" width=\"20%\">836 iu<\/td>\n<\/tr>\n<tr>\n<td valign=\"top\" width=\"30%\">Vitamin D<\/td>\n<td valign=\"top\" width=\"20%\">100 iu<\/td>\n<\/tr>\n<tr>\n<td valign=\"top\" width=\"30%\">Vitamin E (dl-alfa-tokoferol)<\/td>\n<td valign=\"top\" width=\"20%\">37,25 iu<\/td>\n<\/tr>\n<tr>\n<td valign=\"top\" width=\"30%\">Vitamin C<\/td>\n<td valign=\"top\" width=\"20%\">20 mg<\/td>\n<\/tr>\n<tr>\n<td valign=\"top\" width=\"30%\">Tiaminmononitrat<\/td>\n<td valign=\"top\" width=\"20%\">0,25 mg<\/td>\n<\/tr>\n<tr>\n<td valign=\"top\" width=\"30%\">Riboflavin<\/td>\n<td valign=\"top\" width=\"20%\">0,45 mg<\/td>\n<\/tr>\n<tr>\n<td valign=\"top\" width=\"30%\">Niasin (Nikotinamide)<\/td>\n<td valign=\"top\" width=\"20%\">0,6 mg<\/td>\n<\/tr>\n<tr>\n<td valign=\"top\" width=\"30%\">Vitamin B6 (pyridoxinhydroklorid)<\/td>\n<td valign=\"top\" width=\"20%\">0,25 mg<\/td>\n<\/tr>\n<tr>\n<td valign=\"top\" width=\"30%\">Folsyra<\/td>\n<td valign=\"top\" width=\"20%\">40 \u00b5g<\/td>\n<\/tr>\n<tr>\n<td valign=\"top\" width=\"30%\">Biotin<\/td>\n<td valign=\"top\" width=\"20%\">50 \u00b5g<\/td>\n<\/tr>\n<tr>\n<td valign=\"top\" width=\"30%\">Pantotensyra<\/td>\n<td valign=\"top\" width=\"20%\">1 mg<\/td>\n<\/tr>\n<tr>\n<td valign=\"top\" width=\"30%\">Kalciumkarbonat<\/td>\n<td valign=\"top\" width=\"20%\">100 mg<\/td>\n<\/tr>\n<tr>\n<td valign=\"top\" width=\"30%\">J\u00e4rn<\/td>\n<td valign=\"top\" width=\"20%\">4 mg<\/td>\n<\/tr>\n<tr>\n<td valign=\"top\" width=\"30%\">Magnesium<\/td>\n<td valign=\"top\" width=\"20%\">50 mg<\/td>\n<\/tr>\n<tr>\n<td valign=\"top\" width=\"30%\">Zink<\/td>\n<td valign=\"top\" width=\"20%\">6 mg<\/td>\n<\/tr>\n<tr>\n<td valign=\"top\" width=\"30%\">Jod<\/td>\n<td valign=\"top\" width=\"20%\">60 \u00b5g<\/td>\n<\/tr>\n<tr>\n<td valign=\"top\" width=\"30%\">Kopparsulfat<\/td>\n<td valign=\"top\" width=\"20%\">300 \u00b5g<\/td>\n<\/tr>\n<tr>\n<td valign=\"top\" width=\"30%\">Mangan<\/td>\n<td valign=\"top\" width=\"20%\">0,25 mg<\/td>\n<\/tr>\n<tr>\n<td valign=\"top\" width=\"30%\">Selen<\/td>\n<td valign=\"top\" width=\"20%\">25 \u00b5g<\/td>\n<\/tr>\n<\/tbody>\n<\/table>\n<p><strong><em>*DRI (dagligt referensintag) ej fastst\u00e4llt.<\/em><\/strong><\/p>\n<p><strong> Ingredienser<\/strong>: Fyllnadsmedel (cellulosa), \u00f6lj\u00e4st, klumpf\u00f6rebyggande medel (kiseldioxid, stearinsyra, magnesiumsalter av fettsyror), naturlig arom (n\u00f6tk\u00f6tt).<\/p>\n<p><strong> OBS<\/strong>! Endast f\u00f6r djurbruk!<\/p>\n<p>Produkten f\u00f6rvaras o\u00e5tkomligt f\u00f6r sm\u00e5 barn.<\/p>\n<p>&nbsp;<\/p>\n","protected":false},"excerpt":{"rendered":"<ul>\n<li>En unik multivitamin f\u00f6r hundar<\/li>\n<li>Formulerad av experter \u2013 baserad p\u00e5 n\u00e4ringsbehov, inte kostnad<\/li>\n<li>H\u00f6ga halter av sp\u00e5r\u00e4mnen som zink och selen \u2013 niv\u00e5er som f\u00e5 andra produkter i djuraff\u00e4rer kan m\u00e4ta sig med<\/li>\n<li>Samt antioxidativa vitaminerna A, C och E<\/li>\n<li>Varje tablett har n\u00f6tk\u00f6ttssmak och \u00e4r f\u00f6rsedd med brytsk\u00e5ra f\u00f6r enkel dosering<\/li>\n<li>Utformad f\u00f6r att passa hundar i alla storlekar<\/li>\n<\/ul>\n<p><strong>90 tabletter<\/strong><\/p>\n","protected":false},"featured_media":10751,"comment_status":"closed","ping_status":"closed","template":"","meta":{"_kad_blocks_custom_css":"","_kad_blocks_head_custom_js":"","_kad_blocks_body_custom_js":"","_kad_blocks_footer_custom_js":"","_kadence_starter_templates_imported_post":false,"_kad_post_transparent":"default","_kad_post_title":"","_kad_post_layout":"default","_kad_post_sidebar_id":"","_kad_post_content_style":"default","_kad_post_vertical_padding":"default","_kad_post_feature":"","_kad_post_feature_position":"","_kad_post_header":false,"_kad_post_footer":false,"_kad_post_classname":""},"product_brand":[],"product_cat":[1234,2822,2821,2806,1393],"product_tag":[2755,2749,2752,2748,2744,2745,2753,2743,2742,2754,2747,2751,2746,2750],"class_list":{"0":"post-10744","1":"product","2":"type-product","3":"status-publish","4":"has-post-thumbnail","6":"product_cat-lamberts","7":"product_cat-multi-produkter","8":"product_cat-multi-mineral","9":"product_cat-multi-vitamin","10":"product_cat-ovriga-kosttillskott","11":"product_tag-180-tabletter","12":"product_tag-antioxidant-for-hund","13":"product_tag-dagligt-tillskott-hund","14":"product_tag-hundens-immunsystem","15":"product_tag-hundtillskott","16":"product_tag-kosttillskott-for-hundar","17":"product_tag-lamberts-hundprodukter","18":"product_tag-mineraler-for-hundar","19":"product_tag-multivitamin-for-hundar","20":"product_tag-naring-for-alla-hundstorlekar","21":"product_tag-naringsstod-for-hundar","22":"product_tag-vitamin-a-c-e","23":"product_tag-vitaminer-for-hundens-halsa","24":"product_tag-zink-och-selen-for-hundar","26":"first","27":"instock","28":"taxable","29":"shipping-taxable","30":"purchasable","31":"product-type-simple","32":"entry","33":"content-bg","34":"loop-entry"},"taxonomy_info":{"product_cat":[{"value":1234,"label":"Lamberts"},{"value":2822,"label":"Multi produkter"},{"value":2821,"label":"Multi-mineral"},{"value":2806,"label":"Multi-vitamin"},{"value":1393,"label":"\u00d6vriga kosttillskott"}],"product_tag":[{"value":2755,"label":"180 tabletter"},{"value":2749,"label":"antioxidant f\u00f6r hund"},{"value":2752,"label":"dagligt tillskott hund"},{"value":2748,"label":"hundens immunsystem"},{"value":2744,"label":"hundtillskott"},{"value":2745,"label":"kosttillskott f\u00f6r hundar"},{"value":2753,"label":"Lamberts hundprodukter"},{"value":2743,"label":"mineraler f\u00f6r hundar"},{"value":2742,"label":"multivitamin f\u00f6r hundar"},{"value":2754,"label":"n\u00e4ring f\u00f6r alla hundstorlekar"},{"value":2747,"label":"n\u00e4ringsst\u00f6d f\u00f6r hundar"},{"value":2751,"label":"vitamin A C E"},{"value":2746,"label":"vitaminer f\u00f6r hundens h\u00e4lsa"},{"value":2750,"label":"zink och selen f\u00f6r hundar"}]},"featured_image_src_large":["https:\/\/vitaminbutiken.com\/wp-content\/uploads\/2025\/03\/8999-Multivitamin-mineral-for-dogs-780x700.jpg",780,700,true],"author_info":[],"comment_info":0,"_links":{"self":[{"href":"https:\/\/vitaminbutiken.com\/en\/wp-json\/wp\/v2\/product\/10744","targetHints":{"allow":["GET"]}}],"collection":[{"href":"https:\/\/vitaminbutiken.com\/en\/wp-json\/wp\/v2\/product"}],"about":[{"href":"https:\/\/vitaminbutiken.com\/en\/wp-json\/wp\/v2\/types\/product"}],"replies":[{"embeddable":true,"href":"https:\/\/vitaminbutiken.com\/en\/wp-json\/wp\/v2\/comments?post=10744"}],"wp:featuredmedia":[{"embeddable":true,"href":"https:\/\/vitaminbutiken.com\/en\/wp-json\/wp\/v2\/media\/10751"}],"wp:attachment":[{"href":"https:\/\/vitaminbutiken.com\/en\/wp-json\/wp\/v2\/media?parent=10744"}],"wp:term":[{"taxonomy":"product_brand","embeddable":true,"href":"https:\/\/vitaminbutiken.com\/en\/wp-json\/wp\/v2\/product_brand?post=10744"},{"taxonomy":"product_cat","embeddable":true,"href":"https:\/\/vitaminbutiken.com\/en\/wp-json\/wp\/v2\/product_cat?post=10744"},{"taxonomy":"product_tag","embeddable":true,"href":"https:\/\/vitaminbutiken.com\/en\/wp-json\/wp\/v2\/product_tag?post=10744"}],"curies":[{"name":"wp","href":"https:\/\/api.w.org\/{rel}","templated":true}]}}