{"id":10296,"date":"2025-03-19T16:24:54","date_gmt":"2025-03-19T14:24:54","guid":{"rendered":"https:\/\/vitaminbutiken.multi.fi\/?post_type=product&#038;p=10296"},"modified":"2026-03-31T10:08:23","modified_gmt":"2026-03-31T08:08:23","slug":"mega-mineral-complex-lamberts","status":"publish","type":"product","link":"https:\/\/vitaminbutiken.com\/en\/produkt\/mega-mineral-complex-lamberts\/","title":{"rendered":"Mega Mineral Komplex &#8211; Lamberts"},"content":{"rendered":"<h2 data-start=\"0\" data-end=\"444\">Mega Mineral Complex &#8211; <a href=\"https:\/\/vitaminbutiken.com\/shop\/?filter_product_cat=1234\">Lamberts<\/a><\/h2>\n<p data-start=\"0\" data-end=\"444\">Denna produkt \u00e4r sannolikt en av de mest omfattande och h\u00f6gdoserade mineraltillskotten som finns tillg\u00e4ngliga. En kost som saknar en mineral kan p\u00e5verka upptaget av andra, s\u00e5 det \u00e4r viktigt att f\u00e5 i sig ett komplett spektrum. Vissa mineraler beh\u00f6vs i st\u00f6rre m\u00e4ngder \u00e4n andra, till exempel kalcium och magnesium. Denna formulering inneh\u00e5ller h\u00f6ga niv\u00e5er av kalcium och magnesium, vilket g\u00f6r att den kan anv\u00e4ndas som ett tillskott f\u00f6r benh\u00e4lsa.<\/p>\n<p data-start=\"446\" data-end=\"605\" data-is-last-node=\"\" data-is-only-node=\"\">Den kan ocks\u00e5 anv\u00e4ndas n\u00e4r vitaminer i en tillskottsrutin tillf\u00f6rs separat. Lamberts\u00ae Mega Mineral Complex inneh\u00e5ller mineraler i mycket l\u00e4ttupptagliga former.<\/p>\n<h4>\u00a0<strong>Dosering<\/strong>: 2 tabletter dagligen i samband med m\u00e5ltid.<\/h4>\n<table style=\"height: 80px;\" border=\"1\" width=\"621\" cellspacing=\"0\" cellpadding=\"0\">\n<tbody>\n<tr>\n<td valign=\"top\" width=\"30%\"><strong>1 tablett inneh\u00e5ller<\/strong><\/td>\n<td valign=\"top\" width=\"20%\"><strong> M\u00e4ngd<\/strong><\/td>\n<td valign=\"top\" width=\"30%\"><strong>%DRI*<\/strong><\/td>\n<\/tr>\n<tr>\n<td valign=\"top\" width=\"30%\">Kalcium<\/td>\n<td valign=\"top\" width=\"20%\">1000 mg<\/td>\n<td valign=\"top\" width=\"20%\">125 %<\/td>\n<\/tr>\n<tr>\n<td valign=\"top\" width=\"30%\">Fosfor<\/td>\n<td valign=\"top\" width=\"20%\">200 mg<\/td>\n<td valign=\"top\" width=\"20%\">29 %<\/td>\n<\/tr>\n<tr>\n<td valign=\"top\" width=\"30%\">Magnesium<\/td>\n<td valign=\"top\" width=\"20%\">376 mg<\/td>\n<td valign=\"top\" width=\"20%\">100 %<\/td>\n<\/tr>\n<tr>\n<td valign=\"top\" width=\"30%\">J\u00e4rn<\/td>\n<td valign=\"top\" width=\"20%\">14 mg<\/td>\n<td valign=\"top\" width=\"20%\">100 %<\/td>\n<\/tr>\n<tr>\n<td valign=\"top\" width=\"30%\">Zink<\/td>\n<td valign=\"top\" width=\"20%\">15 mg<\/td>\n<td valign=\"top\" width=\"20%\">150 %<\/td>\n<\/tr>\n<tr>\n<td valign=\"top\" width=\"30%\">Koppar<\/td>\n<td valign=\"top\" width=\"20%\">1 mg<\/td>\n<td valign=\"top\" width=\"20%\">100 %<\/td>\n<\/tr>\n<tr>\n<td valign=\"top\" width=\"30%\">Mangan<\/td>\n<td valign=\"top\" width=\"20%\">4 mg<\/td>\n<td valign=\"top\" width=\"20%\">200 %<\/td>\n<\/tr>\n<tr>\n<td valign=\"top\" width=\"30%\">Selen<\/td>\n<td valign=\"top\" width=\"20%\">200 \u00b5g<\/td>\n<td valign=\"top\" width=\"20%\">364 %<\/td>\n<\/tr>\n<tr>\n<td valign=\"top\" width=\"30%\">Krom<\/td>\n<td valign=\"top\" width=\"20%\">100 \u00b5g<\/td>\n<td valign=\"top\" width=\"20%\">250 %<\/td>\n<\/tr>\n<tr>\n<td valign=\"top\" width=\"30%\">Molybden<\/td>\n<td valign=\"top\" width=\"20%\">5 \u00b5g<\/td>\n<td valign=\"top\" width=\"20%\">10 %<\/td>\n<\/tr>\n<tr>\n<td valign=\"top\" width=\"30%\">Jod<\/td>\n<td valign=\"top\" width=\"20%\">140 \u00b5g<\/td>\n<td valign=\"top\" width=\"20%\">93 %<\/td>\n<\/tr>\n<tr>\n<td valign=\"top\" width=\"30%\">Bor<\/td>\n<td valign=\"top\" width=\"20%\">2 mg<\/td>\n<td valign=\"top\" width=\"20%\">**<\/td>\n<\/tr>\n<\/tbody>\n<\/table>\n<h5><strong><em>*DRI \u00e4r dagligt referensintag.**DRI ej fastst\u00e4llt.<\/em><\/strong><\/h5>\n<p><strong> Ingredienser<\/strong>: Kalciumkarbonat, dikalciumfosfat, magnesium oxid, fyllnadsmedel (cellulosa), zinkglukonat, klumpf\u00f6rebyggande<br \/>\nmedel (stearinsyra, kiseldioxid, magnesiumsalter av fettsyror), stabilisator (hydroxypropylcellulosa), tv\u00e4rbundet cellulosagummi,<br \/>\nj\u00e4rnfumarat, tablettskal (hydroxypropylmetylcellulosa, glycerol), manganglukonat, bor (natriumborat), koppar glukonat, selen<br \/>\n(l-selenometionin, natriumselenit), krompikolinat, kaliumjodid, natriummolybdat.<\/p>\n<p>Rekommenderad dos b\u00f6r ej \u00f6verskridas.<br \/>\nKosttillskott ers\u00e4tter inte en varierad kost.<br \/>\nProdukten f\u00f6rvaras o\u00e5tkomligt f\u00f6r sm\u00e5 barn.<\/p>\n<h4>L\u00e4mplig f\u00f6r veganer<\/h4>\n","protected":false},"excerpt":{"rendered":"<ul>\n<li>Inneh\u00e5ller en anv\u00e4ndbar kombination av de viktigaste mineralerna.<\/li>\n<li>Ger s\u00e4rskilt bra niv\u00e5er av kalcium och magnesium samt j\u00e4rn.<\/li>\n<li>Kan anv\u00e4ndas n\u00e4r vitaminer i en tillskottsrutin tillf\u00f6rs separat.<\/li>\n<li>Rekommenderad daglig dos: 2 tabletter.<\/li>\n<\/ul>\n<h5><strong>90 tabletter\u00a0<\/strong><\/h5>\n","protected":false},"featured_media":10355,"comment_status":"open","ping_status":"closed","template":"","meta":{"_kad_blocks_custom_css":"","_kad_blocks_head_custom_js":"","_kad_blocks_body_custom_js":"","_kad_blocks_footer_custom_js":"","_kadence_starter_templates_imported_post":false,"_kad_post_transparent":"default","_kad_post_title":"","_kad_post_layout":"default","_kad_post_sidebar_id":"","_kad_post_content_style":"default","_kad_post_vertical_padding":"default","_kad_post_feature":"","_kad_post_feature_position":"","_kad_post_header":false,"_kad_post_footer":false,"_kad_post_classname":""},"product_brand":[],"product_cat":[1234,431,281,2822,2821,277,278],"product_tag":[1698,1645,1109,794,1584,2667,2656,1467,1028,724,1096,486,1126,2691,866,287,1129,2692,1130,1974,1039,2693,347,1871,2535,343],"class_list":{"0":"post-10296","1":"product","2":"type-product","3":"status-publish","4":"has-post-thumbnail","6":"product_cat-lamberts","7":"product_cat-mage-tarm","8":"product_cat-mineraler","9":"product_cat-multi-produkter","10":"product_cat-multi-mineral","11":"product_cat-muskler-och-leder","12":"product_cat-traning","13":"product_tag-antioxidantstod","14":"product_tag-benhalsa","15":"product_tag-bor","16":"product_tag-elektrolyter","17":"product_tag-energiomsattning","18":"product_tag-farmaceutisk-kvalitet","19":"product_tag-gmp-certifierad","20":"product_tag-hog-biotillganglighet","21":"product_tag-immunforsvar","22":"product_tag-jarn","23":"product_tag-jod","24":"product_tag-kalcium","25":"product_tag-koppar","26":"product_tag-kosttillskott-for-allman-halsa","27":"product_tag-krom","28":"product_tag-magnesium","29":"product_tag-mangan","30":"product_tag-mineraltillskott","31":"product_tag-molybden","32":"product_tag-multimineral","33":"product_tag-muskelfunktion","34":"product_tag-optimal-naringsbalans","35":"product_tag-selen","36":"product_tag-skelettstod","37":"product_tag-vegansk-vanlig","38":"product_tag-zink","40":"first","41":"instock","42":"taxable","43":"shipping-taxable","44":"purchasable","45":"product-type-simple","46":"entry","47":"content-bg","48":"loop-entry"},"taxonomy_info":{"product_cat":[{"value":1234,"label":"Lamberts"},{"value":431,"label":"Mage &amp; Tarm"},{"value":281,"label":"Mineraler"},{"value":2822,"label":"Multi produkter"},{"value":2821,"label":"Multi-mineral"},{"value":277,"label":"Muskler &amp; Leder"},{"value":278,"label":"Tr\u00e4ning"}],"product_tag":[{"value":1698,"label":"Antioxidantst\u00f6d"},{"value":1645,"label":"Benh\u00e4lsa"},{"value":1109,"label":"bor"},{"value":794,"label":"elektrolyter"},{"value":1584,"label":"Energioms\u00e4ttning"},{"value":2667,"label":"farmaceutisk kvalitet"},{"value":2656,"label":"GMP-certifierad"},{"value":1467,"label":"H\u00f6g biotillg\u00e4nglighet"},{"value":1028,"label":"immunf\u00f6rsvar"},{"value":724,"label":"j\u00e4rn"},{"value":1096,"label":"Jod"},{"value":486,"label":"Kalcium"},{"value":1126,"label":"koppar"},{"value":2691,"label":"kosttillskott f\u00f6r allm\u00e4n h\u00e4lsa"},{"value":866,"label":"Krom"},{"value":287,"label":"magnesium"},{"value":1129,"label":"Mangan"},{"value":2692,"label":"mineraltillskott"},{"value":1130,"label":"Molybden"},{"value":1974,"label":"multimineral"},{"value":1039,"label":"muskelfunktion"},{"value":2693,"label":"optimal n\u00e4ringsbalans"},{"value":347,"label":"Selen"},{"value":1871,"label":"Skelettst\u00f6d"},{"value":2535,"label":"Vegansk v\u00e4nlig"},{"value":343,"label":"Zink"}]},"featured_image_src_large":["https:\/\/vitaminbutiken.com\/wp-content\/uploads\/2025\/03\/8204-90-mega-mineral-complex-1-780x700.jpg",780,700,true],"author_info":[],"comment_info":0,"_links":{"self":[{"href":"https:\/\/vitaminbutiken.com\/en\/wp-json\/wp\/v2\/product\/10296","targetHints":{"allow":["GET"]}}],"collection":[{"href":"https:\/\/vitaminbutiken.com\/en\/wp-json\/wp\/v2\/product"}],"about":[{"href":"https:\/\/vitaminbutiken.com\/en\/wp-json\/wp\/v2\/types\/product"}],"replies":[{"embeddable":true,"href":"https:\/\/vitaminbutiken.com\/en\/wp-json\/wp\/v2\/comments?post=10296"}],"wp:featuredmedia":[{"embeddable":true,"href":"https:\/\/vitaminbutiken.com\/en\/wp-json\/wp\/v2\/media\/10355"}],"wp:attachment":[{"href":"https:\/\/vitaminbutiken.com\/en\/wp-json\/wp\/v2\/media?parent=10296"}],"wp:term":[{"taxonomy":"product_brand","embeddable":true,"href":"https:\/\/vitaminbutiken.com\/en\/wp-json\/wp\/v2\/product_brand?post=10296"},{"taxonomy":"product_cat","embeddable":true,"href":"https:\/\/vitaminbutiken.com\/en\/wp-json\/wp\/v2\/product_cat?post=10296"},{"taxonomy":"product_tag","embeddable":true,"href":"https:\/\/vitaminbutiken.com\/en\/wp-json\/wp\/v2\/product_tag?post=10296"}],"curies":[{"name":"wp","href":"https:\/\/api.w.org\/{rel}","templated":true}]}}