{"id":10293,"date":"2025-03-19T16:24:53","date_gmt":"2025-03-19T14:24:53","guid":{"rendered":"https:\/\/vitaminbutiken.multi.fi\/?post_type=product&#038;p=10293"},"modified":"2026-03-31T09:13:21","modified_gmt":"2026-03-31T07:13:21","slug":"l-tyrosine-500mg-lamberts","status":"publish","type":"product","link":"https:\/\/vitaminbutiken.com\/en\/produkt\/l-tyrosine-500mg-lamberts\/","title":{"rendered":"L-Tyrosine 500mg &#8211; Lamberts"},"content":{"rendered":"<h2 data-start=\"0\" data-end=\"114\">L-Tyrosine 500mg &#8211; Lamberts<\/h2>\n<p data-start=\"0\" data-end=\"114\"><a href=\"https:\/\/vitaminbutiken.com\/shop\/?filter_product_cat=1234\">Lamberts<\/a>\u00ae L-Tyrosine presenteras i sin fria form f\u00f6r maximal absorption. Varje kapsel inneh\u00e5ller 500 mg L-Tyrosin.<\/p>\n<p data-start=\"116\" data-end=\"430\">Aminosyror klassificeras som antingen essentiella eller icke-essentiella. Essentiella aminosyror kan inte syntetiseras i kroppen och m\u00e5ste tas upp genom kosten, medan icke-essentiella aminosyror, som fortfarande \u00e4r viktiga f\u00f6r h\u00e4lsan, kan syntetiseras i kroppen och \u00e4r d\u00e4rf\u00f6r inte klassificerade som &#8220;essentiella&#8221;.<\/p>\n<p data-start=\"432\" data-end=\"785\" data-is-last-node=\"\" data-is-only-node=\"\">Tyrosin anses vara en icke-essentiell aminosyra eftersom kroppen kan tillverka det fr\u00e5n fenylalanin. Det \u00e4r viktigt f\u00f6r hj\u00e4rnans n\u00e4ring eftersom det \u00e4r en f\u00f6reg\u00e5ngare till neurotransmittorerna &#8211; dopamin, adrenalin och noradrenalin. Det fungerar ocks\u00e5 som en f\u00f6reg\u00e5ngare till vissa hormoner, inklusive tyroxin och det viktiga m\u00e4nskliga pigmentet melanin.<\/p>\n<h4 data-start=\"432\" data-end=\"785\"><strong>Dosering: <\/strong>1-4 kapslar dagligen, mellan m\u00e5ltider.<\/h4>\n<table style=\"height: 80px;\" border=\"1\" width=\"621\" cellspacing=\"0\" cellpadding=\"0\">\n<tbody>\n<tr>\n<td valign=\"top\" width=\"30%\"><strong>1 kapsel inneh\u00e5ller<\/strong><\/td>\n<td valign=\"top\" width=\"20%\"><strong> M\u00e4ngd<\/strong><\/td>\n<td valign=\"top\" width=\"30%\"><strong>%DRI*<\/strong><\/td>\n<\/tr>\n<tr>\n<td valign=\"top\" width=\"30%\">L-Tyrosin<\/td>\n<td valign=\"top\" width=\"20%\">500 mg<\/td>\n<td valign=\"top\" width=\"20%\">**<\/td>\n<\/tr>\n<\/tbody>\n<\/table>\n<p><strong><em>*DRI (dagligt referensintag) ej fastst\u00e4llt.\u00a0<\/em><\/strong><\/p>\n<h4><strong>Ingredienser<\/strong>: Kapselskal (hydroxypropylmetylcellulosa), klumpf\u00f6rebyggande medel (magnesiumsalter av fettsyror och kiseldioxid).<\/h4>\n<h5>Rekommenderad dos b\u00f6r ej \u00f6verskridas.<br \/>\nKosttillskott ers\u00e4tter inte en varierad kost.<br \/>\nProdukten f\u00f6rvaras o\u00e5tkomligt f\u00f6r sm\u00e5 barn.<br \/>\nRekommenderas inte till gravida och ammande.<\/h5>\n<p>L\u00e4mplig f\u00f6r veganer<\/p>\n","protected":false},"excerpt":{"rendered":"<ul>\n<li>Presenterad som en fri form av aminosyra f\u00f6r maximal absorption<\/li>\n<li>Varje kapsel inneh\u00e5ller 500 mg L-Tyrosin<\/li>\n<li>Aminosyror klassificeras som antingen essentiella eller icke-essentiella<\/li>\n<li>Tyrosin anses vara en icke-essentiell aminosyra eftersom kroppen kan tillverka det fr\u00e5n fenylalanin, men det kan ocks\u00e5 erh\u00e5llas fr\u00e5n proteinrika livsmedel som ost, kyckling, fisk och soja<\/li>\n<\/ul>\n<h4><strong>60 kapslar<\/strong><\/h4>\n","protected":false},"featured_media":10353,"comment_status":"open","ping_status":"closed","template":"","meta":{"_kad_blocks_custom_css":"","_kad_blocks_head_custom_js":"","_kad_blocks_body_custom_js":"","_kad_blocks_footer_custom_js":"","_kadence_starter_templates_imported_post":false,"_kad_post_transparent":"default","_kad_post_title":"","_kad_post_layout":"default","_kad_post_sidebar_id":"","_kad_post_content_style":"default","_kad_post_vertical_padding":"default","_kad_post_feature":"","_kad_post_feature_position":"","_kad_post_header":false,"_kad_post_footer":false,"_kad_post_classname":""},"product_brand":[],"product_cat":[337,1234],"product_tag":[2681,564,2683,1584,2667,1560,1464,2656,2685,1469,1892,2686,1178,1894,1898,2687,2688,2689,2088,1542,2690,2535],"class_list":{"0":"post-10293","1":"product","2":"type-product","3":"status-publish","4":"has-post-thumbnail","6":"product_cat-aminosyror","7":"product_cat-lamberts","8":"product_tag-adrenalin","9":"product_tag-aminosyra","10":"product_tag-dopamin","11":"product_tag-energiomsattning","12":"product_tag-farmaceutisk-kvalitet","13":"product_tag-fokus-och-koncentration","14":"product_tag-fri-form","15":"product_tag-gmp-certifierad","16":"product_tag-hogdoserad","17":"product_tag-humorstod","18":"product_tag-kognitiv-funktion","19":"product_tag-kosttillskott-for-hjarnan","20":"product_tag-l-tyrosin","21":"product_tag-mental-skarpa","22":"product_tag-neurotransmittorer","23":"product_tag-noradrenalin","24":"product_tag-proteinmetabolism","25":"product_tag-skoldkortelstod","26":"product_tag-snabb-absorption","27":"product_tag-stresshantering","28":"product_tag-tyroxinproduktion","29":"product_tag-vegansk-vanlig","31":"first","32":"outofstock","33":"taxable","34":"shipping-taxable","35":"purchasable","36":"product-type-simple","37":"entry","38":"content-bg","39":"loop-entry"},"taxonomy_info":{"product_cat":[{"value":337,"label":"Aminosyror"},{"value":1234,"label":"Lamberts"}],"product_tag":[{"value":2681,"label":"adrenalin"},{"value":564,"label":"aminosyra"},{"value":2683,"label":"dopamin"},{"value":1584,"label":"Energioms\u00e4ttning"},{"value":2667,"label":"farmaceutisk kvalitet"},{"value":1560,"label":"Fokus och koncentration"},{"value":1464,"label":"fri form"},{"value":2656,"label":"GMP-certifierad"},{"value":2685,"label":"h\u00f6gdoserad"},{"value":1469,"label":"hum\u00f6rst\u00f6d"},{"value":1892,"label":"Kognitiv funktion"},{"value":2686,"label":"Kosttillskott f\u00f6r hj\u00e4rnan"},{"value":1178,"label":"l tyrosin"},{"value":1894,"label":"mental sk\u00e4rpa"},{"value":1898,"label":"Neurotransmittorer"},{"value":2687,"label":"noradrenalin"},{"value":2688,"label":"proteinmetabolism"},{"value":2689,"label":"sk\u00f6ldk\u00f6rtelst\u00f6d"},{"value":2088,"label":"snabb absorption"},{"value":1542,"label":"Stresshantering"},{"value":2690,"label":"tyroxinproduktion"},{"value":2535,"label":"Vegansk v\u00e4nlig"}]},"featured_image_src_large":["https:\/\/vitaminbutiken.com\/wp-content\/uploads\/2025\/03\/8329-L-tyrosine-1-780x700.jpg",780,700,true],"author_info":[],"comment_info":0,"_links":{"self":[{"href":"https:\/\/vitaminbutiken.com\/en\/wp-json\/wp\/v2\/product\/10293","targetHints":{"allow":["GET"]}}],"collection":[{"href":"https:\/\/vitaminbutiken.com\/en\/wp-json\/wp\/v2\/product"}],"about":[{"href":"https:\/\/vitaminbutiken.com\/en\/wp-json\/wp\/v2\/types\/product"}],"replies":[{"embeddable":true,"href":"https:\/\/vitaminbutiken.com\/en\/wp-json\/wp\/v2\/comments?post=10293"}],"wp:featuredmedia":[{"embeddable":true,"href":"https:\/\/vitaminbutiken.com\/en\/wp-json\/wp\/v2\/media\/10353"}],"wp:attachment":[{"href":"https:\/\/vitaminbutiken.com\/en\/wp-json\/wp\/v2\/media?parent=10293"}],"wp:term":[{"taxonomy":"product_brand","embeddable":true,"href":"https:\/\/vitaminbutiken.com\/en\/wp-json\/wp\/v2\/product_brand?post=10293"},{"taxonomy":"product_cat","embeddable":true,"href":"https:\/\/vitaminbutiken.com\/en\/wp-json\/wp\/v2\/product_cat?post=10293"},{"taxonomy":"product_tag","embeddable":true,"href":"https:\/\/vitaminbutiken.com\/en\/wp-json\/wp\/v2\/product_tag?post=10293"}],"curies":[{"name":"wp","href":"https:\/\/api.w.org\/{rel}","templated":true}]}}