{"id":10292,"date":"2025-03-19T16:24:53","date_gmt":"2025-03-19T14:24:53","guid":{"rendered":"https:\/\/vitaminbutiken.multi.fi\/?post_type=product&#038;p=10292"},"modified":"2026-03-31T09:11:50","modified_gmt":"2026-03-31T07:11:50","slug":"l-fenylalanin-500mg-for-ditt-valmaende","status":"publish","type":"product","link":"https:\/\/vitaminbutiken.com\/en\/produkt\/l-fenylalanin-500mg-for-ditt-valmaende\/","title":{"rendered":"L-Phenylalanine 500mg &#8211; Lamberts"},"content":{"rendered":"<h4 data-start=\"0\" data-end=\"200\">L-Phenylalanine 500mg &#8211; <a href=\"https:\/\/vitaminbutiken.com\/shop\/?filter_product_cat=1234\">Lamberts<\/a><\/h4>\n<p data-start=\"0\" data-end=\"200\">Lamberts\u00ae Fenylalanin \u00e4r den naturliga L-fenylalaninen och presenteras i sin fria form f\u00f6r att s\u00e4kerst\u00e4lla optimalt upptag. Produkten tillverkas i Storbritannien enligt farmaceutiska GMP-standarder.<\/p>\n<p data-start=\"0\" data-end=\"200\">L-Phenylalanine \u00e4r en essentiell <a href=\"https:\/\/vitaminbutiken.com\/shop\/?filter_product_cat=337\">aminosyra<\/a>, vilket betyder att kroppen inte sj\u00e4lv kan producera den och d\u00e4rf\u00f6r m\u00e5ste f\u00e5s via kosten eller tillskott. Lamberts L-Phenylalanine inneh\u00e5ller 500 mg ren L-form av fenylalanin i varje kapsel, som \u00e4r den form kroppen l\u00e4ttast kan ta upp och anv\u00e4nda<\/p>\n<ul>\n<li data-start=\"603\" data-end=\"668\">\n<p data-start=\"605\" data-end=\"668\">Inneh\u00e5ller <strong data-start=\"616\" data-end=\"637\">ren L-fenylalanin<\/strong> (ej D-form eller DL-blandning)<\/p>\n<\/li>\n<li data-start=\"669\" data-end=\"754\">\n<p data-start=\"671\" data-end=\"754\">Viktig f\u00f6r produktionen av signalsubstanser som dopamin, adrenalin och noradrenalin<\/p>\n<\/li>\n<li data-start=\"755\" data-end=\"815\">\n<p data-start=\"757\" data-end=\"815\">Kan bidra till b\u00e4ttre <strong data-start=\"779\" data-end=\"815\">mental fokus, hum\u00f6r och vakenhet<\/strong><\/p>\n<\/li>\n<\/ul>\n<h4 data-start=\"202\" data-end=\"477\"><strong data-start=\"202\" data-end=\"216\">Observera:<\/strong><\/h4>\n<p data-start=\"202\" data-end=\"477\">Personer med fenylketonuri (PKU), en sjukdom d\u00e4r fenylalanin inte kan brytas ner, b\u00f6r inte ta fenylalanintillskott. Fenylalanintillskott b\u00f6r inte heller tas i kombination med receptbelagda antidepressiva l\u00e4kemedel, s\u00e4rskilt monoaminoxidash\u00e4mmare (MAO-h\u00e4mmare).<\/p>\n<h4 data-start=\"202\" data-end=\"477\"><strong>Dosering:\u00a0<\/strong>1 kapsel dagligen i samband med m\u00e5ltid.<\/h4>\n<table style=\"height: 80px;\" border=\"1\" width=\"621\" cellspacing=\"0\" cellpadding=\"0\">\n<tbody>\n<tr>\n<td valign=\"top\" width=\"30%\"><strong>1 kapsel inneh\u00e5ller<\/strong><\/td>\n<td valign=\"top\" width=\"20%\"><strong> M\u00e4ngd<\/strong><\/td>\n<td valign=\"top\" width=\"30%\"><strong>%DRI*<\/strong><\/td>\n<\/tr>\n<tr>\n<td valign=\"top\" width=\"30%\">L-fenylalanin<\/td>\n<td valign=\"top\" width=\"20%\">500 mg<\/td>\n<td valign=\"top\" width=\"20%\">**<\/td>\n<\/tr>\n<\/tbody>\n<\/table>\n<h5><strong><em>*DRI (dagligt referensintag) ej fastst\u00e4llt.<br \/>\n<\/em><\/strong><br \/>\n<strong>Ingredienser<\/strong>: L-fenylalanin, kapselskal (gelatin), magnesiumsalter av fettsyror, kiseldioxid.<\/h5>\n<p>Rekommenderad dos b\u00f6r ej \u00f6verskridas.<br \/>\nKosttillskott ers\u00e4tter inte en varierad kost.<br \/>\nProdukten f\u00f6rvaras o\u00e5tkomligt f\u00f6r sm\u00e5 barn.<br \/>\nRekommenderas inte till gravida och ammande.<\/p>\n","protected":false},"excerpt":{"rendered":"<p data-start=\"0\" data-end=\"196\">\u2714 Naturlig L-Fenylalanin \u2013 Presenteras i fri form f\u00f6r optimalt upptag.<br data-start=\"70\" data-end=\"73\" \/>\u2714 Tillverkad i Storbritannien enligt farmaceutiska GMP-standarder.<br data-start=\"139\" data-end=\"142\" \/>\u2714 En om dagen-formula \u2013 Enkel och praktisk dosering.<\/p>\n<h4 data-start=\"198\" data-end=\"462\"><strong data-start=\"198\" data-end=\"212\">Observera:<\/strong><\/h4>\n<p data-start=\"198\" data-end=\"462\" data-is-last-node=\"\" data-is-only-node=\"\">Personer med fenylketonuri (PKU), en sjukdom d\u00e4r fenylalanin inte kan brytas ner, b\u00f6r undvika fenylalanintillskott. Tillskottet b\u00f6r heller inte tas tillsammans med receptbelagda antidepressiva l\u00e4kemedel, s\u00e4rskilt monoaminoxidash\u00e4mmare (MAO-h\u00e4mmare).<\/p>\n<h4 data-start=\"198\" data-end=\"462\"><strong>60 kapslar\u00a0<\/strong><\/h4>\n","protected":false},"featured_media":10351,"comment_status":"open","ping_status":"closed","template":"","meta":{"_kad_blocks_custom_css":"","_kad_blocks_head_custom_js":"","_kad_blocks_body_custom_js":"","_kad_blocks_footer_custom_js":"","_kadence_starter_templates_imported_post":false,"_kad_post_transparent":"default","_kad_post_title":"","_kad_post_layout":"default","_kad_post_sidebar_id":"","_kad_post_content_style":"default","_kad_post_vertical_padding":"default","_kad_post_feature":"","_kad_post_feature_position":"","_kad_post_header":false,"_kad_post_footer":false,"_kad_post_classname":""},"product_brand":[],"product_cat":[337,1234],"product_tag":[2681,564,2682,2683,1584,2667,2684,1560,1464,2656,1889,2685,1469,1892,2686,1894,1898,2687,2688,2088,2535],"class_list":{"0":"post-10292","1":"product","2":"type-product","3":"status-publish","4":"has-post-thumbnail","6":"product_cat-aminosyror","7":"product_cat-lamberts","8":"product_tag-adrenalin","9":"product_tag-aminosyra","10":"product_tag-aminosyratillskott","11":"product_tag-dopamin","12":"product_tag-energiomsattning","13":"product_tag-farmaceutisk-kvalitet","14":"product_tag-fenylalanin","15":"product_tag-fokus-och-koncentration","16":"product_tag-fri-form","17":"product_tag-gmp-certifierad","18":"product_tag-hjarnhalsa","19":"product_tag-hogdoserad","20":"product_tag-humorstod","21":"product_tag-kognitiv-funktion","22":"product_tag-kosttillskott-for-hjarnan","23":"product_tag-mental-skarpa","24":"product_tag-neurotransmittorer","25":"product_tag-noradrenalin","26":"product_tag-proteinmetabolism","27":"product_tag-snabb-absorption","28":"product_tag-vegansk-vanlig","30":"first","31":"instock","32":"taxable","33":"shipping-taxable","34":"purchasable","35":"product-type-simple","36":"entry","37":"content-bg","38":"loop-entry"},"taxonomy_info":{"product_cat":[{"value":337,"label":"Aminosyror"},{"value":1234,"label":"Lamberts"}],"product_tag":[{"value":2681,"label":"adrenalin"},{"value":564,"label":"aminosyra"},{"value":2682,"label":"aminosyratillskott"},{"value":2683,"label":"dopamin"},{"value":1584,"label":"Energioms\u00e4ttning"},{"value":2667,"label":"farmaceutisk kvalitet"},{"value":2684,"label":"fenylalanin"},{"value":1560,"label":"Fokus och koncentration"},{"value":1464,"label":"fri form"},{"value":2656,"label":"GMP-certifierad"},{"value":1889,"label":"Hj\u00e4rnh\u00e4lsa"},{"value":2685,"label":"h\u00f6gdoserad"},{"value":1469,"label":"hum\u00f6rst\u00f6d"},{"value":1892,"label":"Kognitiv funktion"},{"value":2686,"label":"Kosttillskott f\u00f6r hj\u00e4rnan"},{"value":1894,"label":"mental sk\u00e4rpa"},{"value":1898,"label":"Neurotransmittorer"},{"value":2687,"label":"noradrenalin"},{"value":2688,"label":"proteinmetabolism"},{"value":2088,"label":"snabb absorption"},{"value":2535,"label":"Vegansk v\u00e4nlig"}]},"featured_image_src_large":["https:\/\/vitaminbutiken.com\/wp-content\/uploads\/2025\/03\/8321-L-phenylalanine-1-780x700.jpg",780,700,true],"author_info":[],"comment_info":0,"_links":{"self":[{"href":"https:\/\/vitaminbutiken.com\/en\/wp-json\/wp\/v2\/product\/10292","targetHints":{"allow":["GET"]}}],"collection":[{"href":"https:\/\/vitaminbutiken.com\/en\/wp-json\/wp\/v2\/product"}],"about":[{"href":"https:\/\/vitaminbutiken.com\/en\/wp-json\/wp\/v2\/types\/product"}],"replies":[{"embeddable":true,"href":"https:\/\/vitaminbutiken.com\/en\/wp-json\/wp\/v2\/comments?post=10292"}],"wp:featuredmedia":[{"embeddable":true,"href":"https:\/\/vitaminbutiken.com\/en\/wp-json\/wp\/v2\/media\/10351"}],"wp:attachment":[{"href":"https:\/\/vitaminbutiken.com\/en\/wp-json\/wp\/v2\/media?parent=10292"}],"wp:term":[{"taxonomy":"product_brand","embeddable":true,"href":"https:\/\/vitaminbutiken.com\/en\/wp-json\/wp\/v2\/product_brand?post=10292"},{"taxonomy":"product_cat","embeddable":true,"href":"https:\/\/vitaminbutiken.com\/en\/wp-json\/wp\/v2\/product_cat?post=10292"},{"taxonomy":"product_tag","embeddable":true,"href":"https:\/\/vitaminbutiken.com\/en\/wp-json\/wp\/v2\/product_tag?post=10292"}],"curies":[{"name":"wp","href":"https:\/\/api.w.org\/{rel}","templated":true}]}}