{"id":10291,"date":"2025-03-19T16:24:52","date_gmt":"2025-03-19T14:24:52","guid":{"rendered":"https:\/\/vitaminbutiken.multi.fi\/?post_type=product&#038;p=10291"},"modified":"2026-03-31T09:09:32","modified_gmt":"2026-03-31T07:09:32","slug":"l-glutathione-complex-lamberts","status":"publish","type":"product","link":"https:\/\/vitaminbutiken.com\/en\/produkt\/l-glutathione-complex-lamberts\/","title":{"rendered":"L-Glutathione Complex &#8211; Lamberts"},"content":{"rendered":"<h4 data-start=\"0\" data-end=\"486\">L-Glutathione Complex &#8211; <a href=\"https:\/\/vitaminbutiken.com\/shop\/?filter_product_cat=1234\">Lamberts<\/a><\/h4>\n<p data-start=\"0\" data-end=\"486\">Glutation kallas ett tripeptid eftersom det best\u00e5r av tre aminosyror: glutaminsyra, cystein och glycin. Eftersom kroppen kan syntetisera glutation fr\u00e5n dessa aminosyror betraktas det som icke-essentiellt, vilket inneb\u00e4r att det inte beh\u00f6ver tillf\u00f6ras via kosten. Cystein \u00e4r relativt s\u00e4llsynt i livsmedel och \u00e4r d\u00e4rf\u00f6r den hastighetsbegr\u00e4nsande faktorn i kroppens glutationproduktion. Lamberts\u00ae Glutathione Complex inneh\u00e5ller h\u00f6ga niv\u00e5er av varje aminosyra samt fullst\u00e4ndigt glutation.<\/p>\n<p data-start=\"488\" data-end=\"660\" data-is-last-node=\"\" data-is-only-node=\"\">Glutation finns i alla kroppens celler, med den h\u00f6gsta koncentrationen i levern. Det bildar enzymet glutationperoxidas, som \u00e4r en av kroppens mest kraftfulla antioxidanter.<\/p>\n<p data-start=\"488\" data-end=\"660\"><strong>Dosering: <\/strong>1-3 kapslar dagligen mellan m\u00e5ltider.<\/p>\n<table style=\"height: 80px;\" border=\"1\" width=\"621\" cellspacing=\"0\" cellpadding=\"0\">\n<tbody>\n<tr>\n<td valign=\"top\" width=\"30%\"><strong>1 kapsel inneh\u00e5ller<\/strong><\/td>\n<td valign=\"top\" width=\"20%\"><strong> M\u00e4ngd<\/strong><\/td>\n<td valign=\"top\" width=\"30%\"><strong>%DRI*<\/strong><\/td>\n<\/tr>\n<tr>\n<td valign=\"top\" width=\"30%\">L-Glutaminsyra<\/td>\n<td valign=\"top\" width=\"20%\">194 mg<\/td>\n<td valign=\"top\" width=\"20%\">**<\/td>\n<\/tr>\n<tr>\n<td valign=\"top\" width=\"30%\">L-Cystin<\/td>\n<td valign=\"top\" width=\"20%\">158 mg<\/td>\n<td valign=\"top\" width=\"30%\">**<\/td>\n<\/tr>\n<tr>\n<td valign=\"top\" width=\"30%\">Glycin<\/td>\n<td valign=\"top\" width=\"20%\">98 mg<\/td>\n<td valign=\"top\" width=\"20%\">**<\/td>\n<\/tr>\n<tr>\n<td valign=\"top\" width=\"30%\">L-Glutation<\/td>\n<td valign=\"top\" width=\"20%\">50 mg<\/td>\n<td valign=\"top\" width=\"20%\">**<\/td>\n<\/tr>\n<\/tbody>\n<\/table>\n<p><strong><em>*DRI (dagligt referensintag) ej fastst\u00e4llt.\u00a0<\/em><\/strong><\/p>\n<p><strong>Ingredienser<\/strong>: Kapselskal (hydroxypropylmetylcellulosa), fyllnadsmedel (cellulosa), klumpf\u00f6rebyggande medel (magnesiumsalter av fettsyror, kiseldioxid).<\/p>\n<p>Rekommenderad dos b\u00f6r ej \u00f6verskridas.<br \/>\nKosttillskott ers\u00e4tter inte en varierad kost.<br \/>\nProdukten f\u00f6rvaras o\u00e5tkomligt f\u00f6r sm\u00e5 barn.<br \/>\nRekommenderas inte till gravida och ammande.<\/p>\n<p>L\u00e4mplig f\u00f6r veganer<\/p>\n","protected":false},"excerpt":{"rendered":"<ul>\n<li>Glutation kallas ett tripeptid eftersom det best\u00e5r av tre aminosyror: glutaminsyra, cystein och glycin.<\/li>\n<li>Lamberts\u00ae Glutathione Complex inneh\u00e5ller h\u00f6ga niv\u00e5er av varje aminosyra samt fullst\u00e4ndigt glutation.<\/li>\n<li>Eftersom cystein \u00e4r relativt s\u00e4llsynt i livsmedel \u00e4r det denna aminosyra som \u00e4r den hastighetsbegr\u00e4nsande faktorn i kroppens glutationproduktion.<\/li>\n<\/ul>\n<p><strong>60 kapslar<\/strong><\/p>\n","protected":false},"featured_media":10349,"comment_status":"open","ping_status":"closed","template":"","meta":{"_kad_blocks_custom_css":"","_kad_blocks_head_custom_js":"","_kad_blocks_body_custom_js":"","_kad_blocks_footer_custom_js":"","_kadence_starter_templates_imported_post":false,"_kad_post_transparent":"default","_kad_post_title":"","_kad_post_layout":"default","_kad_post_sidebar_id":"","_kad_post_content_style":"default","_kad_post_vertical_padding":"default","_kad_post_feature":"","_kad_post_feature_position":"","_kad_post_header":false,"_kad_post_footer":false,"_kad_post_classname":""},"product_brand":[],"product_cat":[337,1234,198],"product_tag":[476,1415,205,691,757,1548,2676,2606,1584,2667,925,2677,837,2678,969,2656,1467,1468,2483,2679,2680,193,2535],"class_list":{"0":"post-10291","1":"product","2":"type-product","3":"status-publish","4":"has-post-thumbnail","6":"product_cat-aminosyror","7":"product_cat-lamberts","8":"product_cat-lever-och-njurar","9":"product_tag-aminosyror","10":"product_tag-anti-aging","11":"product_tag-antioxidant","12":"product_tag-avgiftning","13":"product_tag-c-vitamin","14":"product_tag-cellskydd","15":"product_tag-cystein","16":"product_tag-detox","17":"product_tag-energiomsattning","18":"product_tag-farmaceutisk-kvalitet","19":"product_tag-fria-radikaler","20":"product_tag-glutaminsyra","21":"product_tag-glutation","22":"product_tag-glutationsyntes","23":"product_tag-glycin","24":"product_tag-gmp-certifierad","25":"product_tag-hog-biotillganglighet","26":"product_tag-hudhalsa","27":"product_tag-immunsystem","28":"product_tag-kosttillskott-for-immunforsvaret","29":"product_tag-leverstod","30":"product_tag-oxidativ-stress","31":"product_tag-vegansk-vanlig","33":"first","34":"instock","35":"taxable","36":"shipping-taxable","37":"purchasable","38":"product-type-simple","39":"entry","40":"content-bg","41":"loop-entry"},"taxonomy_info":{"product_cat":[{"value":337,"label":"Aminosyror"},{"value":1234,"label":"Lamberts"},{"value":198,"label":"Lever &amp; Njurar"}],"product_tag":[{"value":476,"label":"aminosyror"},{"value":1415,"label":"Anti-aging"},{"value":205,"label":"antioxidant"},{"value":691,"label":"avgiftning"},{"value":757,"label":"c vitamin"},{"value":1548,"label":"Cellskydd"},{"value":2676,"label":"cystein"},{"value":2606,"label":"detox"},{"value":1584,"label":"Energioms\u00e4ttning"},{"value":2667,"label":"farmaceutisk kvalitet"},{"value":925,"label":"fria radikaler"},{"value":2677,"label":"glutaminsyra"},{"value":837,"label":"glutation"},{"value":2678,"label":"glutationsyntes"},{"value":969,"label":"Glycin"},{"value":2656,"label":"GMP-certifierad"},{"value":1467,"label":"H\u00f6g biotillg\u00e4nglighet"},{"value":1468,"label":"Hudh\u00e4lsa"},{"value":2483,"label":"immunsystem"},{"value":2679,"label":"kosttillskott f\u00f6r immunf\u00f6rsvaret"},{"value":2680,"label":"leverst\u00f6d"},{"value":193,"label":"oxidativ stress"},{"value":2535,"label":"Vegansk v\u00e4nlig"}]},"featured_image_src_large":["https:\/\/vitaminbutiken.com\/wp-content\/uploads\/2025\/03\/8311-L-glutatione-complex-1-scaled-e1742390048629-1267x700.jpg",1267,700,true],"author_info":[],"comment_info":0,"_links":{"self":[{"href":"https:\/\/vitaminbutiken.com\/en\/wp-json\/wp\/v2\/product\/10291","targetHints":{"allow":["GET"]}}],"collection":[{"href":"https:\/\/vitaminbutiken.com\/en\/wp-json\/wp\/v2\/product"}],"about":[{"href":"https:\/\/vitaminbutiken.com\/en\/wp-json\/wp\/v2\/types\/product"}],"replies":[{"embeddable":true,"href":"https:\/\/vitaminbutiken.com\/en\/wp-json\/wp\/v2\/comments?post=10291"}],"wp:featuredmedia":[{"embeddable":true,"href":"https:\/\/vitaminbutiken.com\/en\/wp-json\/wp\/v2\/media\/10349"}],"wp:attachment":[{"href":"https:\/\/vitaminbutiken.com\/en\/wp-json\/wp\/v2\/media?parent=10291"}],"wp:term":[{"taxonomy":"product_brand","embeddable":true,"href":"https:\/\/vitaminbutiken.com\/en\/wp-json\/wp\/v2\/product_brand?post=10291"},{"taxonomy":"product_cat","embeddable":true,"href":"https:\/\/vitaminbutiken.com\/en\/wp-json\/wp\/v2\/product_cat?post=10291"},{"taxonomy":"product_tag","embeddable":true,"href":"https:\/\/vitaminbutiken.com\/en\/wp-json\/wp\/v2\/product_tag?post=10291"}],"curies":[{"name":"wp","href":"https:\/\/api.w.org\/{rel}","templated":true}]}}