{"id":10290,"date":"2025-03-19T16:24:52","date_gmt":"2025-03-19T14:24:52","guid":{"rendered":"https:\/\/vitaminbutiken.multi.fi\/?post_type=product&#038;p=10290"},"modified":"2026-04-03T20:55:10","modified_gmt":"2026-04-03T18:55:10","slug":"multiguard-osteoadvance-lamberts","status":"publish","type":"product","link":"https:\/\/vitaminbutiken.com\/en\/produkt\/multiguard-osteoadvance-lamberts\/","title":{"rendered":"MultiGuard\u00ae OsteoAdvance &#8211; Lamberts"},"content":{"rendered":"<h2 data-start=\"0\" data-end=\"403\">MultiGuard\u00ae OsteoAdvance &#8211; <a href=\"https:\/\/vitaminbutiken.com\/shop\/?filter_product_cat=1234\">Lamberts<\/a><\/h2>\n<p data-start=\"0\" data-end=\"403\">Detta \u00e4r en av de mest omfattande och h\u00f6gdoserade multivitamin- och mineralformlerna som finns tillg\u00e4ngliga i Storbritannien. Den kombinerar potenta mikron\u00e4rings\u00e4mnen med de tv\u00e5 viktiga makron\u00e4rings\u00e4mnena kalcium och magnesium. De flesta multivitaminer f\u00f6rsummar dessa essentiella benh\u00e4lsomineraler, eftersom de kr\u00e4vs i relativt stora m\u00e4ngder som \u00e4r om\u00f6jliga att f\u00e5 plats med i en en-om-dagen-formula.<\/p>\n<p data-start=\"405\" data-end=\"701\">Tre tabletter per dag ger hela 500 mg kalcium och 250 mg magnesium. Ut\u00f6ver detta inneh\u00e5ller formulan \u00e4ven h\u00f6ga niv\u00e5er av viktiga mineraler som selen, zink och krom samt gener\u00f6sa m\u00e4ngder av hj\u00e4rtskyddande B-vitaminer, de antioxidativa vitaminerna C och E och de benst\u00e4rkande vitaminerna D och K.<\/p>\n<p data-start=\"703\" data-end=\"920\" data-is-last-node=\"\" data-is-only-node=\"\">Formulan \u00e4r dessutom berikad med koncentrerade v\u00e4xtextrakt s\u00e5som gurkmeja, lutein, druvk\u00e4rneextrakt och rosmarin, vilka alla \u00e4r h\u00f6gt v\u00e4rderade av n\u00e4ringsexperter f\u00f6r sina kraftfulla antioxidativa egenskaper i kroppen.<\/p>\n<h4><strong>Dosering:\u00a0<\/strong> 3 tabletter dagligen i samband med m\u00e5ltid.<\/h4>\n<table style=\"height: 80px;\" border=\"1\" width=\"621\" cellspacing=\"0\" cellpadding=\"0\">\n<tbody>\n<tr>\n<td valign=\"top\" width=\"30%\"><strong>3 tabletter inneh\u00e5ller<\/strong><\/td>\n<td valign=\"top\" width=\"20%\"><strong> M\u00e4ngd<\/strong><\/td>\n<td valign=\"top\" width=\"30%\"><strong>%DRI*<\/strong><\/td>\n<\/tr>\n<tr>\n<td valign=\"top\" width=\"30%\">Vitamin A<\/td>\n<td valign=\"top\" width=\"20%\">800 \u00b5g RE<\/td>\n<td valign=\"top\" width=\"20%\">100 %<\/td>\n<\/tr>\n<tr>\n<td valign=\"top\" width=\"30%\">Vitamin D3<\/td>\n<td valign=\"top\" width=\"20%\">10 \u00b5g<\/td>\n<td valign=\"top\" width=\"30%\">200 %<\/td>\n<\/tr>\n<tr>\n<td valign=\"top\" width=\"30%\">Vitamin E<\/td>\n<td valign=\"top\" width=\"20%\">24 mg a-TE<\/td>\n<td valign=\"top\" width=\"20%\">200 %<\/td>\n<\/tr>\n<tr>\n<td valign=\"top\" width=\"30%\">Vitamin K2<\/td>\n<td valign=\"top\" width=\"20%\">75 \u00b5g<\/td>\n<td valign=\"top\" width=\"30%\">100 %<\/td>\n<\/tr>\n<tr>\n<td valign=\"top\" width=\"30%\">Vitamin C<\/td>\n<td valign=\"top\" width=\"20%\">120 mg<\/td>\n<td valign=\"top\" width=\"20%\">150 %<\/td>\n<\/tr>\n<tr>\n<td valign=\"top\" width=\"30%\">Tiamin B1<\/td>\n<td valign=\"top\" width=\"20%\">5 mg<\/td>\n<td valign=\"top\" width=\"30%\">455 %<\/td>\n<\/tr>\n<tr>\n<td valign=\"top\" width=\"30%\">Riboflavin B2<\/td>\n<td valign=\"top\" width=\"20%\">4 mg<\/td>\n<td valign=\"top\" width=\"20%\">286 %<\/td>\n<\/tr>\n<tr>\n<td valign=\"top\" width=\"30%\">Niasin B3<\/td>\n<td valign=\"top\" width=\"20%\">16 mg<\/td>\n<td valign=\"top\" width=\"30%\">100 %<\/td>\n<\/tr>\n<tr>\n<td valign=\"top\" width=\"30%\">Vitamin B6<\/td>\n<td valign=\"top\" width=\"20%\">10 mg<\/td>\n<td valign=\"top\" width=\"20%\">714 %<\/td>\n<\/tr>\n<tr>\n<td valign=\"top\" width=\"30%\">Folsyra<\/td>\n<td valign=\"top\" width=\"20%\">200 \u00b5g<\/td>\n<td valign=\"top\" width=\"30%\">100 %<\/td>\n<\/tr>\n<tr>\n<td valign=\"top\" width=\"30%\">Vitamin B12<\/td>\n<td valign=\"top\" width=\"20%\">100 \u00b5g<\/td>\n<td valign=\"top\" width=\"20%\">4000 %<\/td>\n<\/tr>\n<tr>\n<td valign=\"top\" width=\"30%\">Biotin<\/td>\n<td valign=\"top\" width=\"20%\">150 \u00b5g<\/td>\n<td valign=\"top\" width=\"30%\">300 %<\/td>\n<\/tr>\n<tr>\n<td valign=\"top\" width=\"30%\">Pantotensyra B5<\/td>\n<td valign=\"top\" width=\"20%\">12 mg<\/td>\n<td valign=\"top\" width=\"20%\">200 %<\/td>\n<\/tr>\n<tr>\n<td valign=\"top\" width=\"30%\">Kalcium<\/td>\n<td valign=\"top\" width=\"20%\">500 mg<\/td>\n<td valign=\"top\" width=\"30%\">63 %<\/td>\n<\/tr>\n<tr>\n<td valign=\"top\" width=\"30%\">Magnesium<\/td>\n<td valign=\"top\" width=\"20%\">250 mg<\/td>\n<td valign=\"top\" width=\"20%\">67 %<\/td>\n<\/tr>\n<tr>\n<td valign=\"top\" width=\"30%\">J\u00e4rn<\/td>\n<td valign=\"top\" width=\"20%\">7 mg<\/td>\n<td valign=\"top\" width=\"30%\">50 %<\/td>\n<\/tr>\n<tr>\n<td valign=\"top\" width=\"30%\">Zink<\/td>\n<td valign=\"top\" width=\"20%\">15 mg<\/td>\n<td valign=\"top\" width=\"20%\">150 %<\/td>\n<\/tr>\n<tr>\n<td valign=\"top\" width=\"30%\">Koppar<\/td>\n<td valign=\"top\" width=\"20%\">1 mg<\/td>\n<td valign=\"top\" width=\"20%\">100 %<\/td>\n<\/tr>\n<tr>\n<td valign=\"top\" width=\"30%\">Mangan<\/td>\n<td valign=\"top\" width=\"20%\">0,45 mg<\/td>\n<td valign=\"top\" width=\"30%\">23 %<\/td>\n<\/tr>\n<tr>\n<td valign=\"top\" width=\"30%\">Selen<\/td>\n<td valign=\"top\" width=\"20%\">110 \u00b5g<\/td>\n<td valign=\"top\" width=\"20%\">200 %<\/td>\n<\/tr>\n<tr>\n<td valign=\"top\" width=\"30%\">Krom<\/td>\n<td valign=\"top\" width=\"20%\">200 \u00b5g<\/td>\n<td valign=\"top\" width=\"30%\">500 %<\/td>\n<\/tr>\n<tr>\n<td valign=\"top\" width=\"30%\">Jod<\/td>\n<td valign=\"top\" width=\"20%\">150 \u00b5g<\/td>\n<td valign=\"top\" width=\"20%\">100 %<\/td>\n<\/tr>\n<tr>\n<td valign=\"top\" width=\"30%\">Kolin<\/td>\n<td valign=\"top\" width=\"20%\">5 mg<\/td>\n<td valign=\"top\" width=\"30%\">**<\/td>\n<\/tr>\n<tr>\n<td valign=\"top\" width=\"30%\">Inositol<\/td>\n<td valign=\"top\" width=\"20%\">5 mg<\/td>\n<td valign=\"top\" width=\"20%\">**<\/td>\n<\/tr>\n<tr>\n<td valign=\"top\" width=\"30%\">PABA<\/td>\n<td valign=\"top\" width=\"20%\">5 mg<\/td>\n<td valign=\"top\" width=\"30%\">**<\/td>\n<\/tr>\n<tr>\n<td valign=\"top\" width=\"30%\">Lutein<\/td>\n<td valign=\"top\" width=\"20%\">2 mg<\/td>\n<td valign=\"top\" width=\"20%\">**<\/td>\n<\/tr>\n<tr>\n<td valign=\"top\" width=\"30%\">Gurkmejaextrakt<\/td>\n<td valign=\"top\" width=\"20%\">50 mg<\/td>\n<td valign=\"top\" width=\"20%\">**<\/td>\n<\/tr>\n<tr>\n<td valign=\"top\" width=\"30%\">Rosmarinextrakt<\/td>\n<td valign=\"top\" width=\"20%\">13 mg<\/td>\n<td valign=\"top\" width=\"30%\">**<\/td>\n<\/tr>\n<tr>\n<td valign=\"top\" width=\"30%\">Druvfr\u00f6extrakt<\/td>\n<td valign=\"top\" width=\"20%\">50 mg<\/td>\n<td valign=\"top\" width=\"20%\">**<\/td>\n<\/tr>\n<\/tbody>\n<\/table>\n<h5><strong><em>*DRI \u00e4r dagligt referensintag.**DRI ej fastst\u00e4llt.<\/em><\/strong><\/h5>\n<h5><strong>Ingredienser<\/strong>: Kalciumkarbonat, magnesiumkarbonat, citrat, cellulosa, askorbinsyra, tablettskal (hydroxypropylmetylcellulosa, polydextros,<br \/>\nkalciumkarbonat, f\u00e4rg: j\u00e4rnoxider), klumpf\u00f6rebyggande medel (kiseldioxid, stearinsyra, magnesiumsalter av fettsyror), dl-alfa-tokoferol, gurkmeja<br \/>\nrotextrakt (Curcuma longa), druvk\u00e4rneextrakt (vitis vinifera), zinkcitrat, tv\u00e4rbundet cellulosagummi, vitamin K2 (menakinon-7), j\u00e4rnfumarat,<br \/>\nvitamin B3 (nikotinamid), vitamin B5 (kalciumpantotenat), rosmarin bladextrakt (Rosmarinus officinalis L.), vitamin B6 (pyridoxinhydroklorid),<br \/>\nvitamin B12 (cyanokobalamin), luteinkomplex (lutein(Tagetes erecta), antioxidant: rosmarin bladextrakt (Rosmarinus officinalis L.)), vitamin A<br \/>\nacetat, kopparglukonat, vitamin B1 (tiaminmononitrat), vitamin D3 (kolekalciferol), para-aminobensoesyra, kolinbitartrat, inositol, vitamin B2<br \/>\n(riboflavin), mangan glukonat, krompikolinat, L-selenometionin, natriumselenit, folsyra, kaliumjodid, biotin.<\/h5>\n<p>Rekommenderad dos b\u00f6r ej \u00f6verskridas.<br \/>\nKosttillskott ers\u00e4tter inte en varierad kost.<br \/>\nProdukten f\u00f6rvaras o\u00e5tkomligt f\u00f6r sm\u00e5 barn.<br \/>\nRekommenderas inte till gravida eller ammande<\/p>\n","protected":false},"excerpt":{"rendered":"<ul>\n<li>Tre tabletter per dag ger en terapeutisk dos p\u00e5 250 mg magnesium.<\/li>\n<li>Inneh\u00e5ller dessutom 500 mg av den livsviktiga mineralen kalcium per daglig dos.<\/li>\n<li>Eliminerar behovet av separata magnesium- och kalciumtillskott, vilket minskar b\u00e5de antalet tabletter och kostnaden.<\/li>\n<li>Kan hj\u00e4lpa till att \u00e5tg\u00e4rda upp till 24 olika n\u00e4ringsbrister, vilket g\u00f6r att du endast beh\u00f6ver komplettera med exempelvis omega-3.<\/li>\n<\/ul>\n<h4><strong>120 tabletter<\/strong><\/h4>\n","protected":false},"featured_media":10347,"comment_status":"open","ping_status":"closed","template":"","meta":{"_kad_blocks_custom_css":"","_kad_blocks_head_custom_js":"","_kad_blocks_body_custom_js":"","_kad_blocks_footer_custom_js":"","_kadence_starter_templates_imported_post":false,"_kad_post_transparent":"default","_kad_post_title":"","_kad_post_layout":"default","_kad_post_sidebar_id":"","_kad_post_content_style":"default","_kad_post_vertical_padding":"default","_kad_post_feature":"","_kad_post_feature_position":"","_kad_post_header":false,"_kad_post_footer":false,"_kad_post_classname":""},"product_brand":[],"product_cat":[1234,2822,277],"product_tag":[1698,1645,336,1584,2667,2656,2668,1028,767,486,2669,2670,287,494,1165,2671,2672,2673,2674,2675,1871,1863,2535],"class_list":{"0":"post-10290","1":"product","2":"type-product","3":"status-publish","4":"has-post-thumbnail","6":"product_cat-lamberts","7":"product_cat-multi-produkter","8":"product_cat-muskler-och-leder","9":"product_tag-antioxidantstod","10":"product_tag-benhalsa","11":"product_tag-d-vitamin","12":"product_tag-energiomsattning","13":"product_tag-farmaceutisk-kvalitet","14":"product_tag-gmp-certifierad","15":"product_tag-hogdoserat","16":"product_tag-immunforsvar","17":"product_tag-k-vitamin","18":"product_tag-kalcium","19":"product_tag-kosttillskott-for-benstomme","20":"product_tag-lattabsorberad-formula","21":"product_tag-magnesium","22":"product_tag-mineraler","23":"product_tag-multivitamin","24":"product_tag-muskelstod","25":"product_tag-omfattande-naringsstod","26":"product_tag-optimal-balans","27":"product_tag-osteoporosforebyggande","28":"product_tag-premiumtillskott","29":"product_tag-skelettstod","30":"product_tag-starka-ben","31":"product_tag-vegansk-vanlig","33":"first","34":"instock","35":"taxable","36":"shipping-taxable","37":"purchasable","38":"product-type-simple","39":"entry","40":"content-bg","41":"loop-entry"},"taxonomy_info":{"product_cat":[{"value":1234,"label":"Lamberts"},{"value":2822,"label":"Multi produkter"},{"value":277,"label":"Muskler &amp; Leder"}],"product_tag":[{"value":1698,"label":"Antioxidantst\u00f6d"},{"value":1645,"label":"Benh\u00e4lsa"},{"value":336,"label":"d vitamin"},{"value":1584,"label":"Energioms\u00e4ttning"},{"value":2667,"label":"farmaceutisk kvalitet"},{"value":2656,"label":"GMP-certifierad"},{"value":2668,"label":"h\u00f6gdoserat"},{"value":1028,"label":"immunf\u00f6rsvar"},{"value":767,"label":"k vitamin"},{"value":486,"label":"Kalcium"},{"value":2669,"label":"kosttillskott f\u00f6r benstomme"},{"value":2670,"label":"l\u00e4ttabsorberad formula"},{"value":287,"label":"magnesium"},{"value":494,"label":"Mineraler"},{"value":1165,"label":"multivitamin"},{"value":2671,"label":"muskelst\u00f6d"},{"value":2672,"label":"omfattande n\u00e4ringsst\u00f6d"},{"value":2673,"label":"optimal balans"},{"value":2674,"label":"osteoporosf\u00f6rebyggande"},{"value":2675,"label":"premiumtillskott"},{"value":1871,"label":"Skelettst\u00f6d"},{"value":1863,"label":"Starka ben"},{"value":2535,"label":"Vegansk v\u00e4nlig"}]},"featured_image_src_large":["https:\/\/vitaminbutiken.com\/wp-content\/uploads\/2025\/03\/8434-MulotiGuard-osteo-advance-5-0-1-780x700.jpg",780,700,true],"author_info":[],"comment_info":0,"_links":{"self":[{"href":"https:\/\/vitaminbutiken.com\/en\/wp-json\/wp\/v2\/product\/10290","targetHints":{"allow":["GET"]}}],"collection":[{"href":"https:\/\/vitaminbutiken.com\/en\/wp-json\/wp\/v2\/product"}],"about":[{"href":"https:\/\/vitaminbutiken.com\/en\/wp-json\/wp\/v2\/types\/product"}],"replies":[{"embeddable":true,"href":"https:\/\/vitaminbutiken.com\/en\/wp-json\/wp\/v2\/comments?post=10290"}],"wp:featuredmedia":[{"embeddable":true,"href":"https:\/\/vitaminbutiken.com\/en\/wp-json\/wp\/v2\/media\/10347"}],"wp:attachment":[{"href":"https:\/\/vitaminbutiken.com\/en\/wp-json\/wp\/v2\/media?parent=10290"}],"wp:term":[{"taxonomy":"product_brand","embeddable":true,"href":"https:\/\/vitaminbutiken.com\/en\/wp-json\/wp\/v2\/product_brand?post=10290"},{"taxonomy":"product_cat","embeddable":true,"href":"https:\/\/vitaminbutiken.com\/en\/wp-json\/wp\/v2\/product_cat?post=10290"},{"taxonomy":"product_tag","embeddable":true,"href":"https:\/\/vitaminbutiken.com\/en\/wp-json\/wp\/v2\/product_tag?post=10290"}],"curies":[{"name":"wp","href":"https:\/\/api.w.org\/{rel}","templated":true}]}}