{"id":10274,"date":"2025-03-19T16:24:23","date_gmt":"2025-03-19T14:24:23","guid":{"rendered":"https:\/\/vitaminbutiken.multi.fi\/?post_type=product&#038;p=10274"},"modified":"2026-04-09T08:23:35","modified_gmt":"2026-04-09T06:23:35","slug":"artprotein-isolat","status":"publish","type":"product","link":"https:\/\/vitaminbutiken.com\/en\/produkt\/artprotein-isolat\/","title":{"rendered":"\u00c4rtprotein, PEA-Protein Isolate, 750g"},"content":{"rendered":"<p data-start=\"0\" data-end=\"61\"><strong data-start=\"0\" data-end=\"59\">\u00c4rtprotein Isolat \u2013 V\u00e4xtbaserat protein av h\u00f6g kvalitet<\/strong><\/p>\n<p data-start=\"63\" data-end=\"370\">\u00c4rtprotein isolat \u00e4r ett 100 % v\u00e4xtbaserat proteintillskott. Det \u00e4r en utm\u00e4rkt k\u00e4lla till h\u00f6gv\u00e4rdigt protein, rikt p\u00e5 essentiella <a href=\"https:\/\/vitaminbutiken.com\/shop\/?filter_product_cat=337\">aminosyror<\/a>, och ett perfekt alternativ f\u00f6r dem som vill \u00f6ka sitt proteinintag p\u00e5 ett naturligt och allergiv\u00e4nligt s\u00e4tt.<\/p>\n<p data-start=\"407\" data-end=\"756\">\u00c4rtprotein isolat \u00e4r l\u00e4ttsm\u00e4lt, hypoallergent och fritt fr\u00e5n mejeriprodukter, soja och gluten, vilket g\u00f6r det idealiskt f\u00f6r veganer, vegetarianer och personer med k\u00e4nslig mage. Dess h\u00f6ga proteinhalt och balanserade aminosyraprofil g\u00f6r det till ett utm\u00e4rkt alternativ f\u00f6r att st\u00f6dja muskeluppbyggnad, \u00e5terh\u00e4mtning och allm\u00e4nt v\u00e4lbefinnande.<\/p>\n<p data-start=\"407\" data-end=\"756\">Denna produkt \u00e4r tillverkad av \u00e4rtor, fr\u00e5n vilket proteinet extraheras och koncentreras. Denna unika process producerar ett protein som \u00e4r mycket l\u00f6sligt och d\u00e4rf\u00f6r l\u00e4tt att sm\u00e4lta och absorbera.<\/p>\n<p><strong>Dosering:\u00a0<\/strong><strong>En 20g portion av denna produkt rekommenderas och kan m\u00e4tas ut som 4 teskedar (20ml) eller tv\u00e5 matskedar.<\/strong><\/p>\n<p data-start=\"407\" data-end=\"756\"><strong>Aminosyraprofil<\/strong><\/p>\n<table style=\"height: 80px;\" border=\"1\" width=\"621\" cellspacing=\"0\" cellpadding=\"0\">\n<tbody>\n<tr>\n<td valign=\"top\" width=\"30%\"><strong>Aminosyror<\/strong><\/td>\n<td valign=\"top\" width=\"20%\"><strong> Per 100g\u00a0<\/strong><\/td>\n<td valign=\"top\" width=\"30%\"><strong>Per 20 g\u00a0<\/strong><\/td>\n<\/tr>\n<tr>\n<td valign=\"top\" width=\"30%\">Alanin<\/td>\n<td valign=\"top\" width=\"20%\">3,51 g<\/td>\n<td valign=\"top\" width=\"20%\">0,702 g<\/td>\n<\/tr>\n<tr>\n<td valign=\"top\" width=\"30%\">Arginin<\/td>\n<td valign=\"top\" width=\"20%\">6,80 g<\/td>\n<td valign=\"top\" width=\"20%\">1,360 g<\/td>\n<\/tr>\n<tr>\n<td valign=\"top\" width=\"30%\">Asparagin<\/td>\n<td valign=\"top\" width=\"20%\">9,62 g<\/td>\n<td valign=\"top\" width=\"20%\">1,924 g<\/td>\n<\/tr>\n<tr>\n<td valign=\"top\" width=\"30%\">Cystein<\/td>\n<td valign=\"top\" width=\"20%\">0,95 g<\/td>\n<td valign=\"top\" width=\"20%\">0,190 g<\/td>\n<\/tr>\n<tr>\n<td valign=\"top\" width=\"30%\">Glutamin<\/td>\n<td valign=\"top\" width=\"20%\">13,90 g<\/td>\n<td valign=\"top\" width=\"20%\">2,780 g<\/td>\n<\/tr>\n<tr>\n<td valign=\"top\" width=\"30%\">Glycin<\/td>\n<td valign=\"top\" width=\"20%\">3,17 g<\/td>\n<td valign=\"top\" width=\"20%\">0,634 g<\/td>\n<\/tr>\n<tr>\n<td valign=\"top\" width=\"30%\">Histidin<\/td>\n<td valign=\"top\" width=\"20%\">2,80 g<\/td>\n<td valign=\"top\" width=\"20%\">0,560 g<\/td>\n<\/tr>\n<tr>\n<td valign=\"top\" width=\"30%\">Isoleucin<\/td>\n<td valign=\"top\" width=\"20%\">3,90 g<\/td>\n<td valign=\"top\" width=\"20%\">0,780 g<\/td>\n<\/tr>\n<tr>\n<td valign=\"top\" width=\"30%\">Leucin<\/td>\n<td valign=\"top\" width=\"20%\">6,60 g<\/td>\n<td valign=\"top\" width=\"20%\">1,320 g<\/td>\n<\/tr>\n<tr>\n<td valign=\"top\" width=\"30%\">Lysin<\/td>\n<td valign=\"top\" width=\"20%\">6,20 g<\/td>\n<td valign=\"top\" width=\"20%\">1,240 g<\/td>\n<\/tr>\n<tr>\n<td valign=\"top\" width=\"30%\">Metionin<\/td>\n<td valign=\"top\" width=\"20%\">0,65 g<\/td>\n<td valign=\"top\" width=\"20%\">0,130 g<\/td>\n<\/tr>\n<tr>\n<td valign=\"top\" width=\"30%\">Fenylalanin<\/td>\n<td valign=\"top\" width=\"20%\">4,70 g<\/td>\n<td valign=\"top\" width=\"20%\">0,940 g<\/td>\n<\/tr>\n<tr>\n<td valign=\"top\" width=\"30%\">Prolin<\/td>\n<td valign=\"top\" width=\"20%\">3,53 g<\/td>\n<td valign=\"top\" width=\"20%\">0,706 g<\/td>\n<\/tr>\n<tr>\n<td valign=\"top\" width=\"30%\">Serin<\/td>\n<td valign=\"top\" width=\"20%\">3,94 g<\/td>\n<td valign=\"top\" width=\"20%\">0,788 g<\/td>\n<\/tr>\n<tr>\n<td valign=\"top\" width=\"30%\">Treonin<\/td>\n<td valign=\"top\" width=\"20%\">3,00 g<\/td>\n<td valign=\"top\" width=\"20%\">0,600 g<\/td>\n<\/tr>\n<tr>\n<td valign=\"top\" width=\"30%\">Tryptofan<\/td>\n<td valign=\"top\" width=\"20%\">0,80 g<\/td>\n<td valign=\"top\" width=\"20%\">0,160 g<\/td>\n<\/tr>\n<tr>\n<td valign=\"top\" width=\"30%\">Tyrosin<\/td>\n<td valign=\"top\" width=\"20%\">3,25 g<\/td>\n<td valign=\"top\" width=\"20%\">0,650 g<\/td>\n<\/tr>\n<tr>\n<td valign=\"top\" width=\"30%\">Valin<\/td>\n<td valign=\"top\" width=\"20%\">4,18 g<\/td>\n<td valign=\"top\" width=\"20%\">0,836 g<\/td>\n<\/tr>\n<\/tbody>\n<\/table>\n<p>&nbsp;<\/p>\n<table style=\"height: 80px;\" border=\"1\" width=\"621\" cellspacing=\"0\" cellpadding=\"0\">\n<tbody>\n<tr>\n<td valign=\"top\" width=\"30%\"><strong>\u00a0Inneh\u00e5ll<\/strong><\/td>\n<td valign=\"top\" width=\"20%\"><strong> Per 100g<\/strong><\/td>\n<\/tr>\n<tr>\n<td valign=\"top\" width=\"30%\">Energi (kJ)<\/td>\n<td valign=\"top\" width=\"20%\">1772<\/td>\n<\/tr>\n<tr>\n<td valign=\"top\" width=\"30%\">Energi (kcal)<\/td>\n<td valign=\"top\" width=\"20%\">424<\/td>\n<\/tr>\n<tr>\n<td valign=\"top\" width=\"30%\">Fett (g)<\/td>\n<td valign=\"top\" width=\"20%\">8 gram<\/td>\n<\/tr>\n<tr>\n<td valign=\"top\" width=\"30%\">Fett varav m\u00e4ttat fett<\/td>\n<td valign=\"top\" width=\"20%\">1,6 gram<\/td>\n<\/tr>\n<tr>\n<td valign=\"top\" width=\"30%\">Kolhydrater<\/td>\n<td valign=\"top\" width=\"20%\">2 gram<\/td>\n<\/tr>\n<tr>\n<td valign=\"top\" width=\"30%\">Socker<\/td>\n<td valign=\"top\" width=\"20%\">0 gram<\/td>\n<\/tr>\n<tr>\n<td valign=\"top\" width=\"30%\">Protein<\/td>\n<td valign=\"top\" width=\"20%\">85 gram<\/td>\n<\/tr>\n<tr>\n<td valign=\"top\" width=\"30%\">Salt<\/td>\n<td valign=\"top\" width=\"20%\">0,95 gram<\/td>\n<\/tr>\n<tr>\n<td valign=\"top\" width=\"30%\">Fibrer<\/td>\n<td valign=\"top\" width=\"20%\">2 gram<\/td>\n<\/tr>\n<tr>\n<td valign=\"top\" width=\"30%\"><strong>Inneh\u00e5ll<\/strong><\/td>\n<td valign=\"top\" width=\"20%\"><strong>Per 20g portion<\/strong><\/td>\n<\/tr>\n<tr>\n<td valign=\"top\" width=\"30%\">Energi (kJ)<\/td>\n<td valign=\"top\" width=\"20%\">354<\/td>\n<\/tr>\n<tr>\n<td valign=\"top\" width=\"30%\">Energi (kcal)<\/td>\n<td valign=\"top\" width=\"20%\">85<\/td>\n<\/tr>\n<tr>\n<td valign=\"top\" width=\"30%\">Fett (g)<\/td>\n<td valign=\"top\" width=\"20%\">1,6 gram<\/td>\n<\/tr>\n<tr>\n<td valign=\"top\" width=\"30%\">Fett varav m\u00e4ttat fett<\/td>\n<td valign=\"top\" width=\"20%\">0,32 gram<\/td>\n<\/tr>\n<tr>\n<td valign=\"top\" width=\"30%\">Kolhydrater<\/td>\n<td valign=\"top\" width=\"20%\">0,4 gram<\/td>\n<\/tr>\n<tr>\n<td valign=\"top\" width=\"30%\">Socker<\/td>\n<td valign=\"top\" width=\"20%\">0 gram<\/td>\n<\/tr>\n<tr>\n<td valign=\"top\" width=\"30%\">Protein<\/td>\n<td valign=\"top\" width=\"20%\">17 gram<\/td>\n<\/tr>\n<tr>\n<td valign=\"top\" width=\"30%\">Salt<\/td>\n<td valign=\"top\" width=\"20%\">0,19 gram<\/td>\n<\/tr>\n<tr>\n<td valign=\"top\" width=\"30%\">Fibrer<\/td>\n<td valign=\"top\" width=\"20%\">0,4 gram<\/td>\n<\/tr>\n<\/tbody>\n<\/table>\n<p>&nbsp;<\/p>\n<p><strong>Ingredienser:\u00a0<\/strong>\u00c4rtprotein. Fritt fr\u00e5n vete, gluten, mejeriprodukter, \u00e4gg, soja och animaliska produkter.<\/p>\n<p>Rekommenderad daglig dos b\u00f6r ej \u00f6verskridas.<br \/>\nKosttillskott ers\u00e4tter inte en varierad kost.<br \/>\nProdukten f\u00f6rvaras o\u00e5tkomligt f\u00f6r sm\u00e5 barn.<\/p>\n","protected":false},"excerpt":{"rendered":"<p><strong>\u00c4rtprotienisolat<\/strong><\/p>\n<p>Fritt fr\u00e5n vete, gluten mejeriprodukter, \u00e4gg, soja och animaliska produkter. Naturell, utan socker, s\u00f6tningsmedel eller andra tillsatser.<\/p>\n<p>\ud83d\udd39 Veganer och vegetarianer som s\u00f6ker ett fullv\u00e4rdigt protein utan animaliska ingredienser.<br data-start=\"1692\" data-end=\"1695\" \/>\ud83d\udd39 Personer med k\u00e4nslig mage som inte t\u00e5l mj\u00f6lk, soja eller gluten.<br data-start=\"1766\" data-end=\"1769\" \/>\ud83d\udd39 Alla som vill \u00f6ka sitt dagliga proteinintag p\u00e5 ett h\u00e4lsosamt s\u00e4tt.<\/p>\n<p><strong>750 g<\/strong><\/p>\n","protected":false},"featured_media":500102770,"comment_status":"open","ping_status":"closed","template":"","meta":{"_kad_blocks_custom_css":"","_kad_blocks_head_custom_js":"","_kad_blocks_body_custom_js":"","_kad_blocks_footer_custom_js":"","_kadence_starter_templates_imported_post":false,"_kad_post_transparent":"default","_kad_post_title":"","_kad_post_layout":"default","_kad_post_sidebar_id":"","_kad_post_content_style":"default","_kad_post_vertical_padding":"default","_kad_post_feature":"","_kad_post_feature_position":"","_kad_post_header":false,"_kad_post_footer":false,"_kad_post_classname":""},"product_brand":[],"product_cat":[337,2823,149,1307,278],"product_tag":[2618,159,1112,2647,2391,2601,1648,2393,2648,2087,2641,2649,824,2022,1996,2650,2447],"class_list":{"0":"post-10274","1":"product","2":"type-product","3":"status-publish","4":"has-post-thumbnail","6":"product_cat-aminosyror","7":"product_cat-naringspulver","8":"product_cat-orter","9":"product_cat-synergos","10":"product_cat-traning","11":"product_tag-allergivanligt","12":"product_tag-aterhamtning","13":"product_tag-energi","14":"product_tag-fettfri","15":"product_tag-fitness","16":"product_tag-hallbart","17":"product_tag-hjarthalsa","18":"product_tag-hogkvalitativt-protein","19":"product_tag-magvanligt","20":"product_tag-muskeluppbyggnad","21":"product_tag-naringsrik","22":"product_tag-proteinrikt","23":"product_tag-starkande","24":"product_tag-uthallighet","25":"product_tag-vaxtbaserat","26":"product_tag-vaxtprotein","27":"product_tag-vegan","29":"first","30":"instock","31":"taxable","32":"shipping-taxable","33":"purchasable","34":"product-type-simple","35":"entry","36":"content-bg","37":"loop-entry"},"taxonomy_info":{"product_cat":[{"value":337,"label":"Aminosyror"},{"value":2823,"label":"N\u00e4ringspulver"},{"value":149,"label":"\u00d6rter"},{"value":1307,"label":"Synergos"},{"value":278,"label":"Tr\u00e4ning"}],"product_tag":[{"value":2618,"label":"allergiv\u00e4nligt"},{"value":159,"label":"\u00e5terh\u00e4mtning"},{"value":1112,"label":"energi"},{"value":2647,"label":"fettfri"},{"value":2391,"label":"Fitness"},{"value":2601,"label":"h\u00e5llbart"},{"value":1648,"label":"hj\u00e4rth\u00e4lsa"},{"value":2393,"label":"H\u00f6gkvalitativt protein"},{"value":2648,"label":"magv\u00e4nligt"},{"value":2087,"label":"muskeluppbyggnad"},{"value":2641,"label":"N\u00e4ringsrik"},{"value":2649,"label":"proteinrikt"},{"value":824,"label":"st\u00e4rkande"},{"value":2022,"label":"uth\u00e5llighet"},{"value":1996,"label":"v\u00e4xtbaserat"},{"value":2650,"label":"V\u00e4xtprotein"},{"value":2447,"label":"Vegan"}]},"featured_image_src_large":["https:\/\/vitaminbutiken.com\/wp-content\/uploads\/2025\/03\/Artprotein-Photoroom-e1762434480112-1137x700.png",1137,700,true],"author_info":[],"comment_info":0,"_links":{"self":[{"href":"https:\/\/vitaminbutiken.com\/en\/wp-json\/wp\/v2\/product\/10274","targetHints":{"allow":["GET"]}}],"collection":[{"href":"https:\/\/vitaminbutiken.com\/en\/wp-json\/wp\/v2\/product"}],"about":[{"href":"https:\/\/vitaminbutiken.com\/en\/wp-json\/wp\/v2\/types\/product"}],"replies":[{"embeddable":true,"href":"https:\/\/vitaminbutiken.com\/en\/wp-json\/wp\/v2\/comments?post=10274"}],"wp:featuredmedia":[{"embeddable":true,"href":"https:\/\/vitaminbutiken.com\/en\/wp-json\/wp\/v2\/media\/500102770"}],"wp:attachment":[{"href":"https:\/\/vitaminbutiken.com\/en\/wp-json\/wp\/v2\/media?parent=10274"}],"wp:term":[{"taxonomy":"product_brand","embeddable":true,"href":"https:\/\/vitaminbutiken.com\/en\/wp-json\/wp\/v2\/product_brand?post=10274"},{"taxonomy":"product_cat","embeddable":true,"href":"https:\/\/vitaminbutiken.com\/en\/wp-json\/wp\/v2\/product_cat?post=10274"},{"taxonomy":"product_tag","embeddable":true,"href":"https:\/\/vitaminbutiken.com\/en\/wp-json\/wp\/v2\/product_tag?post=10274"}],"curies":[{"name":"wp","href":"https:\/\/api.w.org\/{rel}","templated":true}]}}