{"id":10273,"date":"2025-03-19T16:24:23","date_gmt":"2025-03-19T14:24:23","guid":{"rendered":"https:\/\/vitaminbutiken.multi.fi\/?post_type=product&#038;p=10273"},"modified":"2026-04-08T18:37:15","modified_gmt":"2026-04-08T16:37:15","slug":"nattljusolja","status":"publish","type":"product","link":"https:\/\/vitaminbutiken.com\/en\/produkt\/nattljusolja\/","title":{"rendered":"Nattljusolja, 90 kap"},"content":{"rendered":"<p data-start=\"80\" data-end=\"399\">Nattljusolja (Oenothera biennis) \u00e4r en naturlig olja som utvinns ur fr\u00f6na fr\u00e5n nattljusv\u00e4xten. Den \u00e4r s\u00e4rskilt rik p\u00e5 <strong data-start=\"198\" data-end=\"225\">gamma-linolensyra (GLA)<\/strong>, en essentiell omega-6-fettsyra som kroppen anv\u00e4nder f\u00f6r att producera prostaglandiner, vilka spelar en viktig roll i hormonreglering, hudh\u00e4lsa och inflammationsprocesser.<\/p>\n<p data-start=\"401\" data-end=\"682\">GLA finns endast i begr\u00e4nsade m\u00e4ngder i den vanliga kosten, och vissa personer har sv\u00e5rare att omvandla linolsyra (en annan omega-6-fettsyra) till GLA. D\u00e4rf\u00f6r kan tillskott av nattljusolja vara ett v\u00e4rdefullt s\u00e4tt att s\u00e4kerst\u00e4lla ett tillr\u00e4ckligt intag av denna viktiga fettsyra.<\/p>\n<p data-start=\"684\" data-end=\"895\">Ut\u00f6ver GLA inneh\u00e5ller nattljusolja \u00e4ven <strong data-start=\"724\" data-end=\"737\">vitamin E<\/strong>, en kraftfull antioxidant som skyddar kroppens celler mot oxidativ stress, vilket kan bidra till hudens elasticitet och skydda den mot yttre p\u00e5frestningar.<\/p>\n<p data-start=\"684\" data-end=\"895\">\u2714 H\u00f6g dos GLA \u2013 Varje dagsdos p\u00e5 2 kapslar inneh\u00e5ller 2000 mg nattljusolja, vilket ger 200 mg GLA f\u00f6r optimalt st\u00f6d.<br data-start=\"2181\" data-end=\"2184\" \/>\u2714 Berikad med vitamin E (40 mg) \u2013 En viktig antioxidant som skyddar kroppens celler mot oxidativ stress.<br data-start=\"2292\" data-end=\"2295\" \/>\u2714 Kallpressad nattljusolja \u2013 Bevarar alla naturliga n\u00e4rings\u00e4mnen och fettsyror.<br data-start=\"2378\" data-end=\"2381\" \/>\u2714 L\u00e4tt att sv\u00e4lja \u2013 Mjuka kapslar f\u00f6r enkel konsumtion.<br data-start=\"2440\" data-end=\"2443\" \/>\u2714 L\u00e4mplig f\u00f6r daglig anv\u00e4ndning \u2013 Ett smidigt s\u00e4tt att s\u00e4kerst\u00e4lla ett tillr\u00e4ckligt intag av GLA och vitamin E.<\/p>\n<p data-start=\"684\" data-end=\"895\"><strong>Dosering:\u00a0<\/strong>1 kapsel 2 g\u00e5nger per dag.<\/p>\n<table style=\"height: 80px;\" border=\"1\" width=\"621\" cellspacing=\"0\" cellpadding=\"0\">\n<tbody>\n<tr>\n<td valign=\"top\" width=\"30%\"><strong>2 kapslar inneh\u00e5ller<\/strong><\/td>\n<td valign=\"top\" width=\"20%\"><strong> M\u00e4ngd<\/strong><\/td>\n<td valign=\"top\" width=\"30%\"><strong>%DRI*<\/strong><\/td>\n<\/tr>\n<tr>\n<td valign=\"top\" width=\"30%\">Nattljusolja<\/td>\n<td valign=\"top\" width=\"20%\">2 000 mg<\/td>\n<td valign=\"top\" width=\"20%\">**<\/td>\n<\/tr>\n<tr>\n<td valign=\"top\" width=\"30%\">Som ger: Gammalinolensyra (GLA)<\/td>\n<td valign=\"top\" width=\"20%\">200 mg<\/td>\n<td valign=\"top\" width=\"20%\"><\/td>\n<\/tr>\n<tr>\n<td valign=\"top\" width=\"30%\">Vitamin E<\/td>\n<td valign=\"top\" width=\"20%\">40 mg<\/td>\n<td valign=\"top\" width=\"20%\">332 %<\/td>\n<\/tr>\n<\/tbody>\n<\/table>\n<p><strong><em>*DRI \u00e4r dagligt referensintag.**DRI ej fastst\u00e4llt.<\/em><\/strong><\/p>\n<p><strong>Ingredienser:\u00a0<\/strong>Nattljusolja, kapsel (gelatin av <strong>n\u00f6t<\/strong>, glycerin), vitamin E (d-alfa tokoferol).<\/p>\n<p>Rekommenderad daglig dos b\u00f6r ej \u00f6verskridas.<br \/>\nKosttillskott ers\u00e4tter inte en varierad kost.<br \/>\nProdukten f\u00f6rvaras o\u00e5tkomligt f\u00f6r sm\u00e5 barn.<\/p>\n","protected":false},"excerpt":{"rendered":"<p><strong data-start=\"0\" data-end=\"76\">Nattljusolja \u2013 Essentiella fettsyror f\u00f6r hud, hormonbalans och v\u00e4lm\u00e5ende<\/strong><\/p>\n<p><strong>90 kap<\/strong><\/p>\n","protected":false},"featured_media":11512,"comment_status":"open","ping_status":"closed","template":"","meta":{"_kad_blocks_custom_css":"","_kad_blocks_head_custom_js":"","_kad_blocks_body_custom_js":"","_kad_blocks_footer_custom_js":"","_kadence_starter_templates_imported_post":false,"_kad_post_transparent":"default","_kad_post_title":"","_kad_post_layout":"default","_kad_post_sidebar_id":"","_kad_post_content_style":"default","_kad_post_vertical_padding":"default","_kad_post_feature":"","_kad_post_feature_position":"","_kad_post_header":false,"_kad_post_footer":false,"_kad_post_classname":""},"product_brand":[],"product_cat":[328,2605],"product_tag":[788,1478,2137,2601,2317,1538,1468,1487,1028,2645,2646,2475,2138,2642,2045,2604,1211],"class_list":{"0":"post-10273","1":"product","2":"type-product","3":"status-publish","4":"has-post-thumbnail","6":"product_cat-fettsyror","7":"product_cat-kenkou-selfcare","8":"product_tag-antiinflammatorisk","9":"product_tag-aterfuktning","10":"product_tag-gla","11":"product_tag-hallbart","12":"product_tag-halsa","13":"product_tag-hormonbalans","14":"product_tag-hudhalsa","15":"product_tag-hudvard","16":"product_tag-immunforsvar","17":"product_tag-kvinnohalsa","18":"product_tag-ledkomfort","19":"product_tag-naturligt-tillskott","20":"product_tag-omega-6","21":"product_tag-regenerering","22":"product_tag-tarmhalsa","23":"product_tag-valmaende","24":"product_tag-vitamin-e","26":"first","27":"instock","28":"taxable","29":"shipping-taxable","30":"purchasable","31":"product-type-simple","32":"entry","33":"content-bg","34":"loop-entry"},"taxonomy_info":{"product_cat":[{"value":328,"label":"Fettsyror"},{"value":2605,"label":"Kenkou Selfcare"}],"product_tag":[{"value":788,"label":"antiinflammatorisk"},{"value":1478,"label":"\u00c5terfuktning"},{"value":2137,"label":"GLA"},{"value":2601,"label":"h\u00e5llbart"},{"value":2317,"label":"H\u00e4lsa"},{"value":1538,"label":"Hormonbalans"},{"value":1468,"label":"Hudh\u00e4lsa"},{"value":1487,"label":"hudv\u00e5rd"},{"value":1028,"label":"immunf\u00f6rsvar"},{"value":2645,"label":"kvinnoh\u00e4lsa"},{"value":2646,"label":"ledkomfort"},{"value":2475,"label":"Naturligt tillskott"},{"value":2138,"label":"omega-6"},{"value":2642,"label":"regenerering"},{"value":2045,"label":"tarmh\u00e4lsa"},{"value":2604,"label":"v\u00e4lm\u00e5ende"},{"value":1211,"label":"Vitamin E"}]},"featured_image_src_large":["https:\/\/vitaminbutiken.com\/wp-content\/uploads\/2025\/03\/Nattljusolja-253-Photoroom-e1749637686166-1220x700.png",1220,700,true],"author_info":[],"comment_info":0,"_links":{"self":[{"href":"https:\/\/vitaminbutiken.com\/en\/wp-json\/wp\/v2\/product\/10273","targetHints":{"allow":["GET"]}}],"collection":[{"href":"https:\/\/vitaminbutiken.com\/en\/wp-json\/wp\/v2\/product"}],"about":[{"href":"https:\/\/vitaminbutiken.com\/en\/wp-json\/wp\/v2\/types\/product"}],"replies":[{"embeddable":true,"href":"https:\/\/vitaminbutiken.com\/en\/wp-json\/wp\/v2\/comments?post=10273"}],"wp:featuredmedia":[{"embeddable":true,"href":"https:\/\/vitaminbutiken.com\/en\/wp-json\/wp\/v2\/media\/11512"}],"wp:attachment":[{"href":"https:\/\/vitaminbutiken.com\/en\/wp-json\/wp\/v2\/media?parent=10273"}],"wp:term":[{"taxonomy":"product_brand","embeddable":true,"href":"https:\/\/vitaminbutiken.com\/en\/wp-json\/wp\/v2\/product_brand?post=10273"},{"taxonomy":"product_cat","embeddable":true,"href":"https:\/\/vitaminbutiken.com\/en\/wp-json\/wp\/v2\/product_cat?post=10273"},{"taxonomy":"product_tag","embeddable":true,"href":"https:\/\/vitaminbutiken.com\/en\/wp-json\/wp\/v2\/product_tag?post=10273"}],"curies":[{"name":"wp","href":"https:\/\/api.w.org\/{rel}","templated":true}]}}