{"id":10272,"date":"2025-03-19T16:24:23","date_gmt":"2025-03-19T14:24:23","guid":{"rendered":"https:\/\/vitaminbutiken.multi.fi\/?post_type=product&#038;p=10272"},"modified":"2026-04-10T11:35:26","modified_gmt":"2026-04-10T09:35:26","slug":"p5p-60-kap","status":"publish","type":"product","link":"https:\/\/vitaminbutiken.com\/en\/produkt\/p5p-60-kap\/","title":{"rendered":"P5P 20 mg, Vitamin B6"},"content":{"rendered":"<p data-start=\"0\" data-end=\"56\"><strong>P5P 20 mg \u2013 Aktiv form av vitamin B6 f\u00f6r optimalt upptag<\/strong><\/p>\n<p data-start=\"58\" data-end=\"386\">P5P (Pyridoxal-5-fosfat) \u00e4r den biologiskt aktiva formen av <a href=\"https:\/\/vitaminbutiken.com\/product\/b6-pyridoxin-synergos\/\">vitamin B6<\/a>, vilket inneb\u00e4r att kroppen kan anv\u00e4nda det direkt utan att beh\u00f6va omvandla det f\u00f6rst. Vitamin B6 \u00e4r en viktig n\u00e4ringskomponent som bidrar till flera viktiga kroppsfunktioner, inklusive energioms\u00e4ttning, nervsystemets funktion och hormonreglering.<\/p>\n<p data-start=\"388\" data-end=\"487\">Varje kapsel inneh\u00e5ller 20 mg vitamin B6 (P5P), en optimal dos f\u00f6r att st\u00f6dja kroppens behov.<\/p>\n<p data-start=\"388\" data-end=\"487\">St\u00f6djer nervsystemet \u2013 Bidrar till normal nervfunktion och neurotransmittorproduktion.<br data-start=\"622\" data-end=\"625\" \/>\u2714 Fr\u00e4mjar hormonbalans \u2013 Hj\u00e4lper till att reglera hormonaktiviteten och kan lindra PMS-symtom.<br data-start=\"723\" data-end=\"726\" \/>\u2714 Bidrar till energioms\u00e4ttningen \u2013 Hj\u00e4lper kroppen att omvandla mat till energi.<br data-start=\"810\" data-end=\"813\" \/>\u2714 St\u00f6djer immunsystemet \u2013 Viktig f\u00f6r immunf\u00f6rsvarets normala funktion.<\/p>\n<h4 data-start=\"388\" data-end=\"487\"><strong>Dosering:\u00a0<\/strong>1 kapsel dagligen.<\/h4>\n<table style=\"height: 80px;\" border=\"1\" width=\"621\" cellspacing=\"0\" cellpadding=\"0\">\n<tbody>\n<tr>\n<td valign=\"top\" width=\"30%\"><strong>1 kapsel inneh\u00e5ller<\/strong><\/td>\n<td valign=\"top\" width=\"20%\"><strong> M\u00e4ngd<\/strong><\/td>\n<td valign=\"top\" width=\"30%\"><strong>%DRI*<\/strong><\/td>\n<\/tr>\n<tr>\n<td valign=\"top\" width=\"30%\">Vitamin B6<\/td>\n<td valign=\"top\" width=\"20%\">20 mg<\/td>\n<td valign=\"top\" width=\"20%\">1 429 %<\/td>\n<\/tr>\n<\/tbody>\n<\/table>\n<p><strong><em>*DRI \u00e4r dagligt referensintag. <\/em><\/strong><\/p>\n<p><strong>Ingredienser: <\/strong>Fyllnadsmedel (mikrokristallin cellulosa), kapsel (hydroxipropylmetylcellulosa), vitamin B6 (pyridoxal-5-fosfat), klumpf\u00f6rebyggande medel (magnesiumsalter av fettsyror).<\/p>\n<p>Rekommenderad daglig dos b\u00f6r ej \u00f6verskridas.<br \/>\nKosttillskott ers\u00e4tter inte en varierad kost.<br \/>\nProdukten f\u00f6rvaras o\u00e5tkomligt f\u00f6r sm\u00e5 barn.<\/p>\n","protected":false},"excerpt":{"rendered":"<p>Vitamin B6 som Pyridoxal-5-Fosfat f\u00f6r b\u00e4ttre biotillg\u00e4nglighet.<\/p>\n<p><strong>60 kap<\/strong><\/p>\n","protected":false},"featured_media":11506,"comment_status":"open","ping_status":"closed","template":"","meta":{"_kad_blocks_custom_css":"","_kad_blocks_head_custom_js":"","_kad_blocks_body_custom_js":"","_kad_blocks_footer_custom_js":"","_kadence_starter_templates_imported_post":false,"_kad_post_transparent":"default","_kad_post_title":"","_kad_post_layout":"default","_kad_post_sidebar_id":"","_kad_post_content_style":"default","_kad_post_vertical_padding":"default","_kad_post_feature":"","_kad_post_feature_position":"","_kad_post_header":false,"_kad_post_footer":false,"_kad_post_classname":""},"product_brand":[],"product_cat":[348,2605,146,278,155],"product_tag":[2644,159,1112,1538,2483,1574,2059,1651,2475,450,2625,1542,233,2604,1208],"class_list":{"0":"post-10272","1":"product","2":"type-product","3":"status-publish","4":"has-post-thumbnail","6":"product_cat-b-vitamin","7":"product_cat-kenkou-selfcare","8":"product_cat-stressad-och-trott","9":"product_cat-traning","10":"product_cat-vitaminer","11":"product_tag-antioxidativt","12":"product_tag-aterhamtning","13":"product_tag-energi","14":"product_tag-hormonbalans","15":"product_tag-immunsystem","16":"product_tag-mental-klarhet","17":"product_tag-metabolism","18":"product_tag-muskelhalsa","19":"product_tag-naturligt-tillskott","20":"product_tag-nervsystem","21":"product_tag-skonsamt-stod","22":"product_tag-stresshantering","23":"product_tag-trotthet","24":"product_tag-valmaende","25":"product_tag-vitamin-b6","27":"first","28":"instock","29":"taxable","30":"shipping-taxable","31":"purchasable","32":"product-type-simple","33":"entry","34":"content-bg","35":"loop-entry"},"taxonomy_info":{"product_cat":[{"value":348,"label":"B-vitamin"},{"value":2605,"label":"Kenkou Selfcare"},{"value":146,"label":"Stressad &amp; Tr\u00f6tt"},{"value":278,"label":"Tr\u00e4ning"},{"value":155,"label":"Vitaminer"}],"product_tag":[{"value":2644,"label":"antioxidativt"},{"value":159,"label":"\u00e5terh\u00e4mtning"},{"value":1112,"label":"energi"},{"value":1538,"label":"Hormonbalans"},{"value":2483,"label":"immunsystem"},{"value":1574,"label":"Mental klarhet"},{"value":2059,"label":"metabolism"},{"value":1651,"label":"Muskelh\u00e4lsa"},{"value":2475,"label":"Naturligt tillskott"},{"value":450,"label":"nervsystem"},{"value":2625,"label":"skonsamt st\u00f6d."},{"value":1542,"label":"Stresshantering"},{"value":233,"label":"tr\u00f6tthet"},{"value":2604,"label":"v\u00e4lm\u00e5ende"},{"value":1208,"label":"vitamin B6"}]},"featured_image_src_large":["https:\/\/vitaminbutiken.com\/wp-content\/uploads\/2025\/03\/P5P-254-Photoroom-e1749635565133-1008x700.png",1008,700,true],"author_info":[],"comment_info":0,"_links":{"self":[{"href":"https:\/\/vitaminbutiken.com\/en\/wp-json\/wp\/v2\/product\/10272","targetHints":{"allow":["GET"]}}],"collection":[{"href":"https:\/\/vitaminbutiken.com\/en\/wp-json\/wp\/v2\/product"}],"about":[{"href":"https:\/\/vitaminbutiken.com\/en\/wp-json\/wp\/v2\/types\/product"}],"replies":[{"embeddable":true,"href":"https:\/\/vitaminbutiken.com\/en\/wp-json\/wp\/v2\/comments?post=10272"}],"wp:featuredmedia":[{"embeddable":true,"href":"https:\/\/vitaminbutiken.com\/en\/wp-json\/wp\/v2\/media\/11506"}],"wp:attachment":[{"href":"https:\/\/vitaminbutiken.com\/en\/wp-json\/wp\/v2\/media?parent=10272"}],"wp:term":[{"taxonomy":"product_brand","embeddable":true,"href":"https:\/\/vitaminbutiken.com\/en\/wp-json\/wp\/v2\/product_brand?post=10272"},{"taxonomy":"product_cat","embeddable":true,"href":"https:\/\/vitaminbutiken.com\/en\/wp-json\/wp\/v2\/product_cat?post=10272"},{"taxonomy":"product_tag","embeddable":true,"href":"https:\/\/vitaminbutiken.com\/en\/wp-json\/wp\/v2\/product_tag?post=10272"}],"curies":[{"name":"wp","href":"https:\/\/api.w.org\/{rel}","templated":true}]}}