{"id":10271,"date":"2025-03-19T16:24:23","date_gmt":"2025-03-19T14:24:23","guid":{"rendered":"https:\/\/vitaminbutiken.multi.fi\/?post_type=product&#038;p=10271"},"modified":"2026-04-09T14:16:03","modified_gmt":"2026-04-09T12:16:03","slug":"vedel-medel","status":"publish","type":"product","link":"https:\/\/vitaminbutiken.com\/en\/produkt\/vedel-medel\/","title":{"rendered":"Vedel Medel, 120 kap"},"content":{"rendered":"<p data-start=\"55\" data-end=\"334\">Vedel Medel \u00e4r ett noggrant utformat \u00f6rtbaserat tillskott med en unik kombination av \u00d6rtblandning VM1 (2 000 mg) och C-vitamin (200 mg) per dagsdos p\u00e5 4 kapslar. Denna sammans\u00e4ttning \u00e4r framtagen f\u00f6r att st\u00f6dja kroppens naturliga balans och bidra till allm\u00e4nt v\u00e4lbefinnande.<\/p>\n<p data-start=\"55\" data-end=\"334\"><strong>Dosering:\u00a0<\/strong>2 kapslar 2 g\u00e5nger per dag.<\/p>\n<table style=\"height: 80px;\" border=\"1\" width=\"621\" cellspacing=\"0\" cellpadding=\"0\">\n<tbody>\n<tr>\n<td valign=\"top\" width=\"30%\"><strong>4 kapslar inneh\u00e5ller<\/strong><\/td>\n<td valign=\"top\" width=\"20%\"><strong> M\u00e4ngd<\/strong><\/td>\n<td valign=\"top\" width=\"30%\"><strong>%DRI*<\/strong><\/td>\n<\/tr>\n<tr>\n<td valign=\"top\" width=\"30%\">\u00d6rtblandning VM1<\/td>\n<td valign=\"top\" width=\"20%\">2 000 mg<\/td>\n<td valign=\"top\" width=\"20%\">**<\/td>\n<\/tr>\n<tr>\n<td valign=\"top\" width=\"30%\">Vitamin C<\/td>\n<td valign=\"top\" width=\"20%\">200 mg<\/td>\n<td valign=\"top\" width=\"20%\">267 %<\/td>\n<\/tr>\n<\/tbody>\n<\/table>\n<p><strong><em>*DRI \u00e4r dagligt referensintag.**DRI ej fastst\u00e4llt.<\/em><\/strong><\/p>\n<p><strong>Ingredienser:<\/strong><strong>\u00a0<\/strong>\u00d6rt- och b\u00e4rblandning VM1: (astragalus, bl\u00e5b\u00e4rspulver, Cassia occidentalis, lingonpulver, carqueja, brazilian peppertree, Anamu, clavillia, samambaia, simarouba), vitamin C, fyllnadsmedel (kiseldioxid), klumpf\u00f6rebyggande medel (vegetabiliska magnesiumsalter av fettsyror), vegetabilisk kapsel (HPMC).<\/p>\n<p>Rekommenderad daglig dos b\u00f6r ej \u00f6verskridas.<br \/>\nKosttillskott ers\u00e4tter inte en varierad kost.<br \/>\nProdukten f\u00f6rvaras o\u00e5tkomligt f\u00f6r sm\u00e5 barn.<\/p>\n","protected":false},"excerpt":{"rendered":"<p>\u2714 \u00d6rtblandning VM1 (2000 mg) \u2013 En kraftfull mix av noggrant utvalda \u00f6rter.<br data-start=\"450\" data-end=\"453\" \/>\u2714 C-vitamin (200 mg) \u2013 St\u00f6djer immunf\u00f6rsvaret, bidrar till normal energioms\u00e4ttning och skyddar cellerna mot oxidativ stress.<br data-start=\"581\" data-end=\"584\" \/>\u2714 Naturligt v\u00e4xtbaserat tillskott \u2013 Inneh\u00e5ller \u00f6rtextrakt i en l\u00e4ttupptaglig form.<br data-start=\"670\" data-end=\"673\" \/>\u2714 St\u00f6djer allm\u00e4nt v\u00e4lm\u00e5ende \u2013 Kan bidra till en balanserad kroppsfunktion och naturlig energi.<\/p>\n<p><strong>120 kap<\/strong><\/p>\n","protected":false},"featured_media":500103736,"comment_status":"open","ping_status":"closed","template":"","meta":{"_kad_blocks_custom_css":"","_kad_blocks_head_custom_js":"","_kad_blocks_body_custom_js":"","_kad_blocks_footer_custom_js":"","_kadence_starter_templates_imported_post":false,"_kad_post_transparent":"default","_kad_post_title":"","_kad_post_layout":"default","_kad_post_sidebar_id":"","_kad_post_content_style":"default","_kad_post_vertical_padding":"default","_kad_post_feature":"","_kad_post_feature_position":"","_kad_post_header":false,"_kad_post_footer":false,"_kad_post_classname":""},"product_brand":[],"product_cat":[176,431,149,1307],"product_tag":[1227,159,2479,2606,1112,2601,2317,2483,1153,1471,1232,1994,2475,2643,1995,2604,1209],"class_list":{"0":"post-10271","1":"product","2":"type-product","3":"status-publish","4":"has-post-thumbnail","6":"product_cat-immunforsvar","7":"product_cat-mage-tarm","8":"product_cat-orter","9":"product_cat-synergos","10":"product_tag-antioxidanter","11":"product_tag-aterhamtning","12":"product_tag-cirkulation","13":"product_tag-detox","14":"product_tag-energi","15":"product_tag-hallbart","16":"product_tag-halsa","17":"product_tag-immunsystem","18":"product_tag-inflammation","19":"product_tag-leverhalsa","20":"product_tag-matsmaltning","21":"product_tag-matsmaltningsstod","22":"product_tag-naturligt-tillskott","23":"product_tag-ortkomplex","24":"product_tag-traditionell-medicin","25":"product_tag-valmaende","26":"product_tag-vitamin-c","28":"first","29":"instock","30":"taxable","31":"shipping-taxable","32":"purchasable","33":"product-type-simple","34":"entry","35":"content-bg","36":"loop-entry"},"taxonomy_info":{"product_cat":[{"value":176,"label":"Immunf\u00f6rsvar"},{"value":431,"label":"Mage &amp; Tarm"},{"value":149,"label":"\u00d6rter"},{"value":1307,"label":"Synergos"}],"product_tag":[{"value":1227,"label":"antioxidanter"},{"value":159,"label":"\u00e5terh\u00e4mtning"},{"value":2479,"label":"Cirkulation"},{"value":2606,"label":"detox"},{"value":1112,"label":"energi"},{"value":2601,"label":"h\u00e5llbart"},{"value":2317,"label":"H\u00e4lsa"},{"value":2483,"label":"immunsystem"},{"value":1153,"label":"inflammation"},{"value":1471,"label":"leverh\u00e4lsa"},{"value":1232,"label":"matsm\u00e4ltning"},{"value":1994,"label":"matsm\u00e4ltningsst\u00f6d"},{"value":2475,"label":"Naturligt tillskott"},{"value":2643,"label":"\u00d6rtkomplex"},{"value":1995,"label":"traditionell medicin"},{"value":2604,"label":"v\u00e4lm\u00e5ende"},{"value":1209,"label":"Vitamin C"}]},"featured_image_src_large":["https:\/\/vitaminbutiken.com\/wp-content\/uploads\/2025\/03\/466-Vedel-Medel-Photoroom-e1771311700619-843x700.png",843,700,true],"author_info":[],"comment_info":0,"_links":{"self":[{"href":"https:\/\/vitaminbutiken.com\/en\/wp-json\/wp\/v2\/product\/10271","targetHints":{"allow":["GET"]}}],"collection":[{"href":"https:\/\/vitaminbutiken.com\/en\/wp-json\/wp\/v2\/product"}],"about":[{"href":"https:\/\/vitaminbutiken.com\/en\/wp-json\/wp\/v2\/types\/product"}],"replies":[{"embeddable":true,"href":"https:\/\/vitaminbutiken.com\/en\/wp-json\/wp\/v2\/comments?post=10271"}],"wp:featuredmedia":[{"embeddable":true,"href":"https:\/\/vitaminbutiken.com\/en\/wp-json\/wp\/v2\/media\/500103736"}],"wp:attachment":[{"href":"https:\/\/vitaminbutiken.com\/en\/wp-json\/wp\/v2\/media?parent=10271"}],"wp:term":[{"taxonomy":"product_brand","embeddable":true,"href":"https:\/\/vitaminbutiken.com\/en\/wp-json\/wp\/v2\/product_brand?post=10271"},{"taxonomy":"product_cat","embeddable":true,"href":"https:\/\/vitaminbutiken.com\/en\/wp-json\/wp\/v2\/product_cat?post=10271"},{"taxonomy":"product_tag","embeddable":true,"href":"https:\/\/vitaminbutiken.com\/en\/wp-json\/wp\/v2\/product_tag?post=10271"}],"curies":[{"name":"wp","href":"https:\/\/api.w.org\/{rel}","templated":true}]}}