{"id":10269,"date":"2025-03-19T16:24:22","date_gmt":"2025-03-19T14:24:22","guid":{"rendered":"https:\/\/vitaminbutiken.multi.fi\/?post_type=product&#038;p=10269"},"modified":"2026-04-09T10:36:52","modified_gmt":"2026-04-09T08:36:52","slug":"magnesium-sensitive","status":"publish","type":"product","link":"https:\/\/vitaminbutiken.com\/en\/produkt\/magnesium-sensitive\/","title":{"rendered":"Magnesium Sensitive"},"content":{"rendered":"<p data-start=\"0\" data-end=\"65\"><strong data-start=\"0\" data-end=\"63\">Magnesium Sensitive \u2013 Skonsamt och l\u00e4ttupptagligt magnesium<\/strong><\/p>\n<p data-start=\"67\" data-end=\"379\">Magnesium Sensitive \u00e4r ett noggrant utformat kosttillskott f\u00f6r personer med k\u00e4nslig mage som vill s\u00e4kerst\u00e4lla ett tillr\u00e4ckligt intag av magnesium utan att belasta matsm\u00e4ltningssystemet. Magnesium \u00e4r en viktig mineral som bidrar till normal muskelfunktion, nervsystemets funktion, energioms\u00e4ttning och benh\u00e4lsa.<\/p>\n<p data-start=\"381\" data-end=\"692\">Varje dagsdos p\u00e5 3 kapslar inneh\u00e5ller 225 mg magnesium, vilket ger en skonsam och balanserad tillf\u00f6rsel av denna viktiga mineral. Produkten \u00e4r utvecklad f\u00f6r att vara l\u00e4ttupptaglig och skonsam mot magen, vilket g\u00f6r den idealisk f\u00f6r personer som upplever obehag vid intag av vissa andra former av magnesium.<\/p>\n<p data-start=\"381\" data-end=\"692\"><strong>Dosering:\u00a0<\/strong>3 kapslar dagligen till kv\u00e4llen.<\/p>\n<table style=\"height: 80px;\" border=\"1\" width=\"621\" cellspacing=\"0\" cellpadding=\"0\">\n<tbody>\n<tr>\n<td valign=\"top\" width=\"30%\"><strong>3 kapslar inneh\u00e5ller<\/strong><\/td>\n<td valign=\"top\" width=\"20%\"><strong> M\u00e4ngd<\/strong><\/td>\n<td valign=\"top\" width=\"30%\"><strong>%DRI*<\/strong><\/td>\n<\/tr>\n<tr>\n<td valign=\"top\" width=\"30%\">Magnesium<\/td>\n<td valign=\"top\" width=\"20%\">225 mg<\/td>\n<td valign=\"top\" width=\"20%\">60 %<\/td>\n<\/tr>\n<\/tbody>\n<\/table>\n<p><strong><em>*DRI \u00e4r dagligt referensintag.<\/em><\/strong><\/p>\n<p><strong>Ingredienser:\u00a0<\/strong>Magnesium (magnesiumglycerofosfat), kapsel (vegetabilisk), fyllnadsmedel (talk), sm\u00f6rjmedel (vegetabilisk magnesiumsalter av fettsyror).<\/p>\n<p>Rekommenderad daglig dos b\u00f6r ej \u00f6verskridas.<br \/>\nKosttillskott ers\u00e4tter inte en varierad kost.<br \/>\nProdukten f\u00f6rvaras o\u00e5tkomligt f\u00f6r sm\u00e5 barn.<\/p>\n","protected":false},"excerpt":{"rendered":"<p>\u2714 St\u00f6djer muskler och nervsystem \u2013 Hj\u00e4lper till att minska tr\u00f6tthet och bidrar till normal muskelfunktion.<br data-start=\"848\" data-end=\"851\" \/>\u2714 Skonsam f\u00f6r magen \u2013 Anpassad f\u00f6r k\u00e4nsliga personer som kan reagera p\u00e5 vissa former av magnesium.<br data-start=\"953\" data-end=\"956\" \/>\u2714 Bidrar till benh\u00e4lsa \u2013 Viktig mineral f\u00f6r att bibeh\u00e5lla starka och friska ben.<br data-start=\"1040\" data-end=\"1043\" \/>\u2714 Hj\u00e4lper vid tr\u00f6tthet och utmattning \u2013 Viktig f\u00f6r energioms\u00e4ttningen och minskad tr\u00f6tthet.<br data-start=\"1138\" data-end=\"1141\" \/>\u2714 Vegetabiliska kapslar \u2013 L\u00e4mplig f\u00f6r veganer och vegetarianer.<\/p>\n<p><strong>100 kap<\/strong><\/p>\n","protected":false},"featured_media":10333,"comment_status":"open","ping_status":"closed","template":"","meta":{"_kad_blocks_custom_css":"","_kad_blocks_head_custom_js":"","_kad_blocks_body_custom_js":"","_kad_blocks_footer_custom_js":"","_kadence_starter_templates_imported_post":false,"_kad_post_transparent":"default","_kad_post_title":"","_kad_post_layout":"default","_kad_post_sidebar_id":"","_kad_post_content_style":"default","_kad_post_vertical_padding":"default","_kad_post_feature":"","_kad_post_feature_position":"","_kad_post_header":false,"_kad_post_footer":false,"_kad_post_classname":""},"product_brand":[],"product_cat":[625,281,277,146,278],"product_tag":[788,159,2638,2601,1648,2615,287,2639,1637,1232,1639,2475,450,168,1542,233,2604],"class_list":{"0":"post-10269","1":"product","2":"type-product","3":"status-publish","4":"has-post-thumbnail","6":"product_cat-magnesium","7":"product_cat-mineraler","8":"product_cat-muskler-och-leder","9":"product_cat-stressad-och-trott","10":"product_cat-traning","11":"product_tag-antiinflammatorisk","12":"product_tag-aterhamtning","13":"product_tag-balanskropp","14":"product_tag-hallbart","15":"product_tag-hjarthalsa","16":"product_tag-kanslig-mage","17":"product_tag-magnesium","18":"product_tag-magnesiumbrist","19":"product_tag-magnesiumtillskott","20":"product_tag-matsmaltning","21":"product_tag-muskelavslappning","22":"product_tag-naturligt-tillskott","23":"product_tag-nervsystem","24":"product_tag-somnkvalitet","25":"product_tag-stresshantering","26":"product_tag-trotthet","27":"product_tag-valmaende","29":"first","30":"instock","31":"taxable","32":"shipping-taxable","33":"purchasable","34":"product-type-simple","35":"entry","36":"content-bg","37":"loop-entry"},"taxonomy_info":{"product_cat":[{"value":625,"label":"Magnesium"},{"value":281,"label":"Mineraler"},{"value":277,"label":"Muskler &amp; Leder"},{"value":146,"label":"Stressad &amp; Tr\u00f6tt"},{"value":278,"label":"Tr\u00e4ning"}],"product_tag":[{"value":788,"label":"antiinflammatorisk"},{"value":159,"label":"\u00e5terh\u00e4mtning"},{"value":2638,"label":"balanskropp"},{"value":2601,"label":"h\u00e5llbart"},{"value":1648,"label":"hj\u00e4rth\u00e4lsa"},{"value":2615,"label":"k\u00e4nslig mage."},{"value":287,"label":"magnesium"},{"value":2639,"label":"magnesiumbrist"},{"value":1637,"label":"Magnesiumtillskott"},{"value":1232,"label":"matsm\u00e4ltning"},{"value":1639,"label":"Muskelavslappning"},{"value":2475,"label":"Naturligt tillskott"},{"value":450,"label":"nervsystem"},{"value":168,"label":"s\u00f6mnkvalitet"},{"value":1542,"label":"Stresshantering"},{"value":233,"label":"tr\u00f6tthet"},{"value":2604,"label":"v\u00e4lm\u00e5ende"}]},"featured_image_src_large":["https:\/\/vitaminbutiken.com\/wp-content\/uploads\/2025\/03\/Photoroom_20250310_104911-e1741597056460-1-1440x700.png",1440,700,true],"author_info":[],"comment_info":0,"_links":{"self":[{"href":"https:\/\/vitaminbutiken.com\/en\/wp-json\/wp\/v2\/product\/10269","targetHints":{"allow":["GET"]}}],"collection":[{"href":"https:\/\/vitaminbutiken.com\/en\/wp-json\/wp\/v2\/product"}],"about":[{"href":"https:\/\/vitaminbutiken.com\/en\/wp-json\/wp\/v2\/types\/product"}],"replies":[{"embeddable":true,"href":"https:\/\/vitaminbutiken.com\/en\/wp-json\/wp\/v2\/comments?post=10269"}],"wp:featuredmedia":[{"embeddable":true,"href":"https:\/\/vitaminbutiken.com\/en\/wp-json\/wp\/v2\/media\/10333"}],"wp:attachment":[{"href":"https:\/\/vitaminbutiken.com\/en\/wp-json\/wp\/v2\/media?parent=10269"}],"wp:term":[{"taxonomy":"product_brand","embeddable":true,"href":"https:\/\/vitaminbutiken.com\/en\/wp-json\/wp\/v2\/product_brand?post=10269"},{"taxonomy":"product_cat","embeddable":true,"href":"https:\/\/vitaminbutiken.com\/en\/wp-json\/wp\/v2\/product_cat?post=10269"},{"taxonomy":"product_tag","embeddable":true,"href":"https:\/\/vitaminbutiken.com\/en\/wp-json\/wp\/v2\/product_tag?post=10269"}],"curies":[{"name":"wp","href":"https:\/\/api.w.org\/{rel}","templated":true}]}}