{"id":10268,"date":"2025-03-19T16:24:22","date_gmt":"2025-03-19T14:24:22","guid":{"rendered":"https:\/\/vitaminbutiken.multi.fi\/?post_type=product&#038;p=10268"},"modified":"2026-03-31T09:15:00","modified_gmt":"2026-03-31T07:15:00","slug":"linfroolja","status":"publish","type":"product","link":"https:\/\/vitaminbutiken.com\/en\/produkt\/linfroolja\/","title":{"rendered":"Linfr\u00f6olja &#8211; Rik p\u00e5 Omega-3"},"content":{"rendered":"<p data-start=\"0\" data-end=\"69\"><strong data-start=\"0\" data-end=\"67\">Linfr\u00f6olja \u2013 Naturlig k\u00e4lla till omega-3, omega-6 och vitamin E<\/strong><\/p>\n<p data-start=\"71\" data-end=\"369\">Linfr\u00f6olja \u00e4r en vegetabilisk olja rik p\u00e5 essentiella fettsyror som alfa-linolensyra (ALA) och linolsyra (LA), vilka spelar en viktig roll i kroppens allm\u00e4nna h\u00e4lsa. Dessa fettsyror \u00e4r viktiga f\u00f6r hj\u00e4rtats, hj\u00e4rnans och hudens v\u00e4lm\u00e5ende samt bidrar till att uppr\u00e4tth\u00e5lla en normal kolesterolniv\u00e5.<\/p>\n<p data-start=\"371\" data-end=\"709\">Linfr\u00f6olja \u00e4r ett utm\u00e4rkt vegetabiliskt alternativ till fiskolja och passar s\u00e4rskilt bra f\u00f6r personer som vill \u00f6ka sitt intag av omega-3-fettsyror fr\u00e5n v\u00e4xtbaserade k\u00e4llor. Dessutom inneh\u00e5ller varje kapsel <strong data-start=\"577\" data-end=\"598\">vitamin E (10 mg)<\/strong>, en kraftfull antioxidant som skyddar cellerna fr\u00e5n oxidativ stress och bidrar till hudens och h\u00e5rets h\u00e4lsa.<\/p>\n<p data-start=\"749\" data-end=\"1118\">\u2714 <strong data-start=\"751\" data-end=\"775\">Linfr\u00f6olja (1000 mg)<\/strong> \u2013 Naturlig k\u00e4lla till essentiella fettsyror.<br data-start=\"820\" data-end=\"823\" \/>\u2714 <strong data-start=\"825\" data-end=\"854\">Alfa-linolensyra (450 mg)<\/strong> \u2013 En omega-3-fettsyra som bidrar till normal hj\u00e4rt- och k\u00e4rlh\u00e4lsa.<br data-start=\"921\" data-end=\"924\" \/>\u2714 <strong data-start=\"926\" data-end=\"948\">Linolsyra (110 mg)<\/strong> \u2013 En omega-6-fettsyra som st\u00f6djer hudens och cellernas funktion.<br data-start=\"1013\" data-end=\"1016\" \/>\u2714 <strong data-start=\"1018\" data-end=\"1039\">Vitamin E (10 mg)<\/strong> \u2013 Skyddar kroppens celler fr\u00e5n oxidativ stress och bidrar till hudens h\u00e4lsa.<\/p>\n<p data-start=\"749\" data-end=\"1118\"><strong>Dosering:\u00a0<\/strong>1-3 kapslar dagligen i samband med m\u00e5ltid.<\/p>\n<table style=\"height: 80px;\" border=\"1\" width=\"621\" cellspacing=\"0\" cellpadding=\"0\">\n<tbody>\n<tr>\n<td valign=\"top\" width=\"30%\"><strong>1 kapsel inneh\u00e5ller<\/strong><\/td>\n<td valign=\"top\" width=\"20%\"><strong> M\u00e4ngd<\/strong><\/td>\n<td valign=\"top\" width=\"30%\"><strong>%DRI*<\/strong><\/td>\n<\/tr>\n<tr>\n<td valign=\"top\" width=\"30%\">Linfr\u00f6olja<\/td>\n<td valign=\"top\" width=\"20%\">1 000 mg<\/td>\n<td valign=\"top\" width=\"20%\">**<\/td>\n<\/tr>\n<tr>\n<td valign=\"top\" width=\"30%\">Alfalinolensyra<\/td>\n<td valign=\"top\" width=\"20%\">450 mg<\/td>\n<td valign=\"top\" width=\"20%\">**<\/td>\n<\/tr>\n<tr>\n<td valign=\"top\" width=\"30%\">Linolensyra<\/td>\n<td valign=\"top\" width=\"20%\">110 mg<\/td>\n<td valign=\"top\" width=\"20%\">**<\/td>\n<\/tr>\n<tr>\n<td valign=\"top\" width=\"30%\">Vitamin E<\/td>\n<td valign=\"top\" width=\"20%\">10 mg<\/td>\n<td valign=\"top\" width=\"20%\">83 %<\/td>\n<\/tr>\n<\/tbody>\n<\/table>\n<p><strong><em>*DRI \u00e4r dagligt referensintag.**DRI ej fastst\u00e4llt.<\/em><\/strong><\/p>\n<p><strong>Ingredienser:\u00a0<\/strong>Linfr\u00f6olja (<em>Linum usitatissimum<\/em>), E-vitamin (D-alfa-tokoferoler), gelatinkapsel (<strong>n\u00f6t<\/strong>, glycerin).<\/p>\n<p>Rekommenderad daglig dos b\u00f6r ej \u00f6verskridas.<br \/>\nKosttillskott ers\u00e4tter inte en varierad kost.<br \/>\nProdukten f\u00f6rvaras o\u00e5tkomligt f\u00f6r sm\u00e5 barn.<\/p>\n","protected":false},"excerpt":{"rendered":"<p>\u2714 Naturlig k\u00e4lla till omega-3 och omega-6 f\u00f6r en balanserad fettsyraprofil.<br data-start=\"1234\" data-end=\"1237\" \/>\u2714 Fr\u00e4mjar hj\u00e4rt- och k\u00e4rlh\u00e4lsa genom att bidra till en normal kolesterolbalans.<br data-start=\"1320\" data-end=\"1323\" \/>\u2714 St\u00f6djer hud, h\u00e5r och naglar tack vare dess n\u00e4ringsrika fettsyror och vitamin E.<br data-start=\"1497\" data-end=\"1500\" \/>\u2714 H\u00f6gkvalitativ kallpressad olja f\u00f6r att bevara n\u00e4rings\u00e4mnen och biologisk aktivitet.<\/p>\n<p><strong>90 kapslar<\/strong><\/p>\n","protected":false},"featured_media":500103597,"comment_status":"open","ping_status":"closed","template":"","meta":{"_kad_blocks_custom_css":"","_kad_blocks_head_custom_js":"","_kad_blocks_body_custom_js":"","_kad_blocks_footer_custom_js":"","_kadence_starter_templates_imported_post":false,"_kad_post_transparent":"default","_kad_post_title":"","_kad_post_layout":"default","_kad_post_sidebar_id":"","_kad_post_content_style":"default","_kad_post_vertical_padding":"default","_kad_post_feature":"","_kad_post_feature_position":"","_kad_post_header":false,"_kad_post_footer":false,"_kad_post_classname":""},"product_brand":[],"product_cat":[328,195,2605,431],"product_tag":[1415,788,2601,2451,2318,1648,1468,2019,1232,2475,334,2138,2637,2604,2447,1264,1211],"class_list":{"0":"post-10268","1":"product","2":"type-product","3":"status-publish","4":"has-post-thumbnail","6":"product_cat-fettsyror","7":"product_cat-hud-skonhet","8":"product_cat-kenkou-selfcare","9":"product_cat-mage-tarm","10":"product_tag-anti-aging","11":"product_tag-antiinflammatorisk","12":"product_tag-hallbart","13":"product_tag-halsosamma-fetter","14":"product_tag-hjarnfunktion","15":"product_tag-hjarthalsa","16":"product_tag-hudhalsa","17":"product_tag-kolesterolbalans","18":"product_tag-matsmaltning","19":"product_tag-naturligt-tillskott","20":"product_tag-omega-3","21":"product_tag-omega-6","22":"product_tag-tarmfunktion","23":"product_tag-valmaende","24":"product_tag-vegan","25":"product_tag-vitalitet","26":"product_tag-vitamin-e","28":"first","29":"instock","30":"taxable","31":"shipping-taxable","32":"purchasable","33":"product-type-simple","34":"entry","35":"content-bg","36":"loop-entry"},"taxonomy_info":{"product_cat":[{"value":328,"label":"Fettsyror"},{"value":195,"label":"Hud &amp; Sk\u00f6nhet"},{"value":2605,"label":"Kenkou Selfcare"},{"value":431,"label":"Mage &amp; Tarm"}],"product_tag":[{"value":1415,"label":"Anti-aging"},{"value":788,"label":"antiinflammatorisk"},{"value":2601,"label":"h\u00e5llbart"},{"value":2451,"label":"H\u00e4lsosamma fetter"},{"value":2318,"label":"Hj\u00e4rnfunktion"},{"value":1648,"label":"hj\u00e4rth\u00e4lsa"},{"value":1468,"label":"Hudh\u00e4lsa"},{"value":2019,"label":"kolesterolbalans"},{"value":1232,"label":"matsm\u00e4ltning"},{"value":2475,"label":"Naturligt tillskott"},{"value":334,"label":"Omega-3"},{"value":2138,"label":"omega-6"},{"value":2637,"label":"tarmfunktion"},{"value":2604,"label":"v\u00e4lm\u00e5ende"},{"value":2447,"label":"Vegan"},{"value":1264,"label":"Vitalitet"},{"value":1211,"label":"Vitamin E"}]},"featured_image_src_large":["https:\/\/vitaminbutiken.com\/wp-content\/uploads\/2025\/03\/Linfroolja-257-Photoroom-1-1-scaled-e1769770324872-1327x700.png",1327,700,true],"author_info":[],"comment_info":0,"_links":{"self":[{"href":"https:\/\/vitaminbutiken.com\/en\/wp-json\/wp\/v2\/product\/10268","targetHints":{"allow":["GET"]}}],"collection":[{"href":"https:\/\/vitaminbutiken.com\/en\/wp-json\/wp\/v2\/product"}],"about":[{"href":"https:\/\/vitaminbutiken.com\/en\/wp-json\/wp\/v2\/types\/product"}],"replies":[{"embeddable":true,"href":"https:\/\/vitaminbutiken.com\/en\/wp-json\/wp\/v2\/comments?post=10268"}],"wp:featuredmedia":[{"embeddable":true,"href":"https:\/\/vitaminbutiken.com\/en\/wp-json\/wp\/v2\/media\/500103597"}],"wp:attachment":[{"href":"https:\/\/vitaminbutiken.com\/en\/wp-json\/wp\/v2\/media?parent=10268"}],"wp:term":[{"taxonomy":"product_brand","embeddable":true,"href":"https:\/\/vitaminbutiken.com\/en\/wp-json\/wp\/v2\/product_brand?post=10268"},{"taxonomy":"product_cat","embeddable":true,"href":"https:\/\/vitaminbutiken.com\/en\/wp-json\/wp\/v2\/product_cat?post=10268"},{"taxonomy":"product_tag","embeddable":true,"href":"https:\/\/vitaminbutiken.com\/en\/wp-json\/wp\/v2\/product_tag?post=10268"}],"curies":[{"name":"wp","href":"https:\/\/api.w.org\/{rel}","templated":true}]}}