{"id":10254,"date":"2025-03-19T16:23:57","date_gmt":"2025-03-19T14:23:57","guid":{"rendered":"https:\/\/vitaminbutiken.multi.fi\/?post_type=product&#038;p=10254"},"modified":"2026-04-07T11:45:44","modified_gmt":"2026-04-07T09:45:44","slug":"git-enzym","status":"publish","type":"product","link":"https:\/\/vitaminbutiken.com\/en\/produkt\/git-enzym\/","title":{"rendered":"GIT Enzym, 90 kap"},"content":{"rendered":"<h3 data-start=\"0\" data-end=\"52\"><strong data-start=\"0\" data-end=\"50\">GIT Enzym \u2013 St\u00f6d f\u00f6r en effektiv <a href=\"https:\/\/vitaminbutiken.com\/shop\/?filter_product_cat=431\">matsm\u00e4ltning<\/a><\/strong><\/h3>\n<p data-start=\"54\" data-end=\"462\">GIT Enzyme \u00e4r ett avancerat matsm\u00e4ltningsenzymkomplex som \u00e4r utformat f\u00f6r att st\u00f6dja en optimal matsm\u00e4ltning och n\u00e4ringsupptag. Matsm\u00e4ltningsenzymer spelar en avg\u00f6rande roll i nedbrytningen av proteiner, kolhydrater och fetter, vilket hj\u00e4lper kroppen att effektivt absorbera viktiga n\u00e4rings\u00e4mnen. En brist p\u00e5 enzymer kan leda till matsm\u00e4ltningsbesv\u00e4r s\u00e5som uppbl\u00e5sthet, gaser, tyngdk\u00e4nsla och n\u00e4ringsbrist.<\/p>\n<p data-start=\"464\" data-end=\"762\">Denna kraftfulla enzymblandning inneh\u00e5ller en balanserad kombination av proteaser, lipaser, amylaser och andra viktiga enzymer som st\u00f6djer hela matsm\u00e4ltningsprocessen. Dessutom \u00e4r den f\u00f6rst\u00e4rkt med naturliga v\u00e4xtextrakt som ytterligare kan bidra till en harmonisk och v\u00e4lfungerande mag-tarmkanal.<\/p>\n<p data-start=\"464\" data-end=\"762\"><strong>Dosering:\u00a0<\/strong>1 kapsel 1-3 ggr dagligen i samband med m\u00e5ltid.<\/p>\n<table style=\"height: 80px;\" border=\"1\" width=\"621\" cellspacing=\"0\" cellpadding=\"0\">\n<tbody>\n<tr>\n<td valign=\"top\" width=\"30%\">\n<h4><strong>1 kapsel inneh\u00e5ller<\/strong><\/h4>\n<\/td>\n<td valign=\"top\" width=\"20%\">\n<h4><strong> Enzymaktivitet<\/strong><\/h4>\n<\/td>\n<\/tr>\n<tr>\n<td valign=\"top\" width=\"30%\">Lipas<\/td>\n<td valign=\"top\" width=\"20%\">313 FIP<\/td>\n<\/tr>\n<tr>\n<td valign=\"top\" width=\"30%\">Amylas<\/td>\n<td valign=\"top\" width=\"20%\">5000 DU<\/td>\n<\/tr>\n<tr>\n<td valign=\"top\" width=\"30%\">Proteas 4.5<\/td>\n<td valign=\"top\" width=\"20%\">10 000 HUT<\/td>\n<\/tr>\n<tr>\n<td valign=\"top\" width=\"30%\">Proteas 3.0<\/td>\n<td valign=\"top\" width=\"20%\">10 SAPU<\/td>\n<\/tr>\n<tr>\n<td valign=\"top\" width=\"30%\">Glykoamylas<\/td>\n<td valign=\"top\" width=\"20%\">9 AGU<\/td>\n<\/tr>\n<tr>\n<td valign=\"top\" width=\"30%\">Cellulas<\/td>\n<td valign=\"top\" width=\"20%\">200 CU<\/td>\n<\/tr>\n<tr>\n<td valign=\"top\" width=\"30%\">Bromelain<\/td>\n<td valign=\"top\" width=\"20%\">120 000 PU<\/td>\n<\/tr>\n<tr>\n<td valign=\"top\" width=\"30%\">Papain<\/td>\n<td valign=\"top\" width=\"20%\">50 000 PU<\/td>\n<\/tr>\n<\/tbody>\n<\/table>\n<p>&nbsp;<\/p>\n<p><strong>Ingredienser:\u00a0<\/strong>Multienzym komplex, kapsel (hydroxipropylmetylcellulosa), fyllnadsmedel (cikoriarotextrakt 90% inulin, maltodextrin).<\/p>\n<p>Rekommenderad daglig dos b\u00f6r ej \u00f6verskridas.<br \/>\nKosttillskott ers\u00e4tter inte en varierad kost.<br \/>\nProdukten f\u00f6rvaras o\u00e5tkomligt f\u00f6r sm\u00e5 barn.<\/p>\n<p>&nbsp;<\/p>\n","protected":false},"excerpt":{"rendered":"<p>\u2714 St\u00f6djer en effektiv matsm\u00e4ltning och n\u00e4ringsupptag<br data-start=\"1486\" data-end=\"1489\" \/>\u2714 Kan minska uppbl\u00e5sthet, gaser och matsm\u00e4ltningsbesv\u00e4r<br data-start=\"1544\" data-end=\"1547\" \/>\u2714 Inneh\u00e5ller en bred enzymprofil f\u00f6r att bryta ner alla makron\u00e4rings\u00e4mnen<br data-start=\"1620\" data-end=\"1623\" \/>\u2714 Passar vid enzyminsufficiens, tung matsm\u00e4ltning eller vid f\u00f6r\u00e4ndrad kost<br data-start=\"1697\" data-end=\"1700\" \/>\u2714 Berikad med naturliga v\u00e4xtextrakt som bidrar till magkomfort<\/p>\n<p><strong>90 kapslar<\/strong><\/p>\n","protected":false},"featured_media":500103496,"comment_status":"open","ping_status":"closed","template":"","meta":{"_kad_blocks_custom_css":"","_kad_blocks_head_custom_js":"","_kad_blocks_body_custom_js":"","_kad_blocks_footer_custom_js":"","_kadence_starter_templates_imported_post":false,"_kad_post_transparent":"default","_kad_post_title":"","_kad_post_layout":"default","_kad_post_sidebar_id":"","_kad_post_content_style":"default","_kad_post_vertical_padding":"default","_kad_post_feature":"","_kad_post_feature_position":"","_kad_post_header":false,"_kad_post_footer":false,"_kad_post_classname":""},"product_brand":[],"product_cat":[2605,2819],"product_tag":[2627,876,2628,2601,2629,2005,2616,1232,2630,1994,2617,2475,2045,2631,2604,1996],"class_list":{"0":"post-10254","1":"product","2":"type-product","3":"status-publish","4":"has-post-thumbnail","6":"product_cat-kenkou-selfcare","7":"product_cat-matsmaltningsenzymer","8":"product_tag-balancerad-matsmaltning","9":"product_tag-enzymer","10":"product_tag-forbattrad-digestion","11":"product_tag-hallbart","12":"product_tag-lattsmalt","13":"product_tag-maghalsa","14":"product_tag-magkomfort","15":"product_tag-matsmaltning","16":"product_tag-matsmaltningsproblem","17":"product_tag-matsmaltningsstod","18":"product_tag-naringsupptag","19":"product_tag-naturligt-tillskott","20":"product_tag-tarmhalsa","21":"product_tag-upptag-av-naringsamnen","22":"product_tag-valmaende","23":"product_tag-vaxtbaserat","25":"first","26":"instock","27":"taxable","28":"shipping-taxable","29":"purchasable","30":"product-type-simple","31":"entry","32":"content-bg","33":"loop-entry"},"taxonomy_info":{"product_cat":[{"value":2605,"label":"Kenkou Selfcare"},{"value":2819,"label":"Matsm\u00e4ltningsenzymer"}],"product_tag":[{"value":2627,"label":"balancerad matsm\u00e4ltning"},{"value":876,"label":"enzymer"},{"value":2628,"label":"f\u00f6rb\u00e4ttrad digestion"},{"value":2601,"label":"h\u00e5llbart"},{"value":2629,"label":"l\u00e4ttsm\u00e4lt."},{"value":2005,"label":"magh\u00e4lsa"},{"value":2616,"label":"magkomfort"},{"value":1232,"label":"matsm\u00e4ltning"},{"value":2630,"label":"matsm\u00e4ltningsproblem"},{"value":1994,"label":"matsm\u00e4ltningsst\u00f6d"},{"value":2617,"label":"n\u00e4ringsupptag"},{"value":2475,"label":"Naturligt tillskott"},{"value":2045,"label":"tarmh\u00e4lsa"},{"value":2631,"label":"upptag av n\u00e4rings\u00e4mnen"},{"value":2604,"label":"v\u00e4lm\u00e5ende"},{"value":1996,"label":"v\u00e4xtbaserat"}]},"featured_image_src_large":["https:\/\/vitaminbutiken.com\/wp-content\/uploads\/2025\/03\/140-GIT-enzym-Photoroom-e1769600529924-660x700.png",660,700,true],"author_info":[],"comment_info":0,"_links":{"self":[{"href":"https:\/\/vitaminbutiken.com\/en\/wp-json\/wp\/v2\/product\/10254","targetHints":{"allow":["GET"]}}],"collection":[{"href":"https:\/\/vitaminbutiken.com\/en\/wp-json\/wp\/v2\/product"}],"about":[{"href":"https:\/\/vitaminbutiken.com\/en\/wp-json\/wp\/v2\/types\/product"}],"replies":[{"embeddable":true,"href":"https:\/\/vitaminbutiken.com\/en\/wp-json\/wp\/v2\/comments?post=10254"}],"wp:featuredmedia":[{"embeddable":true,"href":"https:\/\/vitaminbutiken.com\/en\/wp-json\/wp\/v2\/media\/500103496"}],"wp:attachment":[{"href":"https:\/\/vitaminbutiken.com\/en\/wp-json\/wp\/v2\/media?parent=10254"}],"wp:term":[{"taxonomy":"product_brand","embeddable":true,"href":"https:\/\/vitaminbutiken.com\/en\/wp-json\/wp\/v2\/product_brand?post=10254"},{"taxonomy":"product_cat","embeddable":true,"href":"https:\/\/vitaminbutiken.com\/en\/wp-json\/wp\/v2\/product_cat?post=10254"},{"taxonomy":"product_tag","embeddable":true,"href":"https:\/\/vitaminbutiken.com\/en\/wp-json\/wp\/v2\/product_tag?post=10254"}],"curies":[{"name":"wp","href":"https:\/\/api.w.org\/{rel}","templated":true}]}}