{"id":10253,"date":"2025-03-19T16:23:57","date_gmt":"2025-03-19T14:23:57","guid":{"rendered":"https:\/\/vitaminbutiken.multi.fi\/?post_type=product&#038;p=10253"},"modified":"2026-04-09T11:30:27","modified_gmt":"2026-04-09T09:30:27","slug":"git-balans","status":"publish","type":"product","link":"https:\/\/vitaminbutiken.com\/en\/produkt\/git-balans\/","title":{"rendered":"Git Balans"},"content":{"rendered":"<h4 data-start=\"0\" data-end=\"51\"><strong data-start=\"0\" data-end=\"49\">GIT Balans \u2013 Naturligt st\u00f6d f\u00f6r mage och tarm<\/strong><\/h4>\n<p data-start=\"53\" data-end=\"406\">GIT Balans \u00e4r ett noggrant sammansatt kosttillskott med fem v\u00e4lk\u00e4nda v\u00e4xtextrakt som traditionellt anv\u00e4nts f\u00f6r att st\u00f6dja <a href=\"https:\/\/vitaminbutiken.com\/shop\/?filter_product_cat=431\">matsm\u00e4ltningen<\/a> och mag-tarmkanalens h\u00e4lsa. Kombinationen av Espinheira Santa, Kardborre, Rabarberrot, R\u00f6dalmsbark och \u00c4ngssyrerot bidrar till en balanserad och v\u00e4lfungerande matsm\u00e4ltning samt kan hj\u00e4lpa vid tillf\u00e4lliga magbesv\u00e4r.<\/p>\n<ul>\n<li data-start=\"695\" data-end=\"825\"><strong data-start=\"697\" data-end=\"726\">Espinheira Santa<\/strong>\u00a0\u2013 En traditionell \u00f6rt fr\u00e5n Sydamerika som \u00e4r k\u00e4nd f\u00f6r sina lugnande egenskaper p\u00e5 magslemhinnan.<\/li>\n<li data-start=\"826\" data-end=\"960\"><strong data-start=\"828\" data-end=\"850\">Kardborrerot<\/strong>\u00a0\u2013 Har l\u00e4nge anv\u00e4nts f\u00f6r att st\u00f6dja matsm\u00e4ltningen och hj\u00e4lpa till att avl\u00e4gsna o\u00f6nskade \u00e4mnen fr\u00e5n kroppen.<\/li>\n<li data-start=\"961\" data-end=\"1071\"><strong data-start=\"963\" data-end=\"987\">Rabarberrot<\/strong>\u00a0\u2013 St\u00f6djer en h\u00e4lsosam tarmfunktion och kan bidra till att reglera matsm\u00e4ltningen.<\/li>\n<li data-start=\"1072\" data-end=\"1169\"><strong data-start=\"1074\" data-end=\"1098\">R\u00f6dalmsbark<\/strong>\u00a0\u2013 Anv\u00e4nds traditionellt f\u00f6r att lugna och skydda mag-tarmslemhinnan.<\/li>\n<li data-start=\"1170\" data-end=\"1280\"><strong data-start=\"1172\" data-end=\"1196\">\u00c4ngssyrerot<\/strong>\u00a0\u2013 Rik p\u00e5 antioxidanter och kan bidra till att bibeh\u00e5lla en h\u00e4lsosam matsm\u00e4ltning.<\/li>\n<\/ul>\n<h4 data-start=\"408\" data-end=\"642\"><strong>Dosering: <\/strong>1 kapsel 2 g\u00e5nger per dag.<\/h4>\n<table style=\"height: 80px;\" border=\"1\" width=\"621\" cellspacing=\"0\" cellpadding=\"0\">\n<tbody>\n<tr>\n<td valign=\"top\" width=\"30%\"><strong>2 kapslar inneh\u00e5ller<\/strong><\/td>\n<td valign=\"top\" width=\"20%\"><strong> M\u00e4ngd<\/strong><\/td>\n<td valign=\"top\" width=\"30%\"><strong>%DRI*<\/strong><\/td>\n<\/tr>\n<tr>\n<td valign=\"top\" width=\"30%\">Espinheira santa<\/td>\n<td valign=\"top\" width=\"20%\">200 mg<\/td>\n<td valign=\"top\" width=\"20%\">**<\/td>\n<\/tr>\n<tr>\n<td valign=\"top\" width=\"30%\">Kardborrerot<\/td>\n<td valign=\"top\" width=\"20%\">200 mg<\/td>\n<td valign=\"top\" width=\"20%\">**<\/td>\n<\/tr>\n<tr>\n<td valign=\"top\" width=\"30%\">Rabarberrot<\/td>\n<td valign=\"top\" width=\"20%\">200 mg<\/td>\n<td valign=\"top\" width=\"20%\">**<\/td>\n<\/tr>\n<tr>\n<td valign=\"top\" width=\"30%\">R\u00f6dalmsbark<\/td>\n<td valign=\"top\" width=\"20%\">200 mg<\/td>\n<td valign=\"top\" width=\"20%\">**<\/td>\n<\/tr>\n<tr>\n<td valign=\"top\" width=\"30%\">\u00c4ngssyrerot<\/td>\n<td valign=\"top\" width=\"20%\">200 mg<\/td>\n<td valign=\"top\" width=\"20%\">**<\/td>\n<\/tr>\n<\/tbody>\n<\/table>\n<p><strong><em>**DRI (dagligt referensintag) ej fastst\u00e4llt.<\/em><\/strong><\/p>\n<p><strong>Ingredienser:\u00a0<\/strong>Espinheira santa extrakt (1:1), kardborrerot extrakt (4:1), rabarberrot extrakt (4:1), r\u00f6dalmsbark extrakt (4:1), \u00e4ngsyrerot extrakt (4:1), kapsel (hydroxipropylmetylcellulosa).<\/p>\n<p>Rekommenderad daglig dos b\u00f6r ej \u00f6verskridas.<br \/>\nKosttillskott ers\u00e4tter inte en varierad kost.<br \/>\nProdukten f\u00f6rvaras o\u00e5tkomligt f\u00f6r sm\u00e5 barn.<\/p>\n","protected":false},"excerpt":{"rendered":"<p>Denna kraftfulla \u00f6rtblandning \u00e4r speciellt framtagen f\u00f6r personer som vill st\u00f6dja sin tarmh\u00e4lsa p\u00e5 ett naturligt s\u00e4tt. Ingredienserna verkar tillsammans f\u00f6r att lugna magen, fr\u00e4mja tarmr\u00f6relser och bidra till en b\u00e4ttre matsm\u00e4ltning.<\/p>\n<p><strong>60 kapslar<\/strong><\/p>\n","protected":false},"featured_media":500103382,"comment_status":"open","ping_status":"closed","template":"","meta":{"_kad_blocks_custom_css":"","_kad_blocks_head_custom_js":"","_kad_blocks_body_custom_js":"","_kad_blocks_footer_custom_js":"","_kadence_starter_templates_imported_post":false,"_kad_post_transparent":"default","_kad_post_title":"","_kad_post_layout":"default","_kad_post_sidebar_id":"","_kad_post_content_style":"default","_kad_post_vertical_padding":"default","_kad_post_feature":"","_kad_post_feature_position":"","_kad_post_header":false,"_kad_post_footer":false,"_kad_post_classname":""},"product_brand":[],"product_cat":[431,149,1307],"product_tag":[205,790,2479,2606,2601,2317,2483,1891,2626,1622,1957,2475,2182,407,1864,2045,1996],"class_list":{"0":"post-10253","1":"product","2":"type-product","3":"status-publish","4":"has-post-thumbnail","6":"product_cat-mage-tarm","7":"product_cat-orter","8":"product_cat-synergos","9":"product_tag-antioxidant","10":"product_tag-balans","11":"product_tag-cirkulation","12":"product_tag-detox","13":"product_tag-hallbart","14":"product_tag-halsa","15":"product_tag-immunsystem","16":"product_tag-inflammationsstod","17":"product_tag-kroppsvalbefinnande","18":"product_tag-ledhalsa","19":"product_tag-muskelaterhamtning","20":"product_tag-naturligt-tillskott","21":"product_tag-rorlighet","22":"product_tag-smartlindring","23":"product_tag-stod-for-leder","24":"product_tag-tarmhalsa","25":"product_tag-vaxtbaserat","27":"first","28":"instock","29":"taxable","30":"shipping-taxable","31":"purchasable","32":"product-type-simple","33":"entry","34":"content-bg","35":"loop-entry"},"taxonomy_info":{"product_cat":[{"value":431,"label":"Mage &amp; Tarm"},{"value":149,"label":"\u00d6rter"},{"value":1307,"label":"Synergos"}],"product_tag":[{"value":205,"label":"antioxidant"},{"value":790,"label":"balans"},{"value":2479,"label":"Cirkulation"},{"value":2606,"label":"detox"},{"value":2601,"label":"h\u00e5llbart"},{"value":2317,"label":"H\u00e4lsa"},{"value":2483,"label":"immunsystem"},{"value":1891,"label":"Inflammationsst\u00f6d"},{"value":2626,"label":"kroppsv\u00e4lbefinnande"},{"value":1622,"label":"Ledh\u00e4lsa"},{"value":1957,"label":"muskel\u00e5terh\u00e4mtning"},{"value":2475,"label":"Naturligt tillskott"},{"value":2182,"label":"r\u00f6rlighet"},{"value":407,"label":"sm\u00e4rtlindring"},{"value":1864,"label":"St\u00f6d f\u00f6r leder"},{"value":2045,"label":"tarmh\u00e4lsa"},{"value":1996,"label":"v\u00e4xtbaserat"}]},"featured_image_src_large":["https:\/\/vitaminbutiken.com\/wp-content\/uploads\/2025\/03\/106-Git-Balans-Photoroom-e1768893490329-817x700.png",817,700,true],"author_info":[],"comment_info":0,"_links":{"self":[{"href":"https:\/\/vitaminbutiken.com\/en\/wp-json\/wp\/v2\/product\/10253","targetHints":{"allow":["GET"]}}],"collection":[{"href":"https:\/\/vitaminbutiken.com\/en\/wp-json\/wp\/v2\/product"}],"about":[{"href":"https:\/\/vitaminbutiken.com\/en\/wp-json\/wp\/v2\/types\/product"}],"replies":[{"embeddable":true,"href":"https:\/\/vitaminbutiken.com\/en\/wp-json\/wp\/v2\/comments?post=10253"}],"wp:featuredmedia":[{"embeddable":true,"href":"https:\/\/vitaminbutiken.com\/en\/wp-json\/wp\/v2\/media\/500103382"}],"wp:attachment":[{"href":"https:\/\/vitaminbutiken.com\/en\/wp-json\/wp\/v2\/media?parent=10253"}],"wp:term":[{"taxonomy":"product_brand","embeddable":true,"href":"https:\/\/vitaminbutiken.com\/en\/wp-json\/wp\/v2\/product_brand?post=10253"},{"taxonomy":"product_cat","embeddable":true,"href":"https:\/\/vitaminbutiken.com\/en\/wp-json\/wp\/v2\/product_cat?post=10253"},{"taxonomy":"product_tag","embeddable":true,"href":"https:\/\/vitaminbutiken.com\/en\/wp-json\/wp\/v2\/product_tag?post=10253"}],"curies":[{"name":"wp","href":"https:\/\/api.w.org\/{rel}","templated":true}]}}