{"id":10252,"date":"2025-03-19T16:23:56","date_gmt":"2025-03-19T14:23:56","guid":{"rendered":"https:\/\/vitaminbutiken.multi.fi\/?post_type=product&#038;p=10252"},"modified":"2026-04-09T08:23:30","modified_gmt":"2026-04-09T06:23:30","slug":"gaba-b6-120-kap","status":"publish","type":"product","link":"https:\/\/vitaminbutiken.com\/en\/produkt\/gaba-b6-120-kap\/","title":{"rendered":"GABA &#038; Vitamin B6"},"content":{"rendered":"<p><strong>GABA &amp; B6 &#8211; 120 kap<\/strong><\/p>\n<p data-start=\"31\" data-end=\"491\">GABA (gamma-aminosm\u00f6rsyra) \u00e4r en av de viktigaste signalsubstanserna i hj\u00e4rnan och spelar en central roll f\u00f6r nervsystemets funktion. Det verkar som en naturlig neurotransmittor som bidrar till att lugna nervsignaler och kan hj\u00e4lpa till att fr\u00e4mja avslappning, mental balans och en god natts\u00f6mn. Tillsammans med vitamin B6, som \u00e4r en viktig kofaktor i GABA:s bildning och funktion, st\u00f6djer denna kombination b\u00e5de nervsystemet och det allm\u00e4nna v\u00e4lbefinnandet.<\/p>\n<p data-start=\"493\" data-end=\"806\">Varje dagsdos (4 kapslar) inneh\u00e5ller 2000 mg GABA och 20 mg vitamin B6, vilket ger en effektiv dos f\u00f6r att optimera dess lugnande och balanserande effekter. Vitamin B6 \u00e4r avg\u00f6rande f\u00f6r produktionen av neurotransmittorer och bidrar till att minska tr\u00f6tthet och utmattning samt st\u00f6dja normal psykologisk funktion.<\/p>\n<p data-start=\"493\" data-end=\"806\"><strong>Dosering:\u00a0<\/strong>4 kapslar dagligen, uppdelat i tv\u00e5 intag, morgon och kv\u00e4ll.<\/p>\n<table style=\"height: 80px;\" border=\"1\" width=\"621\" cellspacing=\"0\" cellpadding=\"0\">\n<tbody>\n<tr>\n<td valign=\"top\" width=\"30%\"><strong>4 kapslar inneh\u00e5ller<\/strong><\/td>\n<td valign=\"top\" width=\"20%\"><strong> M\u00e4ngd<\/strong><\/td>\n<td valign=\"top\" width=\"30%\"><strong>%DRI*<\/strong><\/td>\n<\/tr>\n<tr>\n<td valign=\"top\" width=\"30%\">GABA<\/td>\n<td valign=\"top\" width=\"20%\">2 000 mg<\/td>\n<td valign=\"top\" width=\"20%\">**<\/td>\n<\/tr>\n<tr>\n<td valign=\"top\" width=\"30%\"><a href=\"https:\/\/vitaminbutiken.com\/product\/b6-pyridoxin-synergos\/\">Vitamin B6<\/a><\/td>\n<td valign=\"top\" width=\"20%\">20 mg<\/td>\n<td valign=\"top\" width=\"20%\">1 428 %<\/td>\n<\/tr>\n<\/tbody>\n<\/table>\n<p><strong><em>*DRI \u00e4r dagligt referensintag.**DRI ej fastst\u00e4llt.<\/em><\/strong><\/p>\n<p><strong>Ingredienser:<\/strong>GABA (Gamma-amino sm\u00f6rsyra), vitamin B6, kapsel (hydroxipropylmetylcellulosa).<\/p>\n<p>Rekommenderad daglig dos b\u00f6r ej \u00f6verskridas.<br \/>\nKosttillskott ers\u00e4tter inte en varierad kost.<br \/>\nProdukten f\u00f6rvaras o\u00e5tkomligt f\u00f6r sm\u00e5 barn.<\/p>\n","protected":false},"excerpt":{"rendered":"<ul>\n<li data-start=\"842\" data-end=\"941\">Fr\u00e4mjar avslappning och mental balans genom att st\u00f6dja GABA:s naturliga funktion i hj\u00e4rnan.<\/li>\n<li data-start=\"942\" data-end=\"1017\">Kan bidra till b\u00e4ttre s\u00f6mnkvalitet genom att minska stress och oro.<\/li>\n<li data-start=\"1018\" data-end=\"1125\">Inneh\u00e5ller vitamin B6, som st\u00f6djer nervsystemet och bidrar till att minska tr\u00f6tthet och utmattning.<\/li>\n<li data-start=\"1126\" data-end=\"1201\">H\u00f6g dos \u2013 2000 mg GABA och 20 mg B6 per dagsdos f\u00f6r maximal effekt.<\/li>\n<\/ul>\n<p>120 Kapslar<\/p>\n","protected":false},"featured_media":500103784,"comment_status":"open","ping_status":"closed","template":"","meta":{"_kad_blocks_custom_css":"","_kad_blocks_head_custom_js":"","_kad_blocks_body_custom_js":"","_kad_blocks_footer_custom_js":"","_kadence_starter_templates_imported_post":false,"_kad_post_transparent":"default","_kad_post_title":"","_kad_post_layout":"default","_kad_post_sidebar_id":"","_kad_post_content_style":"default","_kad_post_vertical_padding":"default","_kad_post_feature":"","_kad_post_feature_position":"","_kad_post_header":false,"_kad_post_footer":false,"_kad_post_classname":""},"product_brand":[],"product_cat":[337,348,149,146,1307],"product_tag":[2622,2623,159,1558,345,1112,2502,2624,1574,1639,2475,1597,450,2625,168,1542,2604],"class_list":{"0":"post-10252","1":"product","2":"type-product","3":"status-publish","4":"has-post-thumbnail","6":"product_cat-aminosyror","7":"product_cat-b-vitamin","8":"product_cat-orter","9":"product_cat-stressad-och-trott","10":"product_cat-synergos","11":"product_tag-angestlindring","12":"product_tag-anti-stress","13":"product_tag-aterhamtning","14":"product_tag-avslappning","15":"product_tag-b6-vitamin","16":"product_tag-energi","17":"product_tag-fokus","18":"product_tag-mental-balans","19":"product_tag-mental-klarhet","20":"product_tag-muskelavslappning","21":"product_tag-naturligt-tillskott","22":"product_tag-nervhalsa","23":"product_tag-nervsystem","24":"product_tag-skonsamt-stod","25":"product_tag-somnkvalitet","26":"product_tag-stresshantering","27":"product_tag-valmaende","29":"first","30":"instock","31":"taxable","32":"shipping-taxable","33":"purchasable","34":"product-type-simple","35":"entry","36":"content-bg","37":"loop-entry"},"taxonomy_info":{"product_cat":[{"value":337,"label":"Aminosyror"},{"value":348,"label":"B-vitamin"},{"value":149,"label":"\u00d6rter"},{"value":146,"label":"Stressad &amp; Tr\u00f6tt"},{"value":1307,"label":"Synergos"}],"product_tag":[{"value":2622,"label":"\u00e5ngestlindring"},{"value":2623,"label":"anti-stress"},{"value":159,"label":"\u00e5terh\u00e4mtning"},{"value":1558,"label":"avslappning"},{"value":345,"label":"b6 vitamin"},{"value":1112,"label":"energi"},{"value":2502,"label":"Fokus"},{"value":2624,"label":"mental balans"},{"value":1574,"label":"Mental klarhet"},{"value":1639,"label":"Muskelavslappning"},{"value":2475,"label":"Naturligt tillskott"},{"value":1597,"label":"Nervh\u00e4lsa"},{"value":450,"label":"nervsystem"},{"value":2625,"label":"skonsamt st\u00f6d."},{"value":168,"label":"s\u00f6mnkvalitet"},{"value":1542,"label":"Stresshantering"},{"value":2604,"label":"v\u00e4lm\u00e5ende"}]},"featured_image_src_large":["https:\/\/vitaminbutiken.com\/wp-content\/uploads\/2025\/03\/336-Gaba-B6-Photoroom-e1771326530754-830x700.png",830,700,true],"author_info":[],"comment_info":0,"_links":{"self":[{"href":"https:\/\/vitaminbutiken.com\/en\/wp-json\/wp\/v2\/product\/10252","targetHints":{"allow":["GET"]}}],"collection":[{"href":"https:\/\/vitaminbutiken.com\/en\/wp-json\/wp\/v2\/product"}],"about":[{"href":"https:\/\/vitaminbutiken.com\/en\/wp-json\/wp\/v2\/types\/product"}],"replies":[{"embeddable":true,"href":"https:\/\/vitaminbutiken.com\/en\/wp-json\/wp\/v2\/comments?post=10252"}],"wp:featuredmedia":[{"embeddable":true,"href":"https:\/\/vitaminbutiken.com\/en\/wp-json\/wp\/v2\/media\/500103784"}],"wp:attachment":[{"href":"https:\/\/vitaminbutiken.com\/en\/wp-json\/wp\/v2\/media?parent=10252"}],"wp:term":[{"taxonomy":"product_brand","embeddable":true,"href":"https:\/\/vitaminbutiken.com\/en\/wp-json\/wp\/v2\/product_brand?post=10252"},{"taxonomy":"product_cat","embeddable":true,"href":"https:\/\/vitaminbutiken.com\/en\/wp-json\/wp\/v2\/product_cat?post=10252"},{"taxonomy":"product_tag","embeddable":true,"href":"https:\/\/vitaminbutiken.com\/en\/wp-json\/wp\/v2\/product_tag?post=10252"}],"curies":[{"name":"wp","href":"https:\/\/api.w.org\/{rel}","templated":true}]}}