{"id":10251,"date":"2025-03-19T16:23:56","date_gmt":"2025-03-19T14:23:56","guid":{"rendered":"https:\/\/vitaminbutiken.multi.fi\/?post_type=product&#038;p=10251"},"modified":"2026-04-08T11:05:56","modified_gmt":"2026-04-08T09:05:56","slug":"fytosteroler-120-kap","status":"publish","type":"product","link":"https:\/\/vitaminbutiken.com\/en\/produkt\/fytosteroler-120-kap\/","title":{"rendered":"Fytosteroler 120 kap"},"content":{"rendered":"<p data-start=\"0\" data-end=\"30\"><strong data-start=\"0\" data-end=\"28\">Fytosteroler 120 kapslar<\/strong><\/p>\n<p data-start=\"32\" data-end=\"386\">Fytosteroler \u00e4r naturliga v\u00e4xtsteroler som finns i frukt, gr\u00f6nsaker, n\u00f6tter och spannm\u00e5l. De har visat sig ha en positiv effekt p\u00e5 kolesterolniv\u00e5erna genom att bidra till att minska upptaget av kolesterol i tarmen. Detta g\u00f6r fytosteroler till ett popul\u00e4rt tillskott f\u00f6r dem som vill st\u00f6dja sin hj\u00e4rt-k\u00e4rlh\u00e4lsa och uppr\u00e4tth\u00e5lla normala kolesterolniv\u00e5er.<\/p>\n<p data-start=\"388\" data-end=\"831\">Varje dagsdos (2 kapslar) inneh\u00e5ller 2000 mg fytosteroler, vilket motsvarar en h\u00f6g och effektiv dos f\u00f6r optimal nytta. Fytosteroler fungerar genom att konkurrera med kolesterol i matsm\u00e4ltningssystemet, vilket minskar kroppens f\u00f6rm\u00e5ga att absorbera LDL-kolesterol (det &#8220;onda&#8221; kolesterolet). Studier har visat att ett regelbundet intag av fytosteroler kan bidra till att s\u00e4nka LDL-kolesterolniv\u00e5erna utan att p\u00e5verka det goda HDL-kolesterolet.<\/p>\n<p data-start=\"388\" data-end=\"831\"><strong>Dosering:\u00a0<\/strong>4 Kapslar per dag, uppdelat i tv\u00e5 intag, morgon och kv\u00e4ll.<\/p>\n<table style=\"height: 80px;\" border=\"1\" width=\"621\" cellspacing=\"0\" cellpadding=\"0\">\n<tbody>\n<tr>\n<td valign=\"top\" width=\"30%\"><strong>2 kapslar inneh\u00e5ller<\/strong><\/td>\n<td valign=\"top\" width=\"20%\"><strong> M\u00e4ngd<\/strong><\/td>\n<td valign=\"top\" width=\"30%\"><strong>%DRI*<\/strong><\/td>\n<\/tr>\n<tr>\n<td valign=\"top\" width=\"30%\">Fytosteroler<\/td>\n<td valign=\"top\" width=\"20%\">2 000 mg<\/td>\n<td valign=\"top\" width=\"20%\">**<\/td>\n<\/tr>\n<\/tbody>\n<\/table>\n<p><strong><em>*DRI \u00e4r dagligt referensintag. **DRI ej fastst\u00e4llt.\u00a0<\/em><\/strong><\/p>\n<p><strong>Ingredienser:\u00a0<\/strong>Fytosteroler, kapsel: vegetabilisk.<\/p>\n<p>Rekommenderad daglig dos b\u00f6r ej \u00f6verskridas.<br \/>\nKosttillskott ers\u00e4tter inte en varierad kost.<br \/>\nProdukten f\u00f6rvaras o\u00e5tkomligt f\u00f6r sm\u00e5 barn.<\/p>\n","protected":false},"excerpt":{"rendered":"<p>Fytosteroler \u00e4r naturliga v\u00e4xtsteroler som finns i frukt, gr\u00f6nsaker, n\u00f6tter och spannm\u00e5l. De har visat sig ha en positiv effekt p\u00e5 kolesterolniv\u00e5erna.<\/p>\n<ul>\n<li data-start=\"955\" data-end=\"1038\">Naturligt v\u00e4xtbaserat tillskott med bepr\u00f6vade effekter p\u00e5 hj\u00e4rt-k\u00e4rlh\u00e4lsan.<\/li>\n<li data-start=\"1039\" data-end=\"1096\">H\u00f6g dos \u2013 2000 mg per dagsdos f\u00f6r optimal effekt.<\/li>\n<li data-start=\"1097\" data-end=\"1150\">Enkel att anv\u00e4nda \u2013 endast 2 kapslar per dag.<\/li>\n<\/ul>\n<p><strong>120 kapslar<\/strong><\/p>\n","protected":false},"featured_media":500102836,"comment_status":"open","ping_status":"closed","template":"","meta":{"_kad_blocks_custom_css":"","_kad_blocks_head_custom_js":"","_kad_blocks_body_custom_js":"","_kad_blocks_footer_custom_js":"","_kadence_starter_templates_imported_post":false,"_kad_post_transparent":"default","_kad_post_title":"","_kad_post_layout":"default","_kad_post_sidebar_id":"","_kad_post_content_style":"default","_kad_post_vertical_padding":"default","_kad_post_feature":"","_kad_post_feature_position":"","_kad_post_header":false,"_kad_post_footer":false,"_kad_post_classname":""},"product_brand":[],"product_cat":[1293,1393],"product_tag":[2439,205,1038,1463,2619,2601,2317,2620,1648,1028,2019,2621,2475,2604,1996,2315],"class_list":{"0":"post-10251","1":"product","2":"type-product","3":"status-publish","4":"has-post-thumbnail","6":"product_cat-evp-nutrition","7":"product_cat-ovriga-kosttillskott","8":"product_tag-antiinflammatoriskt","9":"product_tag-antioxidant","10":"product_tag-blodtryck","11":"product_tag-fettmetabolism","12":"product_tag-fettupptag","13":"product_tag-hallbart","14":"product_tag-halsa","15":"product_tag-hjartfunktion","16":"product_tag-hjarthalsa","17":"product_tag-immunforsvar","18":"product_tag-kolesterolbalans","19":"product_tag-kolesterolreduktion","20":"product_tag-naturligt-tillskott","21":"product_tag-valmaende","22":"product_tag-vaxtbaserat","23":"product_tag-vaxtsteroler","25":"first","26":"instock","27":"taxable","28":"shipping-taxable","29":"purchasable","30":"product-type-simple","31":"entry","32":"content-bg","33":"loop-entry"},"taxonomy_info":{"product_cat":[{"value":1293,"label":"EVP Nutrition"},{"value":1393,"label":"\u00d6vriga kosttillskott"}],"product_tag":[{"value":2439,"label":"antiinflammatoriskt"},{"value":205,"label":"antioxidant"},{"value":1038,"label":"blodtryck"},{"value":1463,"label":"fettmetabolism"},{"value":2619,"label":"fettupptag"},{"value":2601,"label":"h\u00e5llbart"},{"value":2317,"label":"H\u00e4lsa"},{"value":2620,"label":"hj\u00e4rtfunktion"},{"value":1648,"label":"hj\u00e4rth\u00e4lsa"},{"value":1028,"label":"immunf\u00f6rsvar"},{"value":2019,"label":"kolesterolbalans"},{"value":2621,"label":"kolesterolreduktion"},{"value":2475,"label":"Naturligt tillskott"},{"value":2604,"label":"v\u00e4lm\u00e5ende"},{"value":1996,"label":"v\u00e4xtbaserat"},{"value":2315,"label":"V\u00e4xtsteroler"}]},"featured_image_src_large":["https:\/\/vitaminbutiken.com\/wp-content\/uploads\/2025\/03\/Fytosteroler-Photoroom-e1762947601573-897x700.png",897,700,true],"author_info":[],"comment_info":0,"_links":{"self":[{"href":"https:\/\/vitaminbutiken.com\/en\/wp-json\/wp\/v2\/product\/10251","targetHints":{"allow":["GET"]}}],"collection":[{"href":"https:\/\/vitaminbutiken.com\/en\/wp-json\/wp\/v2\/product"}],"about":[{"href":"https:\/\/vitaminbutiken.com\/en\/wp-json\/wp\/v2\/types\/product"}],"replies":[{"embeddable":true,"href":"https:\/\/vitaminbutiken.com\/en\/wp-json\/wp\/v2\/comments?post=10251"}],"wp:featuredmedia":[{"embeddable":true,"href":"https:\/\/vitaminbutiken.com\/en\/wp-json\/wp\/v2\/media\/500102836"}],"wp:attachment":[{"href":"https:\/\/vitaminbutiken.com\/en\/wp-json\/wp\/v2\/media?parent=10251"}],"wp:term":[{"taxonomy":"product_brand","embeddable":true,"href":"https:\/\/vitaminbutiken.com\/en\/wp-json\/wp\/v2\/product_brand?post=10251"},{"taxonomy":"product_cat","embeddable":true,"href":"https:\/\/vitaminbutiken.com\/en\/wp-json\/wp\/v2\/product_cat?post=10251"},{"taxonomy":"product_tag","embeddable":true,"href":"https:\/\/vitaminbutiken.com\/en\/wp-json\/wp\/v2\/product_tag?post=10251"}],"curies":[{"name":"wp","href":"https:\/\/api.w.org\/{rel}","templated":true}]}}