{"id":10250,"date":"2025-03-19T16:23:56","date_gmt":"2025-03-19T14:23:56","guid":{"rendered":"https:\/\/vitaminbutiken.multi.fi\/?post_type=product&#038;p=10250"},"modified":"2026-04-10T12:10:57","modified_gmt":"2026-04-10T10:10:57","slug":"vitamin-d3","status":"publish","type":"product","link":"https:\/\/vitaminbutiken.com\/en\/produkt\/vitamin-d3\/","title":{"rendered":"Vitamin D3, 50 \u00b5g"},"content":{"rendered":"<p data-start=\"0\" data-end=\"21\"><strong data-start=\"0\" data-end=\"19\">Vitamin D 50 \u00b5g<\/strong><\/p>\n<p data-start=\"23\" data-end=\"383\"><a href=\"https:\/\/vitaminbutiken.com\/shop\/?filter_product_cat=1088\">Vitamin D<\/a> \u00e4r en essentiell vitamin som spelar en avg\u00f6rande roll f\u00f6r h\u00e4lsan. Det bidrar till ett normalt immunsystem, st\u00e4rker benstommen och t\u00e4nderna samt hj\u00e4lper kroppen att uppr\u00e4tth\u00e5lla en normal muskelfunktion. Eftersom kroppen producerar vitamin D n\u00e4r huden exponeras f\u00f6r solljus, kan brist uppst\u00e5 under m\u00f6rkare \u00e5rstider eller vid begr\u00e4nsad solexponering.<\/p>\n<p data-start=\"385\" data-end=\"648\">Denna produkt inneh\u00e5ller 50 \u00b5g (2000 IE) vitamin D per kapsel, vilket ger en h\u00f6g och effektiv dos f\u00f6r att s\u00e4kerst\u00e4lla ett optimalt intag. Vitamin D \u00e4r s\u00e4rskilt viktigt f\u00f6r \u00e4ldre, personer som spenderar lite tid utomhus och de som vill st\u00e4rka sitt immunf\u00f6rsvar.<\/p>\n<p>Vitamin D bidrar till:<\/p>\n<ul>\n<li>normalt upptag\/utnyttjande av kalcium och fosfor<\/li>\n<li>normala kalciumniv\u00e5er i blodet<\/li>\n<li>att bibeh\u00e5lla normal benstomme<\/li>\n<li>att bibeh\u00e5lla normala t\u00e4nder<\/li>\n<li>immunsystemets normala funktion<\/li>\n<li>har en roll i celldelningsprocessen<\/li>\n<\/ul>\n<p><strong>Dosering:\u00a0<\/strong>1 kapsel dagligen i samband med m\u00e5ltid.<\/p>\n<table style=\"height: 80px;\" border=\"1\" width=\"621\" cellspacing=\"0\" cellpadding=\"0\">\n<tbody>\n<tr>\n<td valign=\"top\" width=\"30%\"><strong>1 kapsel inneh\u00e5ller<\/strong><\/td>\n<td valign=\"top\" width=\"20%\"><strong> M\u00e4ngd<\/strong><\/td>\n<td valign=\"top\" width=\"30%\"><strong>%DRI*<\/strong><\/td>\n<\/tr>\n<tr>\n<td valign=\"top\" width=\"30%\">Vitamin D3<\/td>\n<td valign=\"top\" width=\"20%\">50 \u00b5g<\/td>\n<td valign=\"top\" width=\"20%\">1000 %<\/td>\n<\/tr>\n<\/tbody>\n<\/table>\n<p><strong><em>*DRI \u00e4r dagligt referensintag.<\/em><\/strong><\/p>\n<p><strong>Ingredienser:<\/strong>Fyllnadsmedel (rispulver), vitamin D3 (kolekalciferol), klumpf\u00f6rebyggande medel, (magnesiumsalter av fettsyror, kiseldioxid), kapsel (hydroxipropylmetylcellulosa).<\/p>\n<p>Rekommenderad daglig dos b\u00f6r ej \u00f6verskridas.<br \/>\nKosttillskott ers\u00e4tter inte en varierad kost.<br \/>\nProdukten f\u00f6rvaras o\u00e5tkomligt f\u00f6r sm\u00e5 barn.<\/p>\n<p>&nbsp;<\/p>\n","protected":false},"excerpt":{"rendered":"<p>Naturligt vitamin D3, 50 mcg per kapsel.<\/p>\n<p><strong>60 kapslar<\/strong><\/p>\n<p>&nbsp;<\/p>\n","protected":false},"featured_media":500103554,"comment_status":"open","ping_status":"closed","template":"","meta":{"_kad_blocks_custom_css":"","_kad_blocks_head_custom_js":"","_kad_blocks_body_custom_js":"","_kad_blocks_footer_custom_js":"","_kadence_starter_templates_imported_post":false,"_kad_post_transparent":"default","_kad_post_title":"","_kad_post_layout":"default","_kad_post_sidebar_id":"","_kad_post_content_style":"default","_kad_post_vertical_padding":"default","_kad_post_feature":"","_kad_post_feature_position":"","_kad_post_header":false,"_kad_post_footer":false,"_kad_post_classname":""},"product_brand":[],"product_cat":[1088,1293,155],"product_tag":[],"class_list":{"0":"post-10250","1":"product","2":"type-product","3":"status-publish","4":"has-post-thumbnail","6":"product_cat-d-vitamin","7":"product_cat-evp-nutrition","8":"product_cat-vitaminer","10":"first","11":"instock","12":"taxable","13":"shipping-taxable","14":"purchasable","15":"product-type-simple","16":"entry","17":"content-bg","18":"loop-entry"},"taxonomy_info":{"product_cat":[{"value":1088,"label":"D-vitamin"},{"value":1293,"label":"EVP Nutrition"},{"value":155,"label":"Vitaminer"}]},"featured_image_src_large":["https:\/\/vitaminbutiken.com\/wp-content\/uploads\/2025\/03\/222-Vitamin-D3-Photoroom-e1769687529444-763x700.png",763,700,true],"author_info":[],"comment_info":0,"_links":{"self":[{"href":"https:\/\/vitaminbutiken.com\/en\/wp-json\/wp\/v2\/product\/10250","targetHints":{"allow":["GET"]}}],"collection":[{"href":"https:\/\/vitaminbutiken.com\/en\/wp-json\/wp\/v2\/product"}],"about":[{"href":"https:\/\/vitaminbutiken.com\/en\/wp-json\/wp\/v2\/types\/product"}],"replies":[{"embeddable":true,"href":"https:\/\/vitaminbutiken.com\/en\/wp-json\/wp\/v2\/comments?post=10250"}],"wp:featuredmedia":[{"embeddable":true,"href":"https:\/\/vitaminbutiken.com\/en\/wp-json\/wp\/v2\/media\/500103554"}],"wp:attachment":[{"href":"https:\/\/vitaminbutiken.com\/en\/wp-json\/wp\/v2\/media?parent=10250"}],"wp:term":[{"taxonomy":"product_brand","embeddable":true,"href":"https:\/\/vitaminbutiken.com\/en\/wp-json\/wp\/v2\/product_brand?post=10250"},{"taxonomy":"product_cat","embeddable":true,"href":"https:\/\/vitaminbutiken.com\/en\/wp-json\/wp\/v2\/product_cat?post=10250"},{"taxonomy":"product_tag","embeddable":true,"href":"https:\/\/vitaminbutiken.com\/en\/wp-json\/wp\/v2\/product_tag?post=10250"}],"curies":[{"name":"wp","href":"https:\/\/api.w.org\/{rel}","templated":true}]}}