{"id":10249,"date":"2025-03-19T16:23:56","date_gmt":"2025-03-19T14:23:56","guid":{"rendered":"https:\/\/vitaminbutiken.multi.fi\/?post_type=product&#038;p=10249"},"modified":"2026-04-09T11:01:45","modified_gmt":"2026-04-09T09:01:45","slug":"dao-enzym-plus","status":"publish","type":"product","link":"https:\/\/vitaminbutiken.com\/en\/produkt\/dao-enzym-plus\/","title":{"rendered":"DAO enzym Plus, 60 kap"},"content":{"rendered":"<h4 data-start=\"0\" data-end=\"20\"><strong data-start=\"0\" data-end=\"18\">DAO Enzym PLUS<\/strong><\/h4>\n<p data-start=\"22\" data-end=\"482\">DAO Enzym PLUS \u00e4r ett avancerat kosttillskott som ger en h\u00f6gre dos diaminoxidas (DAO) f\u00f6r att ge ett \u00e4nnu starkare st\u00f6d vid histaminintolerans. Histamin \u00e4r en naturlig f\u00f6rening som finns i m\u00e5nga livsmedel och produceras av kroppen, men vissa personer har en nedsatt f\u00f6rm\u00e5ga att bryta ner histamin p\u00e5 grund av brist p\u00e5 DAO-enzym. Detta kan leda till symtom som matsm\u00e4ltningsbesv\u00e4r, hudreaktioner, huvudv\u00e4rk och allergiliknande symtom.<\/p>\n<p data-start=\"22\" data-end=\"482\">DAO Plus ger en h\u00f6gre dos av DAO-enzym och bidrar till att minska histaminrelaterade besv\u00e4r.<\/p>\n<ul data-start=\"730\" data-end=\"1139\">\n<li data-start=\"730\" data-end=\"825\"><strong data-start=\"732\" data-end=\"755\">Diaminoxidas (DAO):<\/strong> Det huvudsakliga enzymet som bryter ner histamin i mag-tarmkanalen.<\/li>\n<\/ul>\n<p>N\u00e4r du intar DAO Enzym PLUS i samband med m\u00e5ltider, tillf\u00f6r du kroppen extra DAO-enzym, vilket kan hj\u00e4lpa till att bryta ner histamin innan det absorberas i tarmen.<\/p>\n<h4><strong>Dosering:\u00a0<\/strong>1 kapsel 1-3 ggr dagligen i samband med m\u00e5ltid.<\/h4>\n<table style=\"height: 80px;\" border=\"1\" width=\"621\" cellspacing=\"0\" cellpadding=\"0\">\n<tbody>\n<tr>\n<td valign=\"top\" width=\"30%\"><strong>1 kapsel inneh\u00e5ller<\/strong><\/td>\n<td valign=\"top\" width=\"20%\"><strong> M\u00e4ngd<\/strong><\/td>\n<td valign=\"top\" width=\"30%\"><strong>%DRI*<\/strong><\/td>\n<\/tr>\n<tr>\n<td valign=\"top\" width=\"30%\">\u00c4rtgroddextrakt<\/p>\n<p><strong>Dao-enzym aktivitet 536,4 mu\/g<\/strong><\/td>\n<td valign=\"top\" width=\"20%\">125 mg<\/td>\n<td valign=\"top\" width=\"20%\">**<\/td>\n<\/tr>\n<\/tbody>\n<\/table>\n<p><strong><em>*DRI (dagligt referensintag) ej fastst\u00e4llt.\u00a0<\/em><\/strong><\/p>\n<p><strong>Ingredienser: <\/strong>Diaminoxidas pulver fr\u00e5n \u00e4rtgroddextrakt, fyllnadsmedel (inulin), kapsel (hydroxipropylmetylcellulosa).<\/p>\n<p>Rekommenderad daglig dos b\u00f6r ej \u00f6verskridas.<br \/>\nKosttillskott ers\u00e4tter inte en varierad kost.<br \/>\nProdukten f\u00f6rvaras o\u00e5tkomligt f\u00f6r sm\u00e5 barn.<\/p>\n","protected":false},"excerpt":{"rendered":"<p>\u2714\ufe0f St\u00f6djer effektiv nedbrytning av histamin fr\u00e5n maten.<br data-start=\"1231\" data-end=\"1234\" \/>\u2714\ufe0f Kan hj\u00e4lpa vid symtom som huvudv\u00e4rk, matsm\u00e4ltningsproblem, n\u00e4st\u00e4ppa och hudreaktioner.<br data-start=\"1401\" data-end=\"1404\" \/>\u2714\ufe0f Passar personer med histaminintolerans och k\u00e4nslighet f\u00f6r histaminrika livsmedel.<br data-start=\"1488\" data-end=\"1491\" \/>\u2714\ufe0f Praktiska kapslar som tas f\u00f6re m\u00e5ltid f\u00f6r b\u00e4sta effekt.<\/p>\n<h5><strong>60 kapslar<\/strong><\/h5>\n","protected":false},"featured_media":500102691,"comment_status":"open","ping_status":"closed","template":"","meta":{"_kad_blocks_custom_css":"","_kad_blocks_head_custom_js":"","_kad_blocks_body_custom_js":"","_kad_blocks_footer_custom_js":"","_kadence_starter_templates_imported_post":false,"_kad_post_transparent":"default","_kad_post_title":"","_kad_post_layout":"default","_kad_post_sidebar_id":"","_kad_post_content_style":"default","_kad_post_vertical_padding":"default","_kad_post_feature":"","_kad_post_feature_position":"","_kad_post_header":false,"_kad_post_footer":false,"_kad_post_classname":""},"product_brand":[],"product_cat":[176,431,2819,1307],"product_tag":[2618,790,2606,1112,2613,2601,2614,2483,1153,2615,2616,1232,2059,2617,2475,2045,2305,2604],"class_list":{"0":"post-10249","1":"product","2":"type-product","3":"status-publish","4":"has-post-thumbnail","6":"product_cat-immunforsvar","7":"product_cat-mage-tarm","8":"product_cat-matsmaltningsenzymer","9":"product_cat-synergos","10":"product_tag-allergivanligt","11":"product_tag-balans","12":"product_tag-detox","13":"product_tag-energi","14":"product_tag-enzymstod","15":"product_tag-hallbart","16":"product_tag-histaminintolerans","17":"product_tag-immunsystem","18":"product_tag-inflammation","19":"product_tag-kanslig-mage","20":"product_tag-magkomfort","21":"product_tag-matsmaltning","22":"product_tag-metabolism","23":"product_tag-naringsupptag","24":"product_tag-naturligt-tillskott","25":"product_tag-tarmhalsa","26":"product_tag-uppblasthet","27":"product_tag-valmaende","29":"first","30":"instock","31":"taxable","32":"shipping-taxable","33":"purchasable","34":"product-type-simple","35":"entry","36":"content-bg","37":"loop-entry"},"taxonomy_info":{"product_cat":[{"value":176,"label":"Immunf\u00f6rsvar"},{"value":431,"label":"Mage &amp; Tarm"},{"value":2819,"label":"Matsm\u00e4ltningsenzymer"},{"value":1307,"label":"Synergos"}],"product_tag":[{"value":2618,"label":"allergiv\u00e4nligt"},{"value":790,"label":"balans"},{"value":2606,"label":"detox"},{"value":1112,"label":"energi"},{"value":2613,"label":"enzymst\u00f6d"},{"value":2601,"label":"h\u00e5llbart"},{"value":2614,"label":"histaminintolerans"},{"value":2483,"label":"immunsystem"},{"value":1153,"label":"inflammation"},{"value":2615,"label":"k\u00e4nslig mage."},{"value":2616,"label":"magkomfort"},{"value":1232,"label":"matsm\u00e4ltning"},{"value":2059,"label":"metabolism"},{"value":2617,"label":"n\u00e4ringsupptag"},{"value":2475,"label":"Naturligt tillskott"},{"value":2045,"label":"tarmh\u00e4lsa"},{"value":2305,"label":"uppbl\u00e5sthet"},{"value":2604,"label":"v\u00e4lm\u00e5ende"}]},"featured_image_src_large":["https:\/\/vitaminbutiken.com\/wp-content\/uploads\/2025\/03\/Dao-Plus-enzym-Photoroom-1-scaled-e1761025007658-1365x700.png",1365,700,true],"author_info":[],"comment_info":0,"_links":{"self":[{"href":"https:\/\/vitaminbutiken.com\/en\/wp-json\/wp\/v2\/product\/10249","targetHints":{"allow":["GET"]}}],"collection":[{"href":"https:\/\/vitaminbutiken.com\/en\/wp-json\/wp\/v2\/product"}],"about":[{"href":"https:\/\/vitaminbutiken.com\/en\/wp-json\/wp\/v2\/types\/product"}],"replies":[{"embeddable":true,"href":"https:\/\/vitaminbutiken.com\/en\/wp-json\/wp\/v2\/comments?post=10249"}],"wp:featuredmedia":[{"embeddable":true,"href":"https:\/\/vitaminbutiken.com\/en\/wp-json\/wp\/v2\/media\/500102691"}],"wp:attachment":[{"href":"https:\/\/vitaminbutiken.com\/en\/wp-json\/wp\/v2\/media?parent=10249"}],"wp:term":[{"taxonomy":"product_brand","embeddable":true,"href":"https:\/\/vitaminbutiken.com\/en\/wp-json\/wp\/v2\/product_brand?post=10249"},{"taxonomy":"product_cat","embeddable":true,"href":"https:\/\/vitaminbutiken.com\/en\/wp-json\/wp\/v2\/product_cat?post=10249"},{"taxonomy":"product_tag","embeddable":true,"href":"https:\/\/vitaminbutiken.com\/en\/wp-json\/wp\/v2\/product_tag?post=10249"}],"curies":[{"name":"wp","href":"https:\/\/api.w.org\/{rel}","templated":true}]}}