{"id":10248,"date":"2025-03-19T16:23:55","date_gmt":"2025-03-19T14:23:55","guid":{"rendered":"https:\/\/vitaminbutiken.multi.fi\/?post_type=product&#038;p=10248"},"modified":"2026-04-10T12:11:00","modified_gmt":"2026-04-10T10:11:00","slug":"dao-enzym","status":"publish","type":"product","link":"https:\/\/vitaminbutiken.com\/en\/produkt\/dao-enzym\/","title":{"rendered":"DAO enzym, 60 kap"},"content":{"rendered":"<h2 data-start=\"17\" data-end=\"380\"><strong>DAO enzym<\/strong><\/h2>\n<p data-start=\"17\" data-end=\"380\">DAO (Diaminoxidas) \u00e4r ett enzym som spelar en viktig roll i <a href=\"https:\/\/vitaminbutiken.com\/shop\/?filter_product_cat=750\">nedbrytningen av histamin<\/a> i kroppen. Histamin finns naturligt i m\u00e5nga livsmedel och produceras \u00e4ven av kroppen, men vissa personer har en nedsatt f\u00f6rm\u00e5ga att bryta ner det, vilket kan leda till histaminintolerans. Detta kan orsaka symtom som matsm\u00e4ltningsbesv\u00e4r, huvudv\u00e4rk, hudreaktioner och n\u00e4st\u00e4ppa.<\/p>\n<p data-start=\"382\" data-end=\"732\"><strong data-start=\"382\" data-end=\"395\">DAO Enzym<\/strong> \u00e4r ett kosttillskott som inneh\u00e5ller h\u00f6gkvalitativt diaminoxidas, utvunnet fr\u00e5n naturliga k\u00e4llor. Det \u00e4r speciellt utformat f\u00f6r att st\u00f6dja histaminmetabolismen och minska besv\u00e4r relaterade till histaminintolerans. Genom att ta DAO f\u00f6re m\u00e5ltider kan enzymet hj\u00e4lpa till att bryta ner histamin fr\u00e5n kosten innan det absorberas i kroppen<\/p>\n<h4 data-start=\"382\" data-end=\"732\"><strong>Dosering:\u00a0<\/strong>1 kapsel 1-3 ggr per dag i samband med histamininneh\u00e5llande m\u00e5ltid.<\/h4>\n<table style=\"height: 80px;\" border=\"1\" width=\"621\" cellspacing=\"0\" cellpadding=\"0\">\n<tbody>\n<tr>\n<td valign=\"top\" width=\"30%\"><strong>1 kapsel inneh\u00e5ller<\/strong><\/td>\n<td valign=\"top\" width=\"20%\"><strong> M\u00e4ngd<\/strong><\/td>\n<td valign=\"top\" width=\"30%\"><strong>%DRI*<\/strong><\/td>\n<\/tr>\n<tr>\n<td valign=\"top\" width=\"30%\">\u00c4rtgroddextrakt<\/p>\n<p><strong>DAO-enzym aktivitet: 536,4 mu\/g<\/strong><\/td>\n<td valign=\"top\" width=\"20%\">1,25 mg<\/td>\n<td valign=\"top\" width=\"20%\">**<\/td>\n<\/tr>\n<\/tbody>\n<\/table>\n<h4><strong><em>**DRI (dagligt referensintag) ej fastst\u00e4llt.\u00a0<\/em><\/strong><\/h4>\n<p><strong>Ingredienser:\u00a0<\/strong>Diaminoxidas pulver fr\u00e5n \u00e4rtgroddextrakt, fyllnadsmedel (inulin), kapsel (hydroxypropylmetylcellulose).<br \/>\n<strong>Time release kapsel<\/strong><\/p>\n<p>Rekommenderad daglig dos b\u00f6r ej \u00f6verskridas.<br \/>\nKosttillskott ers\u00e4tter inte en varierad kost.<br \/>\nProdukten f\u00f6rvaras o\u00e5tkomligt f\u00f6r sm\u00e5 barn.<\/p>\n<p>&nbsp;<\/p>\n","protected":false},"excerpt":{"rendered":"<ul>\n<li data-start=\"768\" data-end=\"857\">St\u00f6djer histaminmetabolismen \u2013 hj\u00e4lper kroppen att bryta ner histamin fr\u00e5n maten.<\/li>\n<li data-start=\"858\" data-end=\"973\">Kan minska besv\u00e4r relaterade till histaminintolerans \u2013 s\u00e5som matsm\u00e4ltningsproblem, hudutslag och huvudv\u00e4rk.<\/li>\n<li data-start=\"974\" data-end=\"1071\">Naturlig och effektiv formel \u2013 inneh\u00e5ller biologiskt aktivt DAO-enzym f\u00f6r optimal verkan.<\/li>\n<li data-start=\"1072\" data-end=\"1163\">Enkel att anv\u00e4nda \u2013 tas f\u00f6re m\u00e5ltider f\u00f6r att st\u00f6dja histaminoms\u00e4ttningen i tarmen.<\/li>\n<\/ul>\n<h4><strong>60 kapslar (time release kapsel)<\/strong><\/h4>\n","protected":false},"featured_media":500102694,"comment_status":"open","ping_status":"closed","template":"","meta":{"_kad_blocks_custom_css":"","_kad_blocks_head_custom_js":"","_kad_blocks_body_custom_js":"","_kad_blocks_footer_custom_js":"","_kadence_starter_templates_imported_post":false,"_kad_post_transparent":"default","_kad_post_title":"","_kad_post_layout":"default","_kad_post_sidebar_id":"","_kad_post_content_style":"default","_kad_post_vertical_padding":"default","_kad_post_feature":"","_kad_post_feature_position":"","_kad_post_header":false,"_kad_post_footer":false,"_kad_post_classname":""},"product_brand":[],"product_cat":[176,431,2819,1307],"product_tag":[294,790,2613,2601,2614,2483,1153,2615,2616,1232,2059,2617,2475,2045,2305,2604],"class_list":{"0":"post-10248","1":"product","2":"type-product","3":"status-publish","4":"has-post-thumbnail","6":"product_cat-immunforsvar","7":"product_cat-mage-tarm","8":"product_cat-matsmaltningsenzymer","9":"product_cat-synergos","10":"product_tag-allergier","11":"product_tag-balans","12":"product_tag-enzymstod","13":"product_tag-hallbart","14":"product_tag-histaminintolerans","15":"product_tag-immunsystem","16":"product_tag-inflammation","17":"product_tag-kanslig-mage","18":"product_tag-magkomfort","19":"product_tag-matsmaltning","20":"product_tag-metabolism","21":"product_tag-naringsupptag","22":"product_tag-naturligt-tillskott","23":"product_tag-tarmhalsa","24":"product_tag-uppblasthet","25":"product_tag-valmaende","27":"first","28":"instock","29":"taxable","30":"shipping-taxable","31":"purchasable","32":"product-type-simple","33":"entry","34":"content-bg","35":"loop-entry"},"taxonomy_info":{"product_cat":[{"value":176,"label":"Immunf\u00f6rsvar"},{"value":431,"label":"Mage &amp; Tarm"},{"value":2819,"label":"Matsm\u00e4ltningsenzymer"},{"value":1307,"label":"Synergos"}],"product_tag":[{"value":294,"label":"allergier"},{"value":790,"label":"balans"},{"value":2613,"label":"enzymst\u00f6d"},{"value":2601,"label":"h\u00e5llbart"},{"value":2614,"label":"histaminintolerans"},{"value":2483,"label":"immunsystem"},{"value":1153,"label":"inflammation"},{"value":2615,"label":"k\u00e4nslig mage."},{"value":2616,"label":"magkomfort"},{"value":1232,"label":"matsm\u00e4ltning"},{"value":2059,"label":"metabolism"},{"value":2617,"label":"n\u00e4ringsupptag"},{"value":2475,"label":"Naturligt tillskott"},{"value":2045,"label":"tarmh\u00e4lsa"},{"value":2305,"label":"uppbl\u00e5sthet"},{"value":2604,"label":"v\u00e4lm\u00e5ende"}]},"featured_image_src_large":["https:\/\/vitaminbutiken.com\/wp-content\/uploads\/2025\/03\/Dao-enzym-Photoroom-1-scaled-e1761025081842-1440x700.png",1440,700,true],"author_info":[],"comment_info":0,"_links":{"self":[{"href":"https:\/\/vitaminbutiken.com\/en\/wp-json\/wp\/v2\/product\/10248","targetHints":{"allow":["GET"]}}],"collection":[{"href":"https:\/\/vitaminbutiken.com\/en\/wp-json\/wp\/v2\/product"}],"about":[{"href":"https:\/\/vitaminbutiken.com\/en\/wp-json\/wp\/v2\/types\/product"}],"replies":[{"embeddable":true,"href":"https:\/\/vitaminbutiken.com\/en\/wp-json\/wp\/v2\/comments?post=10248"}],"wp:featuredmedia":[{"embeddable":true,"href":"https:\/\/vitaminbutiken.com\/en\/wp-json\/wp\/v2\/media\/500102694"}],"wp:attachment":[{"href":"https:\/\/vitaminbutiken.com\/en\/wp-json\/wp\/v2\/media?parent=10248"}],"wp:term":[{"taxonomy":"product_brand","embeddable":true,"href":"https:\/\/vitaminbutiken.com\/en\/wp-json\/wp\/v2\/product_brand?post=10248"},{"taxonomy":"product_cat","embeddable":true,"href":"https:\/\/vitaminbutiken.com\/en\/wp-json\/wp\/v2\/product_cat?post=10248"},{"taxonomy":"product_tag","embeddable":true,"href":"https:\/\/vitaminbutiken.com\/en\/wp-json\/wp\/v2\/product_tag?post=10248"}],"curies":[{"name":"wp","href":"https:\/\/api.w.org\/{rel}","templated":true}]}}