{"id":10247,"date":"2025-03-19T16:23:55","date_gmt":"2025-03-19T14:23:55","guid":{"rendered":"https:\/\/vitaminbutiken.multi.fi\/?post_type=product&#038;p=10247"},"modified":"2026-04-07T09:52:58","modified_gmt":"2026-04-07T07:52:58","slug":"c-vitamin-plus-250g-ditt-stod-for-immunsystemet","status":"publish","type":"product","link":"https:\/\/vitaminbutiken.com\/en\/produkt\/c-vitamin-plus-250g-ditt-stod-for-immunsystemet\/","title":{"rendered":"C-Vitamin Plus, 250g"},"content":{"rendered":"<h4><strong>Vitamin C Plus &#8211; 250g<\/strong><\/h4>\n<p data-start=\"30\" data-end=\"278\">Vitamin C \u00e4r en essentiell <a href=\"https:\/\/vitaminbutiken.com\/shop\/?filter_product_cat=155\">vitamin<\/a> med flera viktiga funktioner i kroppen. Det bidrar till immunsystemets normala funktion, hj\u00e4lper till att skydda cellerna mot oxidativ stress och fr\u00e4mjar normal kollagenbildning f\u00f6r hud, brosk, ben och blodk\u00e4rl.<\/p>\n<p data-start=\"560\" data-end=\"850\">F\u00f6rutom att st\u00e4rka immunf\u00f6rsvaret kan C-vitamin bidra till att minska tr\u00f6tthet och utmattning samt f\u00f6rb\u00e4ttra upptaget av j\u00e4rn fr\u00e5n kosten. Det \u00e4r \u00e4ven en viktig komponent f\u00f6r hudens och bindv\u00e4vens h\u00e4lsa, eftersom det st\u00f6djer kollagenproduktionen och skyddar huden mot yttre p\u00e5frestningar.<\/p>\n<ul>\n<li data-start=\"887\" data-end=\"931\">St\u00f6djer immunsystemets normala funktion.<\/li>\n<li data-start=\"932\" data-end=\"999\">Kraftfull antioxidant som skyddar cellerna mot oxidativ stress.<\/li>\n<li data-start=\"1000\" data-end=\"1063\">Fr\u00e4mjar kollagenbildning f\u00f6r frisk hud, leder och blodk\u00e4rl.<\/li>\n<li data-start=\"1064\" data-end=\"1115\">Kan minska tr\u00f6tthet och f\u00f6rb\u00e4ttra j\u00e4rnupptaget.<\/li>\n<li data-start=\"1116\" data-end=\"1174\">Pulverform f\u00f6r flexibel dosering och enkel anv\u00e4ndning.<\/li>\n<\/ul>\n<h4 data-start=\"560\" data-end=\"850\"><strong>Dosering: <\/strong>1 Kryddm\u00e5tt per dag i samband med m\u00e5ltid.<\/h4>\n<table style=\"height: 80px;\" border=\"1\" width=\"621\" cellspacing=\"0\" cellpadding=\"0\">\n<tbody>\n<tr>\n<td valign=\"top\" width=\"30%\"><strong>1 kryddm\u00e5tt inneh\u00e5ller<\/strong><\/td>\n<td valign=\"top\" width=\"20%\"><strong> M\u00e4ngd<\/strong><\/td>\n<td valign=\"top\" width=\"30%\"><strong>%DRI*<\/strong><\/td>\n<\/tr>\n<tr>\n<td valign=\"top\" width=\"30%\">Vitamin C<\/td>\n<td valign=\"top\" width=\"20%\">1000 mg<\/td>\n<td valign=\"top\" width=\"20%\">1250 %<\/td>\n<\/tr>\n<tr>\n<td valign=\"top\" width=\"30%\">Kalcium<\/td>\n<td valign=\"top\" width=\"20%\">50 mg<\/td>\n<td valign=\"top\" width=\"20%\">6,25 %<\/td>\n<\/tr>\n<tr>\n<td valign=\"top\" width=\"30%\">Natrium<\/td>\n<td valign=\"top\" width=\"20%\">50 mg<\/td>\n<td valign=\"top\" width=\"20%\">**<\/td>\n<\/tr>\n<tr>\n<td valign=\"top\" width=\"30%\">Citrusbioflavonoider<\/td>\n<td valign=\"top\" width=\"20%\">36 mg<\/td>\n<td valign=\"top\" width=\"20%\">**<\/td>\n<\/tr>\n<tr>\n<td valign=\"top\" width=\"30%\">Zink<\/td>\n<td valign=\"top\" width=\"20%\">4 mg<\/td>\n<td valign=\"top\" width=\"20%\">40 %<\/td>\n<\/tr>\n<\/tbody>\n<\/table>\n<p><strong><em>*DRI \u00e4r dagligt referensintag. **DRI ej fastst\u00e4llt.<\/em><\/strong><\/p>\n<p><strong>Ingredienser:<\/strong> Vitamin C (kalcium- och natriumaskorbat), citrusbioflavonoider (extrakt av citrus aurantium l., frukt), zink (zinkcitrat).<\/p>\n<p>Rekommenderad daglig dos b\u00f6r ej \u00f6verskridas.<br \/>\nKosttillskott ers\u00e4tter inte en varierad kost.<br \/>\nProdukten f\u00f6rvaras o\u00e5tkomligt f\u00f6r sm\u00e5 barn.<\/p>\n","protected":false},"excerpt":{"rendered":"<p><strong data-start=\"280\" data-end=\"298\">Vitamin C Plus<\/strong> inneh\u00e5ller en h\u00f6gkvalitativ form av C-vitamin i pulverform, vilket g\u00f6r det enkelt att dosera och blanda i valfri v\u00e4tska. Produkten \u00e4r idealisk f\u00f6r dem som vill st\u00f6dja sitt immunf\u00f6rsvar, \u00f6ka sin antioxidativa kapacitet och fr\u00e4mja en h\u00e4lsosam \u00e4mnesoms\u00e4ttning.<\/p>\n<h4><strong>250 g<\/strong><\/h4>\n","protected":false},"featured_media":500103506,"comment_status":"open","ping_status":"closed","template":"","meta":{"_kad_blocks_custom_css":"","_kad_blocks_head_custom_js":"","_kad_blocks_body_custom_js":"","_kad_blocks_footer_custom_js":"","_kadence_starter_templates_imported_post":false,"_kad_post_transparent":"default","_kad_post_title":"","_kad_post_layout":"default","_kad_post_sidebar_id":"","_kad_post_content_style":"default","_kad_post_vertical_padding":"default","_kad_post_feature":"","_kad_post_feature_position":"","_kad_post_header":false,"_kad_post_footer":false,"_kad_post_classname":""},"product_brand":[],"product_cat":[508,176,1307,155],"product_tag":[1415,205,159,1645,1548,2479,2606,1112,2601,1468,1028,2612,1425,2059,2475,1654,2604,1264],"class_list":{"0":"post-10247","1":"product","2":"type-product","3":"status-publish","4":"has-post-thumbnail","6":"product_cat-c-vitamin","7":"product_cat-immunforsvar","8":"product_cat-synergos","9":"product_cat-vitaminer","10":"product_tag-anti-aging","11":"product_tag-antioxidant","12":"product_tag-aterhamtning","13":"product_tag-benhalsa","14":"product_tag-cellskydd","15":"product_tag-cirkulation","16":"product_tag-detox","17":"product_tag-energi","18":"product_tag-hallbart","19":"product_tag-hudhalsa","20":"product_tag-immunforsvar","21":"product_tag-jarnupptag","22":"product_tag-kollagenproduktion","23":"product_tag-metabolism","24":"product_tag-naturligt-tillskott","25":"product_tag-trotthetsreducering","26":"product_tag-valmaende","27":"product_tag-vitalitet","29":"first","30":"instock","31":"taxable","32":"shipping-taxable","33":"purchasable","34":"product-type-simple","35":"entry","36":"content-bg","37":"loop-entry"},"taxonomy_info":{"product_cat":[{"value":508,"label":"C-vitamin"},{"value":176,"label":"Immunf\u00f6rsvar"},{"value":1307,"label":"Synergos"},{"value":155,"label":"Vitaminer"}],"product_tag":[{"value":1415,"label":"Anti-aging"},{"value":205,"label":"antioxidant"},{"value":159,"label":"\u00e5terh\u00e4mtning"},{"value":1645,"label":"Benh\u00e4lsa"},{"value":1548,"label":"Cellskydd"},{"value":2479,"label":"Cirkulation"},{"value":2606,"label":"detox"},{"value":1112,"label":"energi"},{"value":2601,"label":"h\u00e5llbart"},{"value":1468,"label":"Hudh\u00e4lsa"},{"value":1028,"label":"immunf\u00f6rsvar"},{"value":2612,"label":"j\u00e4rnupptag"},{"value":1425,"label":"Kollagenproduktion"},{"value":2059,"label":"metabolism"},{"value":2475,"label":"Naturligt tillskott"},{"value":1654,"label":"tr\u00f6tthetsreducering"},{"value":2604,"label":"v\u00e4lm\u00e5ende"},{"value":1264,"label":"Vitalitet"}]},"featured_image_src_large":["https:\/\/vitaminbutiken.com\/wp-content\/uploads\/2025\/03\/206-F-C-vitamin-Plus-Photoroom-e1769602138327-957x700.png",957,700,true],"author_info":[],"comment_info":0,"_links":{"self":[{"href":"https:\/\/vitaminbutiken.com\/en\/wp-json\/wp\/v2\/product\/10247","targetHints":{"allow":["GET"]}}],"collection":[{"href":"https:\/\/vitaminbutiken.com\/en\/wp-json\/wp\/v2\/product"}],"about":[{"href":"https:\/\/vitaminbutiken.com\/en\/wp-json\/wp\/v2\/types\/product"}],"replies":[{"embeddable":true,"href":"https:\/\/vitaminbutiken.com\/en\/wp-json\/wp\/v2\/comments?post=10247"}],"wp:featuredmedia":[{"embeddable":true,"href":"https:\/\/vitaminbutiken.com\/en\/wp-json\/wp\/v2\/media\/500103506"}],"wp:attachment":[{"href":"https:\/\/vitaminbutiken.com\/en\/wp-json\/wp\/v2\/media?parent=10247"}],"wp:term":[{"taxonomy":"product_brand","embeddable":true,"href":"https:\/\/vitaminbutiken.com\/en\/wp-json\/wp\/v2\/product_brand?post=10247"},{"taxonomy":"product_cat","embeddable":true,"href":"https:\/\/vitaminbutiken.com\/en\/wp-json\/wp\/v2\/product_cat?post=10247"},{"taxonomy":"product_tag","embeddable":true,"href":"https:\/\/vitaminbutiken.com\/en\/wp-json\/wp\/v2\/product_tag?post=10247"}],"curies":[{"name":"wp","href":"https:\/\/api.w.org\/{rel}","templated":true}]}}