{"id":10246,"date":"2025-03-19T16:23:55","date_gmt":"2025-03-19T14:23:55","guid":{"rendered":"https:\/\/vitaminbutiken.multi.fi\/?post_type=product&#038;p=10246"},"modified":"2026-04-09T08:24:06","modified_gmt":"2026-04-09T06:24:06","slug":"collagen-180-gram","status":"publish","type":"product","link":"https:\/\/vitaminbutiken.com\/en\/produkt\/collagen-180-gram\/","title":{"rendered":"Collagen, marint collagenpulver"},"content":{"rendered":"<p data-start=\"0\" data-end=\"20\"><strong data-start=\"0\" data-end=\"18\">Collagen 180 g<\/strong><\/p>\n<p data-start=\"22\" data-end=\"360\"><a href=\"https:\/\/vitaminbutiken.com\/?s=collagen&amp;post_type=product&amp;dgwt_wcas=1&amp;lang=sv\">Kollagen<\/a> \u00e4r ett av kroppens viktigaste proteiner och en central byggsten i hud, leder, ben och bindv\u00e4v. Med \u00e5ldern minskar kroppens naturliga kollagenproduktion, vilket kan leda till rynkor, minskad hudelasticitet och ledproblem. Ett kollagentillskott kan hj\u00e4lpa till att st\u00f6dja hudens fasthet, ledh\u00e4lsa och h\u00e5rets och naglarnas styrka.<\/p>\n<p data-start=\"362\" data-end=\"659\">Denna produkt inneh\u00e5ller hydrolyserat kollagen av h\u00f6g kvalitet, vilket g\u00f6r det l\u00e4tt f\u00f6r kroppen att absorbera och anv\u00e4nda. Kollagenet kommer fr\u00e5n naturliga k\u00e4llor och \u00e4r rikt p\u00e5 aminosyror som glycin, prolin och hydroxyprolin, vilka bidrar till att bygga och uppr\u00e4tth\u00e5lla stark och frisk v\u00e4vnad.<\/p>\n<p><strong>Dosering: <\/strong>6 gram (2 tsk per dag). L\u00f6ses upp i vatten. Kan ocks\u00e5 blandas med valfri v\u00e4tska. \u00c4r inte l\u00e4mplig f\u00f6r fisk- och skaldjursallergiker.<\/p>\n<table style=\"height: 80px;\" border=\"1\" width=\"621\" cellspacing=\"0\" cellpadding=\"0\">\n<tbody>\n<tr>\n<td valign=\"top\" width=\"30%\"><strong>2 tsk inneh\u00e5ller<\/strong><\/td>\n<td valign=\"top\" width=\"20%\"><strong> M\u00e4ngd<\/strong><\/td>\n<td valign=\"top\" width=\"30%\"><strong>%DRI*<\/strong><\/td>\n<\/tr>\n<tr>\n<td valign=\"top\" width=\"30%\">Kollagenpulver<\/td>\n<td valign=\"top\" width=\"20%\">6 gram<\/td>\n<td valign=\"top\" width=\"20%\">**<\/td>\n<\/tr>\n<\/tbody>\n<\/table>\n<p><strong><em>*DRI \u00e4r dagligt referensintag. **DRI ej fastst\u00e4llt.\u00a0<\/em><\/strong><\/p>\n<p><strong>Ingredienser:\u00a0<\/strong>Kollagenpulver fr\u00e5n <strong>fisk.<\/strong><\/p>\n<p>Rekommenderad daglig dos b\u00f6r ej \u00f6verskridas.<br \/>\nKosttillskott ers\u00e4tter inte en varierad kost.<br \/>\nProdukten f\u00f6rvaras o\u00e5tkomligt f\u00f6r sm\u00e5 barn.<\/p>\n","protected":false},"excerpt":{"rendered":"<p><strong>180 gram marint kollagen med 95 % aminosyror.<\/strong><\/p>\n<ul>\n<li data-start=\"696\" data-end=\"760\">St\u00f6djer hudens elasticitet och minskar synliga \u00e5lderstecken.<\/li>\n<li data-start=\"761\" data-end=\"841\">Fr\u00e4mjar starka leder och brosk, vilket kan bidra till r\u00f6rlighet och komfort.<\/li>\n<li data-start=\"842\" data-end=\"915\">Bidrar till h\u00e4lsosamt h\u00e5r och naglar genom att st\u00e4rka deras struktur.<\/li>\n<\/ul>\n<p><strong>180 g<\/strong><\/p>\n","protected":false},"featured_media":500103814,"comment_status":"open","ping_status":"closed","template":"","meta":{"_kad_blocks_custom_css":"","_kad_blocks_head_custom_js":"","_kad_blocks_body_custom_js":"","_kad_blocks_footer_custom_js":"","_kadence_starter_templates_imported_post":false,"_kad_post_transparent":"default","_kad_post_title":"","_kad_post_layout":"default","_kad_post_sidebar_id":"","_kad_post_content_style":"default","_kad_post_vertical_padding":"default","_kad_post_feature":"","_kad_post_feature_position":"","_kad_post_header":false,"_kad_post_footer":false,"_kad_post_classname":""},"product_brand":[],"product_cat":[277,1393,1307,278],"product_tag":[1415,1478,1645,2054,2608,2601,484,1468,2609,1957,495,2475,911,2610,2182,2523,2611,2604,1264],"class_list":{"0":"post-10246","1":"product","2":"type-product","3":"status-publish","4":"has-post-thumbnail","6":"product_cat-muskler-och-leder","7":"product_cat-ovriga-kosttillskott","8":"product_cat-synergos","9":"product_cat-traning","10":"product_tag-anti-aging","11":"product_tag-aterfuktning","12":"product_tag-benhalsa","13":"product_tag-bindvav","14":"product_tag-elasticitet","15":"product_tag-hallbart","16":"product_tag-har","17":"product_tag-hudhalsa","18":"product_tag-leder","19":"product_tag-muskelaterhamtning","20":"product_tag-naglar","21":"product_tag-naturligt-tillskott","22":"product_tag-protein","23":"product_tag-regeneration","24":"product_tag-rorlighet","25":"product_tag-skonhet","26":"product_tag-styrka","27":"product_tag-valmaende","28":"product_tag-vitalitet","30":"first","31":"instock","32":"taxable","33":"shipping-taxable","34":"purchasable","35":"product-type-simple","36":"entry","37":"content-bg","38":"loop-entry"},"taxonomy_info":{"product_cat":[{"value":277,"label":"Muskler &amp; Leder"},{"value":1393,"label":"\u00d6vriga kosttillskott"},{"value":1307,"label":"Synergos"},{"value":278,"label":"Tr\u00e4ning"}],"product_tag":[{"value":1415,"label":"Anti-aging"},{"value":1478,"label":"\u00c5terfuktning"},{"value":1645,"label":"Benh\u00e4lsa"},{"value":2054,"label":"bindv\u00e4v"},{"value":2608,"label":"elasticitet"},{"value":2601,"label":"h\u00e5llbart"},{"value":484,"label":"h\u00e5r"},{"value":1468,"label":"Hudh\u00e4lsa"},{"value":2609,"label":"leder"},{"value":1957,"label":"muskel\u00e5terh\u00e4mtning"},{"value":495,"label":"naglar"},{"value":2475,"label":"Naturligt tillskott"},{"value":911,"label":"protein"},{"value":2610,"label":"regeneration"},{"value":2182,"label":"r\u00f6rlighet"},{"value":2523,"label":"Sk\u00f6nhet"},{"value":2611,"label":"styrka"},{"value":2604,"label":"v\u00e4lm\u00e5ende"},{"value":1264,"label":"Vitalitet"}]},"featured_image_src_large":["https:\/\/vitaminbutiken.com\/wp-content\/uploads\/2025\/03\/420-Collagen-180g-Photoroom-e1771398524593-1093x700.png",1093,700,true],"author_info":[],"comment_info":0,"_links":{"self":[{"href":"https:\/\/vitaminbutiken.com\/en\/wp-json\/wp\/v2\/product\/10246","targetHints":{"allow":["GET"]}}],"collection":[{"href":"https:\/\/vitaminbutiken.com\/en\/wp-json\/wp\/v2\/product"}],"about":[{"href":"https:\/\/vitaminbutiken.com\/en\/wp-json\/wp\/v2\/types\/product"}],"replies":[{"embeddable":true,"href":"https:\/\/vitaminbutiken.com\/en\/wp-json\/wp\/v2\/comments?post=10246"}],"wp:featuredmedia":[{"embeddable":true,"href":"https:\/\/vitaminbutiken.com\/en\/wp-json\/wp\/v2\/media\/500103814"}],"wp:attachment":[{"href":"https:\/\/vitaminbutiken.com\/en\/wp-json\/wp\/v2\/media?parent=10246"}],"wp:term":[{"taxonomy":"product_brand","embeddable":true,"href":"https:\/\/vitaminbutiken.com\/en\/wp-json\/wp\/v2\/product_brand?post=10246"},{"taxonomy":"product_cat","embeddable":true,"href":"https:\/\/vitaminbutiken.com\/en\/wp-json\/wp\/v2\/product_cat?post=10246"},{"taxonomy":"product_tag","embeddable":true,"href":"https:\/\/vitaminbutiken.com\/en\/wp-json\/wp\/v2\/product_tag?post=10246"}],"curies":[{"name":"wp","href":"https:\/\/api.w.org\/{rel}","templated":true}]}}