{"id":10245,"date":"2025-03-19T16:23:54","date_gmt":"2025-03-19T14:23:54","guid":{"rendered":"https:\/\/vitaminbutiken.multi.fi\/?post_type=product&#038;p=10245"},"modified":"2026-04-02T11:17:34","modified_gmt":"2026-04-02T09:17:34","slug":"carqueja-50-gram","status":"publish","type":"product","link":"https:\/\/vitaminbutiken.com\/en\/produkt\/carqueja-50-gram\/","title":{"rendered":"Carqueja, 50g"},"content":{"rendered":"<p><strong>Carqueja 50 gram<\/strong><\/p>\n<p data-start=\"21\" data-end=\"284\">Carqueja (Baccharis trimera) \u00e4r k\u00e4nd f\u00f6r sina m\u00e5nga h\u00e4lsof\u00f6rdelar och anv\u00e4nds fr\u00e4mst f\u00f6r att st\u00f6dja <a href=\"https:\/\/vitaminbutiken.com\/product\/digestizyme-lamberts\/\">matsm\u00e4ltningen<\/a>, <a href=\"https:\/\/vitaminbutiken.com\/product\/metionin-complex\/\">leverfunktionen<\/a> och allm\u00e4n detox.<\/p>\n<p data-start=\"286\" data-end=\"633\">Carqueja inneh\u00e5ller naturliga antioxidanter, flavonoider och bitter\u00e4mnen som bidrar till en h\u00e4lsosam \u00e4mnesoms\u00e4ttning och kan hj\u00e4lpa till att rena kroppen.<\/p>\n<p data-start=\"635\" data-end=\"846\"><strong>Dosering:\u00a0<\/strong>2 kryddm\u00e5tt per dag (ca 2 gram).<\/p>\n<table style=\"height: 80px;\" border=\"1\" width=\"621\" cellspacing=\"0\" cellpadding=\"0\">\n<tbody>\n<tr>\n<td valign=\"top\" width=\"30%\"><strong>Dagdos inneh\u00e5ller<\/strong><\/td>\n<td valign=\"top\" width=\"20%\"><strong> M\u00e4ngd<\/strong><\/td>\n<td valign=\"top\" width=\"30%\"><strong>%DRI*<\/strong><\/td>\n<\/tr>\n<tr>\n<td valign=\"top\" width=\"30%\">Carqueja<\/td>\n<td valign=\"top\" width=\"20%\">2 gram<\/td>\n<td valign=\"top\" width=\"20%\">**<\/td>\n<\/tr>\n<\/tbody>\n<\/table>\n<p><strong><em>**DRI (dagligt referensintag) ej fastst\u00e4llt.\u00a0<\/em><\/strong><\/p>\n<p><strong>Ingredienser:\u00a0<\/strong>Extrakt av Carqueja 4:1<\/p>\n<p>Rekommenderad daglig dos b\u00f6r ej \u00f6verskridas.<br \/>\nKosttillskott ers\u00e4tter inte en varierad kost.<br \/>\nProdukten f\u00f6rvaras o\u00e5tkomligt f\u00f6r sm\u00e5 barn.<\/p>\n","protected":false},"excerpt":{"rendered":"<p>Extrakt av Carqueja<\/p>\n<p><strong>50 gram<\/strong><\/p>\n","protected":false},"featured_media":10301,"comment_status":"open","ping_status":"closed","template":"","meta":{"_kad_blocks_custom_css":"","_kad_blocks_head_custom_js":"","_kad_blocks_body_custom_js":"","_kad_blocks_footer_custom_js":"","_kadence_starter_templates_imported_post":false,"_kad_post_transparent":"default","_kad_post_title":"","_kad_post_layout":"default","_kad_post_sidebar_id":"","_kad_post_content_style":"default","_kad_post_vertical_padding":"default","_kad_post_feature":"","_kad_post_feature_position":"","_kad_post_header":false,"_kad_post_footer":false,"_kad_post_classname":""},"product_brand":[],"product_cat":[1293,149],"product_tag":[788,205,1070,2479,2606,2601,2317,2483,1471,1232,2059,2475,2607,2045,2099,2604,1996,1264],"class_list":{"0":"post-10245","1":"product","2":"type-product","3":"status-publish","4":"has-post-thumbnail","6":"product_cat-evp-nutrition","7":"product_cat-orter","8":"product_tag-antiinflammatorisk","9":"product_tag-antioxidant","10":"product_tag-balanserande","11":"product_tag-cirkulation","12":"product_tag-detox","13":"product_tag-hallbart","14":"product_tag-halsa","15":"product_tag-immunsystem","16":"product_tag-leverhalsa","17":"product_tag-matsmaltning","18":"product_tag-metabolism","19":"product_tag-naturligt-tillskott","20":"product_tag-renande","21":"product_tag-tarmhalsa","22":"product_tag-traditionell-ortmedicin","23":"product_tag-valmaende","24":"product_tag-vaxtbaserat","25":"product_tag-vitalitet","27":"first","28":"instock","29":"taxable","30":"shipping-taxable","31":"purchasable","32":"product-type-simple","33":"entry","34":"content-bg","35":"loop-entry"},"taxonomy_info":{"product_cat":[{"value":1293,"label":"EVP Nutrition"},{"value":149,"label":"\u00d6rter"}],"product_tag":[{"value":788,"label":"antiinflammatorisk"},{"value":205,"label":"antioxidant"},{"value":1070,"label":"balanserande"},{"value":2479,"label":"Cirkulation"},{"value":2606,"label":"detox"},{"value":2601,"label":"h\u00e5llbart"},{"value":2317,"label":"H\u00e4lsa"},{"value":2483,"label":"immunsystem"},{"value":1471,"label":"leverh\u00e4lsa"},{"value":1232,"label":"matsm\u00e4ltning"},{"value":2059,"label":"metabolism"},{"value":2475,"label":"Naturligt tillskott"},{"value":2607,"label":"renande"},{"value":2045,"label":"tarmh\u00e4lsa"},{"value":2099,"label":"traditionell \u00f6rtmedicin"},{"value":2604,"label":"v\u00e4lm\u00e5ende"},{"value":1996,"label":"v\u00e4xtbaserat"},{"value":1264,"label":"Vitalitet"}]},"featured_image_src_large":["https:\/\/vitaminbutiken.com\/wp-content\/uploads\/2025\/03\/Photoroom_20250307_082314-e1741329083863-1-1260x700.png",1260,700,true],"author_info":[],"comment_info":0,"_links":{"self":[{"href":"https:\/\/vitaminbutiken.com\/en\/wp-json\/wp\/v2\/product\/10245","targetHints":{"allow":["GET"]}}],"collection":[{"href":"https:\/\/vitaminbutiken.com\/en\/wp-json\/wp\/v2\/product"}],"about":[{"href":"https:\/\/vitaminbutiken.com\/en\/wp-json\/wp\/v2\/types\/product"}],"replies":[{"embeddable":true,"href":"https:\/\/vitaminbutiken.com\/en\/wp-json\/wp\/v2\/comments?post=10245"}],"wp:featuredmedia":[{"embeddable":true,"href":"https:\/\/vitaminbutiken.com\/en\/wp-json\/wp\/v2\/media\/10301"}],"wp:attachment":[{"href":"https:\/\/vitaminbutiken.com\/en\/wp-json\/wp\/v2\/media?parent=10245"}],"wp:term":[{"taxonomy":"product_brand","embeddable":true,"href":"https:\/\/vitaminbutiken.com\/en\/wp-json\/wp\/v2\/product_brand?post=10245"},{"taxonomy":"product_cat","embeddable":true,"href":"https:\/\/vitaminbutiken.com\/en\/wp-json\/wp\/v2\/product_cat?post=10245"},{"taxonomy":"product_tag","embeddable":true,"href":"https:\/\/vitaminbutiken.com\/en\/wp-json\/wp\/v2\/product_tag?post=10245"}],"curies":[{"name":"wp","href":"https:\/\/api.w.org\/{rel}","templated":true}]}}