{"id":10230,"date":"2025-03-19T16:23:28","date_gmt":"2025-03-19T14:23:28","guid":{"rendered":"https:\/\/vitaminbutiken.multi.fi\/?post_type=product&#038;p=10230"},"modified":"2026-04-08T12:02:21","modified_gmt":"2026-04-08T10:02:21","slug":"bromelain-1250-gdu","status":"publish","type":"product","link":"https:\/\/vitaminbutiken.com\/en\/produkt\/bromelain-1250-gdu\/","title":{"rendered":"Bromelain, 60 kap"},"content":{"rendered":"<p>Bromelain 1250 GDU<\/p>\n<p data-start=\"0\" data-end=\"80\"><strong data-start=\"0\" data-end=\"80\">Bromelain 1250 GDU 60 kapslar\u00a0<\/strong><\/p>\n<p data-start=\"82\" data-end=\"415\">Bromelain 1250 GDU 60 kapslar \u00e4r ett h\u00f6gkvalitativt enzymtillskott med bromelain extraherat fr\u00e5n ananasstammen. Varje kapsel inneh\u00e5ller en noggrant standardiserad enzymaktivitet p\u00e5 1250 GDU.<\/p>\n<h3 data-start=\"417\" data-end=\"439\">Produktinformation<\/h3>\n<ul data-start=\"441\" data-end=\"988\">\n<li data-start=\"441\" data-end=\"537\"><strong data-start=\"443\" data-end=\"466\">Naturligt ursprung:<\/strong> Bromelain utvinns ur ananasstammen, en k\u00e4lla rik p\u00e5 naturliga enzymer.<\/li>\n<li data-start=\"538\" data-end=\"663\"><strong data-start=\"540\" data-end=\"559\">Enzymaktivitet:<\/strong> Med 1250 GDU per kapsel f\u00e5r du ett koncentrerat tillskott.<\/li>\n<li data-start=\"664\" data-end=\"792\"><strong data-start=\"666\" data-end=\"688\">Praktisk dosering:<\/strong> F\u00f6rpackningen inneh\u00e5ller 60 kapslar, vilket g\u00f6r det enkelt att integrera produkten i din dagliga rutin.<\/li>\n<\/ul>\n<p><strong>Dosering:\u00a0<\/strong>2 Kapslar per dag.<\/p>\n<table style=\"height: 80px;\" border=\"1\" width=\"621\" cellspacing=\"0\" cellpadding=\"0\">\n<tbody>\n<tr>\n<td valign=\"top\" width=\"30%\"><strong>2 kapslar inneh\u00e5ller<\/strong><\/td>\n<td valign=\"top\" width=\"20%\"><strong> M\u00e4ngd<\/strong><\/td>\n<td valign=\"top\" width=\"30%\"><strong>%DRI*<\/strong><\/td>\n<\/tr>\n<tr>\n<td valign=\"top\" width=\"30%\">Bromelain<br \/>\nEnzymaktivitetsniv\u00e5 1250 GDU<\/td>\n<td valign=\"top\" width=\"20%\">1000 mg<\/td>\n<td valign=\"top\" width=\"20%\">**<\/td>\n<\/tr>\n<\/tbody>\n<\/table>\n<p><strong><em>*DRI \u00e4r dagligt referensintag. **DRI ej fastst\u00e4llt.\u00a0<\/em><\/strong><\/p>\n<p><strong>Ingredienser: <\/strong>Bromelain, kapsel (hydroxypropylmetylcellulosa).<\/p>\n<p>Rekommenderad daglig dos b\u00f6r ej \u00f6verskridas. Kostillskott ers\u00e4tter inte en varierad kost. Produkter f\u00f6rvaras o\u00e5tkomligt f\u00f6r sm\u00e5 barn.<\/p>\n","protected":false},"excerpt":{"rendered":"<p><strong data-start=\"0\" data-end=\"33\">Bromelain 1250 GDU\u00a0<\/strong><br data-start=\"33\" data-end=\"36\" \/>Inneh\u00e5ller bromelain med enzymatisk aktivitet p\u00e5 1250 GDU per kapsel.<\/p>\n<p><strong>60 kapslar<\/strong><\/p>\n","protected":false},"featured_media":500103499,"comment_status":"open","ping_status":"closed","template":"","meta":{"_kad_blocks_custom_css":"","_kad_blocks_head_custom_js":"","_kad_blocks_body_custom_js":"","_kad_blocks_footer_custom_js":"","_kadence_starter_templates_imported_post":false,"_kad_post_transparent":"default","_kad_post_title":"","_kad_post_layout":"default","_kad_post_sidebar_id":"","_kad_post_content_style":"default","_kad_post_vertical_padding":"default","_kad_post_feature":"","_kad_post_feature_position":"","_kad_post_header":false,"_kad_post_footer":false,"_kad_post_classname":""},"product_brand":[],"product_cat":[176,2605,431,2819,149],"product_tag":[],"class_list":{"0":"post-10230","1":"product","2":"type-product","3":"status-publish","4":"has-post-thumbnail","6":"product_cat-immunforsvar","7":"product_cat-kenkou-selfcare","8":"product_cat-mage-tarm","9":"product_cat-matsmaltningsenzymer","10":"product_cat-orter","12":"first","13":"instock","14":"taxable","15":"shipping-taxable","16":"purchasable","17":"product-type-simple","18":"entry","19":"content-bg","20":"loop-entry"},"taxonomy_info":{"product_cat":[{"value":176,"label":"Immunf\u00f6rsvar"},{"value":2605,"label":"Kenkou Selfcare"},{"value":431,"label":"Mage &amp; Tarm"},{"value":2819,"label":"Matsm\u00e4ltningsenzymer"},{"value":149,"label":"\u00d6rter"}]},"featured_image_src_large":["https:\/\/vitaminbutiken.com\/wp-content\/uploads\/2025\/03\/141-Bromelain-Photoroom-e1769600994771-820x700.png",820,700,true],"author_info":[],"comment_info":0,"_links":{"self":[{"href":"https:\/\/vitaminbutiken.com\/en\/wp-json\/wp\/v2\/product\/10230","targetHints":{"allow":["GET"]}}],"collection":[{"href":"https:\/\/vitaminbutiken.com\/en\/wp-json\/wp\/v2\/product"}],"about":[{"href":"https:\/\/vitaminbutiken.com\/en\/wp-json\/wp\/v2\/types\/product"}],"replies":[{"embeddable":true,"href":"https:\/\/vitaminbutiken.com\/en\/wp-json\/wp\/v2\/comments?post=10230"}],"wp:featuredmedia":[{"embeddable":true,"href":"https:\/\/vitaminbutiken.com\/en\/wp-json\/wp\/v2\/media\/500103499"}],"wp:attachment":[{"href":"https:\/\/vitaminbutiken.com\/en\/wp-json\/wp\/v2\/media?parent=10230"}],"wp:term":[{"taxonomy":"product_brand","embeddable":true,"href":"https:\/\/vitaminbutiken.com\/en\/wp-json\/wp\/v2\/product_brand?post=10230"},{"taxonomy":"product_cat","embeddable":true,"href":"https:\/\/vitaminbutiken.com\/en\/wp-json\/wp\/v2\/product_cat?post=10230"},{"taxonomy":"product_tag","embeddable":true,"href":"https:\/\/vitaminbutiken.com\/en\/wp-json\/wp\/v2\/product_tag?post=10230"}],"curies":[{"name":"wp","href":"https:\/\/api.w.org\/{rel}","templated":true}]}}