{"id":10229,"date":"2025-03-19T16:23:28","date_gmt":"2025-03-19T14:23:28","guid":{"rendered":"https:\/\/vitaminbutiken.multi.fi\/?post_type=product&#038;p=10229"},"modified":"2026-04-10T07:25:20","modified_gmt":"2026-04-10T05:25:20","slug":"berberin","status":"publish","type":"product","link":"https:\/\/vitaminbutiken.com\/en\/produkt\/berberin\/","title":{"rendered":"Berberin, Berberis rotextrakt"},"content":{"rendered":"<h4><strong>Berberin<\/strong><\/h4>\n<p data-start=\"56\" data-end=\"332\">Berberin \u00e4r en naturlig f\u00f6rening som utvinns fr\u00e5n v\u00e4xter som Berberis. Berberin \u00e4r k\u00e4nt f\u00f6r sina potentiella h\u00e4lsof\u00f6rdelar, s\u00e5som att st\u00f6dja <a href=\"https:\/\/vitaminbutiken.com\/shop\/?filter_product_cat=176\">immunf\u00f6rsvaret<\/a>, f\u00f6rb\u00e4ttra \u00e4mnesoms\u00e4ttningen och hj\u00e4lpa till med blodsockerreglering.<\/p>\n<p data-start=\"334\" data-end=\"552\">Varje dos inneh\u00e5ller totalt 1000 mg berberin. Detta h\u00f6gdoserade tillskott ger effektivt st\u00f6d till kroppens olika funktioner. Berberin \u00e4r ocks\u00e5 k\u00e4nt f\u00f6r sina antioxidativa och antiinflammatoriska egenskaper.<\/p>\n<p data-start=\"334\" data-end=\"552\"><strong>Dosering<\/strong>: 2 kapslar per dag.<\/p>\n<table style=\"height: 80px;\" border=\"1\" width=\"621\" cellspacing=\"0\" cellpadding=\"0\">\n<tbody>\n<tr>\n<td valign=\"top\" width=\"30%\"><strong>2 kapslar inneh\u00e5ller<\/strong><\/td>\n<td valign=\"top\" width=\"20%\"><strong> M\u00e4ngd<\/strong><\/td>\n<td valign=\"top\" width=\"30%\"><strong>%DRI*<\/strong><\/td>\n<\/tr>\n<tr>\n<td valign=\"top\" width=\"30%\">Berberin<\/td>\n<td valign=\"top\" width=\"20%\">1 000 mg<\/td>\n<td valign=\"top\" width=\"20%\">**<\/td>\n<\/tr>\n<\/tbody>\n<\/table>\n<p><strong><em>*DRI \u00e4r dagligt referensintag. **DRI ej fastst\u00e4llt.\u00a0<\/em><\/strong><\/p>\n<p><strong>Ingredienser:<\/strong>Berberis rot extrakt 97 % berberin HCL, kapsel (hydroxipropylmetylcellulosa).<\/p>\n<p data-start=\"334\" data-end=\"552\">Rekommenderad daglig dos b\u00f6r ej \u00f6verskridas.<br \/>\nKosttillskott ers\u00e4tter inte en varierad kost.<br \/>\nProdukten f\u00f6rvaras o\u00e5tkomligt f\u00f6r sm\u00e5 barn.<\/p>\n","protected":false},"excerpt":{"rendered":"<p>Varje kapsel ger 500 mg berberis rot extrakt varav 97 % berberin.<\/p>\n<ul>\n<li>1000 mg berberin per dos<\/li>\n<li>naturlig f\u00f6rening som st\u00f6djer immunf\u00f6rsvaret, \u00e4mnesoms\u00e4ttningen och blodsockerbalansen.<\/li>\n<li>Ett effektivt tillskott med antioxidativa egenskaper.<\/li>\n<\/ul>\n<p><strong>60 kapslar<\/strong><\/p>\n","protected":false},"featured_media":500103772,"comment_status":"open","ping_status":"closed","template":"","meta":{"_kad_blocks_custom_css":"","_kad_blocks_head_custom_js":"","_kad_blocks_body_custom_js":"","_kad_blocks_footer_custom_js":"","_kadence_starter_templates_imported_post":false,"_kad_post_transparent":"default","_kad_post_title":"","_kad_post_layout":"default","_kad_post_sidebar_id":"","_kad_post_content_style":"default","_kad_post_vertical_padding":"default","_kad_post_feature":"","_kad_post_feature_position":"","_kad_post_header":false,"_kad_post_footer":false,"_kad_post_classname":""},"product_brand":[],"product_cat":[176,431,149,1307],"product_tag":[205,1964,1923,2479,2600,2601,1648,1028,2602,2019,1232,2059,2475,2045,2603,2604,1996],"class_list":{"0":"post-10229","1":"product","2":"type-product","3":"status-publish","4":"has-post-thumbnail","6":"product_cat-immunforsvar","7":"product_cat-mage-tarm","8":"product_cat-orter","9":"product_cat-synergos","10":"product_tag-antioxidant","11":"product_tag-blodsockerkontroll","12":"product_tag-cellhalsa","13":"product_tag-cirkulation","14":"product_tag-energibalans","15":"product_tag-hallbart","16":"product_tag-hjarthalsa","17":"product_tag-immunforsvar","18":"product_tag-inflammationshammare","19":"product_tag-kolesterolbalans","20":"product_tag-matsmaltning","21":"product_tag-metabolism","22":"product_tag-naturligt-tillskott","23":"product_tag-tarmhalsa","24":"product_tag-traditionell-vaxtmedicin","25":"product_tag-valmaende","26":"product_tag-vaxtbaserat","28":"first","29":"instock","30":"taxable","31":"shipping-taxable","32":"purchasable","33":"product-type-simple","34":"entry","35":"content-bg","36":"loop-entry"},"taxonomy_info":{"product_cat":[{"value":176,"label":"Immunf\u00f6rsvar"},{"value":431,"label":"Mage &amp; Tarm"},{"value":149,"label":"\u00d6rter"},{"value":1307,"label":"Synergos"}],"product_tag":[{"value":205,"label":"antioxidant"},{"value":1964,"label":"blodsockerkontroll"},{"value":1923,"label":"Cellh\u00e4lsa"},{"value":2479,"label":"Cirkulation"},{"value":2600,"label":"energibalans"},{"value":2601,"label":"h\u00e5llbart"},{"value":1648,"label":"hj\u00e4rth\u00e4lsa"},{"value":1028,"label":"immunf\u00f6rsvar"},{"value":2602,"label":"inflammationsh\u00e4mmare"},{"value":2019,"label":"kolesterolbalans"},{"value":1232,"label":"matsm\u00e4ltning"},{"value":2059,"label":"metabolism"},{"value":2475,"label":"Naturligt tillskott"},{"value":2045,"label":"tarmh\u00e4lsa"},{"value":2603,"label":"traditionell v\u00e4xtmedicin."},{"value":2604,"label":"v\u00e4lm\u00e5ende"},{"value":1996,"label":"v\u00e4xtbaserat"}]},"featured_image_src_large":["https:\/\/vitaminbutiken.com\/wp-content\/uploads\/2025\/03\/416-Berberin-Photoroom-e1771325570814-767x700.png",767,700,true],"author_info":[],"comment_info":0,"_links":{"self":[{"href":"https:\/\/vitaminbutiken.com\/en\/wp-json\/wp\/v2\/product\/10229","targetHints":{"allow":["GET"]}}],"collection":[{"href":"https:\/\/vitaminbutiken.com\/en\/wp-json\/wp\/v2\/product"}],"about":[{"href":"https:\/\/vitaminbutiken.com\/en\/wp-json\/wp\/v2\/types\/product"}],"replies":[{"embeddable":true,"href":"https:\/\/vitaminbutiken.com\/en\/wp-json\/wp\/v2\/comments?post=10229"}],"wp:featuredmedia":[{"embeddable":true,"href":"https:\/\/vitaminbutiken.com\/en\/wp-json\/wp\/v2\/media\/500103772"}],"wp:attachment":[{"href":"https:\/\/vitaminbutiken.com\/en\/wp-json\/wp\/v2\/media?parent=10229"}],"wp:term":[{"taxonomy":"product_brand","embeddable":true,"href":"https:\/\/vitaminbutiken.com\/en\/wp-json\/wp\/v2\/product_brand?post=10229"},{"taxonomy":"product_cat","embeddable":true,"href":"https:\/\/vitaminbutiken.com\/en\/wp-json\/wp\/v2\/product_cat?post=10229"},{"taxonomy":"product_tag","embeddable":true,"href":"https:\/\/vitaminbutiken.com\/en\/wp-json\/wp\/v2\/product_tag?post=10229"}],"curies":[{"name":"wp","href":"https:\/\/api.w.org\/{rel}","templated":true}]}}