{"id":10228,"date":"2025-03-19T16:23:21","date_gmt":"2025-03-19T14:23:21","guid":{"rendered":"https:\/\/vitaminbutiken.multi.fi\/?post_type=product&#038;p=10228"},"modified":"2026-03-13T12:19:26","modified_gmt":"2026-03-13T11:19:26","slug":"curcumin-ultra-lamberts-2","status":"publish","type":"product","link":"https:\/\/vitaminbutiken.com\/en\/produkt\/curcumin-ultra-lamberts-2\/","title":{"rendered":"Curcumin Ultra + &#8211; lamberts"},"content":{"rendered":"<p data-start=\"0\" data-end=\"260\">Lamberts Curcumin Ultra + inneh\u00e5ller ett tekniskt avancerat gurkmejaextrakt som har bearbetats speciellt f\u00f6r att avsev\u00e4rt \u00f6ka dess absorption i matsm\u00e4ltningssystemet. Varje kapsel ger 50 mg curcuminoider i samma profil som de naturligt f\u00f6rekommer i gurkmeja.<\/p>\n<p data-start=\"262\" data-end=\"520\">Ett v\u00e4lk\u00e4nt problem med curcumin \u00e4r att det inte l\u00e4tt l\u00f6ses upp i vatten, och denna egenskap tros kraftigt begr\u00e4nsa m\u00e4ngden som kan absorberas i matsm\u00e4ltningssystemet. Av denna anledning har vi noggrant valt ett gurkmejaextrakt med \u201df\u00f6rb\u00e4ttrad absorption\u201d.<\/p>\n<p data-start=\"522\" data-end=\"824\">Lamberts Curcumin Ultra inneh\u00e5ller CurcuWIN Ultra +, som tillverkas med hj\u00e4lp av den patenterade UltraSOL-teknologin. Detta \u00e4r en molekyl\u00e4r dispergeringsprocess som f\u00f6rb\u00e4ttrar biotillg\u00e4ngligheten f\u00f6r sv\u00e5rabsorberade n\u00e4rings\u00e4mnen och \u00f6kar vattenl\u00f6sligheten f\u00f6r fettl\u00f6sliga ingredienser s\u00e5som curcumin.<\/p>\n<p data-start=\"826\" data-end=\"957\" data-is-last-node=\"\" data-is-only-node=\"\">Vitaminerna C och D har lagts till i denna uppdaterade formulering f\u00f6r att st\u00f6dja broskets, benens och musklernas normala funktion.<\/p>\n<p data-start=\"826\" data-end=\"957\" data-is-last-node=\"\" data-is-only-node=\"\"><strong> Dosering<\/strong>: 1 kapsel dagligen med vatten.<\/p>\n<table style=\"height: 80px;\" border=\"1\" width=\"621\" cellspacing=\"0\" cellpadding=\"0\">\n<tbody>\n<tr>\n<td valign=\"top\" width=\"30%\"><strong>1 kapsel inneh\u00e5ller<\/strong><\/td>\n<td valign=\"top\" width=\"20%\"><strong> M\u00e4ngd<\/strong><\/td>\n<td valign=\"top\" width=\"30%\"><strong>%DRI*<\/strong><\/td>\n<\/tr>\n<tr>\n<td valign=\"top\" width=\"30%\">CurcuWIN+<\/td>\n<td valign=\"top\" width=\"20%\">250 mg<\/td>\n<td valign=\"top\" width=\"20%\">**<\/td>\n<\/tr>\n<tr>\n<td valign=\"top\" width=\"30%\">Som ger: Curcuminoider<\/td>\n<td valign=\"top\" width=\"20%\">50 mg<\/td>\n<td valign=\"top\" width=\"20%\">**<\/td>\n<\/tr>\n<tr>\n<td valign=\"top\" width=\"30%\">Vitamin D<\/td>\n<td valign=\"top\" width=\"20%\">5\u00b5g<\/td>\n<td valign=\"top\" width=\"20%\">100 %<\/td>\n<\/tr>\n<tr>\n<td valign=\"top\" width=\"30%\">Vitamin C<\/td>\n<td valign=\"top\" width=\"20%\">40 mg<\/td>\n<td valign=\"top\" width=\"20%\">50 %<\/td>\n<\/tr>\n<\/tbody>\n<\/table>\n<p><strong><em>*DRI \u00e4r dagligt referensintag.**DRI ej fastst\u00e4llt.<\/em><\/strong><\/p>\n<p><strong>Ingredienser<\/strong>: Gurkmejaextraktberedning (Gurkmeja londa L. rotextrakt) (som CurcuWIN Ultra+), kapselskal<br \/>\n(hydroxypropylmetylcellulosa), vitamin C (askorbinsyra), fyllnadsmedel (cellulosa), klumpf\u00f6rebyggande<br \/>\nmedel (magnesiumsalter av fettsyror, kiseldioxid), vitamin D3 (kolekalciferol).<\/p>\n<p>Rekommenderad dos b\u00f6r ej \u00f6verskridas.<br \/>\nKosttillskott ers\u00e4tter inte en varierad kost.<br \/>\nProdukten f\u00f6rvaras o\u00e5tkomligt f\u00f6r sm\u00e5 barn.<br \/>\nRekommenderas inte till gravida eller ammande.<\/p>\n<p>L\u00e4mplig f\u00f6r vegetarianer<\/p>\n","protected":false},"excerpt":{"rendered":"<ul>\n<li>Tekniskt avancerat gurkmejaextrakt som ger 50 mg curcuminoider per kapsel<\/li>\n<li>144 g\u00e5nger b\u00e4ttre absorberat \u00e4n vanliga gurkmejaextrakt<\/li>\n<li>Bibeh\u00e5ller samma profil av curcuminoider som naturligt finns i gurkmeja<\/li>\n<li>Producerat med en sofistikerad process<\/li>\n<li>En-om-dagen-formula<\/li>\n<li>Med tillsatta vitaminer C och D<\/li>\n<li>F\u00f6r broskets, benens och musklernas normala funktion<\/li>\n<\/ul>\n<p><strong>60 tabletter<\/strong><\/p>\n","protected":false},"featured_media":10286,"comment_status":"open","ping_status":"closed","template":"","meta":{"_kad_blocks_custom_css":"","_kad_blocks_head_custom_js":"","_kad_blocks_body_custom_js":"","_kad_blocks_footer_custom_js":"","_kadence_starter_templates_imported_post":false,"_kad_post_transparent":"default","_kad_post_title":"","_kad_post_layout":"default","_kad_post_sidebar_id":"","_kad_post_content_style":"default","_kad_post_vertical_padding":"default","_kad_post_feature":"","_kad_post_feature_position":"","_kad_post_header":false,"_kad_post_footer":false,"_kad_post_classname":""},"product_brand":[],"product_cat":[1234],"product_tag":[159,1480,2592,1833,2321,2593,2594,2595,285,2596,2597,2310,2598,1849,2599],"class_list":{"0":"post-10228","1":"product","2":"type-product","3":"status-publish","4":"has-post-thumbnail","6":"product_cat-lamberts","7":"product_tag-aterhamtning","8":"product_tag-ekologiska-produkter","9":"product_tag-energigivande-produkter","10":"product_tag-halsokost","11":"product_tag-halsosam-livsstil","12":"product_tag-halsotillskott","13":"product_tag-halsovard","14":"product_tag-holistic-health","15":"product_tag-kosttillskott","16":"product_tag-kvalitetsprodukter","17":"product_tag-livskraft","18":"product_tag-naturliga-ingredienser","19":"product_tag-naturliga-produkter","20":"product_tag-veganvanligt","21":"product_tag-vitaminer-och-mineraler","23":"first","24":"instock","25":"taxable","26":"shipping-taxable","27":"purchasable","28":"product-type-simple","29":"entry","30":"content-bg","31":"loop-entry"},"taxonomy_info":{"product_cat":[{"value":1234,"label":"Lamberts"}],"product_tag":[{"value":159,"label":"\u00e5terh\u00e4mtning"},{"value":1480,"label":"Ekologiska produkter"},{"value":2592,"label":"Energigivande Produkter"},{"value":1833,"label":"H\u00e4lsokost"},{"value":2321,"label":"H\u00e4lsosam Livsstil"},{"value":2593,"label":"H\u00e4lsotillskott"},{"value":2594,"label":"H\u00e4lsov\u00e5rd"},{"value":2595,"label":"Holistic Health"},{"value":285,"label":"kosttillskott"},{"value":2596,"label":"Kvalitetsprodukter"},{"value":2597,"label":"Livskraft"},{"value":2310,"label":"naturliga ingredienser"},{"value":2598,"label":"Naturliga Produkter"},{"value":1849,"label":"Veganv\u00e4nligt"},{"value":2599,"label":"Vitaminer och Mineraler"}]},"featured_image_src_large":["https:\/\/vitaminbutiken.com\/wp-content\/uploads\/2025\/03\/8591-Curcumin-ultra-plus-780x700.jpg",780,700,true],"author_info":[],"comment_info":0,"_links":{"self":[{"href":"https:\/\/vitaminbutiken.com\/en\/wp-json\/wp\/v2\/product\/10228","targetHints":{"allow":["GET"]}}],"collection":[{"href":"https:\/\/vitaminbutiken.com\/en\/wp-json\/wp\/v2\/product"}],"about":[{"href":"https:\/\/vitaminbutiken.com\/en\/wp-json\/wp\/v2\/types\/product"}],"replies":[{"embeddable":true,"href":"https:\/\/vitaminbutiken.com\/en\/wp-json\/wp\/v2\/comments?post=10228"}],"wp:featuredmedia":[{"embeddable":true,"href":"https:\/\/vitaminbutiken.com\/en\/wp-json\/wp\/v2\/media\/10286"}],"wp:attachment":[{"href":"https:\/\/vitaminbutiken.com\/en\/wp-json\/wp\/v2\/media?parent=10228"}],"wp:term":[{"taxonomy":"product_brand","embeddable":true,"href":"https:\/\/vitaminbutiken.com\/en\/wp-json\/wp\/v2\/product_brand?post=10228"},{"taxonomy":"product_cat","embeddable":true,"href":"https:\/\/vitaminbutiken.com\/en\/wp-json\/wp\/v2\/product_cat?post=10228"},{"taxonomy":"product_tag","embeddable":true,"href":"https:\/\/vitaminbutiken.com\/en\/wp-json\/wp\/v2\/product_tag?post=10228"}],"curies":[{"name":"wp","href":"https:\/\/api.w.org\/{rel}","templated":true}]}}