{"id":10227,"date":"2025-03-19T16:23:21","date_gmt":"2025-03-19T14:23:21","guid":{"rendered":"https:\/\/vitaminbutiken.multi.fi\/?post_type=product&#038;p=10227"},"modified":"2026-03-30T14:15:45","modified_gmt":"2026-03-30T12:15:45","slug":"calcium-ascorbate-lamberts","status":"publish","type":"product","link":"https:\/\/vitaminbutiken.com\/en\/produkt\/calcium-ascorbate-lamberts\/","title":{"rendered":"Calcium Ascorbate &#8211; Lamberts"},"content":{"rendered":"<p data-start=\"0\" data-end=\"246\">Kalciumaskorbat \u00e4r en skonsam, icke-syrlig form av <a href=\"https:\/\/vitaminbutiken.com\/shop\/?filter_product_cat=508\">vitamin C<\/a>. De l\u00e4ttl\u00f6sliga fina kristallerna ger \u00e4ven en anv\u00e4ndbar m\u00e4ngd kalcium. Pulver \u00e4r idealiskt f\u00f6r dem som har sv\u00e5rt att sv\u00e4lja tabletter eller som beh\u00f6ver stora m\u00e4ngder av detta vitamin.<\/p>\n<p data-start=\"248\" data-end=\"402\">De l\u00f6sliga fina kristallerna kan enkelt tills\u00e4ttas i drycker eller str\u00f6s \u00f6ver mat, och varje gram ger n\u00e4stan 900 mg vitamin C samt drygt 100 mg kalcium.<\/p>\n<p data-start=\"404\" data-end=\"611\" data-is-last-node=\"\" data-is-only-node=\"\">Vitamin C bidrar till kollagenbildning f\u00f6r hudens, tandk\u00f6ttets och immunsystemets normala funktion. Det bidrar ocks\u00e5 till att minska tr\u00f6tthet och utmattning samt till att skydda cellerna mot oxidativ stress.<\/p>\n<p><strong>Dosering<\/strong>: 1-2 gram dagligen i samband med m\u00e5ltid.<br \/>\n1\/4 tesked = 1 gram.<\/p>\n<table style=\"height: 80px;\" border=\"1\" width=\"621\" cellspacing=\"0\" cellpadding=\"0\">\n<tbody>\n<tr>\n<td valign=\"top\" width=\"30%\"><strong>1 tablett inneh\u00e5ller<\/strong><\/td>\n<td valign=\"top\" width=\"20%\"><strong> M\u00e4ngd<\/strong><\/td>\n<td valign=\"top\" width=\"30%\"><strong>%DRI*<\/strong><\/td>\n<\/tr>\n<tr>\n<td valign=\"top\" width=\"30%\">Vitamin C<\/td>\n<td valign=\"top\" width=\"20%\">897 mg<\/td>\n<td valign=\"top\" width=\"20%\">1121 %<\/td>\n<\/tr>\n<tr>\n<td valign=\"top\" width=\"30%\">Kalcium<\/td>\n<td valign=\"top\" width=\"20%\">103 mg<\/td>\n<td valign=\"top\" width=\"20%\">13 %<\/td>\n<\/tr>\n<\/tbody>\n<\/table>\n<p><strong><em>*DRI \u00e4r dagligt referensintag.<\/em><\/strong><\/p>\n<p><strong>Ingredienser<\/strong>: Kalciumaskorbat (som ger vitamin C och kalcium).<\/p>\n<p>Rekommenderad dos b\u00f6r ej \u00f6verskridas.<br \/>\nKosttillskott ers\u00e4tter inte en varierad kost.<br \/>\nProdukten f\u00f6rvaras o\u00e5tkomligt f\u00f6r sm\u00e5 barn.<\/p>\n<p>L\u00e4mplig f\u00f6r veganer<\/p>\n","protected":false},"excerpt":{"rendered":"<ul>\n<li>En skonsam, icke-syrlig form av vitamin C<\/li>\n<li>L\u00e4ttl\u00f6sliga fina kristaller som \u00e4ven ger en anv\u00e4ndbar m\u00e4ngd kalcium<\/li>\n<li>Perfekt f\u00f6r dem som har sv\u00e5rt att sv\u00e4lja tabletter eller beh\u00f6ver stora m\u00e4ngder av detta vitamin<\/li>\n<li>Kan enkelt tills\u00e4ttas i drycker eller str\u00f6s \u00f6ver mat<\/li>\n<li>Varje gram ger n\u00e4stan 900 mg vitamin C samt drygt 100 mg kalcium<\/li>\n<li>Denna produkt \u00e4r l\u00e4mplig f\u00f6r personer med tarmproblem tack vare sin skonsamma verkan<\/li>\n<\/ul>\n<p><strong>250 g<\/strong><\/p>\n","protected":false},"featured_media":10284,"comment_status":"open","ping_status":"closed","template":"","meta":{"_kad_blocks_custom_css":"","_kad_blocks_head_custom_js":"","_kad_blocks_body_custom_js":"","_kad_blocks_footer_custom_js":"","_kadence_starter_templates_imported_post":false,"_kad_post_transparent":"default","_kad_post_title":"","_kad_post_layout":"default","_kad_post_sidebar_id":"","_kad_post_content_style":"default","_kad_post_vertical_padding":"default","_kad_post_feature":"","_kad_post_feature_position":"","_kad_post_header":false,"_kad_post_footer":false,"_kad_post_classname":""},"product_brand":[],"product_cat":[508,176,1234,281,155],"product_tag":[1698,1645,2585,2586,2587,2588,1468,2589,2590,1855,2547,2004,2591,2510,1515,1209],"class_list":{"0":"post-10227","1":"product","2":"type-product","3":"status-publish","4":"has-post-thumbnail","6":"product_cat-c-vitamin","7":"product_cat-immunforsvar","8":"product_cat-lamberts","9":"product_cat-mineraler","10":"product_cat-vitaminer","11":"product_tag-antioxidantstod","12":"product_tag-benhalsa","13":"product_tag-bioaktiv-vitamin-c","14":"product_tag-calcium-ascorbat","15":"product_tag-digestionhalsa","16":"product_tag-gmp-tillverkad","17":"product_tag-hudhalsa","18":"product_tag-icke-sur-vitamin-c","19":"product_tag-immunsystemstod","20":"product_tag-kalciumtillskott","21":"product_tag-kollagenbildning","22":"product_tag-lamberts","23":"product_tag-skonsam-vitamin-c","24":"product_tag-tillverkad-i-storbritannien","25":"product_tag-vegansk","26":"product_tag-vitamin-c","28":"first","29":"instock","30":"taxable","31":"shipping-taxable","32":"purchasable","33":"product-type-simple","34":"entry","35":"content-bg","36":"loop-entry"},"taxonomy_info":{"product_cat":[{"value":508,"label":"C-vitamin"},{"value":176,"label":"Immunf\u00f6rsvar"},{"value":1234,"label":"Lamberts"},{"value":281,"label":"Mineraler"},{"value":155,"label":"Vitaminer"}],"product_tag":[{"value":1698,"label":"Antioxidantst\u00f6d"},{"value":1645,"label":"Benh\u00e4lsa"},{"value":2585,"label":"Bioaktiv Vitamin C"},{"value":2586,"label":"Calcium Ascorbat"},{"value":2587,"label":"Digestionh\u00e4lsa"},{"value":2588,"label":"GMP Tillverkad"},{"value":1468,"label":"Hudh\u00e4lsa"},{"value":2589,"label":"Icke-sur Vitamin C"},{"value":2590,"label":"Immunsystemst\u00f6d"},{"value":1855,"label":"Kalciumtillskott"},{"value":2547,"label":"Kollagenbildning"},{"value":2004,"label":"Lamberts"},{"value":2591,"label":"Skonsam Vitamin C"},{"value":2510,"label":"Tillverkad i Storbritannien"},{"value":1515,"label":"vegansk"},{"value":1209,"label":"Vitamin C"}]},"featured_image_src_large":["https:\/\/vitaminbutiken.com\/wp-content\/uploads\/2025\/03\/8106-ascorbic-acid-C-780x700.jpg",780,700,true],"author_info":[],"comment_info":0,"_links":{"self":[{"href":"https:\/\/vitaminbutiken.com\/en\/wp-json\/wp\/v2\/product\/10227","targetHints":{"allow":["GET"]}}],"collection":[{"href":"https:\/\/vitaminbutiken.com\/en\/wp-json\/wp\/v2\/product"}],"about":[{"href":"https:\/\/vitaminbutiken.com\/en\/wp-json\/wp\/v2\/types\/product"}],"replies":[{"embeddable":true,"href":"https:\/\/vitaminbutiken.com\/en\/wp-json\/wp\/v2\/comments?post=10227"}],"wp:featuredmedia":[{"embeddable":true,"href":"https:\/\/vitaminbutiken.com\/en\/wp-json\/wp\/v2\/media\/10284"}],"wp:attachment":[{"href":"https:\/\/vitaminbutiken.com\/en\/wp-json\/wp\/v2\/media?parent=10227"}],"wp:term":[{"taxonomy":"product_brand","embeddable":true,"href":"https:\/\/vitaminbutiken.com\/en\/wp-json\/wp\/v2\/product_brand?post=10227"},{"taxonomy":"product_cat","embeddable":true,"href":"https:\/\/vitaminbutiken.com\/en\/wp-json\/wp\/v2\/product_cat?post=10227"},{"taxonomy":"product_tag","embeddable":true,"href":"https:\/\/vitaminbutiken.com\/en\/wp-json\/wp\/v2\/product_tag?post=10227"}],"curies":[{"name":"wp","href":"https:\/\/api.w.org\/{rel}","templated":true}]}}