{"id":10224,"date":"2025-03-19T16:23:20","date_gmt":"2025-03-19T14:23:20","guid":{"rendered":"https:\/\/vitaminbutiken.multi.fi\/?post_type=product&#038;p=10224"},"modified":"2026-03-23T12:30:13","modified_gmt":"2026-03-23T11:30:13","slug":"natural-form-vitamin-e-250iu-lamberts","status":"publish","type":"product","link":"https:\/\/vitaminbutiken.com\/en\/produkt\/natural-form-vitamin-e-250iu-lamberts\/","title":{"rendered":"Natural Form Vitamin E 250iu &#8211; Lamberts"},"content":{"rendered":"<p data-start=\"0\" data-end=\"225\">Vitamin E bidrar till att skydda kroppens celler fr\u00e5n oxidativ stress orsakad av reaktiva f\u00f6reningar som kallas &#8216;fria radikaler&#8217;, och denna skyddande roll har gjort vitamin E till ett centralt forskningsomr\u00e5de v\u00e4rlden \u00f6ver.<\/p>\n<p data-start=\"227\" data-end=\"640\">Lamberts\u00ae tillhandah\u00e5ller vitamin E i dess naturliga form, d-alfa-tokoferol, eftersom det \u00e4r den form som f\u00f6rekommer i livsmedel. Forskning visar att naturligt vitamin E har h\u00f6gre biologisk aktivitet och absorberas samt beh\u00e5lls l\u00e4ttare av kroppen \u00e4n syntetiskt vitamin E. Den billigare syntetiska formen kallas dl-alfa-tokoferol och \u00e4r den form som oftast finns i m\u00e5nga vanliga vitamin E-produkter p\u00e5 marknaden.<\/p>\n<p><strong> Dosering<\/strong>: 1-2 kapslar dagligen i samband med m\u00e5ltid.<\/p>\n<table style=\"height: 80px;\" border=\"1\" width=\"621\" cellspacing=\"0\" cellpadding=\"0\">\n<tbody>\n<tr>\n<td valign=\"top\" width=\"30%\"><strong>1 tablett inneh\u00e5ller<\/strong><\/td>\n<td valign=\"top\" width=\"20%\"><strong> M\u00e4ngd<\/strong><\/td>\n<td valign=\"top\" width=\"30%\"><strong>%DRI*<\/strong><\/td>\n<\/tr>\n<tr>\n<td valign=\"top\" width=\"30%\">Vitamin E (400 iu)<br \/>\n(I naturlig d-alfa-form)<\/td>\n<td valign=\"top\" width=\"20%\">168 mg (250 iu) a-TE<\/td>\n<td valign=\"top\" width=\"20%\">1400 %<\/td>\n<\/tr>\n<\/tbody>\n<\/table>\n<p><strong><em>*DRI \u00e4r dagligt referensintag.<\/em><\/strong><\/p>\n<p><strong>Ingredienser<\/strong>: Vitamin E (d-alfa tokoferol), kapselskal (glycerol, modifierad st\u00e4rkelse, gelbildande medel: karrageenan, surhetsreglerande medel: natriumkarbonat), solrosfr\u00f6olja.<\/p>\n<p>Rekommenderad dos b\u00f6r ej \u00f6verskridas.<br \/>\nKosttillskott ers\u00e4tter inte en varierad kost.<br \/>\nProdukten f\u00f6rvaras o\u00e5tkomligt f\u00f6r sm\u00e5 barn<\/p>\n<p>L\u00e4mplig f\u00f6r veganer<\/p>\n","protected":false},"excerpt":{"rendered":"<ul>\n<li>Bidrar till att skydda kroppens celler fr\u00e5n oxidativ stress orsakad av reaktiva f\u00f6reningar kallade &#8216;fria radikaler&#8217;<\/li>\n<li>Den naturliga formen av d-alfa-tokoferol, eftersom detta \u00e4r den form som f\u00f6rekommer i livsmedel<\/li>\n<li>Naturligt vitamin E absorberas och beh\u00e5lls l\u00e4ttare av kroppen \u00e4n syntetiskt vitamin E<\/li>\n<li>Extraherat fr\u00e5n en naturlig vegetabilisk olja och levereras i gelatinfria kapslar<\/li>\n<li>Tillverkat i Storbritannien i anl\u00e4ggningar som f\u00f6ljer strikta farmaceutiska GMP-standarder<\/li>\n<\/ul>\n<p><strong>100 kapslar<\/strong><\/p>\n","protected":false},"featured_media":10282,"comment_status":"open","ping_status":"closed","template":"","meta":{"_kad_blocks_custom_css":"","_kad_blocks_head_custom_js":"","_kad_blocks_body_custom_js":"","_kad_blocks_footer_custom_js":"","_kadence_starter_templates_imported_post":false,"_kad_post_transparent":"default","_kad_post_title":"","_kad_post_layout":"default","_kad_post_sidebar_id":"","_kad_post_content_style":"default","_kad_post_vertical_padding":"default","_kad_post_feature":"","_kad_post_feature_position":"","_kad_post_header":false,"_kad_post_footer":false,"_kad_post_classname":""},"product_brand":[],"product_cat":[2805,1234,155],"product_tag":[2576,1698,2577,2578,2579,2580,2581,285,2582,2122,2583,2584,2510,2535,1211],"class_list":{"0":"post-10224","1":"product","2":"type-product","3":"status-publish","4":"has-post-thumbnail","6":"product_cat-e-vitamin","7":"product_cat-lamberts","8":"product_cat-vitaminer","9":"product_tag-250-iu-per-kapsel","10":"product_tag-antioxidantstod","11":"product_tag-bra-for-hudens-halsa","12":"product_tag-for-hjarthalsa","13":"product_tag-gelatinfri-kapsel","14":"product_tag-hogkvalitativ-form-av-vitamin-e","15":"product_tag-innehaller-d-alpha-tocopherol","16":"product_tag-kosttillskott","17":"product_tag-mer-biologiskt-aktiv-an-syntetisk-vitamin-e","18":"product_tag-naturlig-form","19":"product_tag-skyddar-celler-fran-oxidativ-stress","20":"product_tag-stodjer-immunsystemet","21":"product_tag-tillverkad-i-storbritannien","22":"product_tag-vegansk-vanlig","23":"product_tag-vitamin-e","25":"first","26":"instock","27":"taxable","28":"shipping-taxable","29":"purchasable","30":"product-type-simple","31":"entry","32":"content-bg","33":"loop-entry"},"taxonomy_info":{"product_cat":[{"value":2805,"label":"E-vitamin"},{"value":1234,"label":"Lamberts"},{"value":155,"label":"Vitaminer"}],"product_tag":[{"value":2576,"label":"250 IU per kapsel"},{"value":1698,"label":"Antioxidantst\u00f6d"},{"value":2577,"label":"Bra f\u00f6r hudens h\u00e4lsa"},{"value":2578,"label":"F\u00f6r hj\u00e4rth\u00e4lsa"},{"value":2579,"label":"Gelatinfri kapsel"},{"value":2580,"label":"H\u00f6gkvalitativ form av vitamin E"},{"value":2581,"label":"Inneh\u00e5ller d-alpha tocopherol"},{"value":285,"label":"kosttillskott"},{"value":2582,"label":"Mer biologiskt aktiv \u00e4n syntetisk vitamin E"},{"value":2122,"label":"naturlig form"},{"value":2583,"label":"Skyddar celler fr\u00e5n oxidativ stress"},{"value":2584,"label":"St\u00f6djer immunsystemet"},{"value":2510,"label":"Tillverkad i Storbritannien"},{"value":2535,"label":"Vegansk v\u00e4nlig"},{"value":1211,"label":"Vitamin E"}]},"featured_image_src_large":["https:\/\/vitaminbutiken.com\/wp-content\/uploads\/2025\/03\/8707-vitamin-E-780x700.jpg",780,700,true],"author_info":[],"comment_info":0,"_links":{"self":[{"href":"https:\/\/vitaminbutiken.com\/en\/wp-json\/wp\/v2\/product\/10224","targetHints":{"allow":["GET"]}}],"collection":[{"href":"https:\/\/vitaminbutiken.com\/en\/wp-json\/wp\/v2\/product"}],"about":[{"href":"https:\/\/vitaminbutiken.com\/en\/wp-json\/wp\/v2\/types\/product"}],"replies":[{"embeddable":true,"href":"https:\/\/vitaminbutiken.com\/en\/wp-json\/wp\/v2\/comments?post=10224"}],"wp:featuredmedia":[{"embeddable":true,"href":"https:\/\/vitaminbutiken.com\/en\/wp-json\/wp\/v2\/media\/10282"}],"wp:attachment":[{"href":"https:\/\/vitaminbutiken.com\/en\/wp-json\/wp\/v2\/media?parent=10224"}],"wp:term":[{"taxonomy":"product_brand","embeddable":true,"href":"https:\/\/vitaminbutiken.com\/en\/wp-json\/wp\/v2\/product_brand?post=10224"},{"taxonomy":"product_cat","embeddable":true,"href":"https:\/\/vitaminbutiken.com\/en\/wp-json\/wp\/v2\/product_cat?post=10224"},{"taxonomy":"product_tag","embeddable":true,"href":"https:\/\/vitaminbutiken.com\/en\/wp-json\/wp\/v2\/product_tag?post=10224"}],"curies":[{"name":"wp","href":"https:\/\/api.w.org\/{rel}","templated":true}]}}