{"id":10215,"date":"2025-03-19T16:22:53","date_gmt":"2025-03-19T14:22:53","guid":{"rendered":"https:\/\/vitaminbutiken.multi.fi\/?post_type=product&#038;p=10215"},"modified":"2026-03-30T14:25:46","modified_gmt":"2026-03-30T12:25:46","slug":"choline-liver-complex-lamberts","status":"publish","type":"product","link":"https:\/\/vitaminbutiken.com\/en\/produkt\/choline-liver-complex-lamberts\/","title":{"rendered":"Choline Liver Komplex &#8211; Lamberts"},"content":{"rendered":"<p data-start=\"31\" data-end=\"359\">Som en kliniskt unders\u00f6kt formula kombinerar Lamberts Choline Liver Complex h\u00f6gkoncentrerad kolin med mariatistel och B-vitaminer. Eftersom kolin bidrar till att uppr\u00e4tth\u00e5lla normal leverfunktion och Choline Liver Complex ger hela 100 mg per tablett, \u00e4r denna produkt ett popul\u00e4rt val f\u00f6r dem som vill st\u00f6dja sin leverh\u00e4lsa.<\/p>\n<p data-start=\"361\" data-end=\"712\">Mariatistel \u00e4r en av de mest utforskade \u00f6rterna idag och rekommenderas ofta av experter. V\u00e5r formula inneh\u00e5ller mariatistel som ett standardiserat extrakt fr\u00e5n mogna fr\u00f6n, vilket garanterar en niv\u00e5 av 80 mg silymarin. Silymarin \u00e4r den aktiva best\u00e5ndsdelen fr\u00e5n frukten av mariatistel (Silybum marianum) och \u00e4r k\u00e4nd f\u00f6r sina antioxidativa egenskaper.<\/p>\n<p data-start=\"714\" data-end=\"968\">F\u00f6r att fullborda v\u00e5r formula har vi inkluderat en synergistisk kombination av B-vitaminer, inklusive vitamin B2 (riboflavin), vitamin B5 (pantotensyra), vitamin B1 (tiamin) och vitamin B9 (folsyra), som valts ut fr\u00e4mst p\u00e5 grund av f\u00f6ljande funktioner:<\/p>\n<ul data-start=\"970\" data-end=\"1435\">\n<li data-start=\"970\" data-end=\"1248\"><strong data-start=\"972\" data-end=\"992\">Energioms\u00e4ttning<\/strong>: Levern lagrar n\u00e4rings\u00e4mnen och reglerar tillf\u00f6rseln av energi till kroppen. Tiamin och folsyra bidrar till en normal energioms\u00e4ttning, medan pantotensyra bidrar till normal syntes och metabolism av steroidhormoner, vitamin D och vissa signalsubstanser.<\/li>\n<li data-start=\"1249\" data-end=\"1324\"><strong data-start=\"1251\" data-end=\"1268\">Immunsystemet<\/strong>: Folsyra bidrar till immunsystemets normala funktion.<\/li>\n<li data-start=\"1325\" data-end=\"1435\"><strong data-start=\"1327\" data-end=\"1346\">Oxidativ stress<\/strong>: Riboflavin bidrar till att skydda cellerna (inklusive levern) fr\u00e5n oxidativ stress.<\/li>\n<\/ul>\n<p>&nbsp;<\/p>\n<p><strong> Dosering<\/strong>: 1-2 tabletter dagligen i samband med m\u00e5ltid.<\/p>\n<table style=\"height: 80px;\" border=\"1\" width=\"621\" cellspacing=\"0\" cellpadding=\"0\">\n<tbody>\n<tr>\n<td valign=\"top\" width=\"30%\"><strong>1 tablett inneh\u00e5ller<\/strong><\/td>\n<td valign=\"top\" width=\"20%\"><strong> M\u00e4ngd<\/strong><\/td>\n<td valign=\"top\" width=\"30%\"><strong>%DRI*<\/strong><\/td>\n<\/tr>\n<tr>\n<td valign=\"top\" width=\"30%\">Tiamin<\/td>\n<td valign=\"top\" width=\"20%\">4,4 mg<\/td>\n<td valign=\"top\" width=\"20%\">400 %<\/td>\n<\/tr>\n<tr>\n<td valign=\"top\" width=\"30%\">Riboflavin<\/td>\n<td valign=\"top\" width=\"20%\">2,8 mg<\/td>\n<td valign=\"top\" width=\"20%\">200 %<\/td>\n<\/tr>\n<tr>\n<td valign=\"top\" width=\"30%\">Niasin<\/td>\n<td valign=\"top\" width=\"20%\">32 mg NE<\/td>\n<td valign=\"top\" width=\"20%\">200 %<\/td>\n<\/tr>\n<tr>\n<td valign=\"top\" width=\"30%\">Vitamin B6<\/td>\n<td valign=\"top\" width=\"20%\">2,8 mg<\/td>\n<td valign=\"top\" width=\"20%\">200 %<\/td>\n<\/tr>\n<tr>\n<td valign=\"top\" width=\"30%\">Folsyra<\/td>\n<td valign=\"top\" width=\"20%\">400 \u00b5g<\/td>\n<td valign=\"top\" width=\"20%\">200 %<\/td>\n<\/tr>\n<tr>\n<td valign=\"top\" width=\"30%\">Vitamin B12<\/td>\n<td valign=\"top\" width=\"20%\">10 \u00b5g<\/td>\n<td valign=\"top\" width=\"20%\">400 %<\/td>\n<\/tr>\n<tr>\n<td valign=\"top\" width=\"30%\">Biotin<\/td>\n<td valign=\"top\" width=\"20%\">100 \u00b5g<\/td>\n<td valign=\"top\" width=\"20%\">200 %<\/td>\n<\/tr>\n<tr>\n<td valign=\"top\" width=\"30%\">Pantotensyra<\/td>\n<td valign=\"top\" width=\"20%\">12 mg<\/td>\n<td valign=\"top\" width=\"20%\">200 %<\/td>\n<\/tr>\n<tr>\n<td valign=\"top\" width=\"30%\">Kolin<\/td>\n<td valign=\"top\" width=\"20%\">100 mg<\/td>\n<td valign=\"top\" width=\"20%\">**<\/td>\n<\/tr>\n<tr>\n<td valign=\"top\" width=\"30%\">Inositol<\/td>\n<td valign=\"top\" width=\"20%\">50 mg<\/td>\n<td valign=\"top\" width=\"20%\">**<\/td>\n<\/tr>\n<tr>\n<td valign=\"top\" width=\"30%\">Mj\u00f6ltistel<br \/>\n(100 mg av ett 25:1 extrakt)<\/td>\n<td valign=\"top\" width=\"20%\">2500 mg<\/td>\n<td valign=\"top\" width=\"20%\">**<\/td>\n<\/tr>\n<tr>\n<td valign=\"top\" width=\"30%\">Som ger:<\/td>\n<td valign=\"top\" width=\"20%\"><\/td>\n<td valign=\"top\" width=\"20%\"><\/td>\n<\/tr>\n<tr>\n<td valign=\"top\" width=\"30%\">Silymarin<\/td>\n<td valign=\"top\" width=\"20%\">80 mg<\/td>\n<td valign=\"top\" width=\"20%\">**<\/td>\n<\/tr>\n<\/tbody>\n<\/table>\n<p><strong><em>*DRI \u00e4r dagligt referensintag.**DRI ej fastst\u00e4llt.<\/em><\/strong><\/p>\n<p><strong> Ingredienser<\/strong>: Kolinbitartrat, cellulosa, kalciumkarbonat, mj\u00f6lktistel-extrakt (Silybum marianum), inositol, niacin<br \/>\n(nikotinamid), klumpf\u00f6rebyggande medel (kiseldioxid, magnesiumsalter av fettsyror, stearinsyra), pantotensyra<br \/>\n(kalciumpantotenat), tablettbel\u00e4ggning (hydroxypropylmetylcellulosa, glycerol), tv\u00e4rbunden cellulosagummi,<br \/>\ntiaminmononitrat, vitamin B6 (pyridoxinhydroklorid), riboflavin, vitamin B12 (cyanokobalamin), folsyra, biotin.<\/p>\n<p>Rekommenderad dos b\u00f6r ej \u00f6verskridas.<br \/>\nKosttillskott ers\u00e4tter inte en varierad kost.<br \/>\nProdukten f\u00f6rvaras o\u00e5tkomligt f\u00f6r sm\u00e5 barn.<\/p>\n","protected":false},"excerpt":{"rendered":"<ul>\n<li>Ger 100 mg kolin, vilket bidrar till att uppr\u00e4tth\u00e5lla normal leverfunktion,<\/li>\n<li>Med mariatistel som ett standardiserat extrakt, vilket ger 80 mg silymarin,<br data-start=\"188\" data-end=\"191\" data-is-only-node=\"\" \/>Plus en synergistisk kombination av B-vitaminer som bidrar till att frig\u00f6ra energi fr\u00e5n maten.<\/li>\n<li>En praktisk en-om-dagen-formula f\u00f6r dem som vill st\u00f6dja sin leverh\u00e4lsa.<\/li>\n<\/ul>\n<p><strong>60 tabletter<\/strong><\/p>\n","protected":false},"featured_media":10280,"comment_status":"open","ping_status":"closed","template":"","meta":{"_kad_blocks_custom_css":"","_kad_blocks_head_custom_js":"","_kad_blocks_body_custom_js":"","_kad_blocks_footer_custom_js":"","_kadence_starter_templates_imported_post":false,"_kad_post_transparent":"default","_kad_post_title":"","_kad_post_layout":"default","_kad_post_sidebar_id":"","_kad_post_content_style":"default","_kad_post_vertical_padding":"default","_kad_post_feature":"","_kad_post_feature_position":"","_kad_post_header":false,"_kad_post_footer":false,"_kad_post_classname":""},"product_brand":[],"product_cat":[348,508,1088,176,1234,625,281,155],"product_tag":[2565,2566,673,2567,2568,2569,2532,2560,2570,2571,2572,1692,2573,2574,2528,1515,2535],"class_list":{"0":"post-10215","1":"product","2":"type-product","3":"status-publish","4":"has-post-thumbnail","6":"product_cat-b-vitamin","7":"product_cat-c-vitamin","8":"product_cat-d-vitamin","9":"product_cat-immunforsvar","10":"product_cat-lamberts","11":"product_cat-magnesium","12":"product_cat-mineraler","13":"product_cat-vitaminer","14":"product_tag-80-mg-silymarin","15":"product_tag-antioxidativa-egenskaper","16":"product_tag-b-vitaminer","17":"product_tag-cholin","18":"product_tag-en-dag-formel","19":"product_tag-energiutslapp","20":"product_tag-gmp-standarder","21":"product_tag-hogkvalitativ-formel","22":"product_tag-kolesterolstod","23":"product_tag-leverhalsotillskott","24":"product_tag-mjolkthistle","25":"product_tag-stod-for-immunforsvaret","26":"product_tag-stod-for-leverfunktion","27":"product_tag-stodjer-normal-leverfunktion","28":"product_tag-tillverkat-i-storbritannien","29":"product_tag-vegansk","30":"product_tag-vegansk-vanlig","32":"first","33":"outofstock","34":"taxable","35":"shipping-taxable","36":"purchasable","37":"product-type-simple","38":"entry","39":"content-bg","40":"loop-entry"},"taxonomy_info":{"product_cat":[{"value":348,"label":"B-vitamin"},{"value":508,"label":"C-vitamin"},{"value":1088,"label":"D-vitamin"},{"value":176,"label":"Immunf\u00f6rsvar"},{"value":1234,"label":"Lamberts"},{"value":625,"label":"Magnesium"},{"value":281,"label":"Mineraler"},{"value":155,"label":"Vitaminer"}],"product_tag":[{"value":2565,"label":"80 mg silymarin"},{"value":2566,"label":"Antioxidativa egenskaper"},{"value":673,"label":"b-vitaminer"},{"value":2567,"label":"Cholin"},{"value":2568,"label":"En-dag-formel"},{"value":2569,"label":"Energiutsl\u00e4pp"},{"value":2532,"label":"GMP-standarder"},{"value":2560,"label":"H\u00f6gkvalitativ formel"},{"value":2570,"label":"Kolesterolst\u00f6d"},{"value":2571,"label":"Leverh\u00e4lsotillskott"},{"value":2572,"label":"Mj\u00f6lkthistle"},{"value":1692,"label":"St\u00f6d f\u00f6r immunf\u00f6rsvaret"},{"value":2573,"label":"st\u00f6d f\u00f6r leverfunktion"},{"value":2574,"label":"St\u00f6djer normal leverfunktion"},{"value":2528,"label":"Tillverkat i Storbritannien"},{"value":1515,"label":"vegansk"},{"value":2535,"label":"Vegansk v\u00e4nlig"}]},"featured_image_src_large":["https:\/\/vitaminbutiken.com\/wp-content\/uploads\/2025\/03\/8593-Choline-liver-complex-780x700.jpg",780,700,true],"author_info":[],"comment_info":0,"_links":{"self":[{"href":"https:\/\/vitaminbutiken.com\/en\/wp-json\/wp\/v2\/product\/10215","targetHints":{"allow":["GET"]}}],"collection":[{"href":"https:\/\/vitaminbutiken.com\/en\/wp-json\/wp\/v2\/product"}],"about":[{"href":"https:\/\/vitaminbutiken.com\/en\/wp-json\/wp\/v2\/types\/product"}],"replies":[{"embeddable":true,"href":"https:\/\/vitaminbutiken.com\/en\/wp-json\/wp\/v2\/comments?post=10215"}],"wp:featuredmedia":[{"embeddable":true,"href":"https:\/\/vitaminbutiken.com\/en\/wp-json\/wp\/v2\/media\/10280"}],"wp:attachment":[{"href":"https:\/\/vitaminbutiken.com\/en\/wp-json\/wp\/v2\/media?parent=10215"}],"wp:term":[{"taxonomy":"product_brand","embeddable":true,"href":"https:\/\/vitaminbutiken.com\/en\/wp-json\/wp\/v2\/product_brand?post=10215"},{"taxonomy":"product_cat","embeddable":true,"href":"https:\/\/vitaminbutiken.com\/en\/wp-json\/wp\/v2\/product_cat?post=10215"},{"taxonomy":"product_tag","embeddable":true,"href":"https:\/\/vitaminbutiken.com\/en\/wp-json\/wp\/v2\/product_tag?post=10215"}],"curies":[{"name":"wp","href":"https:\/\/api.w.org\/{rel}","templated":true}]}}