{"id":10214,"date":"2025-03-19T16:22:52","date_gmt":"2025-03-19T14:22:52","guid":{"rendered":"https:\/\/vitaminbutiken.multi.fi\/?post_type=product&#038;p=10214"},"modified":"2026-03-13T12:19:18","modified_gmt":"2026-03-13T11:19:18","slug":"curcumin-ultra-lamberts","status":"publish","type":"product","link":"https:\/\/vitaminbutiken.com\/en\/produkt\/curcumin-ultra-lamberts\/","title":{"rendered":"Curcumin Ultra -Lamberts"},"content":{"rendered":"<p data-start=\"0\" data-end=\"30\"><strong data-start=\"0\" data-end=\"28\">Lamberts\u00ae Curcumin Ultra<\/strong><\/p>\n<p data-start=\"32\" data-end=\"197\">Lamberts\u00ae <strong data-start=\"42\" data-end=\"60\">Curcumin Ultra<\/strong> inneh\u00e5ller ett <strong data-start=\"76\" data-end=\"114\">tekniskt avancerat gurkmejaextrakt<\/strong>, speciellt framst\u00e4llt f\u00f6r att <strong data-start=\"145\" data-end=\"170\">kraftigt \u00f6ka upptaget<\/strong> i matsm\u00e4ltningssystemet.<\/p>\n<p data-start=\"199\" data-end=\"688\">\ud83d\udd38 <strong data-start=\"202\" data-end=\"234\">\u00d6verl\u00e4gsen biotillg\u00e4nglighet<\/strong> \u2013 Vanligt kurkumin l\u00f6ser sig d\u00e5ligt i vatten, vilket begr\u00e4nsar dess absorption. V\u00e5rt extrakt har en <strong data-start=\"335\" data-end=\"365\">f\u00f6rb\u00e4ttrad vattenl\u00f6slighet<\/strong> f\u00f6r optimalt upptag.<br data-start=\"386\" data-end=\"389\" \/>\ud83d\udd38 <strong data-start=\"392\" data-end=\"415\">CurcuWIN\u00ae-teknologi<\/strong> \u2013 Tillverkad med <strong data-start=\"433\" data-end=\"456\">UltraSOL\u2122-processen<\/strong>, en molekyl\u00e4r dispergeringsteknik som <strong data-start=\"495\" data-end=\"529\">f\u00f6rb\u00e4ttrar biotillg\u00e4ngligheten<\/strong> av sv\u00e5rupptagna n\u00e4rings\u00e4mnen.<br data-start=\"559\" data-end=\"562\" \/>\ud83d\udd38 <strong data-start=\"565\" data-end=\"596\">Naturligt curcuminoidprofil<\/strong> \u2013 Inneh\u00e5ller curcuminoider i samma sammans\u00e4ttning som de f\u00f6rekommer naturligt i gurkmeja.<\/p>\n<p data-start=\"690\" data-end=\"797\" data-is-last-node=\"\" data-is-only-node=\"\">Ett <strong data-start=\"694\" data-end=\"726\">avancerat och h\u00f6gkvalitativt<\/strong> tillskott f\u00f6r dig som vill f\u00e5 ut maximalt av gurkmejans h\u00e4lsof\u00f6rdelar!<\/p>\n<p><strong> Dosering<\/strong>: 1 tablett dagligen med vatten.<\/p>\n<table style=\"height: 80px;\" border=\"1\" width=\"621\" cellspacing=\"0\" cellpadding=\"0\">\n<tbody>\n<tr>\n<td valign=\"top\" width=\"30%\"><strong>1 tablett inneh\u00e5ller<\/strong><\/td>\n<td valign=\"top\" width=\"20%\"><strong> M\u00e4ngd<\/strong><\/td>\n<td valign=\"top\" width=\"30%\"><strong>%DRI*<\/strong><\/td>\n<\/tr>\n<tr>\n<td valign=\"top\" width=\"30%\">CurcuWIN<\/td>\n<td valign=\"top\" width=\"20%\">500 mg<\/td>\n<td valign=\"top\" width=\"20%\">**<\/td>\n<\/tr>\n<tr>\n<td valign=\"top\" width=\"30%\">som ger:<\/td>\n<td valign=\"top\" width=\"20%\"><\/td>\n<td valign=\"top\" width=\"20%\"><\/td>\n<\/tr>\n<tr>\n<td valign=\"top\" width=\"30%\">Curcuminoider<\/td>\n<td valign=\"top\" width=\"20%\">100 mg<\/td>\n<td valign=\"top\" width=\"20%\">**<\/td>\n<\/tr>\n<\/tbody>\n<\/table>\n<p><strong><em>*DRI \u00e4r dagligt referensintag.<\/em><\/strong><\/p>\n<p><strong>Ingredienser<\/strong>: Gurkmejaextraktberedning (povidon, gurkmejarotextrakt (Curcuma longa L.), hydroxypropyl<br \/>\nmetylcellulosa, antioxidant: blandade tokoferoler &#8211; som CurcuWIN), fyllnadsmedel (dikalciumfosfat, tv\u00e4rbunden<br \/>\ncellulosagummi, kalciumfosfat), glanseringsmedel (hydroxypropylmetylcellulosa, glycerol), klump<br \/>\nf\u00f6rebyggande medel (magnesiumsalter av fettsyror, kiseldioxid).<\/p>\n<p>Rekommenderad dos b\u00f6r ej \u00f6verskridas.<br \/>\nKosttillskott ers\u00e4tter inte en varierad kost.<br \/>\nProdukten f\u00f6rvaras o\u00e5tkomligt f\u00f6r sm\u00e5 barn.<br \/>\nRekommenderas inte till gravida eller ammande.<\/p>\n<p>L\u00e4mplig f\u00f6r veganer<\/p>\n","protected":false},"excerpt":{"rendered":"<p data-start=\"43\" data-end=\"208\">Lamberts\u00ae tekniskt avancerade gurkmejaextrakt \u00e4r <strong data-start=\"92\" data-end=\"123\">betydligt b\u00e4ttre absorberat<\/strong> \u00e4n standardkurkumin, tack vare en <strong data-start=\"158\" data-end=\"205\">sofistikerad molekyl\u00e4r dispergeringsprocess<\/strong>.<\/p>\n<p data-start=\"210\" data-end=\"497\">\u2714 <strong data-start=\"212\" data-end=\"237\">H\u00f6g biotillg\u00e4nglighet<\/strong> \u2013 Absorberas effektivare \u00e4n vanlig kurkumin.<br data-start=\"282\" data-end=\"285\" \/>\u2714 <strong data-start=\"287\" data-end=\"323\" data-is-only-node=\"\">Full dos p\u00e5 100 mg curcuminoider<\/strong> per tablett.<br data-start=\"336\" data-end=\"339\" \/>\u2714 <strong data-start=\"341\" data-end=\"378\">Samma naturliga curcuminoidprofil<\/strong> som finns i gurkmeja.<br data-start=\"400\" data-end=\"403\" \/>\u2714 <strong data-start=\"405\" data-end=\"420\">En om dagen<\/strong> \u2013 Enkel och bekv\u00e4m dosering.<br data-start=\"449\" data-end=\"452\" \/>\u2714 <strong data-start=\"454\" data-end=\"494\">Passar b\u00e5de vegetarianer och veganer<\/strong>.<\/p>\n<p data-start=\"499\" data-end=\"610\" data-is-last-node=\"\" data-is-only-node=\"\">Ett <strong data-start=\"503\" data-end=\"540\">modernt och kraftfullt alternativ<\/strong> f\u00f6r dig som vill f\u00e5 ut maximalt av gurkmejans v\u00e4lk\u00e4nda h\u00e4lsof\u00f6rdelar!<\/p>\n<p data-start=\"499\" data-end=\"610\" data-is-last-node=\"\" data-is-only-node=\"\"><strong>30 tabletter\u00a0<\/strong><\/p>\n","protected":false},"featured_media":10278,"comment_status":"open","ping_status":"closed","template":"","meta":{"_kad_blocks_custom_css":"","_kad_blocks_head_custom_js":"","_kad_blocks_body_custom_js":"","_kad_blocks_footer_custom_js":"","_kadence_starter_templates_imported_post":false,"_kad_post_transparent":"default","_kad_post_title":"","_kad_post_layout":"default","_kad_post_sidebar_id":"","_kad_post_content_style":"default","_kad_post_vertical_padding":"default","_kad_post_feature":"","_kad_post_feature_position":"","_kad_post_header":false,"_kad_post_footer":false,"_kad_post_classname":""},"product_brand":[],"product_cat":[1234],"product_tag":[2555,2543,2556,2557,2497,2558,2532,2559,2560,2561,2562,2563,2528,2564,2535],"class_list":{"0":"post-10214","1":"product","2":"type-product","3":"status-publish","4":"has-post-thumbnail","6":"product_cat-lamberts","7":"product_tag-50-mg-curcuminoider-per-kapsel","8":"product_tag-antioxidativt-stod","9":"product_tag-battre-absorption","10":"product_tag-curcuwin-teknologi","11":"product_tag-en-kapsel-per-dag","12":"product_tag-forbattrad-bioverkan","13":"product_tag-gmp-standarder","14":"product_tag-hogabsorberande","15":"product_tag-hogkvalitativ-formel","16":"product_tag-med-vitamin-c-och-d","17":"product_tag-stod-for-ben-och-muskler","18":"product_tag-stod-for-ledhalsa","19":"product_tag-tillverkat-i-storbritannien","20":"product_tag-turmeric-extrakt","21":"product_tag-vegansk-vanlig","23":"first","24":"instock","25":"taxable","26":"shipping-taxable","27":"purchasable","28":"product-type-simple","29":"entry","30":"content-bg","31":"loop-entry"},"taxonomy_info":{"product_cat":[{"value":1234,"label":"Lamberts"}],"product_tag":[{"value":2555,"label":"50 mg curcuminoider per kapsel"},{"value":2543,"label":"Antioxidativt st\u00f6d"},{"value":2556,"label":"B\u00e4ttre absorption"},{"value":2557,"label":"CurcuWIN-teknologi"},{"value":2497,"label":"En kapsel per dag"},{"value":2558,"label":"F\u00f6rb\u00e4ttrad bioverkan"},{"value":2532,"label":"GMP-standarder"},{"value":2559,"label":"H\u00f6gabsorberande"},{"value":2560,"label":"H\u00f6gkvalitativ formel"},{"value":2561,"label":"Med vitamin C och D"},{"value":2562,"label":"St\u00f6d f\u00f6r ben och muskler"},{"value":2563,"label":"St\u00f6d f\u00f6r ledh\u00e4lsa"},{"value":2528,"label":"Tillverkat i Storbritannien"},{"value":2564,"label":"Turmeric-extrakt"},{"value":2535,"label":"Vegansk v\u00e4nlig"}]},"featured_image_src_large":["https:\/\/vitaminbutiken.com\/wp-content\/uploads\/2025\/03\/8590-30-curcumin-ultra-780x700.jpg",780,700,true],"author_info":[],"comment_info":0,"_links":{"self":[{"href":"https:\/\/vitaminbutiken.com\/en\/wp-json\/wp\/v2\/product\/10214","targetHints":{"allow":["GET"]}}],"collection":[{"href":"https:\/\/vitaminbutiken.com\/en\/wp-json\/wp\/v2\/product"}],"about":[{"href":"https:\/\/vitaminbutiken.com\/en\/wp-json\/wp\/v2\/types\/product"}],"replies":[{"embeddable":true,"href":"https:\/\/vitaminbutiken.com\/en\/wp-json\/wp\/v2\/comments?post=10214"}],"wp:featuredmedia":[{"embeddable":true,"href":"https:\/\/vitaminbutiken.com\/en\/wp-json\/wp\/v2\/media\/10278"}],"wp:attachment":[{"href":"https:\/\/vitaminbutiken.com\/en\/wp-json\/wp\/v2\/media?parent=10214"}],"wp:term":[{"taxonomy":"product_brand","embeddable":true,"href":"https:\/\/vitaminbutiken.com\/en\/wp-json\/wp\/v2\/product_brand?post=10214"},{"taxonomy":"product_cat","embeddable":true,"href":"https:\/\/vitaminbutiken.com\/en\/wp-json\/wp\/v2\/product_cat?post=10214"},{"taxonomy":"product_tag","embeddable":true,"href":"https:\/\/vitaminbutiken.com\/en\/wp-json\/wp\/v2\/product_tag?post=10214"}],"curies":[{"name":"wp","href":"https:\/\/api.w.org\/{rel}","templated":true}]}}