{"id":10213,"date":"2025-03-19T16:22:52","date_gmt":"2025-03-19T14:22:52","guid":{"rendered":"https:\/\/vitaminbutiken.multi.fi\/?post_type=product&#038;p=10213"},"modified":"2026-04-08T15:12:49","modified_gmt":"2026-04-08T13:12:49","slug":"garlic-8250mg-lamberts","status":"publish","type":"product","link":"https:\/\/vitaminbutiken.com\/en\/produkt\/garlic-8250mg-lamberts\/","title":{"rendered":"Garlic 8250mg &#8211; lamberts"},"content":{"rendered":"<p data-start=\"0\" data-end=\"29\"><strong data-start=\"0\" data-end=\"27\">Lamberts\u00ae Vitl\u00f6k 8250mg<\/strong><\/p>\n<p data-start=\"31\" data-end=\"233\">Lamberts\u00ae Garlic 8250mg \u00e4r <strong data-start=\"58\" data-end=\"89\">h\u00f6gpotenta vitl\u00f6kstabletter<\/strong>, noggrant formulerade f\u00f6r att bevara de aktiva ingredienserna. Dessutom har tabletterna en <strong data-start=\"181\" data-end=\"204\">speciell bel\u00e4ggning<\/strong> som minskar vitl\u00f6ksdoften.<\/p>\n<p data-start=\"235\" data-end=\"670\">\u2714 <strong data-start=\"237\" data-end=\"251\">H\u00f6g styrka<\/strong> \u2013 Varje tablett motsvarar <strong data-start=\"278\" data-end=\"302\">8250 mg f\u00e4rsk vitl\u00f6k<\/strong>, med en <strong data-start=\"311\" data-end=\"342\">allicinpotential p\u00e5 5500 \u00b5g<\/strong>.<br data-start=\"343\" data-end=\"346\" \/>\u2714 <strong data-start=\"348\" data-end=\"374\">Naturlig n\u00e4ringsprofil<\/strong> \u2013 N\u00e4rmare r\u00e5 vitl\u00f6k \u00e4n m\u00e5nga billigare m\u00e4rken p\u00e5 marknaden.<br data-start=\"434\" data-end=\"437\" \/>\u2714 <strong data-start=\"439\" data-end=\"466\">Rik p\u00e5 svavelf\u00f6reningar<\/strong>, s\u00e4rskilt alliin, som omvandlas till allicin n\u00e4r vitl\u00f6k krossas eller tuggas.<br data-start=\"544\" data-end=\"547\" \/>\u2714 <strong data-start=\"549\" data-end=\"569\">Kan tas dagligen<\/strong> \u2013 L\u00e5ngsiktig anv\u00e4ndning \u00e4r s\u00e4ker, men vid kolesterolproblem b\u00f6r niv\u00e5erna kontrolleras regelbundet.<\/p>\n<p data-start=\"672\" data-end=\"832\" data-is-last-node=\"\" data-is-only-node=\"\">Vitl\u00f6k har anv\u00e4nts i \u00e5rhundraden f\u00f6r sina h\u00e4lsof\u00f6rdelar, och denna h\u00f6gkvalitativa tablett g\u00f6r det enkelt att f\u00e5 i sig en <strong data-start=\"793\" data-end=\"821\">effektiv och luktfri dos<\/strong> varje dag.<\/p>\n<p><strong> Dosering<\/strong>: 1 tablett dagligen i samband med m\u00e5ltid.<\/p>\n<table style=\"height: 80px;\" border=\"1\" width=\"621\" cellspacing=\"0\" cellpadding=\"0\">\n<tbody>\n<tr>\n<td valign=\"top\" width=\"30%\"><strong>1 tablett inneh\u00e5ller<\/strong><\/td>\n<td valign=\"top\" width=\"20%\"><strong> M\u00e4ngd<\/strong><\/td>\n<td valign=\"top\" width=\"30%\"><strong>%DRI*<\/strong><\/td>\n<\/tr>\n<tr>\n<td valign=\"top\" width=\"30%\">Koncentrerat vitl\u00f6kspulver<br \/>\n(motsvarande 8250mg f\u00e4rsk vitl\u00f6k)<\/td>\n<td valign=\"top\" width=\"20%\">550 mg<\/td>\n<td valign=\"top\" width=\"20%\">**<\/td>\n<\/tr>\n<tr>\n<td valign=\"top\" width=\"30%\">Allicin Potential<\/td>\n<td valign=\"top\" width=\"20%\">5500 \u00b5g<\/td>\n<td valign=\"top\" width=\"20%\">**<\/td>\n<\/tr>\n<\/tbody>\n<\/table>\n<p><strong><em>*DRI (dagligt referensintag) ej fastst\u00e4llt.\u00a0<\/em><\/strong><\/p>\n<p><strong>Ingredienser<\/strong>: Fyllnadsmedel (kalciumkarbonat, cellulosa), vitl\u00f6ksextrakt, klumpf\u00f6rebyggande medel (kiseldioxid, stearinsyra, magnesiumsalter av fettsyror), glanserings-<br \/>\nmedel (hydroxypropylmetylcellulosa, cellulosa, stearinsyra).<\/p>\n<p>Rekommenderad dos b\u00f6r ej \u00f6verskridas.<br \/>\nKosttillskott ers\u00e4tter inte en varierad kost.<br \/>\nProdukten f\u00f6rvaras o\u00e5tkomligt f\u00f6r sm\u00e5 barn.<br \/>\nRekommenderas inte till gravida eller ammande.<\/p>\n<p>L\u00e4mplig f\u00f6r veganer<\/p>\n","protected":false},"excerpt":{"rendered":"<p data-start=\"0\" data-end=\"41\"><strong data-start=\"0\" data-end=\"39\">Vitl\u00f6kskomplex \u2013 H\u00f6gstyrketabletter<\/strong><\/p>\n<p data-start=\"43\" data-end=\"498\">\u2714 <strong data-start=\"45\" data-end=\"66\">H\u00f6gpotent formula<\/strong> \u2013 Noggrant formulerade f\u00f6r att bevara de aktiva ingredienserna.<br data-start=\"130\" data-end=\"133\" \/>\u2714 <strong data-start=\"135\" data-end=\"183\">Varje tablett motsvarar 8250 mg f\u00e4rsk vitl\u00f6k<\/strong>, med en <strong data-start=\"192\" data-end=\"223\">allicinpotential p\u00e5 5500 \u00b5g<\/strong>.<br data-start=\"224\" data-end=\"227\" \/>\u2714 Inneh\u00e5ller <strong data-start=\"240\" data-end=\"260\">svavelf\u00f6reningar<\/strong> s\u00e5som alliin, som tros vara nyckeln till vitl\u00f6kens h\u00e4lsof\u00f6rdelar.<br data-start=\"326\" data-end=\"329\" \/>\u2714 <strong data-start=\"331\" data-end=\"346\">En om dagen<\/strong> \u2013 Enkel och bekv\u00e4m dosering.<br data-start=\"375\" data-end=\"378\" \/>\u2714 Kan tas <strong data-start=\"388\" data-end=\"401\">indefinit<\/strong>, men vid anv\u00e4ndning f\u00f6r <strong data-start=\"426\" data-end=\"446\">kolesterolniv\u00e5er<\/strong> \u00e4r det viktigt att kontrollera dessa regelbundet.<\/p>\n<p data-start=\"500\" data-end=\"662\" data-is-last-node=\"\" data-is-only-node=\"\">Vitl\u00f6k har l\u00e4nge varit uppskattad f\u00f6r sina potentiella h\u00e4lsof\u00f6rdelar, och denna <strong data-start=\"580\" data-end=\"608\">h\u00f6gkoncentrerade tablett<\/strong> g\u00f6r det enkelt att f\u00e5 i sig en effektiv dos dagligen.<\/p>\n<p data-start=\"500\" data-end=\"662\" data-is-last-node=\"\" data-is-only-node=\"\"><strong>60 tabletter\u00a0<\/strong><\/p>\n","protected":false},"featured_media":10276,"comment_status":"open","ping_status":"closed","template":"","meta":{"_kad_blocks_custom_css":"","_kad_blocks_head_custom_js":"","_kad_blocks_body_custom_js":"","_kad_blocks_footer_custom_js":"","_kadence_starter_templates_imported_post":false,"_kad_post_transparent":"default","_kad_post_title":"","_kad_post_layout":"default","_kad_post_sidebar_id":"","_kad_post_content_style":"default","_kad_post_vertical_padding":"default","_kad_post_feature":"","_kad_post_feature_position":"","_kad_post_header":false,"_kad_post_footer":false,"_kad_post_classname":""},"product_brand":[],"product_cat":[176,1234,149],"product_tag":[2548,2549,2543,2348,2550,2551,2532,1648,2541,285,2552,2553,1692,2528,2535,2554],"class_list":{"0":"post-10213","1":"product","2":"type-product","3":"status-publish","4":"has-post-thumbnail","6":"product_cat-immunforsvar","7":"product_cat-lamberts","8":"product_cat-orter","9":"product_tag-8250-mg-vitlok-per-tablett","10":"product_tag-allicinpotential-5500-g","11":"product_tag-antioxidativt-stod","12":"product_tag-blodcirkulation","13":"product_tag-en-tablett-per-dag","14":"product_tag-forbattrad-absorption","15":"product_tag-gmp-standarder","16":"product_tag-hjarthalsa","17":"product_tag-hogpotent","18":"product_tag-kosttillskott","19":"product_tag-minskar-odor","20":"product_tag-naturliga-svavelkomponenter","21":"product_tag-stod-for-immunforsvaret","22":"product_tag-tillverkat-i-storbritannien","23":"product_tag-vegansk-vanlig","24":"product_tag-vitloksextrakt","26":"first","27":"instock","28":"taxable","29":"shipping-taxable","30":"purchasable","31":"product-type-simple","32":"entry","33":"content-bg","34":"loop-entry"},"taxonomy_info":{"product_cat":[{"value":176,"label":"Immunf\u00f6rsvar"},{"value":1234,"label":"Lamberts"},{"value":149,"label":"\u00d6rter"}],"product_tag":[{"value":2548,"label":"8250 mg vitl\u00f6k per tablett"},{"value":2549,"label":"Allicinpotential 5500 \u00b5g"},{"value":2543,"label":"Antioxidativt st\u00f6d"},{"value":2348,"label":"Blodcirkulation"},{"value":2550,"label":"En tablett per dag"},{"value":2551,"label":"F\u00f6rb\u00e4ttrad absorption"},{"value":2532,"label":"GMP-standarder"},{"value":1648,"label":"hj\u00e4rth\u00e4lsa"},{"value":2541,"label":"H\u00f6gpotent"},{"value":285,"label":"kosttillskott"},{"value":2552,"label":"Minskar od\u00f6r"},{"value":2553,"label":"Naturliga svavelkomponenter"},{"value":1692,"label":"St\u00f6d f\u00f6r immunf\u00f6rsvaret"},{"value":2528,"label":"Tillverkat i Storbritannien"},{"value":2535,"label":"Vegansk v\u00e4nlig"},{"value":2554,"label":"Vitl\u00f6ksextrakt"}]},"featured_image_src_large":["https:\/\/vitaminbutiken.com\/wp-content\/uploads\/2025\/03\/8585-garlic-85254-780x700.jpg",780,700,true],"author_info":[],"comment_info":0,"_links":{"self":[{"href":"https:\/\/vitaminbutiken.com\/en\/wp-json\/wp\/v2\/product\/10213","targetHints":{"allow":["GET"]}}],"collection":[{"href":"https:\/\/vitaminbutiken.com\/en\/wp-json\/wp\/v2\/product"}],"about":[{"href":"https:\/\/vitaminbutiken.com\/en\/wp-json\/wp\/v2\/types\/product"}],"replies":[{"embeddable":true,"href":"https:\/\/vitaminbutiken.com\/en\/wp-json\/wp\/v2\/comments?post=10213"}],"wp:featuredmedia":[{"embeddable":true,"href":"https:\/\/vitaminbutiken.com\/en\/wp-json\/wp\/v2\/media\/10276"}],"wp:attachment":[{"href":"https:\/\/vitaminbutiken.com\/en\/wp-json\/wp\/v2\/media?parent=10213"}],"wp:term":[{"taxonomy":"product_brand","embeddable":true,"href":"https:\/\/vitaminbutiken.com\/en\/wp-json\/wp\/v2\/product_brand?post=10213"},{"taxonomy":"product_cat","embeddable":true,"href":"https:\/\/vitaminbutiken.com\/en\/wp-json\/wp\/v2\/product_cat?post=10213"},{"taxonomy":"product_tag","embeddable":true,"href":"https:\/\/vitaminbutiken.com\/en\/wp-json\/wp\/v2\/product_tag?post=10213"}],"curies":[{"name":"wp","href":"https:\/\/api.w.org\/{rel}","templated":true}]}}