{"id":10212,"date":"2025-03-19T16:22:52","date_gmt":"2025-03-19T14:22:52","guid":{"rendered":"https:\/\/vitaminbutiken.multi.fi\/?post_type=product&#038;p=10212"},"modified":"2025-12-31T09:09:51","modified_gmt":"2025-12-31T08:09:51","slug":"eyewiseomega-3-lamberts","status":"publish","type":"product","link":"https:\/\/vitaminbutiken.com\/en\/produkt\/eyewiseomega-3-lamberts\/","title":{"rendered":"Eyewise\u00aeOmega 3 &#8211; Lamberts"},"content":{"rendered":"<p data-start=\"0\" data-end=\"173\"><strong data-start=\"0\" data-end=\"20\">Eyewise\u00ae Omega 3<\/strong> \u00e4r ett h\u00f6gkvalitativt kosttillskott f\u00f6r \u00f6gonh\u00e4lsa som kombinerar lutein, zeaxantin, omega-3-fettsyror och D3-vitamin i en praktisk en-om-dagen kapsel.<\/p>\n<h3 data-start=\"175\" data-end=\"201\"><strong data-start=\"179\" data-end=\"199\">Viktiga f\u00f6rdelar<\/strong><\/h3>\n<p data-start=\"202\" data-end=\"606\">\u2714 <strong data-start=\"204\" data-end=\"234\">20 mg lutein och zeaxantin<\/strong> \u2013 Viktiga karotenoider som skyddar makula och filtrerar skadligt ljus.<br data-start=\"305\" data-end=\"308\" \/>\u2714 <strong data-start=\"310\" data-end=\"349\" data-is-only-node=\"\">356 mg omega-3-fettsyror per kapsel<\/strong>, inklusive <strong data-start=\"361\" data-end=\"375\">250 mg DHA<\/strong>, som bidrar till <strong data-start=\"393\" data-end=\"414\">normal synf\u00f6rm\u00e5ga<\/strong>.<br data-start=\"415\" data-end=\"418\" \/>\u2714 <strong data-start=\"420\" data-end=\"452\">H\u00e5llbart producerad fiskolja<\/strong> \u2013 Certifierad f\u00f6r renhet och milj\u00f6ansvar.<br data-start=\"494\" data-end=\"497\" \/>\u2714 <strong data-start=\"499\" data-end=\"523\">Naturligt D3-vitamin<\/strong> \u2013 St\u00f6djer allm\u00e4n h\u00e4lsa och kan ocks\u00e5 vara f\u00f6rdelaktigt f\u00f6r <strong data-start=\"583\" data-end=\"603\">\u00f6gonens funktion<\/strong>.<\/p>\n<p data-start=\"608\" data-end=\"828\" data-is-last-node=\"\" data-is-only-node=\"\">Eyewise\u00ae Omega 3 erbjuder en synergistisk kombination av n\u00e4rings\u00e4mnen som st\u00f6djer <strong data-start=\"690\" data-end=\"725\">\u00f6gonens h\u00e4lsa och v\u00e4lbefinnande<\/strong>, s\u00e4rskilt med \u00e5ldern.<\/p>\n<p><strong> Dosering<\/strong>: 1 kapsel dagligen i samband med m\u00e5ltid.<\/p>\n<table style=\"height: 80px;\" border=\"1\" width=\"621\" cellspacing=\"0\" cellpadding=\"0\">\n<tbody>\n<tr>\n<td valign=\"top\" width=\"30%\"><strong>1 kapsel inneh\u00e5ller<\/strong><\/td>\n<td valign=\"top\" width=\"20%\"><strong> M\u00e4ngd<\/strong><\/td>\n<td valign=\"top\" width=\"30%\"><strong>%DRI*<\/strong><\/td>\n<\/tr>\n<tr>\n<td valign=\"top\" width=\"30%\">Fiskoljekoncentrat<\/td>\n<td valign=\"top\" width=\"20%\">626 mg<\/td>\n<td valign=\"top\" width=\"20%\">**<\/td>\n<\/tr>\n<tr>\n<td valign=\"top\" width=\"30%\">Som ger: Omega 3-fettsyror7<\/td>\n<td valign=\"top\" width=\"20%\">356 mg<\/td>\n<td valign=\"top\" width=\"20%\">**<\/td>\n<\/tr>\n<tr>\n<td valign=\"top\" width=\"30%\">Varav:<\/td>\n<td valign=\"top\" width=\"20%\"><\/td>\n<td valign=\"top\" width=\"20%\"><\/td>\n<\/tr>\n<tr>\n<td valign=\"top\" width=\"30%\">EPA<\/td>\n<td valign=\"top\" width=\"20%\">56 mg<\/td>\n<td valign=\"top\" width=\"20%\">**<\/td>\n<\/tr>\n<tr>\n<td valign=\"top\" width=\"30%\">DHA<\/td>\n<td valign=\"top\" width=\"20%\">250 mg<\/td>\n<td valign=\"top\" width=\"20%\">**<\/td>\n<\/tr>\n<tr>\n<td valign=\"top\" width=\"30%\">Lutein<\/td>\n<td valign=\"top\" width=\"20%\">20 mg<\/td>\n<td valign=\"top\" width=\"20%\">**<\/td>\n<\/tr>\n<tr>\n<td valign=\"top\" width=\"30%\">Zeaxantin<\/td>\n<td valign=\"top\" width=\"20%\">1 mg<\/td>\n<td valign=\"top\" width=\"20%\">**<\/td>\n<\/tr>\n<tr>\n<td valign=\"top\" width=\"30%\">Vitamin D3<\/td>\n<td valign=\"top\" width=\"20%\">5 \u00b5g<\/td>\n<td valign=\"top\" width=\"20%\">100 %<\/td>\n<\/tr>\n<\/tbody>\n<\/table>\n<p><strong><em>*DRI \u00e4r dagligt referensintag.<\/em><\/strong><\/p>\n<p><strong>Ingredienser<\/strong>: Kapselskal (gelatin, glycerol, f\u00e4rg\u00e4mne: j\u00e4rnoxid), fiskkroppsoljekoncentrat (fiskolja,<br \/>\nantioxidant: blandade tokoferoler), luteinkomplex* (lutein, zeaxantin), vitamin D*.<br \/>\n*Med antioxidant dl-alfa-tokoferol.<\/p>\n<p>Rekommenderad dos b\u00f6r ej \u00f6verskridas.<br \/>\nKosttillskott ers\u00e4tter inte en varierad kost.<br \/>\nProdukten f\u00f6rvaras o\u00e5tkomligt f\u00f6r sm\u00e5 barn.<\/p>\n<p>L\u00e4mplig f\u00f6r veganer<\/p>\n","protected":false},"excerpt":{"rendered":"<ul>\n<li data-start=\"115\" data-end=\"216\">Inneh\u00e5ller <strong data-start=\"128\" data-end=\"144\">20 mg lutein<\/strong> i sin naturliga, fria form, vilket g\u00f6r den l\u00e4ttabsorberad av kroppen.<\/li>\n<li data-start=\"217\" data-end=\"312\">Inneh\u00e5ller \u00e4ven <strong data-start=\"235\" data-end=\"248\">zeaxantin<\/strong>, en viktig karotenoid som finns naturligt i \u00f6gats gula fl\u00e4ck.<\/li>\n<li data-start=\"313\" data-end=\"421\">Varje kapsel ger <strong data-start=\"332\" data-end=\"350\">356 mg omega-3<\/strong>, inklusive <strong data-start=\"362\" data-end=\"376\">250 mg DHA<\/strong>, som bidrar till att bibeh\u00e5lla normal syn.<\/li>\n<li data-start=\"422\" data-end=\"529\">Fiskoljan \u00e4r certifierad fr\u00e5n <strong data-start=\"454\" data-end=\"478\">h\u00e5llbara fiskbest\u00e5nd<\/strong>, vilket garanterar h\u00f6g kvalitet och milj\u00f6ansvar.<\/li>\n<li data-start=\"530\" data-end=\"641\"><strong data-start=\"532\" data-end=\"556\">Naturligt vitamin D3<\/strong> (100 % av NRV f\u00f6r vuxna) f\u00f6r ytterligare st\u00f6d till immunsystemet och allm\u00e4nh\u00e4lsan.<\/li>\n<\/ul>\n<p><strong>60 kapslar\u00a0<\/strong><\/p>\n","protected":false},"featured_media":10266,"comment_status":"open","ping_status":"closed","template":"","meta":{"_kad_blocks_custom_css":"","_kad_blocks_head_custom_js":"","_kad_blocks_body_custom_js":"","_kad_blocks_footer_custom_js":"","_kadence_starter_templates_imported_post":false,"_kad_post_transparent":"default","_kad_post_title":"","_kad_post_layout":"default","_kad_post_sidebar_id":"","_kad_post_content_style":"default","_kad_post_vertical_padding":"default","_kad_post_feature":"","_kad_post_feature_position":"","_kad_post_header":false,"_kad_post_footer":false,"_kad_post_classname":""},"product_brand":[],"product_cat":[1234],"product_tag":[2543,2233,2497,2544,2545,2546,2532,2541,2547,285,552,334,2528,2535,713,1920],"class_list":{"0":"post-10212","1":"product","2":"type-product","3":"status-publish","4":"has-post-thumbnail","6":"product_cat-lamberts","7":"product_tag-antioxidativt-stod","8":"product_tag-dha","9":"product_tag-en-kapsel-per-dag","10":"product_tag-for-synhalsa","11":"product_tag-forebygger-oxidativ-stress","12":"product_tag-fran-hallbara-fiskebestand","13":"product_tag-gmp-standarder","14":"product_tag-hogpotent","15":"product_tag-kollagenbildning","16":"product_tag-kosttillskott","17":"product_tag-lutein","18":"product_tag-omega-3","19":"product_tag-tillverkat-i-storbritannien","20":"product_tag-vegansk-vanlig","21":"product_tag-vitamin-d3","22":"product_tag-zeaxantin","24":"first","25":"outofstock","26":"taxable","27":"shipping-taxable","28":"purchasable","29":"product-type-simple","30":"entry","31":"content-bg","32":"loop-entry"},"taxonomy_info":{"product_cat":[{"value":1234,"label":"Lamberts"}],"product_tag":[{"value":2543,"label":"Antioxidativt st\u00f6d"},{"value":2233,"label":"DHA"},{"value":2497,"label":"En kapsel per dag"},{"value":2544,"label":"F\u00f6r synh\u00e4lsa"},{"value":2545,"label":"F\u00f6rebygger oxidativ stress"},{"value":2546,"label":"Fr\u00e5n h\u00e5llbara fiskebest\u00e5nd"},{"value":2532,"label":"GMP-standarder"},{"value":2541,"label":"H\u00f6gpotent"},{"value":2547,"label":"Kollagenbildning"},{"value":285,"label":"kosttillskott"},{"value":552,"label":"Lutein"},{"value":334,"label":"Omega-3"},{"value":2528,"label":"Tillverkat i Storbritannien"},{"value":2535,"label":"Vegansk v\u00e4nlig"},{"value":713,"label":"vitamin D3"},{"value":1920,"label":"zeaxantin"}]},"featured_image_src_large":["https:\/\/vitaminbutiken.com\/wp-content\/uploads\/2025\/03\/8582-eyewise-omega-3-780x700.jpg",780,700,true],"author_info":[],"comment_info":0,"_links":{"self":[{"href":"https:\/\/vitaminbutiken.com\/en\/wp-json\/wp\/v2\/product\/10212","targetHints":{"allow":["GET"]}}],"collection":[{"href":"https:\/\/vitaminbutiken.com\/en\/wp-json\/wp\/v2\/product"}],"about":[{"href":"https:\/\/vitaminbutiken.com\/en\/wp-json\/wp\/v2\/types\/product"}],"replies":[{"embeddable":true,"href":"https:\/\/vitaminbutiken.com\/en\/wp-json\/wp\/v2\/comments?post=10212"}],"wp:featuredmedia":[{"embeddable":true,"href":"https:\/\/vitaminbutiken.com\/en\/wp-json\/wp\/v2\/media\/10266"}],"wp:attachment":[{"href":"https:\/\/vitaminbutiken.com\/en\/wp-json\/wp\/v2\/media?parent=10212"}],"wp:term":[{"taxonomy":"product_brand","embeddable":true,"href":"https:\/\/vitaminbutiken.com\/en\/wp-json\/wp\/v2\/product_brand?post=10212"},{"taxonomy":"product_cat","embeddable":true,"href":"https:\/\/vitaminbutiken.com\/en\/wp-json\/wp\/v2\/product_cat?post=10212"},{"taxonomy":"product_tag","embeddable":true,"href":"https:\/\/vitaminbutiken.com\/en\/wp-json\/wp\/v2\/product_tag?post=10212"}],"curies":[{"name":"wp","href":"https:\/\/api.w.org\/{rel}","templated":true}]}}