{"id":10211,"date":"2025-03-19T16:22:51","date_gmt":"2025-03-19T14:22:51","guid":{"rendered":"https:\/\/vitaminbutiken.multi.fi\/?post_type=product&#038;p=10211"},"modified":"2026-03-31T14:23:38","modified_gmt":"2026-03-31T12:23:38","slug":"veintain-lamberts","status":"publish","type":"product","link":"https:\/\/vitaminbutiken.com\/en\/produkt\/veintain-lamberts\/","title":{"rendered":"VeinTain\u00ae- Lamberts"},"content":{"rendered":"<p data-start=\"0\" data-end=\"247\">Detta \u00e4r en h\u00f6gdoserad Ginkgo biloba-formula som \u00e4ven inneh\u00e5ller kraftfulla extrakt av ingef\u00e4ra och kanel. Ginkgo \u00e4r v\u00e4lk\u00e4nt f\u00f6r sin f\u00f6rm\u00e5ga att bidra till att bibeh\u00e5lla en god blodcirkulation, s\u00e4rskilt till extremiteter s\u00e5som h\u00e4nder och f\u00f6tter.<\/p>\n<p data-start=\"249\" data-end=\"394\">VeinTain\u00ae ger hela 6000 mg Ginkgo (i form av 120 mg koncentrerat extrakt), vilket motsvarar den niv\u00e5 som anv\u00e4nts i m\u00e5nga vetenskapliga studier.<\/p>\n<p><strong> Dosering<\/strong>: 1 tablett dagligen i samband med m\u00e5ltid.<\/p>\n<table style=\"height: 80px;\" border=\"1\" width=\"621\" cellspacing=\"0\" cellpadding=\"0\">\n<tbody>\n<tr>\n<td valign=\"top\" width=\"30%\"><strong>2 tabletter inneh\u00e5ller<\/strong><\/td>\n<td valign=\"top\" width=\"20%\"><strong> M\u00e4ngd<\/strong><\/td>\n<td valign=\"top\" width=\"30%\"><strong>%DRI*<\/strong><\/td>\n<\/tr>\n<tr>\n<td valign=\"top\" width=\"30%\">Ginkgo biloba<br \/>\n(120 mg av ett 50:1 extrakt)<\/td>\n<td valign=\"top\" width=\"20%\">6000 mg<\/td>\n<td valign=\"top\" width=\"20%\">**<\/td>\n<\/tr>\n<tr>\n<td valign=\"top\" width=\"30%\">Som ger:<\/td>\n<td valign=\"top\" width=\"20%\"><\/td>\n<td valign=\"top\" width=\"20%\"><\/td>\n<\/tr>\n<tr>\n<td valign=\"top\" width=\"30%\">flavonglykosider<\/td>\n<td valign=\"top\" width=\"20%\">28,8 mg<\/td>\n<td valign=\"top\" width=\"20%\">**<\/td>\n<\/tr>\n<tr>\n<td valign=\"top\" width=\"30%\">Kanelbark<br \/>\n(200 mg av ett 15:1 extrakt)<\/td>\n<td valign=\"top\" width=\"20%\">3000 mg<\/td>\n<td valign=\"top\" width=\"20%\">**<\/td>\n<\/tr>\n<tr>\n<td valign=\"top\" width=\"30%\">Ingef\u00e4ra<br \/>\n(360 mg av ett 20:1 extrakt)<\/td>\n<td valign=\"top\" width=\"20%\">7200 mg<\/td>\n<td valign=\"top\" width=\"20%\">**<\/td>\n<\/tr>\n<tr>\n<td valign=\"top\" width=\"30%\">Som ger:<\/td>\n<td valign=\"top\" width=\"20%\"><\/td>\n<td valign=\"top\" width=\"20%\"><\/td>\n<\/tr>\n<tr>\n<td valign=\"top\" width=\"30%\">Ginerols<\/td>\n<td valign=\"top\" width=\"20%\">18 mg<\/td>\n<td valign=\"top\" width=\"20%\">**<\/td>\n<\/tr>\n<\/tbody>\n<\/table>\n<p><strong><em>*DRI \u00e4r dagligt referensintag.<\/em><\/strong><\/p>\n<p><strong>Ingredienser<\/strong>: Modifierad st\u00e4rkelse, ingef\u00e4r rotextrakt (Zingiber officinale), cellulosa, kanelbarksextrakt (Cinnamomum zeylanicum), ginkgo biloba bladextrakt, tablettbel\u00e4ggning (hydroxypropyl-metylcellulosa, f\u00e4rger: spirulina, \u00e4pple, safflor, citron, kalciumkarbonat, hydroxypropylcellulosa, hydroxypropylmetylcellulosa, glycerin), klumpf\u00f6rebyggande medel (kiseldioxid, stearinsyra, magnesiumsalter av fettsyror).<\/p>\n<p>Rekommenderad dos b\u00f6r ej \u00f6verskridas.<br \/>\nKosttillskott ers\u00e4tter inte en varierad kost.<br \/>\nProdukten f\u00f6rvaras o\u00e5tkomligt f\u00f6r sm\u00e5 barn.<\/p>\n<p>L\u00e4mplig f\u00f6r veganer<\/p>\n","protected":false},"excerpt":{"rendered":"<ul>\n<li data-start=\"0\" data-end=\"188\">VeinTain\u00ae \u00e4r en h\u00f6gdoserad Ginkgo biloba-formula som ger hela 6000 mg Ginkgo (i form av 120 mg koncentrerat extrakt), vilket motsvarar den niv\u00e5 som anv\u00e4nts i m\u00e5nga vetenskapliga studier.<\/li>\n<li data-start=\"0\" data-end=\"188\">Denna unika sammans\u00e4ttning inneh\u00e5ller \u00e4ven potenta niv\u00e5er av ingef\u00e4ra och kanel, tv\u00e5 v\u00e4xter med en l\u00e5ng tradition inom \u00f6rtmedicin. Ginkgo \u00e4r s\u00e4rskilt v\u00e4lk\u00e4nt f\u00f6r sin f\u00f6rm\u00e5ga att bidra till att bibeh\u00e5lla en god blodcirkulation, s\u00e4rskilt till extremiteter s\u00e5som h\u00e4nder och f\u00f6tter.<\/li>\n<li data-start=\"0\" data-end=\"188\">Precis som n\u00e4stan alla Lamberts\u00ae-produkter tillverkas VeinTain\u00ae enligt GMP-standard f\u00f6r l\u00e4kemedelstillverkning i Storbritannien, vilket garanterar h\u00f6gsta kvalitet och renhet.<\/li>\n<\/ul>\n<p><strong>60 tabletter<\/strong><\/p>\n","protected":false},"featured_media":10264,"comment_status":"open","ping_status":"closed","template":"","meta":{"_kad_blocks_custom_css":"","_kad_blocks_head_custom_js":"","_kad_blocks_body_custom_js":"","_kad_blocks_footer_custom_js":"","_kadence_starter_templates_imported_post":false,"_kad_post_transparent":"default","_kad_post_title":"","_kad_post_layout":"default","_kad_post_sidebar_id":"","_kad_post_content_style":"default","_kad_post_vertical_padding":"default","_kad_post_feature":"","_kad_post_feature_position":"","_kad_post_header":false,"_kad_post_footer":false,"_kad_post_classname":""},"product_brand":[],"product_cat":[176,1234,277,149],"product_tag":[2536,2537,2348,2497,2538,2539,2540,2504,2532,2541,2026,2542,2528,2535],"class_list":{"0":"post-10211","1":"product","2":"type-product","3":"status-publish","4":"has-post-thumbnail","6":"product_cat-immunforsvar","7":"product_cat-lamberts","8":"product_cat-muskler-och-leder","9":"product_cat-orter","10":"product_tag-120mg-koncentrerat-extrakt","11":"product_tag-6000mg-ginkgo","12":"product_tag-blodcirkulation","13":"product_tag-en-kapsel-per-dag","14":"product_tag-extremiteter","15":"product_tag-forbattrar-blodflodet","16":"product_tag-ginger","17":"product_tag-ginkgo-biloba","18":"product_tag-gmp-standarder","19":"product_tag-hogpotent","20":"product_tag-kanel","21":"product_tag-stod-for-vener","22":"product_tag-tillverkat-i-storbritannien","23":"product_tag-vegansk-vanlig","25":"first","26":"instock","27":"taxable","28":"shipping-taxable","29":"purchasable","30":"product-type-simple","31":"entry","32":"content-bg","33":"loop-entry"},"taxonomy_info":{"product_cat":[{"value":176,"label":"Immunf\u00f6rsvar"},{"value":1234,"label":"Lamberts"},{"value":277,"label":"Muskler &amp; Leder"},{"value":149,"label":"\u00d6rter"}],"product_tag":[{"value":2536,"label":"120mg koncentrerat extrakt"},{"value":2537,"label":"6000mg Ginkgo"},{"value":2348,"label":"Blodcirkulation"},{"value":2497,"label":"En kapsel per dag"},{"value":2538,"label":"Extremiteter"},{"value":2539,"label":"F\u00f6rb\u00e4ttrar blodfl\u00f6det"},{"value":2540,"label":"Ginger"},{"value":2504,"label":"Ginkgo Biloba"},{"value":2532,"label":"GMP-standarder"},{"value":2541,"label":"H\u00f6gpotent"},{"value":2026,"label":"kanel"},{"value":2542,"label":"St\u00f6d f\u00f6r vener"},{"value":2528,"label":"Tillverkat i Storbritannien"},{"value":2535,"label":"Vegansk v\u00e4nlig"}]},"featured_image_src_large":["https:\/\/vitaminbutiken.com\/wp-content\/uploads\/2025\/03\/8574-VEintain-780x700.jpg",780,700,true],"author_info":[],"comment_info":0,"_links":{"self":[{"href":"https:\/\/vitaminbutiken.com\/en\/wp-json\/wp\/v2\/product\/10211","targetHints":{"allow":["GET"]}}],"collection":[{"href":"https:\/\/vitaminbutiken.com\/en\/wp-json\/wp\/v2\/product"}],"about":[{"href":"https:\/\/vitaminbutiken.com\/en\/wp-json\/wp\/v2\/types\/product"}],"replies":[{"embeddable":true,"href":"https:\/\/vitaminbutiken.com\/en\/wp-json\/wp\/v2\/comments?post=10211"}],"wp:featuredmedia":[{"embeddable":true,"href":"https:\/\/vitaminbutiken.com\/en\/wp-json\/wp\/v2\/media\/10264"}],"wp:attachment":[{"href":"https:\/\/vitaminbutiken.com\/en\/wp-json\/wp\/v2\/media?parent=10211"}],"wp:term":[{"taxonomy":"product_brand","embeddable":true,"href":"https:\/\/vitaminbutiken.com\/en\/wp-json\/wp\/v2\/product_brand?post=10211"},{"taxonomy":"product_cat","embeddable":true,"href":"https:\/\/vitaminbutiken.com\/en\/wp-json\/wp\/v2\/product_cat?post=10211"},{"taxonomy":"product_tag","embeddable":true,"href":"https:\/\/vitaminbutiken.com\/en\/wp-json\/wp\/v2\/product_tag?post=10211"}],"curies":[{"name":"wp","href":"https:\/\/api.w.org\/{rel}","templated":true}]}}