{"id":10208,"date":"2025-03-19T16:22:50","date_gmt":"2025-03-19T14:22:50","guid":{"rendered":"https:\/\/vitaminbutiken.multi.fi\/?post_type=product&#038;p=10208"},"modified":"2026-04-03T10:25:11","modified_gmt":"2026-04-03T08:25:11","slug":"turmeric-20000mg-lamberts","status":"publish","type":"product","link":"https:\/\/vitaminbutiken.com\/en\/produkt\/turmeric-20000mg-lamberts\/","title":{"rendered":"Turmeric 20,000mg &#8211; Lamberts"},"content":{"rendered":"<p data-start=\"0\" data-end=\"381\">Det viktigaste \u00e4mnet i gurkmeja \u00e4r curcumin, som finns i v\u00e4xtens rot och ger den dess karakteristiska gula f\u00e4rg. Det h\u00f6gkoncentrerade gurkmejaextraktet i dessa tabletter inneh\u00e5ller 95 % curcumin, vilket inneb\u00e4r att varje tablett motsvarar 20 g kulinarisk gurkmeja (eller fyra r\u00e5gade teskedar). Tabletterna \u00e4r smakfria och har en skyddande bel\u00e4ggning f\u00f6r att underl\u00e4tta sv\u00e4ljning.<\/p>\n<p data-start=\"383\" data-end=\"627\">M\u00e5nga andra gurkmejatillskott p\u00e5 marknaden inneh\u00e5ller endast vanlig kulinarisk gurkmeja, med s\u00e5 lite som 400 mg gurkmeja per tablett \u2013 en niv\u00e5 l\u00e5ngt under den som anv\u00e4nts i de studier som v\u00e4ckt s\u00e5 stort intresse f\u00f6r denna fascinerande krydda.<\/p>\n<p data-start=\"629\" data-end=\"799\">Forskare unders\u00f6ker teorin om att det regelbundna intaget av gurkmeja i asiatiska matr\u00e4tter kan vara en av faktorerna bakom h\u00e4lsof\u00f6rdelarna med den \u00f6sterl\u00e4ndska kosten.<\/p>\n<p><strong> Dosering<\/strong>: 1 tablett dagligen i samband med m\u00e5ltid.<\/p>\n<table style=\"height: 80px;\" border=\"1\" width=\"621\" cellspacing=\"0\" cellpadding=\"0\">\n<tbody>\n<tr>\n<td valign=\"top\" width=\"30%\"><strong>1 tablett inneh\u00e5ller<\/strong><\/td>\n<td valign=\"top\" width=\"20%\"><strong> M\u00e4ngd<\/strong><\/td>\n<td valign=\"top\" width=\"30%\"><strong>%DRI*<\/strong><\/td>\n<\/tr>\n<tr>\n<td valign=\"top\" width=\"30%\">\u00a0Gurkmejakrydda<br \/>\n(Som 500 mg 40:1 gurkmejarotextrakt)<\/td>\n<td valign=\"top\" width=\"20%\">20 000 mg<\/td>\n<td valign=\"top\" width=\"20%\">**<\/td>\n<\/tr>\n<tr>\n<td valign=\"top\" width=\"30%\">Som ger:<\/td>\n<td valign=\"top\" width=\"20%\"><\/td>\n<td valign=\"top\" width=\"20%\"><\/td>\n<\/tr>\n<tr>\n<td valign=\"top\" width=\"30%\">95 % kurkuminoider<\/td>\n<td valign=\"top\" width=\"20%\"><\/td>\n<td valign=\"top\" width=\"20%\"><\/td>\n<\/tr>\n<\/tbody>\n<\/table>\n<p><strong><em>*DRI \u00e4r dagligt referensintag.<\/em><\/strong><\/p>\n<p><strong>Ingredienser<\/strong>: Gurkmejerotextrakt (<em>Curcuma longa<\/em>) dikalciumfosfat, kalciumkarbonat, mikrokristallin<br \/>\ncellulosa, klumpf\u00f6rebyggande medel (kiseldioxid, magnesiumsalter av fettsyror), tablettbel\u00e4ggnin (hydroxypropylmetylcellulosa, glycerin), stearinsyra.<\/p>\n<p>Rekommenderad dos b\u00f6r ej \u00f6verskridas.<br \/>\nKosttillskott ers\u00e4tter inte en varierad kost.<br \/>\nProdukten f\u00f6rvaras o\u00e5tkomligt f\u00f6r sm\u00e5 barn.<br \/>\nRekommenderas inte till gravida eller ammande.<\/p>\n","protected":false},"excerpt":{"rendered":"<ul>\n<li data-start=\"0\" data-end=\"168\">Denna h\u00f6gpotenta rot-extrakt \u00e4r standardiserad f\u00f6r att ge 95 % curcuminer. Varje tablett inneh\u00e5ller 500 mg gurkmejaextrakt, vilket motsvarar 20 000 mg gurkmejakrydda.<\/li>\n<li data-start=\"0\" data-end=\"168\">Detta g\u00f6r den till en av de starkaste gurkmejaprodukterna i Storbritannien.<\/li>\n<\/ul>\n<p><strong>60 tabletter\u00a0<\/strong><\/p>\n","protected":false},"featured_media":10262,"comment_status":"open","ping_status":"closed","template":"","meta":{"_kad_blocks_custom_css":"","_kad_blocks_head_custom_js":"","_kad_blocks_body_custom_js":"","_kad_blocks_footer_custom_js":"","_kadence_starter_templates_imported_post":false,"_kad_post_transparent":"default","_kad_post_title":"","_kad_post_layout":"default","_kad_post_sidebar_id":"","_kad_post_content_style":"default","_kad_post_vertical_padding":"default","_kad_post_feature":"","_kad_post_feature_position":"","_kad_post_header":false,"_kad_post_footer":false,"_kad_post_classname":""},"product_brand":[],"product_cat":[1234,198,277,149],"product_tag":[2529,2530,2531,2439,205,2497,2532,1467,2533,2534,1864,2528,2535],"class_list":{"0":"post-10208","1":"product","2":"type-product","3":"status-publish","4":"has-post-thumbnail","6":"product_cat-lamberts","7":"product_cat-lever-och-njurar","8":"product_cat-muskler-och-leder","9":"product_cat-orter","10":"product_tag-20-000mg-gurkmeja","11":"product_tag-500mg-gurkmejaextrakt","12":"product_tag-95-kurkuminoider","13":"product_tag-antiinflammatoriskt","14":"product_tag-antioxidant","15":"product_tag-en-kapsel-per-dag","16":"product_tag-gmp-standarder","17":"product_tag-hog-biotillganglighet","18":"product_tag-hogstyrka","19":"product_tag-innehaller-piperin-for-battre-absorption","20":"product_tag-stod-for-leder","21":"product_tag-tillverkat-i-storbritannien","22":"product_tag-vegansk-vanlig","24":"first","25":"instock","26":"taxable","27":"shipping-taxable","28":"purchasable","29":"product-type-variable","30":"entry","31":"content-bg","32":"loop-entry"},"taxonomy_info":{"product_cat":[{"value":1234,"label":"Lamberts"},{"value":198,"label":"Lever &amp; Njurar"},{"value":277,"label":"Muskler &amp; Leder"},{"value":149,"label":"\u00d6rter"}],"product_tag":[{"value":2529,"label":"20 000mg gurkmeja"},{"value":2530,"label":"500mg gurkmejaextrakt"},{"value":2531,"label":"95% kurkuminoider"},{"value":2439,"label":"antiinflammatoriskt"},{"value":205,"label":"antioxidant"},{"value":2497,"label":"En kapsel per dag"},{"value":2532,"label":"GMP-standarder"},{"value":1467,"label":"H\u00f6g biotillg\u00e4nglighet"},{"value":2533,"label":"H\u00f6gstyrka"},{"value":2534,"label":"Inneh\u00e5ller piperin f\u00f6r b\u00e4ttre absorption"},{"value":1864,"label":"St\u00f6d f\u00f6r leder"},{"value":2528,"label":"Tillverkat i Storbritannien"},{"value":2535,"label":"Vegansk v\u00e4nlig"}]},"featured_image_src_large":["https:\/\/vitaminbutiken.com\/wp-content\/uploads\/2025\/03\/8571-Turmeric-20000mg-780x700.jpg",780,700,true],"author_info":[],"comment_info":0,"_links":{"self":[{"href":"https:\/\/vitaminbutiken.com\/en\/wp-json\/wp\/v2\/product\/10208","targetHints":{"allow":["GET"]}}],"collection":[{"href":"https:\/\/vitaminbutiken.com\/en\/wp-json\/wp\/v2\/product"}],"about":[{"href":"https:\/\/vitaminbutiken.com\/en\/wp-json\/wp\/v2\/types\/product"}],"replies":[{"embeddable":true,"href":"https:\/\/vitaminbutiken.com\/en\/wp-json\/wp\/v2\/comments?post=10208"}],"wp:featuredmedia":[{"embeddable":true,"href":"https:\/\/vitaminbutiken.com\/en\/wp-json\/wp\/v2\/media\/10262"}],"wp:attachment":[{"href":"https:\/\/vitaminbutiken.com\/en\/wp-json\/wp\/v2\/media?parent=10208"}],"wp:term":[{"taxonomy":"product_brand","embeddable":true,"href":"https:\/\/vitaminbutiken.com\/en\/wp-json\/wp\/v2\/product_brand?post=10208"},{"taxonomy":"product_cat","embeddable":true,"href":"https:\/\/vitaminbutiken.com\/en\/wp-json\/wp\/v2\/product_cat?post=10208"},{"taxonomy":"product_tag","embeddable":true,"href":"https:\/\/vitaminbutiken.com\/en\/wp-json\/wp\/v2\/product_tag?post=10208"}],"curies":[{"name":"wp","href":"https:\/\/api.w.org\/{rel}","templated":true}]}}