{"id":10197,"date":"2025-03-19T16:22:22","date_gmt":"2025-03-19T14:22:22","guid":{"rendered":"https:\/\/vitaminbutiken.multi.fi\/?post_type=product&#038;p=10197"},"modified":"2026-03-31T14:14:03","modified_gmt":"2026-03-31T12:14:03","slug":"silica-complete-lamberts","status":"publish","type":"product","link":"https:\/\/vitaminbutiken.com\/en\/produkt\/silica-complete-lamberts\/","title":{"rendered":"Silica Complete &#8211; Lamberts"},"content":{"rendered":"<p data-start=\"0\" data-end=\"314\">Denna unika formula \u00e4r troligen det mest omfattande tillskottet f\u00f6r h\u00e5r, hud och naglar som finns tillg\u00e4ngligt. Endast en tablett ger hela 200 mg kisel. Vi anv\u00e4nder naturligt framst\u00e4lld kisel fr\u00e5n bambugummi, eftersom det inneh\u00e5ller 75 % organiskt kisel och \u00e4r en av de rikaste och mest biotillg\u00e4ngliga formerna.<\/p>\n<p data-start=\"316\" data-end=\"522\">Ut\u00f6ver detta har vi inkluderat MSM (Methylsulfonylmetan), en naturlig svavelhaltig f\u00f6rening som \u00e4r en viktig n\u00e4ringsk\u00e4lla f\u00f6r kroppens produktion av proteiner, varav m\u00e5nga \u00e5terfinns i h\u00e5r, hud och naglar.<\/p>\n<p><strong> Dosering<\/strong>: 1 tablett dagligen i samband med m\u00e5ltid.<\/p>\n<table style=\"height: 80px;\" border=\"1\" width=\"621\" cellspacing=\"0\" cellpadding=\"0\">\n<tbody>\n<tr>\n<td valign=\"top\" width=\"30%\"><strong>1 tablett inneh\u00e5ller<\/strong><\/td>\n<td valign=\"top\" width=\"20%\"><strong> M\u00e4ngd<\/strong><\/td>\n<td valign=\"top\" width=\"30%\"><strong>%DRI*<\/strong><\/td>\n<\/tr>\n<tr>\n<td valign=\"top\" width=\"30%\">Vitamin C<\/td>\n<td valign=\"top\" width=\"20%\">40 mg<\/td>\n<td valign=\"top\" width=\"20%\">50 %<\/td>\n<\/tr>\n<tr>\n<td valign=\"top\" width=\"30%\">Biotin<\/td>\n<td valign=\"top\" width=\"20%\">50 \u00b5g<\/td>\n<td valign=\"top\" width=\"20%\">100 %<\/td>\n<\/tr>\n<tr>\n<td valign=\"top\" width=\"30%\">Zink<\/td>\n<td valign=\"top\" width=\"20%\">5 mg<\/td>\n<td valign=\"top\" width=\"20%\">50 %<\/td>\n<\/tr>\n<tr>\n<td valign=\"top\" width=\"30%\">MSM<\/td>\n<td valign=\"top\" width=\"20%\">300 mg<\/td>\n<td valign=\"top\" width=\"20%\">**<\/td>\n<\/tr>\n<tr>\n<td valign=\"top\" width=\"30%\">Pulveriserad bambuextrakt<\/td>\n<td valign=\"top\" width=\"20%\">266 mg<\/td>\n<td valign=\"top\" width=\"20%\">**<\/td>\n<\/tr>\n<tr>\n<td valign=\"top\" width=\"30%\">Som ger:<\/td>\n<td valign=\"top\" width=\"20%\"><\/td>\n<td valign=\"top\" width=\"20%\"><\/td>\n<\/tr>\n<tr>\n<td valign=\"top\" width=\"30%\">Kiseldioxid<\/td>\n<td valign=\"top\" width=\"20%\">200 mg<\/td>\n<td valign=\"top\" width=\"20%\">**<\/td>\n<\/tr>\n<\/tbody>\n<\/table>\n<p><strong><em>*DRI \u00e4r dagligt referensintag.<\/em><\/strong><\/p>\n<p><strong>Ingredienser<\/strong>: Metylsulfonylmetan (MSM), cellulosa, dikalciumfosfat, pulveriserat bambuexudat (Bambusa<br \/>\narundinacea), vitamin C (askorbinsyra), zinkcitrat, kiseldioxid, stearinsyra, magnesiumsalter av fettsyror,<br \/>\ntablettbel\u00e4ggning (hydroxypropylmetylcellulosa, glycerin), biotin.<\/p>\n<p>Rekommenderad dos b\u00f6r ej \u00f6verskridas.<br \/>\nKosttillskott ers\u00e4tter inte en varierad kost.<br \/>\nProdukten f\u00f6rvaras o\u00e5tkomligt f\u00f6r sm\u00e5 barn.<br \/>\nRekommenderas inte till gravida eller ammande.<\/p>\n<p>L\u00e4mplig f\u00f6r veganer<\/p>\n","protected":false},"excerpt":{"rendered":"<ul>\n<li data-start=\"46\" data-end=\"104\">Vi anv\u00e4nder naturligt framst\u00e4lld kisel fr\u00e5n bambugummi<\/li>\n<li data-start=\"105\" data-end=\"157\">Inneh\u00e5ller \u00e4ven 300 mg MSM (Methylsulfonylmetan)<\/li>\n<li data-start=\"158\" data-end=\"224\">Biotin bidrar till att uppr\u00e4tth\u00e5lla normalt h\u00e5r och normal hud<\/li>\n<li data-start=\"225\" data-end=\"289\">Zink bidrar till att uppr\u00e4tth\u00e5lla normal hud, h\u00e5r och naglar<\/li>\n<li data-start=\"290\" data-end=\"341\">Vitamin C bidrar till normal kollagenproduktion<\/li>\n<\/ul>\n<p><strong>60 tabletter<\/strong><\/p>\n","protected":false},"featured_media":10260,"comment_status":"open","ping_status":"closed","template":"","meta":{"_kad_blocks_custom_css":"","_kad_blocks_head_custom_js":"","_kad_blocks_body_custom_js":"","_kad_blocks_footer_custom_js":"","_kadence_starter_templates_imported_post":false,"_kad_post_transparent":"default","_kad_post_title":"","_kad_post_layout":"default","_kad_post_sidebar_id":"","_kad_post_content_style":"default","_kad_post_vertical_padding":"default","_kad_post_feature":"","_kad_post_feature_position":"","_kad_post_header":false,"_kad_post_footer":false,"_kad_post_classname":""},"product_brand":[],"product_cat":[195,1234,431,2822,277],"product_tag":[205,477,2497,484,214,702,2004,494,313,495,2065,2524,2525,2523,824,2526,2527,2528,1515,234,1209,343],"class_list":{"0":"post-10197","1":"product","2":"type-product","3":"status-publish","4":"has-post-thumbnail","6":"product_cat-hud-skonhet","7":"product_cat-lamberts","8":"product_cat-mage-tarm","9":"product_cat-multi-produkter","10":"product_cat-muskler-och-leder","11":"product_tag-antioxidant","12":"product_tag-biotin","13":"product_tag-en-kapsel-per-dag","14":"product_tag-har","15":"product_tag-hud","16":"product_tag-kollagen","17":"product_tag-lamberts","18":"product_tag-mineraler","19":"product_tag-msm","20":"product_tag-naglar","21":"product_tag-silica","22":"product_tag-silica-complete","23":"product_tag-silica-fran-bambu","24":"product_tag-skonhet","25":"product_tag-starkande","26":"product_tag-stod-for-bindvav","27":"product_tag-stod-for-harvaxt","28":"product_tag-tillverkat-i-storbritannien","29":"product_tag-vegansk","30":"product_tag-vitamin","31":"product_tag-vitamin-c","32":"product_tag-zink","34":"first","35":"instock","36":"taxable","37":"shipping-taxable","38":"purchasable","39":"product-type-simple","40":"entry","41":"content-bg","42":"loop-entry"},"taxonomy_info":{"product_cat":[{"value":195,"label":"Hud &amp; Sk\u00f6nhet"},{"value":1234,"label":"Lamberts"},{"value":431,"label":"Mage &amp; Tarm"},{"value":2822,"label":"Multi produkter"},{"value":277,"label":"Muskler &amp; Leder"}],"product_tag":[{"value":205,"label":"antioxidant"},{"value":477,"label":"Biotin"},{"value":2497,"label":"En kapsel per dag"},{"value":484,"label":"h\u00e5r"},{"value":214,"label":"hud"},{"value":702,"label":"kollagen"},{"value":2004,"label":"Lamberts"},{"value":494,"label":"Mineraler"},{"value":313,"label":"MSM"},{"value":495,"label":"naglar"},{"value":2065,"label":"silica"},{"value":2524,"label":"Silica Complete"},{"value":2525,"label":"Silica fr\u00e5n bambu"},{"value":2523,"label":"Sk\u00f6nhet"},{"value":824,"label":"st\u00e4rkande"},{"value":2526,"label":"St\u00f6d f\u00f6r bindv\u00e4v"},{"value":2527,"label":"St\u00f6d f\u00f6r h\u00e5rv\u00e4xt"},{"value":2528,"label":"Tillverkat i Storbritannien"},{"value":1515,"label":"vegansk"},{"value":234,"label":"vitamin"},{"value":1209,"label":"Vitamin C"},{"value":343,"label":"Zink"}]},"featured_image_src_large":["https:\/\/vitaminbutiken.com\/wp-content\/uploads\/2025\/03\/8545-silica-complete-780x700.jpg",780,700,true],"author_info":[],"comment_info":0,"_links":{"self":[{"href":"https:\/\/vitaminbutiken.com\/en\/wp-json\/wp\/v2\/product\/10197","targetHints":{"allow":["GET"]}}],"collection":[{"href":"https:\/\/vitaminbutiken.com\/en\/wp-json\/wp\/v2\/product"}],"about":[{"href":"https:\/\/vitaminbutiken.com\/en\/wp-json\/wp\/v2\/types\/product"}],"replies":[{"embeddable":true,"href":"https:\/\/vitaminbutiken.com\/en\/wp-json\/wp\/v2\/comments?post=10197"}],"wp:featuredmedia":[{"embeddable":true,"href":"https:\/\/vitaminbutiken.com\/en\/wp-json\/wp\/v2\/media\/10260"}],"wp:attachment":[{"href":"https:\/\/vitaminbutiken.com\/en\/wp-json\/wp\/v2\/media?parent=10197"}],"wp:term":[{"taxonomy":"product_brand","embeddable":true,"href":"https:\/\/vitaminbutiken.com\/en\/wp-json\/wp\/v2\/product_brand?post=10197"},{"taxonomy":"product_cat","embeddable":true,"href":"https:\/\/vitaminbutiken.com\/en\/wp-json\/wp\/v2\/product_cat?post=10197"},{"taxonomy":"product_tag","embeddable":true,"href":"https:\/\/vitaminbutiken.com\/en\/wp-json\/wp\/v2\/product_tag?post=10197"}],"curies":[{"name":"wp","href":"https:\/\/api.w.org\/{rel}","templated":true}]}}