{"id":10196,"date":"2025-03-19T16:22:22","date_gmt":"2025-03-19T14:22:22","guid":{"rendered":"https:\/\/vitaminbutiken.multi.fi\/?post_type=product&#038;p=10196"},"modified":"2026-03-31T13:57:53","modified_gmt":"2026-03-31T11:57:53","slug":"pycnogenol-lamberts","status":"publish","type":"product","link":"https:\/\/vitaminbutiken.com\/en\/produkt\/pycnogenol-lamberts\/","title":{"rendered":"Pycnogenol\u00ae &#8211; Lamberts"},"content":{"rendered":"<p data-start=\"0\" data-end=\"160\">Pycnogenol\u00ae \u00e4r ett extrakt fr\u00e5n barken av den franska kusttallen och \u00e4r rikt p\u00e5 proantocyanidiner, en undergrupp inom flavonoidfamiljen av v\u00e4xtf\u00f6reningar.<\/p>\n<p data-start=\"309\" data-end=\"398\">Lamberts Pycnogenol\u00ae \u00e4r vegansk och varje kapsel inneh\u00e5ller 40 mg av detta extrakt.<\/p>\n<p><strong> Dosering<\/strong>: 1 kapseli dagligen i samband med m\u00e5ltid.<\/p>\n<table style=\"height: 80px;\" border=\"1\" width=\"621\" cellspacing=\"0\" cellpadding=\"0\">\n<tbody>\n<tr>\n<td valign=\"top\" width=\"30%\"><strong>1 kapsel inneh\u00e5ller<\/strong><\/td>\n<td valign=\"top\" width=\"20%\"><strong> M\u00e4ngd<\/strong><\/td>\n<td valign=\"top\" width=\"30%\"><strong>%DRI*<\/strong><\/td>\n<\/tr>\n<tr>\n<td valign=\"top\" width=\"30%\">Pycnogenol (tallbarksextrakt)<\/td>\n<td valign=\"top\" width=\"20%\">40 mg<\/td>\n<td valign=\"top\" width=\"20%\">**<\/td>\n<\/tr>\n<\/tbody>\n<\/table>\n<p><strong><em>*DRI (dagligt referensintag) ej fastst\u00e4llt.\u00a0<\/em><\/strong><\/p>\n<p><strong>Ingredienser<\/strong>: Fyllnadsmedel (vitt rismj\u00f6l), kapselskal (hydroxypropylmetylcellulosa), tallbarksextrakt<br \/>\n(Pycnogenol), klumpf\u00f6rebyggande medel (magnesiumsalter av fettsyror, kiseldioxid).<\/p>\n<p>Rekommenderad dos b\u00f6r ej \u00f6verskridas.<br \/>\nKosttillskott ers\u00e4tter inte en varierad kost.<br \/>\nProdukten f\u00f6rvaras o\u00e5tkomligt f\u00f6r sm\u00e5 barn.<br \/>\nRekommenderas inte till gravida eller ammande.<\/p>\n<p>L\u00e4mplig f\u00f6r veganer<\/p>\n","protected":false},"excerpt":{"rendered":"<ul>\n<li><strong data-start=\"0\" data-end=\"68\">Pycnogenol\u00ae \u00e4r ett extrakt fr\u00e5n barken av den franska kusttallen<\/strong><\/li>\n<li><strong data-start=\"71\" data-end=\"137\">Rik p\u00e5 proantocyanidiner, en undergrupp inom flavonoidfamiljen<\/strong><\/li>\n<li><strong data-start=\"140\" data-end=\"276\">Lamberts Colladeen\u00ae-produkter inneh\u00e5ller ocks\u00e5 v\u00e4xtf\u00f6reningar kallade antocyanidiner, n\u00e4ra besl\u00e4ktade med dem som finns i Pycnogenol<\/strong><\/li>\n<\/ul>\n<p><strong>60 kapslar<\/strong><\/p>\n","protected":false},"featured_media":10258,"comment_status":"open","ping_status":"closed","template":"","meta":{"_kad_blocks_custom_css":"","_kad_blocks_head_custom_js":"","_kad_blocks_body_custom_js":"","_kad_blocks_footer_custom_js":"","_kadence_starter_templates_imported_post":false,"_kad_post_transparent":"default","_kad_post_title":"","_kad_post_layout":"default","_kad_post_sidebar_id":"","_kad_post_content_style":"default","_kad_post_vertical_padding":"default","_kad_post_feature":"","_kad_post_feature_position":"","_kad_post_header":false,"_kad_post_footer":false,"_kad_post_classname":""},"product_brand":[],"product_cat":[176,1234,431,149],"product_tag":[2015,205,2348,2518,2519,2497,2520,2147,1648,214,1028,2004,2521,2522,2523,2336,2510,1996,1515],"class_list":{"0":"post-10196","1":"product","2":"type-product","3":"status-publish","4":"has-post-thumbnail","6":"product_cat-immunforsvar","7":"product_cat-lamberts","8":"product_cat-mage-tarm","9":"product_cat-orter","10":"product_tag-aldrande","11":"product_tag-antioxidant","12":"product_tag-blodcirkulation","13":"product_tag-blodsocker","14":"product_tag-celler","15":"product_tag-en-kapsel-per-dag","16":"product_tag-fran-tallbark","17":"product_tag-fysisk-prestation","18":"product_tag-hjarthalsa","19":"product_tag-hud","20":"product_tag-immunforsvar","21":"product_tag-lamberts","22":"product_tag-naturlig-kalla","23":"product_tag-pycnogenol","24":"product_tag-skonhet","25":"product_tag-skydd-mot-fria-radikaler","26":"product_tag-tillverkad-i-storbritannien","27":"product_tag-vaxtbaserat","28":"product_tag-vegansk","30":"first","31":"instock","32":"taxable","33":"shipping-taxable","34":"purchasable","35":"product-type-simple","36":"entry","37":"content-bg","38":"loop-entry"},"taxonomy_info":{"product_cat":[{"value":176,"label":"Immunf\u00f6rsvar"},{"value":1234,"label":"Lamberts"},{"value":431,"label":"Mage &amp; Tarm"},{"value":149,"label":"\u00d6rter"}],"product_tag":[{"value":2015,"label":"\u00e5ldrande"},{"value":205,"label":"antioxidant"},{"value":2348,"label":"Blodcirkulation"},{"value":2518,"label":"Blodsocker"},{"value":2519,"label":"Celler"},{"value":2497,"label":"En kapsel per dag"},{"value":2520,"label":"Fr\u00e5n tallbark"},{"value":2147,"label":"fysisk prestation"},{"value":1648,"label":"hj\u00e4rth\u00e4lsa"},{"value":214,"label":"hud"},{"value":1028,"label":"immunf\u00f6rsvar"},{"value":2004,"label":"Lamberts"},{"value":2521,"label":"Naturlig k\u00e4lla"},{"value":2522,"label":"Pycnogenol"},{"value":2523,"label":"Sk\u00f6nhet"},{"value":2336,"label":"Skydd mot fria radikaler"},{"value":2510,"label":"Tillverkad i Storbritannien"},{"value":1996,"label":"v\u00e4xtbaserat"},{"value":1515,"label":"vegansk"}]},"featured_image_src_large":["https:\/\/vitaminbutiken.com\/wp-content\/uploads\/2025\/03\/8550-pycnogenol-780x700.jpg",780,700,true],"author_info":[],"comment_info":0,"_links":{"self":[{"href":"https:\/\/vitaminbutiken.com\/en\/wp-json\/wp\/v2\/product\/10196","targetHints":{"allow":["GET"]}}],"collection":[{"href":"https:\/\/vitaminbutiken.com\/en\/wp-json\/wp\/v2\/product"}],"about":[{"href":"https:\/\/vitaminbutiken.com\/en\/wp-json\/wp\/v2\/types\/product"}],"replies":[{"embeddable":true,"href":"https:\/\/vitaminbutiken.com\/en\/wp-json\/wp\/v2\/comments?post=10196"}],"wp:featuredmedia":[{"embeddable":true,"href":"https:\/\/vitaminbutiken.com\/en\/wp-json\/wp\/v2\/media\/10258"}],"wp:attachment":[{"href":"https:\/\/vitaminbutiken.com\/en\/wp-json\/wp\/v2\/media?parent=10196"}],"wp:term":[{"taxonomy":"product_brand","embeddable":true,"href":"https:\/\/vitaminbutiken.com\/en\/wp-json\/wp\/v2\/product_brand?post=10196"},{"taxonomy":"product_cat","embeddable":true,"href":"https:\/\/vitaminbutiken.com\/en\/wp-json\/wp\/v2\/product_cat?post=10196"},{"taxonomy":"product_tag","embeddable":true,"href":"https:\/\/vitaminbutiken.com\/en\/wp-json\/wp\/v2\/product_tag?post=10196"}],"curies":[{"name":"wp","href":"https:\/\/api.w.org\/{rel}","templated":true}]}}