{"id":10195,"date":"2025-03-19T16:22:22","date_gmt":"2025-03-19T14:22:22","guid":{"rendered":"https:\/\/vitaminbutiken.multi.fi\/?post_type=product&#038;p=10195"},"modified":"2025-09-11T13:15:07","modified_gmt":"2025-09-11T11:15:07","slug":"refreshall-lamberts","status":"publish","type":"product","link":"https:\/\/vitaminbutiken.com\/en\/produkt\/refreshall-lamberts\/","title":{"rendered":"Refreshall\u00ae &#8211; Lamberts"},"content":{"rendered":"<p data-start=\"0\" data-end=\"244\">Refreshall\u00ae \u00e4r en h\u00f6gpotent produkt som, vid en dos p\u00e5 tv\u00e5 tabletter dagligen, ger hela 6000 mg ginkgo \u2013 den m\u00e4ngd som har anv\u00e4nts i vetenskapliga studier \u2013 samt tre andra \u00f6rter: citronmeliss, salvia och rosmarin, alla i relevanta niv\u00e5er.<\/p>\n<p data-start=\"246\" data-end=\"632\">Vi anv\u00e4nder samma premiumkvalitet av ginkgo i Refreshall\u00ae som vi g\u00f6r i v\u00e5ra rena ginkgoprodukter och VeinTain\u00ae. Det \u00e4r det h\u00f6gsta kvalitetsutdraget som finns, eftersom vi insisterar p\u00e5 en r\u00e5vara med l\u00e5ga niv\u00e5er av en naturligt f\u00f6rekommande men o\u00f6nskad f\u00f6rening, ginkgolsyra. Inget annat f\u00f6retag i Storbritannien kr\u00e4ver denna kvalitet, men i Tyskland \u00e4r endast denna grad till\u00e5ten.<\/p>\n<p data-start=\"634\" data-end=\"801\">Ginkgo \u00e4r \u00f6rten som oftast f\u00f6rknippas med minne tack vare dess skonsamma f\u00f6rm\u00e5ga att f\u00f6rb\u00e4ttra blodfl\u00f6det, och d\u00e4rmed syre- och n\u00e4ringstillf\u00f6rseln, till hj\u00e4rnan.<\/p>\n<p><strong> Dosering<\/strong>: 2 tabletter dagligen i samband med m\u00e5ltid.<\/p>\n<table style=\"height: 80px;\" border=\"1\" width=\"621\" cellspacing=\"0\" cellpadding=\"0\">\n<tbody>\n<tr>\n<td valign=\"top\" width=\"30%\"><strong>2 tabletter inneh\u00e5ller<\/strong><\/td>\n<td valign=\"top\" width=\"20%\"><strong> M\u00e4ngd<\/strong><\/td>\n<td valign=\"top\" width=\"30%\"><strong>%DRI*<\/strong><\/td>\n<\/tr>\n<tr>\n<td valign=\"top\" width=\"30%\">\u00a0Ginkgo Biloba<br \/>\n(som 120mg extrakt)<\/td>\n<td valign=\"top\" width=\"20%\">6000 mg<\/td>\n<td valign=\"top\" width=\"20%\">**<\/td>\n<\/tr>\n<tr>\n<td valign=\"top\" width=\"30%\">Citronmeliss<br \/>\n(som 100mg extrakt)<\/td>\n<td valign=\"top\" width=\"20%\">1000 mg<\/td>\n<td valign=\"top\" width=\"20%\">**<\/td>\n<\/tr>\n<tr>\n<td valign=\"top\" width=\"30%\">Salvia<br \/>\n(som 211mg extrakt)<\/td>\n<td valign=\"top\" width=\"20%\">1000 mg<\/td>\n<td valign=\"top\" width=\"20%\">**<\/td>\n<\/tr>\n<tr>\n<td valign=\"top\" width=\"30%\">Rosmarin<br \/>\n(som 13,3mg extrakt)<\/td>\n<td valign=\"top\" width=\"20%\">100 mg<\/td>\n<td valign=\"top\" width=\"20%\">**<\/td>\n<\/tr>\n<tr>\n<td valign=\"top\" width=\"30%\">Tiamin<\/td>\n<td valign=\"top\" width=\"20%\">0,55 mg<\/td>\n<td valign=\"top\" width=\"20%\">55 %<\/td>\n<\/tr>\n<tr>\n<td valign=\"top\" width=\"30%\">Vitamin B12<\/td>\n<td valign=\"top\" width=\"20%\">1,25 \u00b5g<\/td>\n<td valign=\"top\" width=\"20%\">55 %<\/td>\n<\/tr>\n<tr>\n<td valign=\"top\" width=\"30%\">Pantotensyra<\/td>\n<td valign=\"top\" width=\"20%\">3 mg<\/td>\n<td valign=\"top\" width=\"20%\">55 %<\/td>\n<\/tr>\n<tr>\n<td valign=\"top\" width=\"30%\">Jod<\/td>\n<td valign=\"top\" width=\"20%\">50 \u00b5g<\/td>\n<td valign=\"top\" width=\"20%\">33 %<\/td>\n<\/tr>\n<\/tbody>\n<\/table>\n<p><strong><em>*DRI \u00e4r dagligt referensintag.<\/em><\/strong><\/p>\n<p><strong>Ingredienser<\/strong>: dikalkiumfosfat, cellulosa, salvia bladsextrakt (<em>Salvia officinalis<\/em>), ginkgo biloba bladsextrakt, citronmelissblad<br \/>\nsextrakt (<em>Melissa officinalis<\/em>), tablettbel\u00e4ggning (hydroxipropylmetylcellulosa, f\u00e4rger: spirulina, \u00e4pple, safflor, citron,<br \/>\nkalciumkarbonat, hydroxypropylcellulosa), klumpf\u00f6rebyggande medel (kiseldioxid, stearinsyra, magnesiumsalter av fettsyror),<br \/>\ntv\u00e4rbunden cellulosagummi, rosmarin bladsextrakt (<em>Rosmarinus officinalis<\/em>), vitamin B5 (kalciumpantotenat), vitamin B1<br \/>\n(tiaminmononitrat), vitamin B12 (cyanokobalamin), jod (kaliumjodid).<\/p>\n<p>Rekommenderad dos b\u00f6r ej \u00f6verskridas.<br \/>\nKosttillskott ers\u00e4tter inte en varierad kost.<br \/>\nProdukten f\u00f6rvaras o\u00e5tkomligt f\u00f6r sm\u00e5 barn.<br \/>\nRekommenderas inte till gravida eller ammande.<\/p>\n<p>L\u00e4mplig f\u00f6r veganer<\/p>\n","protected":false},"excerpt":{"rendered":"<ul>\n<li><strong data-start=\"0\" data-end=\"64\">Lamberts anv\u00e4nder l\u00e4kemedelsklassad ginkgo och utvalda \u00f6rter<\/strong><\/li>\n<li><strong data-start=\"67\" data-end=\"136\">Inget annat f\u00f6retag i Storbritannien insisterar p\u00e5 denna kvalitet<\/strong><\/li>\n<li><strong data-start=\"139\" data-end=\"281\">Inneh\u00e5ller dessutom B-vitaminer och jod, som bidrar till normal neurologisk och psykologisk funktion samt normal mental prestationsf\u00f6rm\u00e5ga<\/strong><\/li>\n<li><strong data-start=\"284\" data-end=\"311\">Ger hela 6000 mg ginkgo<\/strong><\/li>\n<li><strong data-start=\"314\" data-end=\"375\">Samt citronmeliss, salvia och rosmarin i relevanta niv\u00e5er<\/strong><\/li>\n<\/ul>\n<p><strong>120 tabletter<\/strong><\/p>\n","protected":false},"featured_media":10256,"comment_status":"open","ping_status":"closed","template":"","meta":{"_kad_blocks_custom_css":"","_kad_blocks_head_custom_js":"","_kad_blocks_body_custom_js":"","_kad_blocks_footer_custom_js":"","_kadence_starter_templates_imported_post":false,"_kad_post_transparent":"default","_kad_post_title":"","_kad_post_layout":"default","_kad_post_sidebar_id":"","_kad_post_content_style":"default","_kad_post_vertical_padding":"default","_kad_post_feature":"","_kad_post_feature_position":"","_kad_post_header":false,"_kad_post_footer":false,"_kad_post_classname":""},"product_brand":[],"product_cat":[1234],"product_tag":[2512,159,2497,1112,2147,2513,2514,1028,2004,2515,1843,2310,2516,2510,233,2517,1515,1264,1207],"class_list":{"0":"post-10195","1":"product","2":"type-product","3":"status-publish","4":"has-post-thumbnail","6":"product_cat-lamberts","7":"product_tag-anpassad-for-aktiva-livsstilar","8":"product_tag-aterhamtning","9":"product_tag-en-kapsel-per-dag","10":"product_tag-energi","11":"product_tag-fysisk-prestation","12":"product_tag-ginseng","13":"product_tag-grona-teblad","14":"product_tag-immunforsvar","15":"product_tag-lamberts","16":"product_tag-mentalt-fokus","17":"product_tag-naturlig-energi","18":"product_tag-naturliga-ingredienser","19":"product_tag-refreshall","20":"product_tag-tillverkad-i-storbritannien","21":"product_tag-trotthet","22":"product_tag-vakenhet","23":"product_tag-vegansk","24":"product_tag-vitalitet","25":"product_tag-vitamin-b12","27":"first","28":"outofstock","29":"taxable","30":"shipping-taxable","31":"purchasable","32":"product-type-simple","33":"entry","34":"content-bg","35":"loop-entry"},"taxonomy_info":{"product_cat":[{"value":1234,"label":"Lamberts"}],"product_tag":[{"value":2512,"label":"Anpassad f\u00f6r aktiva livsstilar"},{"value":159,"label":"\u00e5terh\u00e4mtning"},{"value":2497,"label":"En kapsel per dag"},{"value":1112,"label":"energi"},{"value":2147,"label":"fysisk prestation"},{"value":2513,"label":"Ginseng"},{"value":2514,"label":"Gr\u00f6na teblad"},{"value":1028,"label":"immunf\u00f6rsvar"},{"value":2004,"label":"Lamberts"},{"value":2515,"label":"Mentalt fokus"},{"value":1843,"label":"Naturlig energi"},{"value":2310,"label":"naturliga ingredienser"},{"value":2516,"label":"Refreshall"},{"value":2510,"label":"Tillverkad i Storbritannien"},{"value":233,"label":"tr\u00f6tthet"},{"value":2517,"label":"Vakenhet"},{"value":1515,"label":"vegansk"},{"value":1264,"label":"Vitalitet"},{"value":1207,"label":"Vitamin B12"}]},"featured_image_src_large":["https:\/\/vitaminbutiken.com\/wp-content\/uploads\/2025\/03\/8543-refreshall-780x700.jpg",780,700,true],"author_info":[],"comment_info":0,"_links":{"self":[{"href":"https:\/\/vitaminbutiken.com\/en\/wp-json\/wp\/v2\/product\/10195","targetHints":{"allow":["GET"]}}],"collection":[{"href":"https:\/\/vitaminbutiken.com\/en\/wp-json\/wp\/v2\/product"}],"about":[{"href":"https:\/\/vitaminbutiken.com\/en\/wp-json\/wp\/v2\/types\/product"}],"replies":[{"embeddable":true,"href":"https:\/\/vitaminbutiken.com\/en\/wp-json\/wp\/v2\/comments?post=10195"}],"wp:featuredmedia":[{"embeddable":true,"href":"https:\/\/vitaminbutiken.com\/en\/wp-json\/wp\/v2\/media\/10256"}],"wp:attachment":[{"href":"https:\/\/vitaminbutiken.com\/en\/wp-json\/wp\/v2\/media?parent=10195"}],"wp:term":[{"taxonomy":"product_brand","embeddable":true,"href":"https:\/\/vitaminbutiken.com\/en\/wp-json\/wp\/v2\/product_brand?post=10195"},{"taxonomy":"product_cat","embeddable":true,"href":"https:\/\/vitaminbutiken.com\/en\/wp-json\/wp\/v2\/product_cat?post=10195"},{"taxonomy":"product_tag","embeddable":true,"href":"https:\/\/vitaminbutiken.com\/en\/wp-json\/wp\/v2\/product_tag?post=10195"}],"curies":[{"name":"wp","href":"https:\/\/api.w.org\/{rel}","templated":true}]}}