{"id":10194,"date":"2025-03-19T16:22:21","date_gmt":"2025-03-19T14:22:21","guid":{"rendered":"https:\/\/vitaminbutiken.multi.fi\/?post_type=product&#038;p=10194"},"modified":"2026-03-31T14:18:49","modified_gmt":"2026-03-31T12:18:49","slug":"turmemoric-lamberts","status":"publish","type":"product","link":"https:\/\/vitaminbutiken.com\/en\/produkt\/turmemoric-lamberts\/","title":{"rendered":"TurMemoric &#8211; Lamberts"},"content":{"rendered":"<p data-start=\"580\" data-end=\"932\">Forskare har funnit ett samband mellan luteinansamling och omr\u00e5den i hj\u00e4rnan rika p\u00e5 fettsyror, inklusive DHA, vilket tyder p\u00e5 att det kan spela en viktig roll som antioxidant. Dessutom ber\u00e4knas det genomsnittliga dagliga intaget av lutein fr\u00e5n kosten vara s\u00e5 l\u00e5gt som 1\u20132 mg, medan forskare anser att ett relevant intag b\u00f6r vara betydligt h\u00f6gre.<\/p>\n<p><strong>Dosering<\/strong>: 2 tabletter dagligen i samband med m\u00e5ltid.<\/p>\n<table style=\"height: 80px;\" border=\"1\" width=\"621\" cellspacing=\"0\" cellpadding=\"0\">\n<tbody>\n<tr>\n<td valign=\"top\" width=\"30%\"><strong>2 tabletter inneh\u00e5ller<\/strong><\/td>\n<td valign=\"top\" width=\"20%\"><strong> M\u00e4ngd<\/strong><\/td>\n<td valign=\"top\" width=\"30%\"><strong>%DRI*<\/strong><\/td>\n<\/tr>\n<tr>\n<td valign=\"top\" width=\"30%\">Gurkmejarotextrakt<br \/>\n(tillhandah\u00e5ller 95 % curcumin motsvarande 10 000 mg gurkmejakrydda)<\/td>\n<td valign=\"top\" width=\"20%\">200 mg<\/td>\n<td valign=\"top\" width=\"20%\">**<\/td>\n<\/tr>\n<tr>\n<td valign=\"top\" width=\"30%\">Lutein Complex<\/td>\n<td valign=\"top\" width=\"20%\">50 mg<\/td>\n<td valign=\"top\" width=\"20%\">**<\/td>\n<\/tr>\n<tr>\n<td valign=\"top\" width=\"30%\">Varav:<br \/>\nLutein<br \/>\nZeaxantin<\/td>\n<td valign=\"top\" width=\"20%\">10 mg<br \/>\n500 \u00b5g<\/td>\n<td valign=\"top\" width=\"20%\">**<br \/>\n**<\/td>\n<\/tr>\n<tr>\n<td valign=\"top\" width=\"30%\">Vitamin B12<\/td>\n<td valign=\"top\" width=\"20%\">500 \u00b5g<\/td>\n<td valign=\"top\" width=\"20%\">20 000 %<\/td>\n<\/tr>\n<tr>\n<td valign=\"top\" width=\"30%\">Zink<\/td>\n<td valign=\"top\" width=\"20%\">5 mg<\/td>\n<td valign=\"top\" width=\"20%\">50 %<\/td>\n<\/tr>\n<tr>\n<td valign=\"top\" width=\"30%\">Rosmarin (Som 7,5:1 extrakt)<\/td>\n<td valign=\"top\" width=\"20%\">20 mg<\/td>\n<td valign=\"top\" width=\"20%\">**<\/td>\n<\/tr>\n<\/tbody>\n<\/table>\n<p><strong><em>*DRI \u00e4r dagligt referensintag.<\/em><\/strong><\/p>\n<p><strong>Ingredienser<\/strong>: Fyllnadsmedel (cellulosa, kalciumkarbonat, dikalciumfosfat), gurkmejerotsextrakt (Curcuma longa),<br \/>\nlutein-komplex (lutein, zeaxantin, antioxidativ: rosmarinbladsextrakt (Rosmarinus officinalis)),<br \/>\nklumpf\u00f6rebyggande medel (kiseloxid, stearinsyra, magnesiumsalter av fettsyror), tablettbel\u00e4gning<br \/>\n(hydroxypropylmetylcellulosa, glycerol), zinkcitrat, vitamin B12 (cyanokobalamin).<\/p>\n<p>Rekommenderad dos b\u00f6r ej \u00f6verskridas.<br \/>\nKosttillskott ers\u00e4tter inte en varierad kost.<br \/>\nProdukten f\u00f6rvaras o\u00e5tkomligt f\u00f6r sm\u00e5 barn.<\/p>\n<p>L\u00e4mplig f\u00f6r veganer<\/p>\n","protected":false},"excerpt":{"rendered":"<ul>\n<li data-start=\"42\" data-end=\"96\"><strong data-start=\"44\" data-end=\"94\">Tv\u00e5 tabletter ger hela 200 mg gurkmejaextrakt.<\/strong><\/li>\n<li data-start=\"97\" data-end=\"167\"><strong data-start=\"99\" data-end=\"165\">Gurkmejan \u00e4r standardiserad f\u00f6r att inneh\u00e5lla 95 % curcuminer.<\/strong><\/li>\n<li data-start=\"168\" data-end=\"263\"><strong data-start=\"170\" data-end=\"261\">10 mg naturligt k\u00e4lla, ren &#8216;fri form&#8217; lutein per daglig dos, samt inkluderar zeaxantin.<\/strong><\/li>\n<li data-start=\"264\" data-end=\"341\"><strong data-start=\"266\" data-end=\"339\">Rosmarinextrakt \u00e4r tillsatt f\u00f6r att bevara de aktiva best\u00e5ndsdelarna.<\/strong><\/li>\n<li data-start=\"342\" data-end=\"430\"><strong data-start=\"344\" data-end=\"428\">Inneh\u00e5ller dessutom vitamin B12 f\u00f6r normal neurologisk och psykologisk funktion.<\/strong><\/li>\n<li data-start=\"431\" data-end=\"491\"><strong data-start=\"433\" data-end=\"489\">De 500 \u00b5g vitamin B12 finns i formen metylkobalamin.<\/strong><\/li>\n<li data-start=\"492\" data-end=\"539\"><strong data-start=\"494\" data-end=\"537\">Samt zink f\u00f6r normal kognitiv funktion.<\/strong><\/li>\n<li data-start=\"540\" data-end=\"585\"><strong data-start=\"542\" data-end=\"583\">L\u00e4mplig f\u00f6r vegetarianer och veganer.<\/strong><\/li>\n<\/ul>\n<p><strong>60 tabletter<\/strong><\/p>\n","protected":false},"featured_media":10243,"comment_status":"open","ping_status":"closed","template":"","meta":{"_kad_blocks_custom_css":"","_kad_blocks_head_custom_js":"","_kad_blocks_body_custom_js":"","_kad_blocks_footer_custom_js":"","_kadence_starter_templates_imported_post":false,"_kad_post_transparent":"default","_kad_post_title":"","_kad_post_layout":"default","_kad_post_sidebar_id":"","_kad_post_content_style":"default","_kad_post_vertical_padding":"default","_kad_post_feature":"","_kad_post_feature_position":"","_kad_post_header":false,"_kad_post_footer":false,"_kad_post_classname":""},"product_brand":[],"product_cat":[1234,198,2822,277],"product_tag":[205,2497,2502,2503,2504,2505,1889,1892,2251,2506,2004,1574,2507,2508,2509,2310,2510,2511,1516],"class_list":{"0":"post-10194","1":"product","2":"type-product","3":"status-publish","4":"has-post-thumbnail","6":"product_cat-lamberts","7":"product_cat-lever-och-njurar","8":"product_cat-multi-produkter","9":"product_cat-muskler-och-leder","10":"product_tag-antioxidant","11":"product_tag-en-kapsel-per-dag","12":"product_tag-fokus","13":"product_tag-forbattrad-kognition","14":"product_tag-ginkgo-biloba","15":"product_tag-hjarnans-valbefinnande","16":"product_tag-hjarnhalsa","17":"product_tag-kognitiv-funktion","18":"product_tag-koncentration","19":"product_tag-kurkumin","20":"product_tag-lamberts","21":"product_tag-mental-klarhet","22":"product_tag-mental-prestanda","23":"product_tag-minne-och-larande","24":"product_tag-minneskraft","25":"product_tag-naturliga-ingredienser","26":"product_tag-tillverkad-i-storbritannien","27":"product_tag-turmemoric","28":"product_tag-vegetarisk","30":"first","31":"instock","32":"taxable","33":"shipping-taxable","34":"purchasable","35":"product-type-simple","36":"entry","37":"content-bg","38":"loop-entry"},"taxonomy_info":{"product_cat":[{"value":1234,"label":"Lamberts"},{"value":198,"label":"Lever &amp; Njurar"},{"value":2822,"label":"Multi produkter"},{"value":277,"label":"Muskler &amp; Leder"}],"product_tag":[{"value":205,"label":"antioxidant"},{"value":2497,"label":"En kapsel per dag"},{"value":2502,"label":"Fokus"},{"value":2503,"label":"F\u00f6rb\u00e4ttrad kognition"},{"value":2504,"label":"Ginkgo Biloba"},{"value":2505,"label":"Hj\u00e4rnans v\u00e4lbefinnande"},{"value":1889,"label":"Hj\u00e4rnh\u00e4lsa"},{"value":1892,"label":"Kognitiv funktion"},{"value":2251,"label":"koncentration"},{"value":2506,"label":"Kurkumin"},{"value":2004,"label":"Lamberts"},{"value":1574,"label":"Mental klarhet"},{"value":2507,"label":"Mental prestanda."},{"value":2508,"label":"Minne och l\u00e4rande"},{"value":2509,"label":"Minneskraft"},{"value":2310,"label":"naturliga ingredienser"},{"value":2510,"label":"Tillverkad i Storbritannien"},{"value":2511,"label":"TurMemoric"},{"value":1516,"label":"vegetarisk"}]},"featured_image_src_large":["https:\/\/vitaminbutiken.com\/wp-content\/uploads\/2025\/03\/8541-Turmemoric-780x700.jpg",780,700,true],"author_info":[],"comment_info":0,"_links":{"self":[{"href":"https:\/\/vitaminbutiken.com\/en\/wp-json\/wp\/v2\/product\/10194","targetHints":{"allow":["GET"]}}],"collection":[{"href":"https:\/\/vitaminbutiken.com\/en\/wp-json\/wp\/v2\/product"}],"about":[{"href":"https:\/\/vitaminbutiken.com\/en\/wp-json\/wp\/v2\/types\/product"}],"replies":[{"embeddable":true,"href":"https:\/\/vitaminbutiken.com\/en\/wp-json\/wp\/v2\/comments?post=10194"}],"wp:featuredmedia":[{"embeddable":true,"href":"https:\/\/vitaminbutiken.com\/en\/wp-json\/wp\/v2\/media\/10243"}],"wp:attachment":[{"href":"https:\/\/vitaminbutiken.com\/en\/wp-json\/wp\/v2\/media?parent=10194"}],"wp:term":[{"taxonomy":"product_brand","embeddable":true,"href":"https:\/\/vitaminbutiken.com\/en\/wp-json\/wp\/v2\/product_brand?post=10194"},{"taxonomy":"product_cat","embeddable":true,"href":"https:\/\/vitaminbutiken.com\/en\/wp-json\/wp\/v2\/product_cat?post=10194"},{"taxonomy":"product_tag","embeddable":true,"href":"https:\/\/vitaminbutiken.com\/en\/wp-json\/wp\/v2\/product_tag?post=10194"}],"curies":[{"name":"wp","href":"https:\/\/api.w.org\/{rel}","templated":true}]}}