{"id":10193,"date":"2025-03-19T16:22:21","date_gmt":"2025-03-19T14:22:21","guid":{"rendered":"https:\/\/vitaminbutiken.multi.fi\/?post_type=product&#038;p=10193"},"modified":"2026-01-05T14:54:33","modified_gmt":"2026-01-05T13:54:33","slug":"pulse-lamberts","status":"publish","type":"product","link":"https:\/\/vitaminbutiken.com\/en\/produkt\/pulse-lamberts\/","title":{"rendered":"Pulse\u00ae &#8211; Lamberts"},"content":{"rendered":"<p data-start=\"42\" data-end=\"165\">Pulse\u00ae \u00e4r en \u00f6verl\u00e4gsen tv\u00e5-om-dagen-formula som inneh\u00e5ller 1300 mg ren fiskolja och hela 100 mg Coenzym Q10 (CoQ10).<\/p>\n<p data-start=\"167\" data-end=\"652\">Dessa kapslar inneh\u00e5ller en koncentrerad fiskolja som ger hela 1040 mg omega-3 per tv\u00e5 kapslar, vilket g\u00f6r den till en av de starkaste p\u00e5 marknaden i Storbritannien och d\u00e4rf\u00f6r ofta rekommenderad av experter. Fiskoljan genomg\u00e5r en sofistikerad reningsprocess som s\u00e4kerst\u00e4ller att den i stort sett \u00e4r luktfri, med halter av f\u00f6roreningar l\u00e5ngt under de strikta EU-gr\u00e4nsv\u00e4rdena. Oljan skyddas sedan fr\u00e5n oxidation inne i kapslarna genom tillsatsen av naturligt vitamin E (och CoQ10).<\/p>\n<p data-start=\"654\" data-end=\"949\">De mest f\u00f6rdelaktiga ingredienserna i fiskolja \u00e4r de tv\u00e5 omega-3-fettsyrorna, EPA och DHA, och v\u00e5r formula inneh\u00e5ller imponerande 715 mg EPA och 286 mg DHA per tv\u00e5 kapslar. EPA och DHA bidrar till hj\u00e4rtats normala funktion, en effekt som uppn\u00e5s vid ett dagligt intag av 250 mg EPA och DHA.<\/p>\n<p data-start=\"951\" data-end=\"1312\">En annan viktig n\u00e4rings\u00e4mne som har varit i fokus f\u00f6r forskning \u00e4r CoQ10, och vi har inkluderat hela 100 mg per tv\u00e5 kapslar. Detta n\u00e4rings\u00e4mne rekommenderas ofta som en del av en hj\u00e4rth\u00e4lsoregim och till personer som tar statiner \u2013 de kolesterols\u00e4nkande l\u00e4kemedel som visat sig minska kroppens CoQ10-niv\u00e5er. Vi tillhandah\u00e5ller CoQ10 i dess naturliga form.<\/p>\n<p><strong style=\"font-family: var(--global-body-font-family);\">Dosering<\/strong><span style=\"font-family: var(--global-body-font-family);\">: 2 kapslar dagligen i samband med m\u00e5ltid.<\/span><\/p>\n<table style=\"height: 80px;\" border=\"1\" width=\"621\" cellspacing=\"0\" cellpadding=\"0\">\n<tbody>\n<tr>\n<td valign=\"top\" width=\"30%\"><strong>2 kapslar inneh\u00e5ller<\/strong><\/td>\n<td valign=\"top\" width=\"20%\"><strong> M\u00e4ngd<\/strong><\/td>\n<td valign=\"top\" width=\"30%\"><strong>%DRI*<\/strong><\/td>\n<\/tr>\n<tr>\n<td valign=\"top\" width=\"30%\">Fiskkroppsoljekoncentrat<\/td>\n<td valign=\"top\" width=\"20%\">1300 mg<\/td>\n<td valign=\"top\" width=\"20%\">**<\/td>\n<\/tr>\n<tr>\n<td valign=\"top\" width=\"30%\">Som ger:<br \/>\nOmega-3-fettsyror<\/td>\n<td valign=\"top\" width=\"20%\">\n1040 mg<\/td>\n<td valign=\"top\" width=\"20%\">\n**<\/td>\n<\/tr>\n<tr>\n<td valign=\"top\" width=\"30%\">Varav:<\/td>\n<td valign=\"top\" width=\"20%\"><\/td>\n<td valign=\"top\" width=\"20%\"><\/td>\n<\/tr>\n<tr>\n<td valign=\"top\" width=\"30%\">EPA<\/td>\n<td valign=\"top\" width=\"20%\">715 mg<\/td>\n<td valign=\"top\" width=\"20%\">**<\/td>\n<\/tr>\n<tr>\n<td valign=\"top\" width=\"30%\">DHA<\/td>\n<td valign=\"top\" width=\"20%\">286 mg<\/td>\n<td valign=\"top\" width=\"20%\">**<\/td>\n<\/tr>\n<tr>\n<td valign=\"top\" width=\"30%\">Koenzym Q10 Ubikinon<\/td>\n<td valign=\"top\" width=\"20%\">100 mg<\/td>\n<td valign=\"top\" width=\"20%\">**<\/td>\n<\/tr>\n<\/tbody>\n<\/table>\n<p><strong><em>*DRI \u00e4r dagligt referensintag.<\/em><\/strong><\/p>\n<p><strong>Ingredienser<\/strong>: Fiskkroppsoljekoncentrat (fiskolja, antioxidant: blandade tokoferoler), kapselskal: (bovint<br \/>\ngelatin, glycerol, f\u00e4rg\u00e4mne: j\u00e4rnoxid), koenzym Q10 (ubikinon).<\/p>\n<p>Rekommenderad dos b\u00f6r ej \u00f6verskridas.<br \/>\nKosttillskott ers\u00e4tter inte en varierad kost.<br \/>\nProdukten f\u00f6rvaras o\u00e5tkomligt f\u00f6r sm\u00e5 barn.<\/p>\n","protected":false},"excerpt":{"rendered":"<ul>\n<li data-start=\"42\" data-end=\"74\"><strong data-start=\"44\" data-end=\"72\">En koncentrerad fiskolja<\/strong><\/li>\n<li data-start=\"75\" data-end=\"107\"><strong data-start=\"77\" data-end=\"105\">Ger hela 1040 mg omega-3<\/strong><\/li>\n<li data-start=\"108\" data-end=\"139\"><strong data-start=\"110\" data-end=\"137\">715 mg EPA \/ 286 mg DHA<\/strong><\/li>\n<li data-start=\"140\" data-end=\"196\"><strong data-start=\"142\" data-end=\"194\">En av de starkaste p\u00e5 marknaden i Storbritannien<\/strong><\/li>\n<li data-start=\"197\" data-end=\"244\"><strong data-start=\"199\" data-end=\"242\">Genomg\u00e5r en sofistikerad reningsprocess<\/strong><\/li>\n<li data-start=\"245\" data-end=\"296\"><strong data-start=\"247\" data-end=\"294\">Inneh\u00e5ller dessutom hela 100 mg Coenzym Q10<\/strong><\/li>\n<li data-start=\"297\" data-end=\"350\"><strong data-start=\"299\" data-end=\"348\">Tv\u00e5-om-dagen-formula f\u00f6r mindre kapselstorlek<\/strong><\/li>\n<\/ul>\n<p><strong>90 kapslar<\/strong><\/p>\n","protected":false},"featured_media":10241,"comment_status":"open","ping_status":"closed","template":"","meta":{"_kad_blocks_custom_css":"","_kad_blocks_head_custom_js":"","_kad_blocks_body_custom_js":"","_kad_blocks_footer_custom_js":"","_kadence_starter_templates_imported_post":false,"_kad_post_transparent":"default","_kad_post_title":"","_kad_post_layout":"default","_kad_post_sidebar_id":"","_kad_post_content_style":"default","_kad_post_vertical_padding":"default","_kad_post_feature":"","_kad_post_feature_position":"","_kad_post_header":false,"_kad_post_footer":false,"_kad_post_classname":""},"product_brand":[],"product_cat":[1234],"product_tag":[2370,205,2497,1112,2428,2498,285,2004,1574,1039,2310,2373,2499,2500,2501,1962,2022,1516,1264],"class_list":{"0":"post-10193","1":"product","2":"type-product","3":"status-publish","4":"has-post-thumbnail","6":"product_cat-lamberts","7":"product_tag-aktiv-livsstil","8":"product_tag-antioxidant","9":"product_tag-en-kapsel-per-dag","10":"product_tag-energi","11":"product_tag-forbattrad-energi","12":"product_tag-forbattrad-uthallighet","13":"product_tag-kosttillskott","14":"product_tag-lamberts","15":"product_tag-mental-klarhet","16":"product_tag-muskelfunktion","17":"product_tag-naturliga-ingredienser","18":"product_tag-prestation","19":"product_tag-pulse","20":"product_tag-stamina","21":"product_tag-stod-for-kroppen","22":"product_tag-traningsstod","23":"product_tag-uthallighet","24":"product_tag-vegetarisk","25":"product_tag-vitalitet","27":"first","28":"outofstock","29":"taxable","30":"shipping-taxable","31":"purchasable","32":"product-type-simple","33":"entry","34":"content-bg","35":"loop-entry"},"taxonomy_info":{"product_cat":[{"value":1234,"label":"Lamberts"}],"product_tag":[{"value":2370,"label":"Aktiv livsstil"},{"value":205,"label":"antioxidant"},{"value":2497,"label":"En kapsel per dag"},{"value":1112,"label":"energi"},{"value":2428,"label":"F\u00f6rb\u00e4ttrad energi"},{"value":2498,"label":"F\u00f6rb\u00e4ttrad uth\u00e5llighet."},{"value":285,"label":"kosttillskott"},{"value":2004,"label":"Lamberts"},{"value":1574,"label":"Mental klarhet"},{"value":1039,"label":"muskelfunktion"},{"value":2310,"label":"naturliga ingredienser"},{"value":2373,"label":"Prestation"},{"value":2499,"label":"Pulse"},{"value":2500,"label":"Stamina"},{"value":2501,"label":"St\u00f6d f\u00f6r kroppen"},{"value":1962,"label":"tr\u00e4ningsst\u00f6d"},{"value":2022,"label":"uth\u00e5llighet"},{"value":1516,"label":"vegetarisk"},{"value":1264,"label":"Vitalitet"}]},"featured_image_src_large":["https:\/\/vitaminbutiken.com\/wp-content\/uploads\/2025\/03\/8536-Pulse-780x700.jpg",780,700,true],"author_info":[],"comment_info":0,"_links":{"self":[{"href":"https:\/\/vitaminbutiken.com\/en\/wp-json\/wp\/v2\/product\/10193","targetHints":{"allow":["GET"]}}],"collection":[{"href":"https:\/\/vitaminbutiken.com\/en\/wp-json\/wp\/v2\/product"}],"about":[{"href":"https:\/\/vitaminbutiken.com\/en\/wp-json\/wp\/v2\/types\/product"}],"replies":[{"embeddable":true,"href":"https:\/\/vitaminbutiken.com\/en\/wp-json\/wp\/v2\/comments?post=10193"}],"wp:featuredmedia":[{"embeddable":true,"href":"https:\/\/vitaminbutiken.com\/en\/wp-json\/wp\/v2\/media\/10241"}],"wp:attachment":[{"href":"https:\/\/vitaminbutiken.com\/en\/wp-json\/wp\/v2\/media?parent=10193"}],"wp:term":[{"taxonomy":"product_brand","embeddable":true,"href":"https:\/\/vitaminbutiken.com\/en\/wp-json\/wp\/v2\/product_brand?post=10193"},{"taxonomy":"product_cat","embeddable":true,"href":"https:\/\/vitaminbutiken.com\/en\/wp-json\/wp\/v2\/product_cat?post=10193"},{"taxonomy":"product_tag","embeddable":true,"href":"https:\/\/vitaminbutiken.com\/en\/wp-json\/wp\/v2\/product_tag?post=10193"}],"curies":[{"name":"wp","href":"https:\/\/api.w.org\/{rel}","templated":true}]}}