{"id":10180,"date":"2025-03-19T16:21:56","date_gmt":"2025-03-19T14:21:56","guid":{"rendered":"https:\/\/vitaminbutiken.multi.fi\/?post_type=product&#038;p=10180"},"modified":"2026-03-30T14:27:29","modified_gmt":"2026-03-30T12:27:29","slug":"co-enzyme-q10-30mg-lamberts","status":"publish","type":"product","link":"https:\/\/vitaminbutiken.com\/en\/produkt\/co-enzyme-q10-30mg-lamberts\/","title":{"rendered":"Co-Enzyme Q10 30mg &#8211; Lamberts"},"content":{"rendered":"<p data-start=\"42\" data-end=\"421\">CoQ10, \u00e4ven k\u00e4nd som ubikinon, \u00e4r ett vitaminliknande \u00e4mne som finns i varje cell i m\u00e4nniskokroppen och spelar en viktig roll i fris\u00e4ttningen av energi fr\u00e5n den mat vi \u00e4ter. Det \u00e4r d\u00e4rf\u00f6r inte f\u00f6rv\u00e5nande att de h\u00f6gsta koncentrationerna av CoQ10 \u00e5terfinns i organ med h\u00f6ga energibehov, s\u00e5som hj\u00e4rtmuskeln och levern, samt i v\u00e4vnader som regenererar snabbt, s\u00e5som tandk\u00f6ttet.<\/p>\n<p data-start=\"423\" data-end=\"822\">\u00c4ven om kroppen sj\u00e4lv kan producera CoQ10 minskar produktionen med \u00e5ldern. Faktum \u00e4r att energibrist hos \u00e4ldre delvis kan vara kopplad till en l\u00e4gre produktion av CoQ10 i kroppen. Studier har ocks\u00e5 visat att kolesterols\u00e4nkande l\u00e4kemedel, s\u00e5 kallade statiner, minskar CoQ10-niv\u00e5erna i kroppen, vilket g\u00f6r att personer som tar statiner i allt h\u00f6gre grad rekommenderas att ta ett CoQ10-tillskott.<\/p>\n<p data-start=\"824\" data-end=\"983\">Vi anv\u00e4nder naturligt CoQ10, den form som anv\u00e4nds i de flesta studier, och vi presenterar det uppl\u00f6st i vegetabilisk olja f\u00f6r att f\u00f6rb\u00e4ttra absorptionen.<\/p>\n<p><strong> Dosering<\/strong>: 1-3 kapslar dagligen i samband med m\u00e5ltid.<\/p>\n<table style=\"height: 80px;\" border=\"1\" width=\"621\" cellspacing=\"0\" cellpadding=\"0\">\n<tbody>\n<tr>\n<td valign=\"top\" width=\"30%\"><strong>1 tablett inneh\u00e5ller<\/strong><\/td>\n<td valign=\"top\" width=\"20%\"><strong> M\u00e4ngd<\/strong><\/td>\n<td valign=\"top\" width=\"30%\"><strong>%DRI*<\/strong><\/td>\n<\/tr>\n<tr>\n<td valign=\"top\" width=\"30%\">Co-enzym Q10 (Ubiquinone)<\/td>\n<td valign=\"top\" width=\"20%\">30 mg<\/td>\n<td valign=\"top\" width=\"20%\">**<\/td>\n<\/tr>\n<\/tbody>\n<\/table>\n<p><strong><em>*DRI \u00e4r dagligt referensintag.<\/em><\/strong><\/p>\n<p><strong>Ingredienser<\/strong>: Solrosfr\u00f6olja, kapselskal (modifierad st\u00e4rkelse, glycerol, karragenan, f\u00e4rg: j\u00e4rnoxid), koenzym Q10, glycerolmonostearat.<\/p>\n<p>Rekommenderad dos b\u00f6r ej \u00f6verskridas.<br \/>\nKosttillskott ers\u00e4tter inte en varierad kost.<br \/>\nProdukten f\u00f6rvaras o\u00e5tkomligt f\u00f6r sm\u00e5 barn.<br \/>\nRekommenderas inte till gravida eller ammande.<\/p>\n<p>L\u00e4mplig f\u00f6r veganer<\/p>\n","protected":false},"excerpt":{"rendered":"<ul>\n<li data-start=\"42\" data-end=\"133\"><strong data-start=\"44\" data-end=\"131\">V\u00e5r l\u00e4gsta styrka av CoQ10, men p\u00e5 en niv\u00e5 som bidrar till individens dagliga intag<\/strong><\/li>\n<li data-start=\"134\" data-end=\"167\"><strong data-start=\"136\" data-end=\"165\">Naturlig k\u00e4lla till CoQ10<\/strong><\/li>\n<li data-start=\"168\" data-end=\"225\"><strong data-start=\"170\" data-end=\"223\">Uppl\u00f6st i vegetabilisk olja f\u00f6r b\u00e4ttre absorption<\/strong><\/li>\n<li data-start=\"226\" data-end=\"308\"><strong data-start=\"228\" data-end=\"306\">Rekommenderad av en av de ursprungliga forskarna som f\u00f6rst uppt\u00e4ckte CoQ10<\/strong><\/li>\n<li data-start=\"309\" data-end=\"402\"><strong data-start=\"311\" data-end=\"400\">Gelatinfria kapslar, tillverkade i Storbritannien enligt farmaceutiska GMP-standarder<\/strong><\/li>\n<\/ul>\n","protected":false},"featured_media":10239,"comment_status":"open","ping_status":"closed","template":"","meta":{"_kad_blocks_custom_css":"","_kad_blocks_head_custom_js":"","_kad_blocks_body_custom_js":"","_kad_blocks_footer_custom_js":"","_kadence_starter_templates_imported_post":false,"_kad_post_transparent":"default","_kad_post_title":"","_kad_post_layout":"default","_kad_post_sidebar_id":"","_kad_post_content_style":"default","_kad_post_vertical_padding":"default","_kad_post_feature":"","_kad_post_feature_position":"","_kad_post_header":false,"_kad_post_footer":false,"_kad_post_classname":""},"product_brand":[],"product_cat":[176,1234,277,1393,278],"product_tag":[1415,205,2493,1548,2479,2494,1112,2495,2428,2335,1648,2481,1468,1028,2001,2004,1883,2496,2022,234],"class_list":{"0":"post-10180","1":"product","2":"type-product","3":"status-publish","4":"has-post-thumbnail","6":"product_cat-immunforsvar","7":"product_cat-lamberts","8":"product_cat-muskler-och-leder","9":"product_cat-ovriga-kosttillskott","10":"product_cat-traning","11":"product_tag-anti-aging","12":"product_tag-antioxidant","13":"product_tag-cellfunktion","14":"product_tag-cellskydd","15":"product_tag-cirkulation","16":"product_tag-co-enzyme-q10","17":"product_tag-energi","18":"product_tag-energitillskott","19":"product_tag-forbattrad-energi","20":"product_tag-halsofordelar","21":"product_tag-hjarthalsa","22":"product_tag-hog-absorption","23":"product_tag-hudhalsa","24":"product_tag-immunforsvar","25":"product_tag-kapslar","26":"product_tag-lamberts","27":"product_tag-naturligt-kosttillskott","28":"product_tag-stod-for-kroppens-celler","29":"product_tag-uthallighet","30":"product_tag-vitamin","32":"first","33":"instock","34":"taxable","35":"shipping-taxable","36":"purchasable","37":"product-type-variable","38":"entry","39":"content-bg","40":"loop-entry"},"taxonomy_info":{"product_cat":[{"value":176,"label":"Immunf\u00f6rsvar"},{"value":1234,"label":"Lamberts"},{"value":277,"label":"Muskler &amp; Leder"},{"value":1393,"label":"\u00d6vriga kosttillskott"},{"value":278,"label":"Tr\u00e4ning"}],"product_tag":[{"value":1415,"label":"Anti-aging"},{"value":205,"label":"antioxidant"},{"value":2493,"label":"Cellfunktion"},{"value":1548,"label":"Cellskydd"},{"value":2479,"label":"Cirkulation"},{"value":2494,"label":"Co-Enzyme Q10"},{"value":1112,"label":"energi"},{"value":2495,"label":"Energitillskott"},{"value":2428,"label":"F\u00f6rb\u00e4ttrad energi"},{"value":2335,"label":"H\u00e4lsof\u00f6rdelar"},{"value":1648,"label":"hj\u00e4rth\u00e4lsa"},{"value":2481,"label":"H\u00f6g absorption"},{"value":1468,"label":"Hudh\u00e4lsa"},{"value":1028,"label":"immunf\u00f6rsvar"},{"value":2001,"label":"kapslar"},{"value":2004,"label":"Lamberts"},{"value":1883,"label":"Naturligt kosttillskott"},{"value":2496,"label":"St\u00f6d f\u00f6r kroppens celler"},{"value":2022,"label":"uth\u00e5llighet"},{"value":234,"label":"vitamin"}]},"featured_image_src_large":["https:\/\/vitaminbutiken.com\/wp-content\/uploads\/2025\/03\/8531-Co-enztme-780x700.jpg",780,700,true],"author_info":[],"comment_info":0,"_links":{"self":[{"href":"https:\/\/vitaminbutiken.com\/en\/wp-json\/wp\/v2\/product\/10180","targetHints":{"allow":["GET"]}}],"collection":[{"href":"https:\/\/vitaminbutiken.com\/en\/wp-json\/wp\/v2\/product"}],"about":[{"href":"https:\/\/vitaminbutiken.com\/en\/wp-json\/wp\/v2\/types\/product"}],"replies":[{"embeddable":true,"href":"https:\/\/vitaminbutiken.com\/en\/wp-json\/wp\/v2\/comments?post=10180"}],"wp:featuredmedia":[{"embeddable":true,"href":"https:\/\/vitaminbutiken.com\/en\/wp-json\/wp\/v2\/media\/10239"}],"wp:attachment":[{"href":"https:\/\/vitaminbutiken.com\/en\/wp-json\/wp\/v2\/media?parent=10180"}],"wp:term":[{"taxonomy":"product_brand","embeddable":true,"href":"https:\/\/vitaminbutiken.com\/en\/wp-json\/wp\/v2\/product_brand?post=10180"},{"taxonomy":"product_cat","embeddable":true,"href":"https:\/\/vitaminbutiken.com\/en\/wp-json\/wp\/v2\/product_cat?post=10180"},{"taxonomy":"product_tag","embeddable":true,"href":"https:\/\/vitaminbutiken.com\/en\/wp-json\/wp\/v2\/product_tag?post=10180"}],"curies":[{"name":"wp","href":"https:\/\/api.w.org\/{rel}","templated":true}]}}