{"id":10178,"date":"2025-03-19T16:21:56","date_gmt":"2025-03-19T14:21:56","guid":{"rendered":"https:\/\/vitaminbutiken.multi.fi\/?post_type=product&#038;p=10178"},"modified":"2026-03-31T13:40:58","modified_gmt":"2026-03-31T11:40:58","slug":"oracomega-lamberts","status":"publish","type":"product","link":"https:\/\/vitaminbutiken.com\/en\/produkt\/oracomega-lamberts\/","title":{"rendered":"OracOmega\u00ae &#8211; Lamberts"},"content":{"rendered":"<p data-start=\"42\" data-end=\"441\">H\u00e4lsof\u00f6rdelarna med omega-3-tillskott existerar endast om fettsyrorna inte oxideras. Detta f\u00f6rhindras i tillskott genom noggrann bearbetning och genom att kapselskalet utest\u00e4nger luft. N\u00e4r omega-3-fettsyrorna v\u00e4l har absorberats i blodomloppet riskerar de dock att oxideras av mycket reaktiva \u2019fria radikaler\u2019, vilket omvandlar dem fr\u00e5n nyttiga om\u00e4ttade fetter till oh\u00e4lsosamma m\u00e4ttade fetter.<\/p>\n<p data-start=\"443\" data-end=\"844\">Kroppen motverkar naturligt detta genom att producera antioxidanter som neutraliserar de fria radikalerna. M\u00e5nga viktiga antioxidanter \u00e4r n\u00e4rings\u00e4mnen som vi f\u00e5r i oss via kosten, och deras effektivitet m\u00e4ts i allt st\u00f6rre utstr\u00e4ckning i Oxygen Radical Absorbance Capacity (ORAC)-enheter f\u00f6r j\u00e4mf\u00f6relse. Intressant nog verkar vissa v\u00e4xtfenoler vara mer effektiva antioxidanter \u00e4n vitamin C och E.<\/p>\n<p data-start=\"846\" data-end=\"1123\">OracOmega\u00ae kombinerar en h\u00f6g niv\u00e5 av dessa v\u00e4xtantioxidanter (fr\u00e5n gr\u00f6nt te och rosmarin) med v\u00e5r rena fiskolja f\u00f6r att skapa en unik, h\u00f6gpotent produkt. Tv\u00e5 kapslar per dag ger imponerande 2 500 ORAC-enheter samt hela 760 mg omega-3, inklusive 390 mg EPA och 260 mg DHA.<\/p>\n<p><strong>Dosering<\/strong>, <strong>vuxen<\/strong>: 2 kapslar dagligen i samband med m\u00e5ltid.<\/p>\n<table style=\"height: 80px;\" border=\"1\" width=\"621\" cellspacing=\"0\" cellpadding=\"0\">\n<tbody>\n<tr>\n<td valign=\"top\" width=\"30%\"><strong>2 kapslar inneh\u00e5ller<\/strong><\/td>\n<td valign=\"top\" width=\"20%\"><strong> M\u00e4ngd<\/strong><\/td>\n<td valign=\"top\" width=\"30%\"><strong>%DRI*<\/strong><\/td>\n<\/tr>\n<tr>\n<td valign=\"top\" width=\"30%\">Fiskoljekoncentrat<\/td>\n<td valign=\"top\" width=\"20%\">1200 mg<\/td>\n<td valign=\"top\" width=\"20%\">**<\/td>\n<\/tr>\n<tr>\n<td valign=\"top\" width=\"30%\">Varav:<\/td>\n<td valign=\"top\" width=\"20%\"><\/td>\n<td valign=\"top\" width=\"20%\"><\/td>\n<\/tr>\n<tr>\n<td valign=\"top\" width=\"30%\">Omega 3 Fettsyror<\/td>\n<td valign=\"top\" width=\"20%\">760 mg<\/td>\n<td valign=\"top\" width=\"20%\">**<\/td>\n<\/tr>\n<tr>\n<td valign=\"top\" width=\"30%\">Varav:<\/td>\n<td valign=\"top\" width=\"20%\"><\/td>\n<td valign=\"top\" width=\"20%\"><\/td>\n<\/tr>\n<tr>\n<td valign=\"top\" width=\"30%\">EPA<\/td>\n<td valign=\"top\" width=\"20%\">390 mg<\/td>\n<td valign=\"top\" width=\"20%\">**<\/td>\n<\/tr>\n<tr>\n<td valign=\"top\" width=\"30%\">DHA<\/td>\n<td valign=\"top\" width=\"20%\">260 mg<\/td>\n<td valign=\"top\" width=\"20%\">**<\/td>\n<\/tr>\n<tr>\n<td valign=\"top\" width=\"30%\">ORAC -blandning (3-5 % Epigallocatechin gallate)<br \/>\nSom ger: 2 500 ORAC-enheter<\/td>\n<td valign=\"top\" width=\"20%\">200 mg<\/td>\n<td valign=\"top\" width=\"20%\">**<\/td>\n<\/tr>\n<\/tbody>\n<\/table>\n<p><strong><em>*DRI (dagligt referensintag) ej fastst\u00e4llt.\u00a0<\/em><\/strong><\/p>\n<p><strong>Ingredienser<\/strong>: Fiskkroppsoljekoncentrat (antioxidant: blandade tokoferoler, fiskolja), kapselskal (bovint<br \/>\ngelatin, glycerol, f\u00e4rger: j\u00e4rnoxid, kopparklorofyll), ORAC-blandning (gr\u00f6nt teblad (Camellia sinensis),<br \/>\ndruvk\u00e4rnor (Vitis vinifera), rosmarin bladextrakt (Rosmarinus officinalis)), Stabiliseringsmedel (bivax), solroslecitin.<\/p>\n<p>Rekommenderad dos b\u00f6r ej \u00f6verskridas.<br \/>\nKosttillskott ers\u00e4tter inte en varierad kost.<br \/>\nProdukten f\u00f6rvaras o\u00e5tkomligt f\u00f6r sm\u00e5 barn.<\/p>\n<p><strong> OBS!<\/strong><br \/>\n\u00d6verskrid inte 800 mg EGCG per dag.<br \/>\nTa inte tillsammans med andra gr\u00f6nt te-produkter.<br \/>\nB\u00f6r inte konsumeras p\u00e5 tom mage.<\/p>\n","protected":false},"excerpt":{"rendered":"<ul>\n<li data-start=\"42\" data-end=\"113\"><strong data-start=\"44\" data-end=\"111\">Storbritanniens f\u00f6rsta fiskolja med skyddande v\u00e4xtantioxidanter<\/strong><\/li>\n<li data-start=\"114\" data-end=\"152\"><strong data-start=\"116\" data-end=\"150\">Imponerande 2 500 ORAC-enheter<\/strong><\/li>\n<li data-start=\"153\" data-end=\"180\"><strong data-start=\"155\" data-end=\"178\">Hela 760 mg omega-3<\/strong><\/li>\n<li data-start=\"181\" data-end=\"228\"><strong data-start=\"183\" data-end=\"226\">390 mg EPA och 260 mg DHA per 2 kapslar<\/strong><\/li>\n<\/ul>\n<p><strong>120 kapslar<\/strong><\/p>\n","protected":false},"featured_media":10235,"comment_status":"open","ping_status":"closed","template":"","meta":{"_kad_blocks_custom_css":"","_kad_blocks_head_custom_js":"","_kad_blocks_body_custom_js":"","_kad_blocks_footer_custom_js":"","_kadence_starter_templates_imported_post":false,"_kad_post_transparent":"default","_kad_post_title":"","_kad_post_layout":"default","_kad_post_sidebar_id":"","_kad_post_content_style":"default","_kad_post_vertical_padding":"default","_kad_post_feature":"","_kad_post_feature_position":"","_kad_post_header":false,"_kad_post_footer":false,"_kad_post_classname":""},"product_brand":[],"product_cat":[328,329,176,1234],"product_tag":[1415,205,2479,2233,2234,2235,2465,2318,2481,1487,1028,2486,2001,2004,1622,2487,1883,334,2488,2489],"class_list":{"0":"post-10178","1":"product","2":"type-product","3":"status-publish","4":"has-post-thumbnail","6":"product_cat-fettsyror","7":"product_cat-hjarna-och-minne","8":"product_cat-immunforsvar","9":"product_cat-lamberts","10":"product_tag-anti-aging","11":"product_tag-antioxidant","12":"product_tag-cirkulation","13":"product_tag-dha","14":"product_tag-epa","15":"product_tag-fiskolja","16":"product_tag-halsosamt-hjarta","17":"product_tag-hjarnfunktion","18":"product_tag-hog-absorption","19":"product_tag-hudvard","20":"product_tag-immunforsvar","21":"product_tag-inflammationshantering","22":"product_tag-kapslar","23":"product_tag-lamberts","24":"product_tag-ledhalsa","25":"product_tag-naturlig-fiskolja","26":"product_tag-naturligt-kosttillskott","27":"product_tag-omega-3","28":"product_tag-omega-3-komplex","29":"product_tag-oracomega","31":"first","32":"instock","33":"taxable","34":"shipping-taxable","35":"purchasable","36":"product-type-simple","37":"entry","38":"content-bg","39":"loop-entry"},"taxonomy_info":{"product_cat":[{"value":328,"label":"Fettsyror"},{"value":329,"label":"Hj\u00e4rna &amp; Minne"},{"value":176,"label":"Immunf\u00f6rsvar"},{"value":1234,"label":"Lamberts"}],"product_tag":[{"value":1415,"label":"Anti-aging"},{"value":205,"label":"antioxidant"},{"value":2479,"label":"Cirkulation"},{"value":2233,"label":"DHA"},{"value":2234,"label":"EPA"},{"value":2235,"label":"Fiskolja"},{"value":2465,"label":"H\u00e4lsosamt hj\u00e4rta"},{"value":2318,"label":"Hj\u00e4rnfunktion"},{"value":2481,"label":"H\u00f6g absorption"},{"value":1487,"label":"hudv\u00e5rd"},{"value":1028,"label":"immunf\u00f6rsvar"},{"value":2486,"label":"Inflammationshantering"},{"value":2001,"label":"kapslar"},{"value":2004,"label":"Lamberts"},{"value":1622,"label":"Ledh\u00e4lsa"},{"value":2487,"label":"Naturlig fiskolja."},{"value":1883,"label":"Naturligt kosttillskott"},{"value":334,"label":"Omega-3"},{"value":2488,"label":"Omega-3 komplex"},{"value":2489,"label":"OracOmega"}]},"featured_image_src_large":["https:\/\/vitaminbutiken.com\/wp-content\/uploads\/2025\/03\/8510-Pur-eoracomega-780x700.jpg",780,700,true],"author_info":[],"comment_info":0,"_links":{"self":[{"href":"https:\/\/vitaminbutiken.com\/en\/wp-json\/wp\/v2\/product\/10178","targetHints":{"allow":["GET"]}}],"collection":[{"href":"https:\/\/vitaminbutiken.com\/en\/wp-json\/wp\/v2\/product"}],"about":[{"href":"https:\/\/vitaminbutiken.com\/en\/wp-json\/wp\/v2\/types\/product"}],"replies":[{"embeddable":true,"href":"https:\/\/vitaminbutiken.com\/en\/wp-json\/wp\/v2\/comments?post=10178"}],"wp:featuredmedia":[{"embeddable":true,"href":"https:\/\/vitaminbutiken.com\/en\/wp-json\/wp\/v2\/media\/10235"}],"wp:attachment":[{"href":"https:\/\/vitaminbutiken.com\/en\/wp-json\/wp\/v2\/media?parent=10178"}],"wp:term":[{"taxonomy":"product_brand","embeddable":true,"href":"https:\/\/vitaminbutiken.com\/en\/wp-json\/wp\/v2\/product_brand?post=10178"},{"taxonomy":"product_cat","embeddable":true,"href":"https:\/\/vitaminbutiken.com\/en\/wp-json\/wp\/v2\/product_cat?post=10178"},{"taxonomy":"product_tag","embeddable":true,"href":"https:\/\/vitaminbutiken.com\/en\/wp-json\/wp\/v2\/product_tag?post=10178"}],"curies":[{"name":"wp","href":"https:\/\/api.w.org\/{rel}","templated":true}]}}