{"id":10164,"date":"2025-03-19T16:21:32","date_gmt":"2025-03-19T14:21:32","guid":{"rendered":"https:\/\/vitaminbutiken.multi.fi\/?post_type=product&#038;p=10164"},"modified":"2025-09-11T13:15:05","modified_gmt":"2025-09-11T11:15:05","slug":"pure-fish-oil-1100mg-lamberts","status":"publish","type":"product","link":"https:\/\/vitaminbutiken.com\/en\/produkt\/pure-fish-oil-1100mg-lamberts\/","title":{"rendered":"Pure Fish Oil 1100mg &#8211; Lamberts"},"content":{"rendered":"<p data-start=\"42\" data-end=\"579\">Dessa kapslar inneh\u00e5ller en koncentrerad fiskolja som ger hela 700 mg omega-3 per kapsel (m\u00e5nga 1000 mg fiskoljeprodukter inneh\u00e5ller endast 350 mg omega-3). Det g\u00f6r denna produkt till en av de starkaste p\u00e5 marknaden i Storbritannien och den rekommenderas d\u00e4rf\u00f6r ofta av terapeuter. Fiskoljan genomg\u00e5r en sofistikerad reningsprocess som s\u00e4kerst\u00e4ller att den \u00e4r i stort sett luktfri, med halter av f\u00f6roreningar l\u00e5ngt under EU:s strikta gr\u00e4nsv\u00e4rden. Oljan skyddas sedan mot oxidation i kapslarna genom tillsats av naturligt vitamin E.<\/p>\n<p data-start=\"581\" data-end=\"875\">De mest gynnsamma ingredienserna i fiskolja \u00e4r de tv\u00e5 omega-3-fettsyrorna EPA och DHA. Forskning har visat att omega-3 spelar en avg\u00f6rande roll f\u00f6r att uppr\u00e4tth\u00e5lla v\u00e5r h\u00e4lsa och v\u00e5rt v\u00e4lbefinnande, vilket \u00e4r anledningen till att fiskoljetillskott regelbundet rekommenderas av terapeuter.<\/p>\n<p data-start=\"877\" data-end=\"1153\">Det brittiska h\u00e4lsodepartementet rekommenderar att m\u00e4nniskor b\u00f6r \u00e4ta tv\u00e5 portioner fet fisk per vecka f\u00f6r att f\u00e5 tillr\u00e4ckligt med omega-3. Detta \u00e4r ett bra r\u00e5d, men det f\u00f6ljs av relativt f\u00e5, och d\u00e4rf\u00f6r \u00e4r anv\u00e4ndning av fiskoljetillskott det b\u00e4sta alternativet f\u00f6r m\u00e5nga.<\/p>\n<p><strong> Dosering<\/strong>: 1-3 kapsel dagligen i samband med m\u00e5ltid.<\/p>\n<table style=\"height: 80px;\" border=\"1\" width=\"621\" cellspacing=\"0\" cellpadding=\"0\">\n<tbody>\n<tr>\n<td valign=\"top\" width=\"30%\"><strong>1 tablett inneh\u00e5ller<\/strong><\/td>\n<td valign=\"top\" width=\"20%\"><strong> M\u00e4ngd<\/strong><\/td>\n<td valign=\"top\" width=\"30%\"><strong>%DRI*<\/strong><\/td>\n<\/tr>\n<tr>\n<td valign=\"top\" width=\"30%\">Fiskoljekoncentrat<\/td>\n<td valign=\"top\" width=\"20%\">1100 mg<\/td>\n<td valign=\"top\" width=\"20%\">**<\/td>\n<\/tr>\n<tr>\n<td valign=\"top\" width=\"30%\">Varav:<\/td>\n<td valign=\"top\" width=\"20%\"><\/td>\n<td valign=\"top\" width=\"20%\"><\/td>\n<\/tr>\n<tr>\n<td valign=\"top\" width=\"30%\">Omega 3 Fettsyror<\/td>\n<td valign=\"top\" width=\"20%\">700 mg<\/td>\n<td valign=\"top\" width=\"20%\">**<\/td>\n<\/tr>\n<tr>\n<td valign=\"top\" width=\"30%\">Varav:<\/td>\n<td valign=\"top\" width=\"20%\"><\/td>\n<td valign=\"top\" width=\"20%\"><\/td>\n<\/tr>\n<tr>\n<td valign=\"top\" width=\"30%\">EPA<\/td>\n<td valign=\"top\" width=\"20%\">355 mg<\/td>\n<td valign=\"top\" width=\"20%\">**<\/td>\n<\/tr>\n<tr>\n<td valign=\"top\" width=\"30%\">DHA<\/td>\n<td valign=\"top\" width=\"20%\">237 mg<\/td>\n<td valign=\"top\" width=\"20%\">**<\/td>\n<\/tr>\n<\/tbody>\n<\/table>\n<p><strong><em>*DRI \u00e4r dagligt referensintag.**DRI ej fastst\u00e4llt.<\/em><\/strong><\/p>\n<p><strong>Ingredienser<\/strong>: Fiskoljekoncentrat (fiskolja, antioxidant: blandade tokoferoler), kapselskal (bovint gelatin, glycerol).<\/p>\n<p>Rekommenderad dos b\u00f6r ej \u00f6verskridas.<br \/>\nKosttillskott ers\u00e4tter inte en varierad kost.<br \/>\nProdukten f\u00f6rvaras o\u00e5tkomligt f\u00f6r sm\u00e5 barn.<\/p>\n<p>Lamberts Pure Fish oil 1100 mg har en av de b\u00e4sta profilerna p\u00e5<br \/>\nmarknaden. Varje kapsel inneh\u00e5ller 700 mg Omega 3-fettsyror inklusive<br \/>\n355 mg EPA och 237 mg DHA, och den 5-stegsreningsprocess som v\u00e5r olja<br \/>\ngenomg\u00e5r s\u00e4kerst\u00e4ller att det inte finns n\u00e5gon kompromiss med<br \/>\nkvaliteten.<\/p>\n","protected":false},"excerpt":{"rendered":"<ul>\n<li data-start=\"42\" data-end=\"81\"><strong data-start=\"44\" data-end=\"79\">Totalt 700 mg omega-3-fettsyror<\/strong><\/li>\n<li data-start=\"82\" data-end=\"120\"><strong data-start=\"84\" data-end=\"118\">Hela 355 mg EPA och 237 mg DHA<\/strong><\/li>\n<li data-start=\"121\" data-end=\"184\"><strong data-start=\"123\" data-end=\"182\">En 5-stegs reningsprocess s\u00e4kerst\u00e4ller optimal kvalitet<\/strong><\/li>\n<li data-start=\"185\" data-end=\"252\"><strong data-start=\"187\" data-end=\"250\">Halter av f\u00f6roreningar l\u00e5ngt under EU:s strikta gr\u00e4nsv\u00e4rden<\/strong><\/li>\n<li data-start=\"253\" data-end=\"326\"><strong data-start=\"255\" data-end=\"324\">Oljan skyddas mot oxidation genom tillsats av naturligt vitamin E<\/strong><\/li>\n<li data-start=\"327\" data-end=\"368\"><strong data-start=\"329\" data-end=\"366\">Finns i tre f\u00f6rpackningsstorlekar<\/strong><\/li>\n<\/ul>\n","protected":false},"featured_media":10233,"comment_status":"open","ping_status":"closed","template":"","meta":{"_kad_blocks_custom_css":"","_kad_blocks_head_custom_js":"","_kad_blocks_body_custom_js":"","_kad_blocks_footer_custom_js":"","_kadence_starter_templates_imported_post":false,"_kad_post_transparent":"default","_kad_post_title":"","_kad_post_layout":"default","_kad_post_sidebar_id":"","_kad_post_content_style":"default","_kad_post_vertical_padding":"default","_kad_post_feature":"","_kad_post_feature_position":"","_kad_post_header":false,"_kad_post_footer":false,"_kad_post_classname":""},"product_brand":[],"product_cat":[1234],"product_tag":[2463,2479,1992,2233,2234,2235,2480,2318,1648,2481,2482,1487,2483,2001,2004,1622,1883,334,2484,2485],"class_list":{"0":"post-10164","1":"product","2":"type-product","3":"status-publish","4":"has-post-thumbnail","6":"product_cat-lamberts","7":"product_tag-anti-inflammation","8":"product_tag-cirkulation","9":"product_tag-cirkulationsstod","10":"product_tag-dha","11":"product_tag-epa","12":"product_tag-fiskolja","13":"product_tag-fiskolja-1100mg","14":"product_tag-hjarnfunktion","15":"product_tag-hjarthalsa","16":"product_tag-hog-absorption","17":"product_tag-hogt-innehall-av-omega-3","18":"product_tag-hudvard","19":"product_tag-immunsystem","20":"product_tag-kapslar","21":"product_tag-lamberts","22":"product_tag-ledhalsa","23":"product_tag-naturligt-kosttillskott","24":"product_tag-omega-3","25":"product_tag-pure-fish-oil","26":"product_tag-ren-fiskolja","28":"first","29":"outofstock","30":"taxable","31":"shipping-taxable","32":"purchasable","33":"product-type-variable","34":"entry","35":"content-bg","36":"loop-entry"},"taxonomy_info":{"product_cat":[{"value":1234,"label":"Lamberts"}],"product_tag":[{"value":2463,"label":"Anti-inflammation"},{"value":2479,"label":"Cirkulation"},{"value":1992,"label":"cirkulationsst\u00f6d"},{"value":2233,"label":"DHA"},{"value":2234,"label":"EPA"},{"value":2235,"label":"Fiskolja"},{"value":2480,"label":"Fiskolja 1100mg"},{"value":2318,"label":"Hj\u00e4rnfunktion"},{"value":1648,"label":"hj\u00e4rth\u00e4lsa"},{"value":2481,"label":"H\u00f6g absorption"},{"value":2482,"label":"H\u00f6gt inneh\u00e5ll av omega-3"},{"value":1487,"label":"hudv\u00e5rd"},{"value":2483,"label":"immunsystem"},{"value":2001,"label":"kapslar"},{"value":2004,"label":"Lamberts"},{"value":1622,"label":"Ledh\u00e4lsa"},{"value":1883,"label":"Naturligt kosttillskott"},{"value":334,"label":"Omega-3"},{"value":2484,"label":"Pure Fish Oil"},{"value":2485,"label":"Ren fiskolja"}]},"featured_image_src_large":["https:\/\/vitaminbutiken.com\/wp-content\/uploads\/2025\/03\/8508-Pure-fish-oil-780x700.jpg",780,700,true],"author_info":[],"comment_info":0,"_links":{"self":[{"href":"https:\/\/vitaminbutiken.com\/en\/wp-json\/wp\/v2\/product\/10164","targetHints":{"allow":["GET"]}}],"collection":[{"href":"https:\/\/vitaminbutiken.com\/en\/wp-json\/wp\/v2\/product"}],"about":[{"href":"https:\/\/vitaminbutiken.com\/en\/wp-json\/wp\/v2\/types\/product"}],"replies":[{"embeddable":true,"href":"https:\/\/vitaminbutiken.com\/en\/wp-json\/wp\/v2\/comments?post=10164"}],"wp:featuredmedia":[{"embeddable":true,"href":"https:\/\/vitaminbutiken.com\/en\/wp-json\/wp\/v2\/media\/10233"}],"wp:attachment":[{"href":"https:\/\/vitaminbutiken.com\/en\/wp-json\/wp\/v2\/media?parent=10164"}],"wp:term":[{"taxonomy":"product_brand","embeddable":true,"href":"https:\/\/vitaminbutiken.com\/en\/wp-json\/wp\/v2\/product_brand?post=10164"},{"taxonomy":"product_cat","embeddable":true,"href":"https:\/\/vitaminbutiken.com\/en\/wp-json\/wp\/v2\/product_cat?post=10164"},{"taxonomy":"product_tag","embeddable":true,"href":"https:\/\/vitaminbutiken.com\/en\/wp-json\/wp\/v2\/product_tag?post=10164"}],"curies":[{"name":"wp","href":"https:\/\/api.w.org\/{rel}","templated":true}]}}