{"id":10163,"date":"2025-03-19T16:21:31","date_gmt":"2025-03-19T14:21:31","guid":{"rendered":"https:\/\/vitaminbutiken.multi.fi\/?post_type=product&#038;p=10163"},"modified":"2026-03-31T13:57:32","modified_gmt":"2026-03-31T11:57:32","slug":"pure-evening-primrose-oil-500mg-lamberts","status":"publish","type":"product","link":"https:\/\/vitaminbutiken.com\/en\/produkt\/pure-evening-primrose-oil-500mg-lamberts\/","title":{"rendered":"Pure Evening Primrose Oil 500mg &#8211; Lamberts"},"content":{"rendered":"<p data-start=\"42\" data-end=\"380\">Lamberts\u00ae Nattljusolja \u00e4r en h\u00f6gkvalitativ olja som noggrant valts ut f\u00f6r sin renhet och sitt konsekventa GLA-inneh\u00e5ll. Varje kapsel inneh\u00e5ller dessutom 83 % av NRV f\u00f6r vitamin E. Dessa kapslar \u00e4r mindre i storlek \u00e4n v\u00e5ra andra GLA-tillskott och kan d\u00e4rf\u00f6r vara ett f\u00f6redraget val f\u00f6r vissa personer, samt \u00e4r \u00e4ven l\u00e4mpliga f\u00f6r barn.<\/p>\n<p data-start=\"382\" data-end=\"666\">Nattljusolja \u00e4r fortfarande ett popul\u00e4rt tillskott, eftersom oljan \u00e4r en av de f\u00e5 naturliga k\u00e4llorna till en omega-6-fettsyra som kallas gamma-linolensyra (GLA). Nattljusolja rekommenderas fortfarande ofta f\u00f6r kvinnor under deras m\u00e5natliga cykel samt f\u00f6r kvinnor i klimakteriet.<\/p>\n<p><strong> Dosering<\/strong>: 1-4 kapslar dagligen i samband med m\u00e5ltid.<\/p>\n<table style=\"height: 80px;\" border=\"1\" width=\"621\" cellspacing=\"0\" cellpadding=\"0\">\n<tbody>\n<tr>\n<td valign=\"top\" width=\"30%\"><strong>1 tablett inneh\u00e5ller<\/strong><\/td>\n<td valign=\"top\" width=\"20%\"><strong> M\u00e4ngd<\/strong><\/td>\n<td valign=\"top\" width=\"30%\"><strong>%DRI*<\/strong><\/td>\n<\/tr>\n<tr>\n<td valign=\"top\" width=\"30%\">Vitamin E<\/td>\n<td valign=\"top\" width=\"20%\">10 mg<\/td>\n<td valign=\"top\" width=\"20%\">83 %<\/td>\n<\/tr>\n<tr>\n<td valign=\"top\" width=\"30%\">J\u00e4ttenattljusolja<\/td>\n<td valign=\"top\" width=\"20%\">1000 mg<\/td>\n<td valign=\"top\" width=\"20%\">**<\/td>\n<\/tr>\n<tr>\n<td valign=\"top\" width=\"30%\">Varav:<\/td>\n<td valign=\"top\" width=\"20%\"><\/td>\n<td valign=\"top\" width=\"20%\"><\/td>\n<\/tr>\n<tr>\n<td valign=\"top\" width=\"30%\">Gamma-linolensyra (GLA)<\/td>\n<td valign=\"top\" width=\"20%\">90 mg<\/td>\n<td valign=\"top\" width=\"20%\">**<\/td>\n<\/tr>\n<\/tbody>\n<\/table>\n<p><strong><em>*DRI \u00e4r dagligt referensintag.**DRI ej fastst\u00e4llt.\u00a0<\/em><\/strong><\/p>\n<p><strong>Ingredienser<\/strong>: J\u00e4ttenattljusolja, kapselskal (bovint<br \/>\ngelatin, glycerin), antioxidant: Vitamin E (dl-alfa<br \/>\ntokoferylacetat).<\/p>\n<p>Rekommenderad dos b\u00f6r ej \u00f6verskridas.<br \/>\nKosttillskott ers\u00e4tter inte en varierad kost.<br \/>\nProdukten f\u00f6rvaras o\u00e5tkomligt f\u00f6r sm\u00e5 barn.<\/p>\n<p><strong>OBS!<\/strong><br \/>\nOm du lider av epilepsi, anv\u00e4nd endast enligt<br \/>\nl\u00e4karens anvisningar.<\/p>\n<p>L\u00e4mplig f\u00f6r vegetarianer<\/p>\n","protected":false},"excerpt":{"rendered":"<ul>\n<li data-start=\"42\" data-end=\"107\"><strong data-start=\"44\" data-end=\"105\">Ofta vald av dem som f\u00f6redrar en mindre kapsel att sv\u00e4lja<\/strong><\/li>\n<li data-start=\"108\" data-end=\"173\"><strong data-start=\"110\" data-end=\"171\">En av de f\u00e5 naturliga k\u00e4llorna till omega-6-fettsyran GLA<\/strong><\/li>\n<li data-start=\"174\" data-end=\"218\"><strong data-start=\"176\" data-end=\"216\">Inneh\u00e5ller vitamin E med 83 % av DRI*<\/strong><\/li>\n<\/ul>\n<p><strong>180 kapslar<\/strong><\/p>\n","protected":false},"featured_media":10231,"comment_status":"open","ping_status":"closed","template":"","meta":{"_kad_blocks_custom_css":"","_kad_blocks_head_custom_js":"","_kad_blocks_body_custom_js":"","_kad_blocks_footer_custom_js":"","_kadence_starter_templates_imported_post":false,"_kad_post_transparent":"default","_kad_post_title":"","_kad_post_layout":"default","_kad_post_sidebar_id":"","_kad_post_content_style":"default","_kad_post_vertical_padding":"default","_kad_post_feature":"","_kad_post_feature_position":"","_kad_post_header":false,"_kad_post_footer":false,"_kad_post_classname":""},"product_brand":[],"product_cat":[328,195,176,1234],"product_tag":[2463,2137,1538,2472,1419,2473,1487,2001,285,1730,2004,2474,1490,2475,2476,2138,2477,2478],"class_list":{"0":"post-10163","1":"product","2":"type-product","3":"status-publish","4":"has-post-thumbnail","6":"product_cat-fettsyror","7":"product_cat-hud-skonhet","8":"product_cat-immunforsvar","9":"product_cat-lamberts","10":"product_tag-anti-inflammation","11":"product_tag-gla","12":"product_tag-hormonbalans","13":"product_tag-hormonbalansstod","14":"product_tag-hudens-elasticitet","15":"product_tag-hudfornyelse","16":"product_tag-hudvard","17":"product_tag-kapslar","18":"product_tag-kosttillskott","19":"product_tag-kvinnors-halsa","20":"product_tag-lamberts","21":"product_tag-menstruationsstod","22":"product_tag-naring-for-huden","23":"product_tag-naturligt-tillskott","24":"product_tag-nyponolja","25":"product_tag-omega-6","26":"product_tag-pco","27":"product_tag-pure-evening-primrose-oil","29":"first","30":"instock","31":"taxable","32":"shipping-taxable","33":"purchasable","34":"product-type-simple","35":"entry","36":"content-bg","37":"loop-entry"},"taxonomy_info":{"product_cat":[{"value":328,"label":"Fettsyror"},{"value":195,"label":"Hud &amp; Sk\u00f6nhet"},{"value":176,"label":"Immunf\u00f6rsvar"},{"value":1234,"label":"Lamberts"}],"product_tag":[{"value":2463,"label":"Anti-inflammation"},{"value":2137,"label":"GLA"},{"value":1538,"label":"Hormonbalans"},{"value":2472,"label":"Hormonbalansst\u00f6d"},{"value":1419,"label":"Hudens elasticitet"},{"value":2473,"label":"Hudf\u00f6rnyelse"},{"value":1487,"label":"hudv\u00e5rd"},{"value":2001,"label":"kapslar"},{"value":285,"label":"kosttillskott"},{"value":1730,"label":"Kvinnors h\u00e4lsa"},{"value":2004,"label":"Lamberts"},{"value":2474,"label":"Menstruationsst\u00f6d"},{"value":1490,"label":"N\u00e4ring f\u00f6r huden"},{"value":2475,"label":"Naturligt tillskott"},{"value":2476,"label":"Nyponolja"},{"value":2138,"label":"omega-6"},{"value":2477,"label":"PCO"},{"value":2478,"label":"Pure Evening Primrose Oil"}]},"featured_image_src_large":["https:\/\/vitaminbutiken.com\/wp-content\/uploads\/2025\/03\/8507-Pure-evening-primrose-oil-780x700.jpg",780,700,true],"author_info":[],"comment_info":0,"_links":{"self":[{"href":"https:\/\/vitaminbutiken.com\/en\/wp-json\/wp\/v2\/product\/10163","targetHints":{"allow":["GET"]}}],"collection":[{"href":"https:\/\/vitaminbutiken.com\/en\/wp-json\/wp\/v2\/product"}],"about":[{"href":"https:\/\/vitaminbutiken.com\/en\/wp-json\/wp\/v2\/types\/product"}],"replies":[{"embeddable":true,"href":"https:\/\/vitaminbutiken.com\/en\/wp-json\/wp\/v2\/comments?post=10163"}],"wp:featuredmedia":[{"embeddable":true,"href":"https:\/\/vitaminbutiken.com\/en\/wp-json\/wp\/v2\/media\/10231"}],"wp:attachment":[{"href":"https:\/\/vitaminbutiken.com\/en\/wp-json\/wp\/v2\/media?parent=10163"}],"wp:term":[{"taxonomy":"product_brand","embeddable":true,"href":"https:\/\/vitaminbutiken.com\/en\/wp-json\/wp\/v2\/product_brand?post=10163"},{"taxonomy":"product_cat","embeddable":true,"href":"https:\/\/vitaminbutiken.com\/en\/wp-json\/wp\/v2\/product_cat?post=10163"},{"taxonomy":"product_tag","embeddable":true,"href":"https:\/\/vitaminbutiken.com\/en\/wp-json\/wp\/v2\/product_tag?post=10163"}],"curies":[{"name":"wp","href":"https:\/\/api.w.org\/{rel}","templated":true}]}}