{"id":10162,"date":"2025-03-19T16:21:31","date_gmt":"2025-03-19T14:21:31","guid":{"rendered":"https:\/\/vitaminbutiken.multi.fi\/?post_type=product&#038;p=10162"},"modified":"2026-04-07T11:20:38","modified_gmt":"2026-04-07T09:20:38","slug":"omega-3-ultra-lamberts","status":"publish","type":"product","link":"https:\/\/vitaminbutiken.com\/en\/produkt\/omega-3-ultra-lamberts\/","title":{"rendered":"Omega 3 Ultra &#8211; Lamberts"},"content":{"rendered":"<p data-start=\"42\" data-end=\"412\">F\u00f6rdelarna med omega-3 \u00e4r v\u00e4l dokumenterade, och forskning har visat att omega-3-fettsyror spelar en avg\u00f6rande roll f\u00f6r att uppr\u00e4tth\u00e5lla v\u00e5r h\u00e4lsa och v\u00e5rt v\u00e4lbefinnande. Det \u00e4r av denna anledning som fiskoljetillskott regelbundet rekommenderas av terapeuter. Omega 3 Ultra inneh\u00e5ller hela 1040 mg omega-3-fettsyror per kapsel, inklusive 715 mg EPA och 286 mg DHA.<\/p>\n<p data-start=\"414\" data-end=\"610\">V\u00e5r fiskolja genomg\u00e5r en sofistikerad 5-stegs reningsprocess som s\u00e4kerst\u00e4ller h\u00f6gsta kvalitet. Dessutom \u00e4r kapselskalet impregnerat med naturlig s\u00f6t apelsinolja, vilket ger en behaglig smak.<\/p>\n<ul data-start=\"612\" data-end=\"946\">\n<li data-start=\"612\" data-end=\"654\">Ett koncentrerat fiskoljetillskott<\/li>\n<li data-start=\"655\" data-end=\"708\">Ger hela 1040 mg omega-3-fettsyror per kapsel<\/li>\n<li data-start=\"709\" data-end=\"765\">En av de starkaste p\u00e5 marknaden i Storbritannien<\/li>\n<li data-start=\"766\" data-end=\"813\">Genomg\u00e5r en sofistikerad reningsprocess<\/li>\n<li data-start=\"814\" data-end=\"878\">Kapselskalet \u00e4r impregnerat med naturlig s\u00f6t apelsinolja<\/li>\n<li data-start=\"879\" data-end=\"946\">Skyddad mot oxidation genom tillsats av naturligt vitamin E<\/li>\n<\/ul>\n<p><strong>Dosering<\/strong>: F\u00f6r dig som \u00e4ter tv\u00e5 portioner fet fisk i veckan: 1 kapsel dagligen i samband med m\u00e5ltid.<br \/>\nF\u00f6r dig som \u00e4ter lite eller ingen fet fisk: 2\u20133 kapslar dagligen i samband med m\u00e5ltid.<\/p>\n<table style=\"height: 80px;\" border=\"1\" width=\"621\" cellspacing=\"0\" cellpadding=\"0\">\n<tbody>\n<tr>\n<td valign=\"top\" width=\"30%\"><strong>1 kapsel inneh\u00e5ller<\/strong><\/td>\n<td valign=\"top\" width=\"20%\"><strong> M\u00e4ngd<\/strong><\/td>\n<td valign=\"top\" width=\"30%\"><strong>%DRI*<\/strong><\/td>\n<\/tr>\n<tr>\n<td valign=\"top\" width=\"30%\">Fiskoljekoncentrat<\/td>\n<td valign=\"top\" width=\"20%\">1300 mg<\/td>\n<td valign=\"top\" width=\"20%\">**<\/td>\n<\/tr>\n<tr>\n<td valign=\"top\" width=\"30%\">Varav:<\/td>\n<td valign=\"top\" width=\"20%\"><\/td>\n<td valign=\"top\" width=\"20%\"><\/td>\n<\/tr>\n<tr>\n<td valign=\"top\" width=\"30%\">Omega-3 Fettsyror<\/td>\n<td valign=\"top\" width=\"20%\">1040 mg<\/td>\n<td valign=\"top\" width=\"20%\">**<\/td>\n<\/tr>\n<tr>\n<td valign=\"top\" width=\"30%\">Eikosapentaensyra (EPA)<\/td>\n<td valign=\"top\" width=\"20%\">715 mg<\/td>\n<td valign=\"top\" width=\"20%\">**<\/td>\n<\/tr>\n<tr>\n<td valign=\"top\" width=\"30%\">Dokosahexaensyra (DHA)<\/td>\n<td valign=\"top\" width=\"20%\">286 mg<\/td>\n<td valign=\"top\" width=\"20%\">**<\/td>\n<\/tr>\n<\/tbody>\n<\/table>\n<p><strong><em>*DRI \u00e4r dagligt referensintag.<\/em><\/strong><\/p>\n<p><strong>Ingredienser<\/strong>: Fiskolja (fiskoljekoncentrat, antioxidant: blandade tokoferoler), kapselskal (bovint gelatin, glycerol, s\u00f6t apelsinolja).<\/p>\n<p>Rekommenderad dos b\u00f6r ej \u00f6verskridas.<br \/>\nKosttillskott ers\u00e4tter inte en varierad kost.<br \/>\nProdukten f\u00f6rvaras o\u00e5tkomligt f\u00f6r sm\u00e5 barn.<\/p>\n","protected":false},"excerpt":{"rendered":"<ul>\n<li data-start=\"42\" data-end=\"75\"><strong data-start=\"44\" data-end=\"73\">Ett koncentrerat fiskolja<\/strong><\/li>\n<li data-start=\"76\" data-end=\"124\"><strong data-start=\"78\" data-end=\"122\">Ger 1040 mg omega-3-fettsyror per kapsel<\/strong><\/li>\n<li data-start=\"125\" data-end=\"181\"><strong data-start=\"127\" data-end=\"179\">En av de starkaste p\u00e5 marknaden i Storbritannien<\/strong><\/li>\n<li data-start=\"182\" data-end=\"229\"><strong data-start=\"184\" data-end=\"227\">Genomg\u00e5r en sofistikerad reningsprocess<\/strong><\/li>\n<li data-start=\"230\" data-end=\"294\"><strong data-start=\"232\" data-end=\"292\">Kapselskalet \u00e4r impregnerat med naturlig s\u00f6t apelsinolja<\/strong><\/li>\n<li data-start=\"295\" data-end=\"362\"><strong data-start=\"297\" data-end=\"360\">Skyddad mot oxidation genom tillsats av naturligt vitamin E<\/strong><\/li>\n<\/ul>\n<p><strong>60 kapslar\u00a0<\/strong><\/p>\n","protected":false},"featured_media":10222,"comment_status":"open","ping_status":"closed","template":"","meta":{"_kad_blocks_custom_css":"","_kad_blocks_head_custom_js":"","_kad_blocks_body_custom_js":"","_kad_blocks_footer_custom_js":"","_kadence_starter_templates_imported_post":false,"_kad_post_transparent":"default","_kad_post_title":"","_kad_post_layout":"default","_kad_post_sidebar_id":"","_kad_post_content_style":"default","_kad_post_vertical_padding":"default","_kad_post_feature":"","_kad_post_feature_position":"","_kad_post_header":false,"_kad_post_footer":false,"_kad_post_classname":""},"product_brand":[],"product_cat":[328,329,176,1234,277],"product_tag":[2463,1038,2233,2234,2464,2465,2466,2467,2318,1648,2468,2001,2469,285,2004,1622,334,2470,2471,2455],"class_list":{"0":"post-10162","1":"product","2":"type-product","3":"status-publish","4":"has-post-thumbnail","6":"product_cat-fettsyror","7":"product_cat-hjarna-och-minne","8":"product_cat-immunforsvar","9":"product_cat-lamberts","10":"product_cat-muskler-och-leder","11":"product_tag-anti-inflammation","12":"product_tag-blodtryck","13":"product_tag-dha","14":"product_tag-epa","15":"product_tag-fiskeolja","16":"product_tag-halsosamt-hjarta","17":"product_tag-hjalper-immunsystemet","18":"product_tag-hjarnans-halsa","19":"product_tag-hjarnfunktion","20":"product_tag-hjarthalsa","21":"product_tag-hogdoserad-fiskeolja","22":"product_tag-kapslar","23":"product_tag-kolesterol","24":"product_tag-kosttillskott","25":"product_tag-lamberts","26":"product_tag-ledhalsa","27":"product_tag-omega-3","28":"product_tag-omega-3-ultra","29":"product_tag-omega-3-fettsyror","30":"product_tag-vegetariskt-alternativ","32":"first","33":"instock","34":"taxable","35":"shipping-taxable","36":"purchasable","37":"product-type-simple","38":"entry","39":"content-bg","40":"loop-entry"},"taxonomy_info":{"product_cat":[{"value":328,"label":"Fettsyror"},{"value":329,"label":"Hj\u00e4rna &amp; Minne"},{"value":176,"label":"Immunf\u00f6rsvar"},{"value":1234,"label":"Lamberts"},{"value":277,"label":"Muskler &amp; Leder"}],"product_tag":[{"value":2463,"label":"Anti-inflammation"},{"value":1038,"label":"blodtryck"},{"value":2233,"label":"DHA"},{"value":2234,"label":"EPA"},{"value":2464,"label":"Fiskeolja"},{"value":2465,"label":"H\u00e4lsosamt hj\u00e4rta"},{"value":2466,"label":"Hj\u00e4lper immunsystemet"},{"value":2467,"label":"Hj\u00e4rnans h\u00e4lsa"},{"value":2318,"label":"Hj\u00e4rnfunktion"},{"value":1648,"label":"hj\u00e4rth\u00e4lsa"},{"value":2468,"label":"H\u00f6gdoserad fiskeolja"},{"value":2001,"label":"kapslar"},{"value":2469,"label":"Kolesterol"},{"value":285,"label":"kosttillskott"},{"value":2004,"label":"Lamberts"},{"value":1622,"label":"Ledh\u00e4lsa"},{"value":334,"label":"Omega-3"},{"value":2470,"label":"Omega-3 Ultra"},{"value":2471,"label":"Omega-3-fettsyror"},{"value":2455,"label":"Vegetariskt alternativ"}]},"featured_image_src_large":["https:\/\/vitaminbutiken.com\/wp-content\/uploads\/2025\/03\/8506-Omega-3-ultra-780x700.jpg",780,700,true],"author_info":[],"comment_info":0,"_links":{"self":[{"href":"https:\/\/vitaminbutiken.com\/en\/wp-json\/wp\/v2\/product\/10162","targetHints":{"allow":["GET"]}}],"collection":[{"href":"https:\/\/vitaminbutiken.com\/en\/wp-json\/wp\/v2\/product"}],"about":[{"href":"https:\/\/vitaminbutiken.com\/en\/wp-json\/wp\/v2\/types\/product"}],"replies":[{"embeddable":true,"href":"https:\/\/vitaminbutiken.com\/en\/wp-json\/wp\/v2\/comments?post=10162"}],"wp:featuredmedia":[{"embeddable":true,"href":"https:\/\/vitaminbutiken.com\/en\/wp-json\/wp\/v2\/media\/10222"}],"wp:attachment":[{"href":"https:\/\/vitaminbutiken.com\/en\/wp-json\/wp\/v2\/media?parent=10162"}],"wp:term":[{"taxonomy":"product_brand","embeddable":true,"href":"https:\/\/vitaminbutiken.com\/en\/wp-json\/wp\/v2\/product_brand?post=10162"},{"taxonomy":"product_cat","embeddable":true,"href":"https:\/\/vitaminbutiken.com\/en\/wp-json\/wp\/v2\/product_cat?post=10162"},{"taxonomy":"product_tag","embeddable":true,"href":"https:\/\/vitaminbutiken.com\/en\/wp-json\/wp\/v2\/product_tag?post=10162"}],"curies":[{"name":"wp","href":"https:\/\/api.w.org\/{rel}","templated":true}]}}