{"id":10161,"date":"2025-03-19T16:21:30","date_gmt":"2025-03-19T14:21:30","guid":{"rendered":"https:\/\/vitaminbutiken.multi.fi\/?post_type=product&#038;p=10161"},"modified":"2026-03-31T08:33:09","modified_gmt":"2026-03-31T06:33:09","slug":"evening-primrose-oil-with-starflower-oil-lamberts","status":"publish","type":"product","link":"https:\/\/vitaminbutiken.com\/en\/produkt\/evening-primrose-oil-with-starflower-oil-lamberts\/","title":{"rendered":"Evening Primrose Oil with Starflower Oil &#8211; Lamberts"},"content":{"rendered":"<p data-start=\"42\" data-end=\"284\">Denna produkt kombinerar nattljusolja med stj\u00e4rnblomsolja (borageolja) f\u00f6r en blandning som \u00e4r rikare p\u00e5 gamma-linolensyra (GLA) \u00e4n enbart nattljusolja. Produkten inneh\u00e5ller cirka 30 % mer GLA per kapsel \u00e4n liknande nattljusoljekapslar.<\/p>\n<p data-start=\"286\" data-end=\"863\">GLA \u00e4r en f\u00f6reg\u00e5ngare till en s\u00e4rskilt viktig prostaglandin, PGE1, som spelar en roll i regleringen av nervsystemet, hj\u00e4rt-k\u00e4rlsystemet och fortplantningssystemet samt hudens tillst\u00e5nd och andra biologiska funktioner. \u00c4ven om kroppen kan omvandla linolsyra (den omega-6-fettsyra som finns i vegetabiliska oljor) till GLA, kan denna omvandling ibland vara l\u00e5ngsam eller delvis blockeras. D\u00e4rf\u00f6r kan ett kosttillskott med GLA vara mycket anv\u00e4ndbart f\u00f6r att kringg\u00e5 denna process, och m\u00e5nga kliniska studier har visat att GLA-tillskott kan vara effektiva i flera sammanhang.<\/p>\n<p data-start=\"865\" data-end=\"1015\">Denna produkt inneh\u00e5ller cirka 50 % mer GLA per kapsel \u00e4n liknande nattljusoljekapslar, och varje kapsel ger dessutom 83 % av DRI f\u00f6r vitamin E.<\/p>\n<p data-start=\"1017\" data-end=\"1056\">Produkten kan rekommenderas till:<\/p>\n<ul data-start=\"1057\" data-end=\"1165\">\n<li data-start=\"1057\" data-end=\"1087\">Kvinnor i klimakteriet<\/li>\n<li data-start=\"1088\" data-end=\"1120\">Kvinnor vid menstruation<\/li>\n<li data-start=\"1121\" data-end=\"1165\">Alla som vill bevara en god hudh\u00e4lsa<\/li>\n<\/ul>\n<p><strong> Dosering<\/strong>: 1-3 kapslar dagligen i samband med m\u00e5ltid.<\/p>\n<table style=\"height: 80px;\" border=\"1\" width=\"621\" cellspacing=\"0\" cellpadding=\"0\">\n<tbody>\n<tr>\n<td valign=\"top\" width=\"30%\"><strong>1 tablett inneh\u00e5ller<\/strong><\/td>\n<td valign=\"top\" width=\"20%\"><strong> M\u00e4ngd<\/strong><\/td>\n<td valign=\"top\" width=\"30%\"><strong>%DRI*<\/strong><\/td>\n<\/tr>\n<tr>\n<td valign=\"top\" width=\"30%\">Vitamin E<\/td>\n<td valign=\"top\" width=\"20%\">10 mg \u0251-Te<\/td>\n<td valign=\"top\" width=\"20%\">83 %<\/td>\n<\/tr>\n<tr>\n<td valign=\"top\" width=\"30%\">J\u00e4ttenattljusolja &amp; Stj\u00e4rnblomsolja<\/td>\n<td valign=\"top\" width=\"20%\">1000 mg<\/td>\n<td valign=\"top\" width=\"20%\">**<\/td>\n<\/tr>\n<tr>\n<td valign=\"top\" width=\"30%\">Varav: Gamma-linolensyra (GLA)<\/td>\n<td valign=\"top\" width=\"20%\">120 mg<\/td>\n<td valign=\"top\" width=\"20%\">**<\/td>\n<\/tr>\n<\/tbody>\n<\/table>\n<p><strong><em>*DRI \u00e4r dagligt referensintag.<\/em><\/strong><\/p>\n<p><strong>Ingredienser<\/strong>: Nattljusolja (<em>Oenothera Biennis<\/em>) (65 %), stj\u00e4rnblomsolja (35 % (<em>Borago officinalis<\/em>)), kapselskal<br \/>\n(glycerol, modifierad st\u00e4rkelse, geleringsmedel: karragenan, surhetsreglerande medel: natriumkarbonat), vitamin E (dl-alfa-tokoferylacetat).<\/p>\n<p>Rekommenderad dos b\u00f6r ej \u00f6verskridas.<br \/>\nKosttillskott ers\u00e4tter inte en varierad kost.<br \/>\nProdukten f\u00f6rvaras o\u00e5tkomligt f\u00f6r sm\u00e5 barn.<\/p>\n<p><strong>OBS! <\/strong>Om du har epilepsi, anv\u00e4nd endast enligt l\u00e4karens<br \/>\nanvisningar.<\/p>\n<p>L\u00e4mplig f\u00f6r veganer<\/p>\n","protected":false},"excerpt":{"rendered":"<ul>\n<li data-start=\"42\" data-end=\"187\"><strong data-start=\"44\" data-end=\"185\">Kombinerar nattljusolja med stj\u00e4rnblomsolja (borageolja) f\u00f6r en blandning som \u00e4r rikare p\u00e5 gamma-linolensyra (GLA) \u00e4n enbart nattljusolja<\/strong><\/li>\n<li data-start=\"188\" data-end=\"261\"><strong data-start=\"190\" data-end=\"259\">Ger cirka 30 % mer GLA per kapsel \u00e4n liknande nattljusoljekapslar<\/strong><\/li>\n<li data-start=\"262\" data-end=\"310\"><strong data-start=\"264\" data-end=\"308\">Garanterad niv\u00e5 p\u00e5 120 mg GLA per kapsel<\/strong><\/li>\n<li data-start=\"311\" data-end=\"361\"><strong data-start=\"313\" data-end=\"359\">Varje kapsel ger 83 % av NRV f\u00f6r vitamin E<\/strong><\/li>\n<li data-start=\"362\" data-end=\"481\"><strong data-start=\"364\" data-end=\"479\">Rekommenderas ofta till kvinnor i klimakteriet, vid menstruation eller f\u00f6r alla som vill bevara en god hudh\u00e4lsa<\/strong><\/li>\n<li data-start=\"482\" data-end=\"514\"><strong data-start=\"484\" data-end=\"512\">L\u00e4mplig f\u00f6r vegetarianer<\/strong><\/li>\n<\/ul>\n<p><strong>90 kapslar<\/strong><\/p>\n","protected":false},"featured_media":10220,"comment_status":"open","ping_status":"closed","template":"","meta":{"_kad_blocks_custom_css":"","_kad_blocks_head_custom_js":"","_kad_blocks_body_custom_js":"","_kad_blocks_footer_custom_js":"","_kadence_starter_templates_imported_post":false,"_kad_post_transparent":"default","_kad_post_title":"","_kad_post_layout":"default","_kad_post_sidebar_id":"","_kad_post_content_style":"default","_kad_post_vertical_padding":"default","_kad_post_feature":"","_kad_post_feature_position":"","_kad_post_header":false,"_kad_post_footer":false,"_kad_post_classname":""},"product_brand":[],"product_cat":[328,195,176,1234],"product_tag":[1227,2456,2457,2458,2459,2460,1538,2461,1468,1621,804,285,2004,2462,1238,1493,2138,2140,2077],"class_list":{"0":"post-10161","1":"product","2":"type-product","3":"status-publish","4":"has-post-thumbnail","6":"product_cat-fettsyror","7":"product_cat-hud-skonhet","8":"product_cat-immunforsvar","9":"product_cat-lamberts","10":"product_tag-antioxidanter","11":"product_tag-blommolja","12":"product_tag-forebyggande-halsa","13":"product_tag-forskning-stodd","14":"product_tag-halsosam-hud","15":"product_tag-halsosamt-immunsystem","16":"product_tag-hormonbalans","17":"product_tag-hormonell-balans","18":"product_tag-hudhalsa","19":"product_tag-inflammationsdampande","20":"product_tag-klimakteriebesvar","21":"product_tag-kosttillskott","22":"product_tag-lamberts","23":"product_tag-menstruationsproblem","24":"product_tag-nattljusolja","25":"product_tag-naturlig-olja","26":"product_tag-omega-6","27":"product_tag-stjarnblommaolja","28":"product_tag-vegetariskt","30":"first","31":"instock","32":"taxable","33":"shipping-taxable","34":"purchasable","35":"product-type-simple","36":"entry","37":"content-bg","38":"loop-entry"},"taxonomy_info":{"product_cat":[{"value":328,"label":"Fettsyror"},{"value":195,"label":"Hud &amp; Sk\u00f6nhet"},{"value":176,"label":"Immunf\u00f6rsvar"},{"value":1234,"label":"Lamberts"}],"product_tag":[{"value":1227,"label":"antioxidanter"},{"value":2456,"label":"Blommolja."},{"value":2457,"label":"F\u00f6rebyggande h\u00e4lsa"},{"value":2458,"label":"Forskning st\u00f6dd"},{"value":2459,"label":"H\u00e4lsosam hud"},{"value":2460,"label":"H\u00e4lsosamt immunsystem"},{"value":1538,"label":"Hormonbalans"},{"value":2461,"label":"Hormonell balans"},{"value":1468,"label":"Hudh\u00e4lsa"},{"value":1621,"label":"Inflammationsd\u00e4mpande"},{"value":804,"label":"klimakteriebesv\u00e4r"},{"value":285,"label":"kosttillskott"},{"value":2004,"label":"Lamberts"},{"value":2462,"label":"Menstruationsproblem"},{"value":1238,"label":"Nattljusolja"},{"value":1493,"label":"Naturlig olja"},{"value":2138,"label":"omega-6"},{"value":2140,"label":"stj\u00e4rnblommaolja"},{"value":2077,"label":"vegetariskt"}]},"featured_image_src_large":["https:\/\/vitaminbutiken.com\/wp-content\/uploads\/2025\/03\/8505-evening-primrose-oil-with-starflower-780x700.jpg",780,700,true],"author_info":[],"comment_info":0,"_links":{"self":[{"href":"https:\/\/vitaminbutiken.com\/en\/wp-json\/wp\/v2\/product\/10161","targetHints":{"allow":["GET"]}}],"collection":[{"href":"https:\/\/vitaminbutiken.com\/en\/wp-json\/wp\/v2\/product"}],"about":[{"href":"https:\/\/vitaminbutiken.com\/en\/wp-json\/wp\/v2\/types\/product"}],"replies":[{"embeddable":true,"href":"https:\/\/vitaminbutiken.com\/en\/wp-json\/wp\/v2\/comments?post=10161"}],"wp:featuredmedia":[{"embeddable":true,"href":"https:\/\/vitaminbutiken.com\/en\/wp-json\/wp\/v2\/media\/10220"}],"wp:attachment":[{"href":"https:\/\/vitaminbutiken.com\/en\/wp-json\/wp\/v2\/media?parent=10161"}],"wp:term":[{"taxonomy":"product_brand","embeddable":true,"href":"https:\/\/vitaminbutiken.com\/en\/wp-json\/wp\/v2\/product_brand?post=10161"},{"taxonomy":"product_cat","embeddable":true,"href":"https:\/\/vitaminbutiken.com\/en\/wp-json\/wp\/v2\/product_cat?post=10161"},{"taxonomy":"product_tag","embeddable":true,"href":"https:\/\/vitaminbutiken.com\/en\/wp-json\/wp\/v2\/product_tag?post=10161"}],"curies":[{"name":"wp","href":"https:\/\/api.w.org\/{rel}","templated":true}]}}