{"id":10145,"date":"2025-03-19T16:21:06","date_gmt":"2025-03-19T14:21:06","guid":{"rendered":"https:\/\/vitaminbutiken.multi.fi\/?post_type=product&#038;p=10145"},"modified":"2026-03-31T14:22:57","modified_gmt":"2026-03-31T12:22:57","slug":"vegan-omega-3-lamberts","status":"publish","type":"product","link":"https:\/\/vitaminbutiken.com\/en\/produkt\/vegan-omega-3-lamberts\/","title":{"rendered":"Vegan Omega 3 &#8211; Lamberts"},"content":{"rendered":"<p data-start=\"31\" data-end=\"360\">V\u00e5r veganska Omega-3 kommer fr\u00e5n en unik alg som odlas i en kontrollerad milj\u00f6, vilket s\u00e4kerst\u00e4ller en mer h\u00e5llbar tillg\u00e5ng. Den har ingen fiskig eftersmak och \u00e4r naturligt fri fr\u00e5n f\u00f6roreningar. Det \u00e4r tryggt att veta att \u00f6ver 100 studier har genomf\u00f6rts med denna k\u00e4lla, vilket bevisar b\u00e5de dess s\u00e4kerhet och effektivitet.<\/p>\n<p data-start=\"362\" data-end=\"631\">Oljan som utvinns ur denna k\u00e4lla \u00e4r i naturlig triglyceridform (TG) av Omega-3, det idealiska valet f\u00f6r alla som f\u00f6redrar TG-formen. Eftersom den \u00e4r helt fri fr\u00e5n fisk \u00e4r den det perfekta tillskottet f\u00f6r b\u00e5de veganer och vegetarianer samt f\u00f6r dem med fiskallergi.<\/p>\n<p data-start=\"633\" data-end=\"814\">De v\u00e4rdefulla n\u00e4rings\u00e4mnena kapslas in i sm\u00e5, l\u00e4ttsvalda kapslar som inneh\u00e5ller b\u00e5de EPA och DHA. Dessa former av Omega-3 \u00e4r kroppsklara och kr\u00e4ver lite till ingen omvandling.<\/p>\n<p data-start=\"816\" data-end=\"1000\">DHA bidrar till att bibeh\u00e5lla normal hj\u00e4rnfunktion och normal syn. Den gynnsamma effekten uppn\u00e5s vid ett dagligt intag av 250 mg DHA, vilket motsvarar m\u00e4ngden DHA i varje kapsel.<\/p>\n<p data-start=\"816\" data-end=\"1000\"><strong> Dosering<\/strong>: 1 kapsel dagligen i samband med m\u00e5ltid.<\/p>\n<table style=\"height: 80px;\" border=\"1\" width=\"621\" cellspacing=\"0\" cellpadding=\"0\">\n<tbody>\n<tr>\n<td valign=\"top\" width=\"30%\"><strong>1 tablett inneh\u00e5ller<\/strong><\/td>\n<td valign=\"top\" width=\"20%\"><strong> M\u00e4ngd<\/strong><\/td>\n<td valign=\"top\" width=\"30%\"><strong>%DRI*<\/strong><\/td>\n<\/tr>\n<tr>\n<td valign=\"top\" width=\"30%\">Alger omega 3-olja<\/td>\n<td valign=\"top\" width=\"20%\">750<\/td>\n<td valign=\"top\" width=\"20%\">**<\/td>\n<\/tr>\n<tr>\n<td valign=\"top\" width=\"30%\">Som ger:<\/td>\n<td valign=\"top\" width=\"20%\"><\/td>\n<td valign=\"top\" width=\"20%\"><\/td>\n<\/tr>\n<tr>\n<td valign=\"top\" width=\"30%\">EPA<\/td>\n<td valign=\"top\" width=\"20%\">150<\/td>\n<td valign=\"top\" width=\"20%\">**<\/td>\n<\/tr>\n<tr>\n<td valign=\"top\" width=\"30%\">DHA<\/td>\n<td valign=\"top\" width=\"20%\">300<\/td>\n<td valign=\"top\" width=\"20%\">**<\/td>\n<\/tr>\n<\/tbody>\n<\/table>\n<p><strong><em>*DRI (dagligt referensintag) ej fastst\u00e4llt.\u00a0<\/em><\/strong><\/p>\n<p><strong>Ingredienser<\/strong>: Marin algolja (DHA- och EPA-rik olja fr\u00e5n mikroalgen Schizochytrium sp.),<br \/>\nantioxidanter: blandade tokoferoler, extrakt av rosmarin, emulgeringsmedel: solroslecitin,<br \/>\nkapselskal: (modifierad st\u00e4rkelse, glycerol, geleringsmedel: karragenan).<\/p>\n<p>Rekommenderad dos b\u00f6r ej \u00f6verskridas.<br \/>\nKosttillskott ers\u00e4tter inte en varierad kost.<br \/>\nProdukten f\u00f6rvaras o\u00e5tkomligt f\u00f6r sm\u00e5 barn.<\/p>\n<p>L\u00e4mplig f\u00f6r veganer<\/p>\n","protected":false},"excerpt":{"rendered":"<ul>\n<li data-start=\"31\" data-end=\"100\"><strong data-start=\"33\" data-end=\"98\">H\u00e4rstammar fr\u00e5n en unik alg som odlas i en kontrollerad milj\u00f6<\/strong><\/li>\n<li data-start=\"101\" data-end=\"140\"><strong data-start=\"103\" data-end=\"138\">Naturligt fri fr\u00e5n f\u00f6roreningar<\/strong><\/li>\n<li data-start=\"141\" data-end=\"182\"><strong data-start=\"143\" data-end=\"180\">Mer h\u00e5llbar utan fiskig eftersmak<\/strong><\/li>\n<li data-start=\"183\" data-end=\"259\"><strong data-start=\"185\" data-end=\"257\">Helt fiskfri \u2013 det perfekta tillskottet f\u00f6r veganer och vegetarianer<\/strong><\/li>\n<li data-start=\"260\" data-end=\"332\"><strong data-start=\"262\" data-end=\"330\">Inneh\u00e5ller b\u00e5de EPA och DHA \u2013 de kroppsklara formerna av omega-3<\/strong><\/li>\n<\/ul>\n","protected":false},"featured_media":10216,"comment_status":"open","ping_status":"closed","template":"","meta":{"_kad_blocks_custom_css":"","_kad_blocks_head_custom_js":"","_kad_blocks_body_custom_js":"","_kad_blocks_footer_custom_js":"","_kadence_starter_templates_imported_post":false,"_kad_post_transparent":"default","_kad_post_title":"","_kad_post_layout":"default","_kad_post_sidebar_id":"","_kad_post_content_style":"default","_kad_post_vertical_padding":"default","_kad_post_feature":"","_kad_post_feature_position":"","_kad_post_header":false,"_kad_post_footer":false,"_kad_post_classname":""},"product_brand":[],"product_cat":[328,1234],"product_tag":[2438,2439,2440,2441,2442,2318,1648,1028,2443,285,1622,2444,2445,334,2446,1996,2447,2448],"class_list":{"0":"post-10145","1":"product","2":"type-product","3":"status-publish","4":"has-post-thumbnail","6":"product_cat-fettsyror","7":"product_cat-lamberts","8":"product_tag-algeolja","9":"product_tag-antiinflammatoriskt","10":"product_tag-fiskolja-alternativ","11":"product_tag-forbattrar-hjarnans-funktion","12":"product_tag-hallbarhet","13":"product_tag-hjarnfunktion","14":"product_tag-hjarthalsa","15":"product_tag-immunforsvar","16":"product_tag-kognitiv-halsa","17":"product_tag-kosttillskott","18":"product_tag-ledhalsa","19":"product_tag-omega-3-for-veganer","20":"product_tag-omega-3-6-9","21":"product_tag-omega-3","22":"product_tag-stodjer-halsosam-hud","23":"product_tag-vaxtbaserat","24":"product_tag-vegan","25":"product_tag-veganskt-alternativ","27":"first","28":"instock","29":"taxable","30":"shipping-taxable","31":"purchasable","32":"product-type-variable","33":"entry","34":"content-bg","35":"loop-entry"},"taxonomy_info":{"product_cat":[{"value":328,"label":"Fettsyror"},{"value":1234,"label":"Lamberts"}],"product_tag":[{"value":2438,"label":"Algeolja"},{"value":2439,"label":"antiinflammatoriskt"},{"value":2440,"label":"Fiskolja alternativ"},{"value":2441,"label":"F\u00f6rb\u00e4ttrar hj\u00e4rnans funktion"},{"value":2442,"label":"H\u00e5llbarhet"},{"value":2318,"label":"Hj\u00e4rnfunktion"},{"value":1648,"label":"hj\u00e4rth\u00e4lsa"},{"value":1028,"label":"immunf\u00f6rsvar"},{"value":2443,"label":"Kognitiv h\u00e4lsa"},{"value":285,"label":"kosttillskott"},{"value":1622,"label":"Ledh\u00e4lsa"},{"value":2444,"label":"Omega 3 f\u00f6r veganer"},{"value":2445,"label":"Omega 3-6-9"},{"value":334,"label":"Omega-3"},{"value":2446,"label":"St\u00f6djer h\u00e4lsosam hud"},{"value":1996,"label":"v\u00e4xtbaserat"},{"value":2447,"label":"Vegan"},{"value":2448,"label":"Veganskt alternativ"}]},"featured_image_src_large":["https:\/\/vitaminbutiken.com\/wp-content\/uploads\/2025\/03\/8496-vegan-omega-3-780x700.jpg",780,700,true],"author_info":[],"comment_info":0,"_links":{"self":[{"href":"https:\/\/vitaminbutiken.com\/en\/wp-json\/wp\/v2\/product\/10145","targetHints":{"allow":["GET"]}}],"collection":[{"href":"https:\/\/vitaminbutiken.com\/en\/wp-json\/wp\/v2\/product"}],"about":[{"href":"https:\/\/vitaminbutiken.com\/en\/wp-json\/wp\/v2\/types\/product"}],"replies":[{"embeddable":true,"href":"https:\/\/vitaminbutiken.com\/en\/wp-json\/wp\/v2\/comments?post=10145"}],"wp:featuredmedia":[{"embeddable":true,"href":"https:\/\/vitaminbutiken.com\/en\/wp-json\/wp\/v2\/media\/10216"}],"wp:attachment":[{"href":"https:\/\/vitaminbutiken.com\/en\/wp-json\/wp\/v2\/media?parent=10145"}],"wp:term":[{"taxonomy":"product_brand","embeddable":true,"href":"https:\/\/vitaminbutiken.com\/en\/wp-json\/wp\/v2\/product_brand?post=10145"},{"taxonomy":"product_cat","embeddable":true,"href":"https:\/\/vitaminbutiken.com\/en\/wp-json\/wp\/v2\/product_cat?post=10145"},{"taxonomy":"product_tag","embeddable":true,"href":"https:\/\/vitaminbutiken.com\/en\/wp-json\/wp\/v2\/product_tag?post=10145"}],"curies":[{"name":"wp","href":"https:\/\/api.w.org\/{rel}","templated":true}]}}